{"id":13603,"date":"2022-02-08T19:57:34","date_gmt":"2022-02-08T19:57:34","guid":{"rendered":"https:\/\/barneleker.no\/index.php\/product\/maki-whac-a-mole\/"},"modified":"2022-02-08T19:57:34","modified_gmt":"2022-02-08T19:57:34","slug":"maki-whac-a-mole","status":"publish","type":"product","link":"https:\/\/barneleker.no\/index.php\/product\/maki-whac-a-mole\/","title":{"rendered":"Maki WHAC-A-MOLE"},"content":{"rendered":"<p>\u200bWhac-a-Mole-barnespillet er fjollete, spr\u00f8 og vaklende moro med lys og elleville lyder, og kan spilles b\u00e5de alene eller med en venn! M\u00e5let er enkelt \u2013 sl\u00e5 muldvarpene som lyser opp! Om man spiller alene, sl\u00e5r man muldvarpene som lyser opp p\u00e5 hele arkadespillet. Hold \u00f8ye med den midterste muldvarpen, den er ekstra vill og gir bonuspoeng! Spillet viser poengsummen din n\u00e5r tiden er ute. Fortsett \u00e5 spille for \u00e5 forbedre poengsummen din. Om man spiller med to spillere, m\u00e5 hver spiller se opp for bare sine egne muldvarper n\u00e5r de lyser opp, og sl\u00e5 muldvarpen i midten hvis den lyser med deres farge! Spillet k\u00e5rer vinneren n\u00e5r tiden er ute. Dette lettl\u00e6rte og fartsfylte barnespillet l\u00e6rer barna \u00e5 konsentrere seg, v\u00e6re oppmerksomme og bruke \u00f8ye-h\u00e5nd-koordinasjon, samtidig som det er energisk og morsomt! Whac-a-Mole\u00ae er glimrende tidsfordriv og en flott gave for barn p\u00e5 4\u00a0\u00e5r og oppover som elsker toskete, fargerike figurer og aktiviteter. Farger og dekor kan variere.\u200bWhac-a-Mole er basert p\u00e5 det klassiske arkadespillet, med ellevill og aktiv moro!\u200bReglene er enkle \u2013 sl\u00e5 muldvarpene n\u00e5r de lyser opp! Du mister poeng hvis du sl\u00e5r dem n\u00e5r de ikke lyser.\u200bBarna f\u00e5r brukt konsentrasjon og \u00f8ye-h\u00e5nd-koordinasjon mens de spreller fra seg!\u200bKan spilles alene eller med en venn!\u200bBarn fra 4 \u00e5r og oppover vil elske hurtigtenkningen i dette raske Whac-a-Mole-spillet!<\/p>\n","protected":false},"excerpt":{"rendered":"<p>\u200bWhac-a-Mole-barnespillet er fjollete, spr\u00f8 og vaklende moro med lys og elleville lyder, og kan spilles b\u00e5de alene eller med en venn! M\u00e5let er enkelt \u2013&hellip;<\/p>\n","protected":false},"featured_media":13602,"comment_status":"open","ping_status":"closed","template":"","meta":[],"product_brand":[],"product_cat":[414],"product_tag":[],"class_list":{"0":"post-13603","1":"product","2":"type-product","3":"status-publish","4":"has-post-thumbnail","6":"product_cat-barnspel","8":"first","9":"instock","10":"shipping-taxable","11":"product-type-external","12":"customify-col"},"yoast_head":"<!-- This site is optimized with the Yoast SEO plugin v26.0 - https:\/\/yoast.com\/wordpress\/plugins\/seo\/ -->\n<title>Maki WHAC-A-MOLE - Barneleker.no<\/title>\n<meta name=\"robots\" content=\"index, follow, max-snippet:-1, max-image-preview:large, max-video-preview:-1\" \/>\n<link rel=\"canonical\" href=\"https:\/\/barneleker.no\/index.php\/product\/maki-whac-a-mole\/\" \/>\n<meta property=\"og:locale\" content=\"nb_NO\" \/>\n<meta property=\"og:type\" content=\"article\" \/>\n<meta property=\"og:title\" content=\"Maki WHAC-A-MOLE - Barneleker.no\" \/>\n<meta property=\"og:description\" content=\"\u200bWhac-a-Mole-barnespillet er fjollete, spr\u00f8 og vaklende moro med lys og elleville lyder, og kan spilles b\u00e5de alene eller med en venn! M\u00e5let er enkelt \u2013&hellip;\" \/>\n<meta property=\"og:url\" content=\"https:\/\/barneleker.no\/index.php\/product\/maki-whac-a-mole\/\" \/>\n<meta property=\"og:site_name\" content=\"Barneleker.no\" \/>\n<meta name=\"twitter:card\" content=\"summary_large_image\" \/>\n<meta name=\"twitter:label1\" content=\"Ansl. lesetid\" \/>\n\t<meta name=\"twitter:data1\" content=\"1 minutt\" \/>\n<script type=\"application\/ld+json\" class=\"yoast-schema-graph\">{\"@context\":\"https:\/\/schema.org\",\"@graph\":[{\"@type\":\"WebPage\",\"@id\":\"https:\/\/barneleker.no\/index.php\/product\/maki-whac-a-mole\/\",\"url\":\"https:\/\/barneleker.no\/index.php\/product\/maki-whac-a-mole\/\",\"name\":\"Maki WHAC-A-MOLE - Barneleker.no\",\"isPartOf\":{\"@id\":\"https:\/\/barneleker.no\/#website\"},\"primaryImageOfPage\":{\"@id\":\"https:\/\/barneleker.no\/index.php\/product\/maki-whac-a-mole\/#primaryimage\"},\"image\":{\"@id\":\"https:\/\/barneleker.no\/index.php\/product\/maki-whac-a-mole\/#primaryimage\"},\"thumbnailUrl\":\"https:\/\/barneleker.no\/wp-content\/uploads\/2022\/02\/whac-a-mole.jpg\",\"datePublished\":\"2022-02-08T19:57:34+00:00\",\"breadcrumb\":{\"@id\":\"https:\/\/barneleker.no\/index.php\/product\/maki-whac-a-mole\/#breadcrumb\"},\"inLanguage\":\"nb-NO\",\"potentialAction\":[{\"@type\":\"ReadAction\",\"target\":[\"https:\/\/barneleker.no\/index.php\/product\/maki-whac-a-mole\/\"]}]},{\"@type\":\"ImageObject\",\"inLanguage\":\"nb-NO\",\"@id\":\"https:\/\/barneleker.no\/index.php\/product\/maki-whac-a-mole\/#primaryimage\",\"url\":\"https:\/\/barneleker.no\/wp-content\/uploads\/2022\/02\/whac-a-mole.jpg\",\"contentUrl\":\"https:\/\/barneleker.no\/wp-content\/uploads\/2022\/02\/whac-a-mole.jpg\",\"width\":555,\"height\":555},{\"@type\":\"BreadcrumbList\",\"@id\":\"https:\/\/barneleker.no\/index.php\/product\/maki-whac-a-mole\/#breadcrumb\",\"itemListElement\":[{\"@type\":\"ListItem\",\"position\":1,\"name\":\"Butikken\",\"item\":\"https:\/\/barneleker.no\/\"},{\"@type\":\"ListItem\",\"position\":2,\"name\":\"Maki WHAC-A-MOLE\"}]},{\"@type\":\"WebSite\",\"@id\":\"https:\/\/barneleker.no\/#website\",\"url\":\"https:\/\/barneleker.no\/\",\"name\":\"Barneleker.no\",\"description\":\"Selvf\u00f8lgelig!\",\"publisher\":{\"@id\":\"https:\/\/barneleker.no\/#organization\"},\"potentialAction\":[{\"@type\":\"SearchAction\",\"target\":{\"@type\":\"EntryPoint\",\"urlTemplate\":\"https:\/\/barneleker.no\/?s={search_term_string}\"},\"query-input\":{\"@type\":\"PropertyValueSpecification\",\"valueRequired\":true,\"valueName\":\"search_term_string\"}}],\"inLanguage\":\"nb-NO\"},{\"@type\":\"Organization\",\"@id\":\"https:\/\/barneleker.no\/#organization\",\"name\":\"Barneleker.no\",\"url\":\"https:\/\/barneleker.no\/\",\"logo\":{\"@type\":\"ImageObject\",\"inLanguage\":\"nb-NO\",\"@id\":\"https:\/\/barneleker.no\/#\/schema\/logo\/image\/\",\"url\":\"https:\/\/barneleker.no\/wp-content\/uploads\/2021\/11\/barneleker_logo-780x150-1.jpg\",\"contentUrl\":\"https:\/\/barneleker.no\/wp-content\/uploads\/2021\/11\/barneleker_logo-780x150-1.jpg\",\"width\":780,\"height\":150,\"caption\":\"Barneleker.no\"},\"image\":{\"@id\":\"https:\/\/barneleker.no\/#\/schema\/logo\/image\/\"}}]}<\/script>\n<!-- \/ Yoast SEO plugin. -->","yoast_head_json":{"title":"Maki WHAC-A-MOLE - Barneleker.no","robots":{"index":"index","follow":"follow","max-snippet":"max-snippet:-1","max-image-preview":"max-image-preview:large","max-video-preview":"max-video-preview:-1"},"canonical":"https:\/\/barneleker.no\/index.php\/product\/maki-whac-a-mole\/","og_locale":"nb_NO","og_type":"article","og_title":"Maki WHAC-A-MOLE - Barneleker.no","og_description":"\u200bWhac-a-Mole-barnespillet er fjollete, spr\u00f8 og vaklende moro med lys og elleville lyder, og kan spilles b\u00e5de alene eller med en venn! M\u00e5let er enkelt \u2013&hellip;","og_url":"https:\/\/barneleker.no\/index.php\/product\/maki-whac-a-mole\/","og_site_name":"Barneleker.no","twitter_card":"summary_large_image","twitter_misc":{"Ansl. lesetid":"1 minutt"},"schema":{"@context":"https:\/\/schema.org","@graph":[{"@type":"WebPage","@id":"https:\/\/barneleker.no\/index.php\/product\/maki-whac-a-mole\/","url":"https:\/\/barneleker.no\/index.php\/product\/maki-whac-a-mole\/","name":"Maki WHAC-A-MOLE - Barneleker.no","isPartOf":{"@id":"https:\/\/barneleker.no\/#website"},"primaryImageOfPage":{"@id":"https:\/\/barneleker.no\/index.php\/product\/maki-whac-a-mole\/#primaryimage"},"image":{"@id":"https:\/\/barneleker.no\/index.php\/product\/maki-whac-a-mole\/#primaryimage"},"thumbnailUrl":"https:\/\/barneleker.no\/wp-content\/uploads\/2022\/02\/whac-a-mole.jpg","datePublished":"2022-02-08T19:57:34+00:00","breadcrumb":{"@id":"https:\/\/barneleker.no\/index.php\/product\/maki-whac-a-mole\/#breadcrumb"},"inLanguage":"nb-NO","potentialAction":[{"@type":"ReadAction","target":["https:\/\/barneleker.no\/index.php\/product\/maki-whac-a-mole\/"]}]},{"@type":"ImageObject","inLanguage":"nb-NO","@id":"https:\/\/barneleker.no\/index.php\/product\/maki-whac-a-mole\/#primaryimage","url":"https:\/\/barneleker.no\/wp-content\/uploads\/2022\/02\/whac-a-mole.jpg","contentUrl":"https:\/\/barneleker.no\/wp-content\/uploads\/2022\/02\/whac-a-mole.jpg","width":555,"height":555},{"@type":"BreadcrumbList","@id":"https:\/\/barneleker.no\/index.php\/product\/maki-whac-a-mole\/#breadcrumb","itemListElement":[{"@type":"ListItem","position":1,"name":"Butikken","item":"https:\/\/barneleker.no\/"},{"@type":"ListItem","position":2,"name":"Maki WHAC-A-MOLE"}]},{"@type":"WebSite","@id":"https:\/\/barneleker.no\/#website","url":"https:\/\/barneleker.no\/","name":"Barneleker.no","description":"Selvf\u00f8lgelig!","publisher":{"@id":"https:\/\/barneleker.no\/#organization"},"potentialAction":[{"@type":"SearchAction","target":{"@type":"EntryPoint","urlTemplate":"https:\/\/barneleker.no\/?s={search_term_string}"},"query-input":{"@type":"PropertyValueSpecification","valueRequired":true,"valueName":"search_term_string"}}],"inLanguage":"nb-NO"},{"@type":"Organization","@id":"https:\/\/barneleker.no\/#organization","name":"Barneleker.no","url":"https:\/\/barneleker.no\/","logo":{"@type":"ImageObject","inLanguage":"nb-NO","@id":"https:\/\/barneleker.no\/#\/schema\/logo\/image\/","url":"https:\/\/barneleker.no\/wp-content\/uploads\/2021\/11\/barneleker_logo-780x150-1.jpg","contentUrl":"https:\/\/barneleker.no\/wp-content\/uploads\/2021\/11\/barneleker_logo-780x150-1.jpg","width":780,"height":150,"caption":"Barneleker.no"},"image":{"@id":"https:\/\/barneleker.no\/#\/schema\/logo\/image\/"}}]}},"_links":{"self":[{"href":"https:\/\/barneleker.no\/index.php\/wp-json\/wp\/v2\/product\/13603","targetHints":{"allow":["GET"]}}],"collection":[{"href":"https:\/\/barneleker.no\/index.php\/wp-json\/wp\/v2\/product"}],"about":[{"href":"https:\/\/barneleker.no\/index.php\/wp-json\/wp\/v2\/types\/product"}],"replies":[{"embeddable":true,"href":"https:\/\/barneleker.no\/index.php\/wp-json\/wp\/v2\/comments?post=13603"}],"wp:featuredmedia":[{"embeddable":true,"href":"https:\/\/barneleker.no\/index.php\/wp-json\/wp\/v2\/media\/13602"}],"wp:attachment":[{"href":"https:\/\/barneleker.no\/index.php\/wp-json\/wp\/v2\/media?parent=13603"}],"wp:term":[{"taxonomy":"product_brand","embeddable":true,"href":"https:\/\/barneleker.no\/index.php\/wp-json\/wp\/v2\/product_brand?post=13603"},{"taxonomy":"product_cat","embeddable":true,"href":"https:\/\/barneleker.no\/index.php\/wp-json\/wp\/v2\/product_cat?post=13603"},{"taxonomy":"product_tag","embeddable":true,"href":"https:\/\/barneleker.no\/index.php\/wp-json\/wp\/v2\/product_tag?post=13603"}],"curies":[{"name":"wp","href":"https:\/\/api.w.org\/{rel}","templated":true}]}}