{"id":13625,"date":"2022-02-08T19:57:41","date_gmt":"2022-02-08T19:57:41","guid":{"rendered":"https:\/\/barneleker.no\/index.php\/product\/lego-star-wars-tm-75298-at-at-mot-tauntaun-microfightere-at-at-mot-tauntaun-microfightere\/"},"modified":"2022-02-08T19:57:41","modified_gmt":"2022-02-08T19:57:41","slug":"lego-star-wars-tm-75298-at-at-mot-tauntaun-microfightere-at-at-mot-tauntaun-microfightere","status":"publish","type":"product","link":"https:\/\/barneleker.no\/index.php\/product\/lego-star-wars-tm-75298-at-at-mot-tauntaun-microfightere-at-at-mot-tauntaun-microfightere\/","title":{"rendered":"LEGO Star Wars TM 75298, AT-AT\u2122 mot Tauntaun\u2122 microfightere, AT-AT\u2122 mot Tauntaun\u2122 microfightere"},"content":{"rendered":"<p>\u2022 Barn kan gjenskape slaget ved Hoth fra Star Wars: Imperiet sl\u00e5r tilbake og rollespille egne fortellinger med disse lettbygde LEGO\u00ae klossemodellene av AT-AT\u2122 og Tauntaun\u2122 microfightere. \u2022 Settet AT-AT\u2122 mot Tauntaun\u2122 microfightere (75298) inkluderer to LEGO\u00ae minifigurer: Luke Skywalker med lyssabel og en AT-AT-f\u00f8rer. Begge har knotteskytere og elektrokikkert. \u2022 B\u00e5de Tauntaun og AT-AT har plass til en LEGO\u00ae minifigur, og settet passer perfekt sammen med Millennium Falcon Microfighter (75295) for ekstra actionfylte kamper. \u2022 Denne fabelaktige byggeleken best\u00e5r av 205 deler. Den er perfekt som bursdags-, jule- eller overraskelsesgave til barn fra seks \u00e5r og oppover, og gir dem en flott introduksjon til det g\u00f8yale og kreative LEGO\u00ae Star Wars\u2122 universet. \u2022 Tauntaun er 7 cm h\u00f8y, 9 cm lang og 5 cm bred og f\u00e5r plass i barnesekken sammen med AT-AT og LEGO\u00ae minifigurene for lek p\u00e5 farten. \u2022 Vurderer du \u00e5 kj\u00f8pe dette byggbare lekesettet til en ung Star Wars\u2122 fan som ikke har bygd med LEGO\u00ae klosser f\u00f8r? Settet inkluderer enkle instruksjoner som styrker nybegynneres selvtillit og lar dem bygge p\u00e5 egen h\u00e5nd. \u2022 Med LEGO\u00ae Star Wars\u2122 byggeleker kan barn (og voksne fans) b\u00e5de gjenskape scener fra Star Wars-sagaen, finne p\u00e5 sine egne, unike historier og bygge og stille ut samlerbyggemodellene. \u2022 Du trenger ikke Kraften for \u00e5 sette sammen LEGO\u00ae klosser! Helt fra 1958 har de oppfylt bransjens strengeste standarder, og det gj\u00f8r at de er ensartede, kompatible med hverandre og kan settes sammen til robuste modeller. \u2022 LEGO\u00ae klosser og deler slippes i gulvet, varmes opp, knuses, vris og analyseres grundig for \u00e5 sikre at de oppfyller noen av de strengeste sikkerhetsstandarder p\u00e5 planeten Tellus (og i galakser langt, langt borte!).<\/p>\n","protected":false},"excerpt":{"rendered":"<p>\u2022 Barn kan gjenskape slaget ved Hoth fra Star Wars: Imperiet sl\u00e5r tilbake og rollespille egne fortellinger med disse lettbygde LEGO\u00ae klossemodellene av AT-AT\u2122 og&hellip;<\/p>\n","protected":false},"featured_media":13624,"comment_status":"open","ping_status":"closed","template":"","meta":[],"product_brand":[],"product_cat":[516],"product_tag":[],"class_list":{"0":"post-13625","1":"product","2":"type-product","3":"status-publish","4":"has-post-thumbnail","6":"product_cat-set-lego-figurer-robotar","8":"first","9":"instock","10":"shipping-taxable","11":"product-type-external","12":"customify-col"},"yoast_head":"<!-- This site is optimized with the Yoast SEO plugin v26.0 - https:\/\/yoast.com\/wordpress\/plugins\/seo\/ -->\n<title>LEGO Star Wars TM 75298, AT-AT\u2122 mot Tauntaun\u2122 microfightere, AT-AT\u2122 mot Tauntaun\u2122 microfightere - Barneleker.no<\/title>\n<meta name=\"robots\" content=\"index, follow, max-snippet:-1, max-image-preview:large, max-video-preview:-1\" \/>\n<link rel=\"canonical\" href=\"https:\/\/barneleker.no\/index.php\/product\/lego-star-wars-tm-75298-at-at-mot-tauntaun-microfightere-at-at-mot-tauntaun-microfightere\/\" \/>\n<meta property=\"og:locale\" content=\"nb_NO\" \/>\n<meta property=\"og:type\" content=\"article\" \/>\n<meta property=\"og:title\" content=\"LEGO Star Wars TM 75298, AT-AT\u2122 mot Tauntaun\u2122 microfightere, AT-AT\u2122 mot Tauntaun\u2122 microfightere - Barneleker.no\" \/>\n<meta property=\"og:description\" content=\"\u2022 Barn kan gjenskape slaget ved Hoth fra Star Wars: Imperiet sl\u00e5r tilbake og rollespille egne fortellinger med disse lettbygde LEGO\u00ae klossemodellene av AT-AT\u2122 og&hellip;\" \/>\n<meta property=\"og:url\" content=\"https:\/\/barneleker.no\/index.php\/product\/lego-star-wars-tm-75298-at-at-mot-tauntaun-microfightere-at-at-mot-tauntaun-microfightere\/\" \/>\n<meta property=\"og:site_name\" content=\"Barneleker.no\" \/>\n<meta name=\"twitter:card\" content=\"summary_large_image\" \/>\n<meta name=\"twitter:label1\" content=\"Ansl. lesetid\" \/>\n\t<meta name=\"twitter:data1\" content=\"1 minutt\" \/>\n<script type=\"application\/ld+json\" class=\"yoast-schema-graph\">{\"@context\":\"https:\/\/schema.org\",\"@graph\":[{\"@type\":\"WebPage\",\"@id\":\"https:\/\/barneleker.no\/index.php\/product\/lego-star-wars-tm-75298-at-at-mot-tauntaun-microfightere-at-at-mot-tauntaun-microfightere\/\",\"url\":\"https:\/\/barneleker.no\/index.php\/product\/lego-star-wars-tm-75298-at-at-mot-tauntaun-microfightere-at-at-mot-tauntaun-microfightere\/\",\"name\":\"LEGO Star Wars TM 75298, AT-AT\u2122 mot Tauntaun\u2122 microfightere, AT-AT\u2122 mot Tauntaun\u2122 microfightere - Barneleker.no\",\"isPartOf\":{\"@id\":\"https:\/\/barneleker.no\/#website\"},\"primaryImageOfPage\":{\"@id\":\"https:\/\/barneleker.no\/index.php\/product\/lego-star-wars-tm-75298-at-at-mot-tauntaun-microfightere-at-at-mot-tauntaun-microfightere\/#primaryimage\"},\"image\":{\"@id\":\"https:\/\/barneleker.no\/index.php\/product\/lego-star-wars-tm-75298-at-at-mot-tauntaun-microfightere-at-at-mot-tauntaun-microfightere\/#primaryimage\"},\"thumbnailUrl\":\"https:\/\/barneleker.no\/wp-content\/uploads\/2022\/02\/lego-star-wars-tm-75298-at-at-mot-tauntaun-microfightere.jpg\",\"datePublished\":\"2022-02-08T19:57:41+00:00\",\"breadcrumb\":{\"@id\":\"https:\/\/barneleker.no\/index.php\/product\/lego-star-wars-tm-75298-at-at-mot-tauntaun-microfightere-at-at-mot-tauntaun-microfightere\/#breadcrumb\"},\"inLanguage\":\"nb-NO\",\"potentialAction\":[{\"@type\":\"ReadAction\",\"target\":[\"https:\/\/barneleker.no\/index.php\/product\/lego-star-wars-tm-75298-at-at-mot-tauntaun-microfightere-at-at-mot-tauntaun-microfightere\/\"]}]},{\"@type\":\"ImageObject\",\"inLanguage\":\"nb-NO\",\"@id\":\"https:\/\/barneleker.no\/index.php\/product\/lego-star-wars-tm-75298-at-at-mot-tauntaun-microfightere-at-at-mot-tauntaun-microfightere\/#primaryimage\",\"url\":\"https:\/\/barneleker.no\/wp-content\/uploads\/2022\/02\/lego-star-wars-tm-75298-at-at-mot-tauntaun-microfightere.jpg\",\"contentUrl\":\"https:\/\/barneleker.no\/wp-content\/uploads\/2022\/02\/lego-star-wars-tm-75298-at-at-mot-tauntaun-microfightere.jpg\",\"width\":555,\"height\":555},{\"@type\":\"BreadcrumbList\",\"@id\":\"https:\/\/barneleker.no\/index.php\/product\/lego-star-wars-tm-75298-at-at-mot-tauntaun-microfightere-at-at-mot-tauntaun-microfightere\/#breadcrumb\",\"itemListElement\":[{\"@type\":\"ListItem\",\"position\":1,\"name\":\"Butikken\",\"item\":\"https:\/\/barneleker.no\/\"},{\"@type\":\"ListItem\",\"position\":2,\"name\":\"LEGO Star Wars TM 75298, AT-AT\u2122 mot Tauntaun\u2122 microfightere, AT-AT\u2122 mot Tauntaun\u2122 microfightere\"}]},{\"@type\":\"WebSite\",\"@id\":\"https:\/\/barneleker.no\/#website\",\"url\":\"https:\/\/barneleker.no\/\",\"name\":\"Barneleker.no\",\"description\":\"Selvf\u00f8lgelig!\",\"publisher\":{\"@id\":\"https:\/\/barneleker.no\/#organization\"},\"potentialAction\":[{\"@type\":\"SearchAction\",\"target\":{\"@type\":\"EntryPoint\",\"urlTemplate\":\"https:\/\/barneleker.no\/?s={search_term_string}\"},\"query-input\":{\"@type\":\"PropertyValueSpecification\",\"valueRequired\":true,\"valueName\":\"search_term_string\"}}],\"inLanguage\":\"nb-NO\"},{\"@type\":\"Organization\",\"@id\":\"https:\/\/barneleker.no\/#organization\",\"name\":\"Barneleker.no\",\"url\":\"https:\/\/barneleker.no\/\",\"logo\":{\"@type\":\"ImageObject\",\"inLanguage\":\"nb-NO\",\"@id\":\"https:\/\/barneleker.no\/#\/schema\/logo\/image\/\",\"url\":\"https:\/\/barneleker.no\/wp-content\/uploads\/2021\/11\/barneleker_logo-780x150-1.jpg\",\"contentUrl\":\"https:\/\/barneleker.no\/wp-content\/uploads\/2021\/11\/barneleker_logo-780x150-1.jpg\",\"width\":780,\"height\":150,\"caption\":\"Barneleker.no\"},\"image\":{\"@id\":\"https:\/\/barneleker.no\/#\/schema\/logo\/image\/\"}}]}<\/script>\n<!-- \/ Yoast SEO plugin. -->","yoast_head_json":{"title":"LEGO Star Wars TM 75298, AT-AT\u2122 mot Tauntaun\u2122 microfightere, AT-AT\u2122 mot Tauntaun\u2122 microfightere - Barneleker.no","robots":{"index":"index","follow":"follow","max-snippet":"max-snippet:-1","max-image-preview":"max-image-preview:large","max-video-preview":"max-video-preview:-1"},"canonical":"https:\/\/barneleker.no\/index.php\/product\/lego-star-wars-tm-75298-at-at-mot-tauntaun-microfightere-at-at-mot-tauntaun-microfightere\/","og_locale":"nb_NO","og_type":"article","og_title":"LEGO Star Wars TM 75298, AT-AT\u2122 mot Tauntaun\u2122 microfightere, AT-AT\u2122 mot Tauntaun\u2122 microfightere - Barneleker.no","og_description":"\u2022 Barn kan gjenskape slaget ved Hoth fra Star Wars: Imperiet sl\u00e5r tilbake og rollespille egne fortellinger med disse lettbygde LEGO\u00ae klossemodellene av AT-AT\u2122 og&hellip;","og_url":"https:\/\/barneleker.no\/index.php\/product\/lego-star-wars-tm-75298-at-at-mot-tauntaun-microfightere-at-at-mot-tauntaun-microfightere\/","og_site_name":"Barneleker.no","twitter_card":"summary_large_image","twitter_misc":{"Ansl. lesetid":"1 minutt"},"schema":{"@context":"https:\/\/schema.org","@graph":[{"@type":"WebPage","@id":"https:\/\/barneleker.no\/index.php\/product\/lego-star-wars-tm-75298-at-at-mot-tauntaun-microfightere-at-at-mot-tauntaun-microfightere\/","url":"https:\/\/barneleker.no\/index.php\/product\/lego-star-wars-tm-75298-at-at-mot-tauntaun-microfightere-at-at-mot-tauntaun-microfightere\/","name":"LEGO Star Wars TM 75298, AT-AT\u2122 mot Tauntaun\u2122 microfightere, AT-AT\u2122 mot Tauntaun\u2122 microfightere - Barneleker.no","isPartOf":{"@id":"https:\/\/barneleker.no\/#website"},"primaryImageOfPage":{"@id":"https:\/\/barneleker.no\/index.php\/product\/lego-star-wars-tm-75298-at-at-mot-tauntaun-microfightere-at-at-mot-tauntaun-microfightere\/#primaryimage"},"image":{"@id":"https:\/\/barneleker.no\/index.php\/product\/lego-star-wars-tm-75298-at-at-mot-tauntaun-microfightere-at-at-mot-tauntaun-microfightere\/#primaryimage"},"thumbnailUrl":"https:\/\/barneleker.no\/wp-content\/uploads\/2022\/02\/lego-star-wars-tm-75298-at-at-mot-tauntaun-microfightere.jpg","datePublished":"2022-02-08T19:57:41+00:00","breadcrumb":{"@id":"https:\/\/barneleker.no\/index.php\/product\/lego-star-wars-tm-75298-at-at-mot-tauntaun-microfightere-at-at-mot-tauntaun-microfightere\/#breadcrumb"},"inLanguage":"nb-NO","potentialAction":[{"@type":"ReadAction","target":["https:\/\/barneleker.no\/index.php\/product\/lego-star-wars-tm-75298-at-at-mot-tauntaun-microfightere-at-at-mot-tauntaun-microfightere\/"]}]},{"@type":"ImageObject","inLanguage":"nb-NO","@id":"https:\/\/barneleker.no\/index.php\/product\/lego-star-wars-tm-75298-at-at-mot-tauntaun-microfightere-at-at-mot-tauntaun-microfightere\/#primaryimage","url":"https:\/\/barneleker.no\/wp-content\/uploads\/2022\/02\/lego-star-wars-tm-75298-at-at-mot-tauntaun-microfightere.jpg","contentUrl":"https:\/\/barneleker.no\/wp-content\/uploads\/2022\/02\/lego-star-wars-tm-75298-at-at-mot-tauntaun-microfightere.jpg","width":555,"height":555},{"@type":"BreadcrumbList","@id":"https:\/\/barneleker.no\/index.php\/product\/lego-star-wars-tm-75298-at-at-mot-tauntaun-microfightere-at-at-mot-tauntaun-microfightere\/#breadcrumb","itemListElement":[{"@type":"ListItem","position":1,"name":"Butikken","item":"https:\/\/barneleker.no\/"},{"@type":"ListItem","position":2,"name":"LEGO Star Wars TM 75298, AT-AT\u2122 mot Tauntaun\u2122 microfightere, AT-AT\u2122 mot Tauntaun\u2122 microfightere"}]},{"@type":"WebSite","@id":"https:\/\/barneleker.no\/#website","url":"https:\/\/barneleker.no\/","name":"Barneleker.no","description":"Selvf\u00f8lgelig!","publisher":{"@id":"https:\/\/barneleker.no\/#organization"},"potentialAction":[{"@type":"SearchAction","target":{"@type":"EntryPoint","urlTemplate":"https:\/\/barneleker.no\/?s={search_term_string}"},"query-input":{"@type":"PropertyValueSpecification","valueRequired":true,"valueName":"search_term_string"}}],"inLanguage":"nb-NO"},{"@type":"Organization","@id":"https:\/\/barneleker.no\/#organization","name":"Barneleker.no","url":"https:\/\/barneleker.no\/","logo":{"@type":"ImageObject","inLanguage":"nb-NO","@id":"https:\/\/barneleker.no\/#\/schema\/logo\/image\/","url":"https:\/\/barneleker.no\/wp-content\/uploads\/2021\/11\/barneleker_logo-780x150-1.jpg","contentUrl":"https:\/\/barneleker.no\/wp-content\/uploads\/2021\/11\/barneleker_logo-780x150-1.jpg","width":780,"height":150,"caption":"Barneleker.no"},"image":{"@id":"https:\/\/barneleker.no\/#\/schema\/logo\/image\/"}}]}},"_links":{"self":[{"href":"https:\/\/barneleker.no\/index.php\/wp-json\/wp\/v2\/product\/13625","targetHints":{"allow":["GET"]}}],"collection":[{"href":"https:\/\/barneleker.no\/index.php\/wp-json\/wp\/v2\/product"}],"about":[{"href":"https:\/\/barneleker.no\/index.php\/wp-json\/wp\/v2\/types\/product"}],"replies":[{"embeddable":true,"href":"https:\/\/barneleker.no\/index.php\/wp-json\/wp\/v2\/comments?post=13625"}],"wp:featuredmedia":[{"embeddable":true,"href":"https:\/\/barneleker.no\/index.php\/wp-json\/wp\/v2\/media\/13624"}],"wp:attachment":[{"href":"https:\/\/barneleker.no\/index.php\/wp-json\/wp\/v2\/media?parent=13625"}],"wp:term":[{"taxonomy":"product_brand","embeddable":true,"href":"https:\/\/barneleker.no\/index.php\/wp-json\/wp\/v2\/product_brand?post=13625"},{"taxonomy":"product_cat","embeddable":true,"href":"https:\/\/barneleker.no\/index.php\/wp-json\/wp\/v2\/product_cat?post=13625"},{"taxonomy":"product_tag","embeddable":true,"href":"https:\/\/barneleker.no\/index.php\/wp-json\/wp\/v2\/product_tag?post=13625"}],"curies":[{"name":"wp","href":"https:\/\/api.w.org\/{rel}","templated":true}]}}