{"id":13645,"date":"2022-02-08T19:57:49","date_gmt":"2022-02-08T19:57:49","guid":{"rendered":"https:\/\/barneleker.no\/index.php\/product\/teamsterz-sos-station-die-cast-m-no\/"},"modified":"2022-02-08T19:57:49","modified_gmt":"2022-02-08T19:57:49","slug":"teamsterz-sos-station-die-cast-m-no","status":"publish","type":"product","link":"https:\/\/barneleker.no\/index.php\/product\/teamsterz-sos-station-die-cast-m-no\/","title":{"rendered":"Teamsterz, SOS Station die cast m NO"},"content":{"rendered":"<p>Fin garasje med 3 n\u00f8dkj\u00f8ret\u00f8y fra Teamsterz! Jerk ut og slukker branner med brannbil og fanger skurker med politibilen. Ta ambulansen og skynd deg p\u00e5 sykehuset for \u00e5 hjelpe de skadede eller syke! Ikke glem \u00e5 kommunisere med kollegaene dine p\u00e5 andre stasjoner med den glatte mikrofonen p\u00e5 siden av stasjonen.<\/p>\n","protected":false},"excerpt":{"rendered":"<p>Fin garasje med 3 n\u00f8dkj\u00f8ret\u00f8y fra Teamsterz! Jerk ut og slukker branner med brannbil og fanger skurker med politibilen. Ta ambulansen og skynd deg p\u00e5&hellip;<\/p>\n","protected":false},"featured_media":13644,"comment_status":"open","ping_status":"closed","template":"","meta":[],"product_brand":[],"product_cat":[343],"product_tag":[],"class_list":{"0":"post-13645","1":"product","2":"type-product","3":"status-publish","4":"has-post-thumbnail","6":"product_cat-kjoretoy","8":"first","9":"instock","10":"shipping-taxable","11":"product-type-external","12":"customify-col"},"yoast_head":"<!-- This site is optimized with the Yoast SEO plugin v26.0 - https:\/\/yoast.com\/wordpress\/plugins\/seo\/ -->\n<title>Teamsterz, SOS Station die cast m NO - Barneleker.no<\/title>\n<meta name=\"robots\" content=\"index, follow, max-snippet:-1, max-image-preview:large, max-video-preview:-1\" \/>\n<link rel=\"canonical\" href=\"https:\/\/barneleker.no\/index.php\/product\/teamsterz-sos-station-die-cast-m-no\/\" \/>\n<meta property=\"og:locale\" content=\"nb_NO\" \/>\n<meta property=\"og:type\" content=\"article\" \/>\n<meta property=\"og:title\" content=\"Teamsterz, SOS Station die cast m NO - Barneleker.no\" \/>\n<meta property=\"og:description\" content=\"Fin garasje med 3 n\u00f8dkj\u00f8ret\u00f8y fra Teamsterz! Jerk ut og slukker branner med brannbil og fanger skurker med politibilen. Ta ambulansen og skynd deg p\u00e5&hellip;\" \/>\n<meta property=\"og:url\" content=\"https:\/\/barneleker.no\/index.php\/product\/teamsterz-sos-station-die-cast-m-no\/\" \/>\n<meta property=\"og:site_name\" content=\"Barneleker.no\" \/>\n<meta name=\"twitter:card\" content=\"summary_large_image\" \/>\n<script type=\"application\/ld+json\" class=\"yoast-schema-graph\">{\"@context\":\"https:\/\/schema.org\",\"@graph\":[{\"@type\":\"WebPage\",\"@id\":\"https:\/\/barneleker.no\/index.php\/product\/teamsterz-sos-station-die-cast-m-no\/\",\"url\":\"https:\/\/barneleker.no\/index.php\/product\/teamsterz-sos-station-die-cast-m-no\/\",\"name\":\"Teamsterz, SOS Station die cast m NO - Barneleker.no\",\"isPartOf\":{\"@id\":\"https:\/\/barneleker.no\/#website\"},\"primaryImageOfPage\":{\"@id\":\"https:\/\/barneleker.no\/index.php\/product\/teamsterz-sos-station-die-cast-m-no\/#primaryimage\"},\"image\":{\"@id\":\"https:\/\/barneleker.no\/index.php\/product\/teamsterz-sos-station-die-cast-m-no\/#primaryimage\"},\"thumbnailUrl\":\"https:\/\/barneleker.no\/wp-content\/uploads\/2022\/02\/teamsterz-sos-station-die-cast-m-no.jpg\",\"datePublished\":\"2022-02-08T19:57:49+00:00\",\"breadcrumb\":{\"@id\":\"https:\/\/barneleker.no\/index.php\/product\/teamsterz-sos-station-die-cast-m-no\/#breadcrumb\"},\"inLanguage\":\"nb-NO\",\"potentialAction\":[{\"@type\":\"ReadAction\",\"target\":[\"https:\/\/barneleker.no\/index.php\/product\/teamsterz-sos-station-die-cast-m-no\/\"]}]},{\"@type\":\"ImageObject\",\"inLanguage\":\"nb-NO\",\"@id\":\"https:\/\/barneleker.no\/index.php\/product\/teamsterz-sos-station-die-cast-m-no\/#primaryimage\",\"url\":\"https:\/\/barneleker.no\/wp-content\/uploads\/2022\/02\/teamsterz-sos-station-die-cast-m-no.jpg\",\"contentUrl\":\"https:\/\/barneleker.no\/wp-content\/uploads\/2022\/02\/teamsterz-sos-station-die-cast-m-no.jpg\",\"width\":555,\"height\":555},{\"@type\":\"BreadcrumbList\",\"@id\":\"https:\/\/barneleker.no\/index.php\/product\/teamsterz-sos-station-die-cast-m-no\/#breadcrumb\",\"itemListElement\":[{\"@type\":\"ListItem\",\"position\":1,\"name\":\"Butikken\",\"item\":\"https:\/\/barneleker.no\/\"},{\"@type\":\"ListItem\",\"position\":2,\"name\":\"Teamsterz, SOS Station die cast m NO\"}]},{\"@type\":\"WebSite\",\"@id\":\"https:\/\/barneleker.no\/#website\",\"url\":\"https:\/\/barneleker.no\/\",\"name\":\"Barneleker.no\",\"description\":\"Selvf\u00f8lgelig!\",\"publisher\":{\"@id\":\"https:\/\/barneleker.no\/#organization\"},\"potentialAction\":[{\"@type\":\"SearchAction\",\"target\":{\"@type\":\"EntryPoint\",\"urlTemplate\":\"https:\/\/barneleker.no\/?s={search_term_string}\"},\"query-input\":{\"@type\":\"PropertyValueSpecification\",\"valueRequired\":true,\"valueName\":\"search_term_string\"}}],\"inLanguage\":\"nb-NO\"},{\"@type\":\"Organization\",\"@id\":\"https:\/\/barneleker.no\/#organization\",\"name\":\"Barneleker.no\",\"url\":\"https:\/\/barneleker.no\/\",\"logo\":{\"@type\":\"ImageObject\",\"inLanguage\":\"nb-NO\",\"@id\":\"https:\/\/barneleker.no\/#\/schema\/logo\/image\/\",\"url\":\"https:\/\/barneleker.no\/wp-content\/uploads\/2021\/11\/barneleker_logo-780x150-1.jpg\",\"contentUrl\":\"https:\/\/barneleker.no\/wp-content\/uploads\/2021\/11\/barneleker_logo-780x150-1.jpg\",\"width\":780,\"height\":150,\"caption\":\"Barneleker.no\"},\"image\":{\"@id\":\"https:\/\/barneleker.no\/#\/schema\/logo\/image\/\"}}]}<\/script>\n<!-- \/ Yoast SEO plugin. -->","yoast_head_json":{"title":"Teamsterz, SOS Station die cast m NO - Barneleker.no","robots":{"index":"index","follow":"follow","max-snippet":"max-snippet:-1","max-image-preview":"max-image-preview:large","max-video-preview":"max-video-preview:-1"},"canonical":"https:\/\/barneleker.no\/index.php\/product\/teamsterz-sos-station-die-cast-m-no\/","og_locale":"nb_NO","og_type":"article","og_title":"Teamsterz, SOS Station die cast m NO - Barneleker.no","og_description":"Fin garasje med 3 n\u00f8dkj\u00f8ret\u00f8y fra Teamsterz! Jerk ut og slukker branner med brannbil og fanger skurker med politibilen. Ta ambulansen og skynd deg p\u00e5&hellip;","og_url":"https:\/\/barneleker.no\/index.php\/product\/teamsterz-sos-station-die-cast-m-no\/","og_site_name":"Barneleker.no","twitter_card":"summary_large_image","schema":{"@context":"https:\/\/schema.org","@graph":[{"@type":"WebPage","@id":"https:\/\/barneleker.no\/index.php\/product\/teamsterz-sos-station-die-cast-m-no\/","url":"https:\/\/barneleker.no\/index.php\/product\/teamsterz-sos-station-die-cast-m-no\/","name":"Teamsterz, SOS Station die cast m NO - Barneleker.no","isPartOf":{"@id":"https:\/\/barneleker.no\/#website"},"primaryImageOfPage":{"@id":"https:\/\/barneleker.no\/index.php\/product\/teamsterz-sos-station-die-cast-m-no\/#primaryimage"},"image":{"@id":"https:\/\/barneleker.no\/index.php\/product\/teamsterz-sos-station-die-cast-m-no\/#primaryimage"},"thumbnailUrl":"https:\/\/barneleker.no\/wp-content\/uploads\/2022\/02\/teamsterz-sos-station-die-cast-m-no.jpg","datePublished":"2022-02-08T19:57:49+00:00","breadcrumb":{"@id":"https:\/\/barneleker.no\/index.php\/product\/teamsterz-sos-station-die-cast-m-no\/#breadcrumb"},"inLanguage":"nb-NO","potentialAction":[{"@type":"ReadAction","target":["https:\/\/barneleker.no\/index.php\/product\/teamsterz-sos-station-die-cast-m-no\/"]}]},{"@type":"ImageObject","inLanguage":"nb-NO","@id":"https:\/\/barneleker.no\/index.php\/product\/teamsterz-sos-station-die-cast-m-no\/#primaryimage","url":"https:\/\/barneleker.no\/wp-content\/uploads\/2022\/02\/teamsterz-sos-station-die-cast-m-no.jpg","contentUrl":"https:\/\/barneleker.no\/wp-content\/uploads\/2022\/02\/teamsterz-sos-station-die-cast-m-no.jpg","width":555,"height":555},{"@type":"BreadcrumbList","@id":"https:\/\/barneleker.no\/index.php\/product\/teamsterz-sos-station-die-cast-m-no\/#breadcrumb","itemListElement":[{"@type":"ListItem","position":1,"name":"Butikken","item":"https:\/\/barneleker.no\/"},{"@type":"ListItem","position":2,"name":"Teamsterz, SOS Station die cast m NO"}]},{"@type":"WebSite","@id":"https:\/\/barneleker.no\/#website","url":"https:\/\/barneleker.no\/","name":"Barneleker.no","description":"Selvf\u00f8lgelig!","publisher":{"@id":"https:\/\/barneleker.no\/#organization"},"potentialAction":[{"@type":"SearchAction","target":{"@type":"EntryPoint","urlTemplate":"https:\/\/barneleker.no\/?s={search_term_string}"},"query-input":{"@type":"PropertyValueSpecification","valueRequired":true,"valueName":"search_term_string"}}],"inLanguage":"nb-NO"},{"@type":"Organization","@id":"https:\/\/barneleker.no\/#organization","name":"Barneleker.no","url":"https:\/\/barneleker.no\/","logo":{"@type":"ImageObject","inLanguage":"nb-NO","@id":"https:\/\/barneleker.no\/#\/schema\/logo\/image\/","url":"https:\/\/barneleker.no\/wp-content\/uploads\/2021\/11\/barneleker_logo-780x150-1.jpg","contentUrl":"https:\/\/barneleker.no\/wp-content\/uploads\/2021\/11\/barneleker_logo-780x150-1.jpg","width":780,"height":150,"caption":"Barneleker.no"},"image":{"@id":"https:\/\/barneleker.no\/#\/schema\/logo\/image\/"}}]}},"_links":{"self":[{"href":"https:\/\/barneleker.no\/index.php\/wp-json\/wp\/v2\/product\/13645","targetHints":{"allow":["GET"]}}],"collection":[{"href":"https:\/\/barneleker.no\/index.php\/wp-json\/wp\/v2\/product"}],"about":[{"href":"https:\/\/barneleker.no\/index.php\/wp-json\/wp\/v2\/types\/product"}],"replies":[{"embeddable":true,"href":"https:\/\/barneleker.no\/index.php\/wp-json\/wp\/v2\/comments?post=13645"}],"wp:featuredmedia":[{"embeddable":true,"href":"https:\/\/barneleker.no\/index.php\/wp-json\/wp\/v2\/media\/13644"}],"wp:attachment":[{"href":"https:\/\/barneleker.no\/index.php\/wp-json\/wp\/v2\/media?parent=13645"}],"wp:term":[{"taxonomy":"product_brand","embeddable":true,"href":"https:\/\/barneleker.no\/index.php\/wp-json\/wp\/v2\/product_brand?post=13645"},{"taxonomy":"product_cat","embeddable":true,"href":"https:\/\/barneleker.no\/index.php\/wp-json\/wp\/v2\/product_cat?post=13645"},{"taxonomy":"product_tag","embeddable":true,"href":"https:\/\/barneleker.no\/index.php\/wp-json\/wp\/v2\/product_tag?post=13645"}],"curies":[{"name":"wp","href":"https:\/\/api.w.org\/{rel}","templated":true}]}}