{"id":13649,"date":"2022-02-08T19:57:51","date_gmt":"2022-02-08T19:57:51","guid":{"rendered":"https:\/\/barneleker.no\/index.php\/product\/hape-metro-police-dept-playset\/"},"modified":"2022-02-08T19:57:51","modified_gmt":"2022-02-08T19:57:51","slug":"hape-metro-police-dept-playset","status":"publish","type":"product","link":"https:\/\/barneleker.no\/index.php\/product\/hape-metro-police-dept-playset\/","title":{"rendered":"Hape, Metro Police Dept. Playset"},"content":{"rendered":"<p>Fortell din egen historie om politiet og r\u00f8verne med dette fantastiske Hape Metro Politistasjon Lekesett! Stasjonen har to- niv\u00e5er, en fengselscelle med d\u00f8r som kan \u00e5pnes, et kontor, et helikopter med egen landingsplass, en politibil med parkeringsplass, en politibetjent med poserbare armer og ben, en fange og til og med en politihund! Stasjonstilbeh\u00f8r inkluderer et s\u00f8kelys, en h\u00f8yttaler, et flagg, walkie-talkies, en sperrekegle og mer! Stasjonen har en ekte alarm som lyder og lyser n\u00e5r du trykker p\u00e5 knappen. Fengselscelld\u00f8ren kan \u00e5pnes og l\u00e5ses med en n\u00f8kkel!<\/p>\n","protected":false},"excerpt":{"rendered":"<p>Fortell din egen historie om politiet og r\u00f8verne med dette fantastiske Hape Metro Politistasjon Lekesett! Stasjonen har to- niv\u00e5er, en fengselscelle med d\u00f8r som kan&hellip;<\/p>\n","protected":false},"featured_media":13648,"comment_status":"open","ping_status":"closed","template":"","meta":[],"product_brand":[],"product_cat":[380],"product_tag":[],"class_list":{"0":"post-13649","1":"product","2":"type-product","3":"status-publish","4":"has-post-thumbnail","6":"product_cat-lekmat","8":"first","9":"instock","10":"shipping-taxable","11":"product-type-external","12":"customify-col"},"yoast_head":"<!-- This site is optimized with the Yoast SEO plugin v26.0 - https:\/\/yoast.com\/wordpress\/plugins\/seo\/ -->\n<title>Hape, Metro Police Dept. Playset - Barneleker.no<\/title>\n<meta name=\"robots\" content=\"index, follow, max-snippet:-1, max-image-preview:large, max-video-preview:-1\" \/>\n<link rel=\"canonical\" href=\"https:\/\/barneleker.no\/index.php\/product\/hape-metro-police-dept-playset\/\" \/>\n<meta property=\"og:locale\" content=\"nb_NO\" \/>\n<meta property=\"og:type\" content=\"article\" \/>\n<meta property=\"og:title\" content=\"Hape, Metro Police Dept. Playset - Barneleker.no\" \/>\n<meta property=\"og:description\" content=\"Fortell din egen historie om politiet og r\u00f8verne med dette fantastiske Hape Metro Politistasjon Lekesett! Stasjonen har to- niv\u00e5er, en fengselscelle med d\u00f8r som kan&hellip;\" \/>\n<meta property=\"og:url\" content=\"https:\/\/barneleker.no\/index.php\/product\/hape-metro-police-dept-playset\/\" \/>\n<meta property=\"og:site_name\" content=\"Barneleker.no\" \/>\n<meta name=\"twitter:card\" content=\"summary_large_image\" \/>\n<script type=\"application\/ld+json\" class=\"yoast-schema-graph\">{\"@context\":\"https:\/\/schema.org\",\"@graph\":[{\"@type\":\"WebPage\",\"@id\":\"https:\/\/barneleker.no\/index.php\/product\/hape-metro-police-dept-playset\/\",\"url\":\"https:\/\/barneleker.no\/index.php\/product\/hape-metro-police-dept-playset\/\",\"name\":\"Hape, Metro Police Dept. Playset - Barneleker.no\",\"isPartOf\":{\"@id\":\"https:\/\/barneleker.no\/#website\"},\"primaryImageOfPage\":{\"@id\":\"https:\/\/barneleker.no\/index.php\/product\/hape-metro-police-dept-playset\/#primaryimage\"},\"image\":{\"@id\":\"https:\/\/barneleker.no\/index.php\/product\/hape-metro-police-dept-playset\/#primaryimage\"},\"thumbnailUrl\":\"https:\/\/barneleker.no\/wp-content\/uploads\/2022\/02\/hape-metro-police-dept-playset.jpg\",\"datePublished\":\"2022-02-08T19:57:51+00:00\",\"breadcrumb\":{\"@id\":\"https:\/\/barneleker.no\/index.php\/product\/hape-metro-police-dept-playset\/#breadcrumb\"},\"inLanguage\":\"nb-NO\",\"potentialAction\":[{\"@type\":\"ReadAction\",\"target\":[\"https:\/\/barneleker.no\/index.php\/product\/hape-metro-police-dept-playset\/\"]}]},{\"@type\":\"ImageObject\",\"inLanguage\":\"nb-NO\",\"@id\":\"https:\/\/barneleker.no\/index.php\/product\/hape-metro-police-dept-playset\/#primaryimage\",\"url\":\"https:\/\/barneleker.no\/wp-content\/uploads\/2022\/02\/hape-metro-police-dept-playset.jpg\",\"contentUrl\":\"https:\/\/barneleker.no\/wp-content\/uploads\/2022\/02\/hape-metro-police-dept-playset.jpg\",\"width\":555,\"height\":555},{\"@type\":\"BreadcrumbList\",\"@id\":\"https:\/\/barneleker.no\/index.php\/product\/hape-metro-police-dept-playset\/#breadcrumb\",\"itemListElement\":[{\"@type\":\"ListItem\",\"position\":1,\"name\":\"Butikken\",\"item\":\"https:\/\/barneleker.no\/\"},{\"@type\":\"ListItem\",\"position\":2,\"name\":\"Hape, Metro Police Dept. Playset\"}]},{\"@type\":\"WebSite\",\"@id\":\"https:\/\/barneleker.no\/#website\",\"url\":\"https:\/\/barneleker.no\/\",\"name\":\"Barneleker.no\",\"description\":\"Selvf\u00f8lgelig!\",\"publisher\":{\"@id\":\"https:\/\/barneleker.no\/#organization\"},\"potentialAction\":[{\"@type\":\"SearchAction\",\"target\":{\"@type\":\"EntryPoint\",\"urlTemplate\":\"https:\/\/barneleker.no\/?s={search_term_string}\"},\"query-input\":{\"@type\":\"PropertyValueSpecification\",\"valueRequired\":true,\"valueName\":\"search_term_string\"}}],\"inLanguage\":\"nb-NO\"},{\"@type\":\"Organization\",\"@id\":\"https:\/\/barneleker.no\/#organization\",\"name\":\"Barneleker.no\",\"url\":\"https:\/\/barneleker.no\/\",\"logo\":{\"@type\":\"ImageObject\",\"inLanguage\":\"nb-NO\",\"@id\":\"https:\/\/barneleker.no\/#\/schema\/logo\/image\/\",\"url\":\"https:\/\/barneleker.no\/wp-content\/uploads\/2021\/11\/barneleker_logo-780x150-1.jpg\",\"contentUrl\":\"https:\/\/barneleker.no\/wp-content\/uploads\/2021\/11\/barneleker_logo-780x150-1.jpg\",\"width\":780,\"height\":150,\"caption\":\"Barneleker.no\"},\"image\":{\"@id\":\"https:\/\/barneleker.no\/#\/schema\/logo\/image\/\"}}]}<\/script>\n<!-- \/ Yoast SEO plugin. -->","yoast_head_json":{"title":"Hape, Metro Police Dept. Playset - Barneleker.no","robots":{"index":"index","follow":"follow","max-snippet":"max-snippet:-1","max-image-preview":"max-image-preview:large","max-video-preview":"max-video-preview:-1"},"canonical":"https:\/\/barneleker.no\/index.php\/product\/hape-metro-police-dept-playset\/","og_locale":"nb_NO","og_type":"article","og_title":"Hape, Metro Police Dept. Playset - Barneleker.no","og_description":"Fortell din egen historie om politiet og r\u00f8verne med dette fantastiske Hape Metro Politistasjon Lekesett! Stasjonen har to- niv\u00e5er, en fengselscelle med d\u00f8r som kan&hellip;","og_url":"https:\/\/barneleker.no\/index.php\/product\/hape-metro-police-dept-playset\/","og_site_name":"Barneleker.no","twitter_card":"summary_large_image","schema":{"@context":"https:\/\/schema.org","@graph":[{"@type":"WebPage","@id":"https:\/\/barneleker.no\/index.php\/product\/hape-metro-police-dept-playset\/","url":"https:\/\/barneleker.no\/index.php\/product\/hape-metro-police-dept-playset\/","name":"Hape, Metro Police Dept. Playset - Barneleker.no","isPartOf":{"@id":"https:\/\/barneleker.no\/#website"},"primaryImageOfPage":{"@id":"https:\/\/barneleker.no\/index.php\/product\/hape-metro-police-dept-playset\/#primaryimage"},"image":{"@id":"https:\/\/barneleker.no\/index.php\/product\/hape-metro-police-dept-playset\/#primaryimage"},"thumbnailUrl":"https:\/\/barneleker.no\/wp-content\/uploads\/2022\/02\/hape-metro-police-dept-playset.jpg","datePublished":"2022-02-08T19:57:51+00:00","breadcrumb":{"@id":"https:\/\/barneleker.no\/index.php\/product\/hape-metro-police-dept-playset\/#breadcrumb"},"inLanguage":"nb-NO","potentialAction":[{"@type":"ReadAction","target":["https:\/\/barneleker.no\/index.php\/product\/hape-metro-police-dept-playset\/"]}]},{"@type":"ImageObject","inLanguage":"nb-NO","@id":"https:\/\/barneleker.no\/index.php\/product\/hape-metro-police-dept-playset\/#primaryimage","url":"https:\/\/barneleker.no\/wp-content\/uploads\/2022\/02\/hape-metro-police-dept-playset.jpg","contentUrl":"https:\/\/barneleker.no\/wp-content\/uploads\/2022\/02\/hape-metro-police-dept-playset.jpg","width":555,"height":555},{"@type":"BreadcrumbList","@id":"https:\/\/barneleker.no\/index.php\/product\/hape-metro-police-dept-playset\/#breadcrumb","itemListElement":[{"@type":"ListItem","position":1,"name":"Butikken","item":"https:\/\/barneleker.no\/"},{"@type":"ListItem","position":2,"name":"Hape, Metro Police Dept. Playset"}]},{"@type":"WebSite","@id":"https:\/\/barneleker.no\/#website","url":"https:\/\/barneleker.no\/","name":"Barneleker.no","description":"Selvf\u00f8lgelig!","publisher":{"@id":"https:\/\/barneleker.no\/#organization"},"potentialAction":[{"@type":"SearchAction","target":{"@type":"EntryPoint","urlTemplate":"https:\/\/barneleker.no\/?s={search_term_string}"},"query-input":{"@type":"PropertyValueSpecification","valueRequired":true,"valueName":"search_term_string"}}],"inLanguage":"nb-NO"},{"@type":"Organization","@id":"https:\/\/barneleker.no\/#organization","name":"Barneleker.no","url":"https:\/\/barneleker.no\/","logo":{"@type":"ImageObject","inLanguage":"nb-NO","@id":"https:\/\/barneleker.no\/#\/schema\/logo\/image\/","url":"https:\/\/barneleker.no\/wp-content\/uploads\/2021\/11\/barneleker_logo-780x150-1.jpg","contentUrl":"https:\/\/barneleker.no\/wp-content\/uploads\/2021\/11\/barneleker_logo-780x150-1.jpg","width":780,"height":150,"caption":"Barneleker.no"},"image":{"@id":"https:\/\/barneleker.no\/#\/schema\/logo\/image\/"}}]}},"_links":{"self":[{"href":"https:\/\/barneleker.no\/index.php\/wp-json\/wp\/v2\/product\/13649","targetHints":{"allow":["GET"]}}],"collection":[{"href":"https:\/\/barneleker.no\/index.php\/wp-json\/wp\/v2\/product"}],"about":[{"href":"https:\/\/barneleker.no\/index.php\/wp-json\/wp\/v2\/types\/product"}],"replies":[{"embeddable":true,"href":"https:\/\/barneleker.no\/index.php\/wp-json\/wp\/v2\/comments?post=13649"}],"wp:featuredmedia":[{"embeddable":true,"href":"https:\/\/barneleker.no\/index.php\/wp-json\/wp\/v2\/media\/13648"}],"wp:attachment":[{"href":"https:\/\/barneleker.no\/index.php\/wp-json\/wp\/v2\/media?parent=13649"}],"wp:term":[{"taxonomy":"product_brand","embeddable":true,"href":"https:\/\/barneleker.no\/index.php\/wp-json\/wp\/v2\/product_brand?post=13649"},{"taxonomy":"product_cat","embeddable":true,"href":"https:\/\/barneleker.no\/index.php\/wp-json\/wp\/v2\/product_cat?post=13649"},{"taxonomy":"product_tag","embeddable":true,"href":"https:\/\/barneleker.no\/index.php\/wp-json\/wp\/v2\/product_tag?post=13649"}],"curies":[{"name":"wp","href":"https:\/\/api.w.org\/{rel}","templated":true}]}}