{"id":13661,"date":"2022-02-08T19:57:55","date_gmt":"2022-02-08T19:57:55","guid":{"rendered":"https:\/\/barneleker.no\/index.php\/product\/nap-lek-og-laer-aktivitetsvogn\/"},"modified":"2022-02-08T19:57:55","modified_gmt":"2022-02-08T19:57:55","slug":"nap-lek-og-laer-aktivitetsvogn","status":"publish","type":"product","link":"https:\/\/barneleker.no\/index.php\/product\/nap-lek-og-laer-aktivitetsvogn\/","title":{"rendered":"NAP, Lek og L\u00e6r aktivitetsvogn"},"content":{"rendered":"<p>G\u00e5vogn i tre med ballbane og aktivering. Denne leken gir mye moro for de yngre barna. med dette kan barn \u00f8ve motoriske ferdigheter, l\u00e6re farger, former, l\u00e6re \u00e5 telle og mye mer. Det er noe morsomt \u00e5 gj\u00f8re p\u00e5 alle sider av vognen.<\/p>\n","protected":false},"excerpt":{"rendered":"<p>G\u00e5vogn i tre med ballbane og aktivering. Denne leken gir mye moro for de yngre barna. med dette kan barn \u00f8ve motoriske ferdigheter, l\u00e6re farger,&hellip;<\/p>\n","protected":false},"featured_media":13660,"comment_status":"open","ping_status":"closed","template":"","meta":[],"product_brand":[],"product_cat":[365],"product_tag":[],"class_list":{"0":"post-13661","1":"product","2":"type-product","3":"status-publish","4":"has-post-thumbnail","6":"product_cat-babyleker","8":"first","9":"instock","10":"shipping-taxable","11":"product-type-external","12":"customify-col"},"yoast_head":"<!-- This site is optimized with the Yoast SEO plugin v26.0 - https:\/\/yoast.com\/wordpress\/plugins\/seo\/ -->\n<title>NAP, Lek og L\u00e6r aktivitetsvogn - Barneleker.no<\/title>\n<meta name=\"robots\" content=\"index, follow, max-snippet:-1, max-image-preview:large, max-video-preview:-1\" \/>\n<link rel=\"canonical\" href=\"https:\/\/barneleker.no\/index.php\/product\/nap-lek-og-laer-aktivitetsvogn\/\" \/>\n<meta property=\"og:locale\" content=\"nb_NO\" \/>\n<meta property=\"og:type\" content=\"article\" \/>\n<meta property=\"og:title\" content=\"NAP, Lek og L\u00e6r aktivitetsvogn - Barneleker.no\" \/>\n<meta property=\"og:description\" content=\"G\u00e5vogn i tre med ballbane og aktivering. Denne leken gir mye moro for de yngre barna. med dette kan barn \u00f8ve motoriske ferdigheter, l\u00e6re farger,&hellip;\" \/>\n<meta property=\"og:url\" content=\"https:\/\/barneleker.no\/index.php\/product\/nap-lek-og-laer-aktivitetsvogn\/\" \/>\n<meta property=\"og:site_name\" content=\"Barneleker.no\" \/>\n<meta name=\"twitter:card\" content=\"summary_large_image\" \/>\n<script type=\"application\/ld+json\" class=\"yoast-schema-graph\">{\"@context\":\"https:\/\/schema.org\",\"@graph\":[{\"@type\":\"WebPage\",\"@id\":\"https:\/\/barneleker.no\/index.php\/product\/nap-lek-og-laer-aktivitetsvogn\/\",\"url\":\"https:\/\/barneleker.no\/index.php\/product\/nap-lek-og-laer-aktivitetsvogn\/\",\"name\":\"NAP, Lek og L\u00e6r aktivitetsvogn - Barneleker.no\",\"isPartOf\":{\"@id\":\"https:\/\/barneleker.no\/#website\"},\"primaryImageOfPage\":{\"@id\":\"https:\/\/barneleker.no\/index.php\/product\/nap-lek-og-laer-aktivitetsvogn\/#primaryimage\"},\"image\":{\"@id\":\"https:\/\/barneleker.no\/index.php\/product\/nap-lek-og-laer-aktivitetsvogn\/#primaryimage\"},\"thumbnailUrl\":\"https:\/\/barneleker.no\/wp-content\/uploads\/2022\/02\/nap-lek-og-laer-aktivitetsvogn.jpg\",\"datePublished\":\"2022-02-08T19:57:55+00:00\",\"breadcrumb\":{\"@id\":\"https:\/\/barneleker.no\/index.php\/product\/nap-lek-og-laer-aktivitetsvogn\/#breadcrumb\"},\"inLanguage\":\"nb-NO\",\"potentialAction\":[{\"@type\":\"ReadAction\",\"target\":[\"https:\/\/barneleker.no\/index.php\/product\/nap-lek-og-laer-aktivitetsvogn\/\"]}]},{\"@type\":\"ImageObject\",\"inLanguage\":\"nb-NO\",\"@id\":\"https:\/\/barneleker.no\/index.php\/product\/nap-lek-og-laer-aktivitetsvogn\/#primaryimage\",\"url\":\"https:\/\/barneleker.no\/wp-content\/uploads\/2022\/02\/nap-lek-og-laer-aktivitetsvogn.jpg\",\"contentUrl\":\"https:\/\/barneleker.no\/wp-content\/uploads\/2022\/02\/nap-lek-og-laer-aktivitetsvogn.jpg\",\"width\":555,\"height\":555},{\"@type\":\"BreadcrumbList\",\"@id\":\"https:\/\/barneleker.no\/index.php\/product\/nap-lek-og-laer-aktivitetsvogn\/#breadcrumb\",\"itemListElement\":[{\"@type\":\"ListItem\",\"position\":1,\"name\":\"Butikken\",\"item\":\"https:\/\/barneleker.no\/\"},{\"@type\":\"ListItem\",\"position\":2,\"name\":\"NAP, Lek og L\u00e6r aktivitetsvogn\"}]},{\"@type\":\"WebSite\",\"@id\":\"https:\/\/barneleker.no\/#website\",\"url\":\"https:\/\/barneleker.no\/\",\"name\":\"Barneleker.no\",\"description\":\"Selvf\u00f8lgelig!\",\"publisher\":{\"@id\":\"https:\/\/barneleker.no\/#organization\"},\"potentialAction\":[{\"@type\":\"SearchAction\",\"target\":{\"@type\":\"EntryPoint\",\"urlTemplate\":\"https:\/\/barneleker.no\/?s={search_term_string}\"},\"query-input\":{\"@type\":\"PropertyValueSpecification\",\"valueRequired\":true,\"valueName\":\"search_term_string\"}}],\"inLanguage\":\"nb-NO\"},{\"@type\":\"Organization\",\"@id\":\"https:\/\/barneleker.no\/#organization\",\"name\":\"Barneleker.no\",\"url\":\"https:\/\/barneleker.no\/\",\"logo\":{\"@type\":\"ImageObject\",\"inLanguage\":\"nb-NO\",\"@id\":\"https:\/\/barneleker.no\/#\/schema\/logo\/image\/\",\"url\":\"https:\/\/barneleker.no\/wp-content\/uploads\/2021\/11\/barneleker_logo-780x150-1.jpg\",\"contentUrl\":\"https:\/\/barneleker.no\/wp-content\/uploads\/2021\/11\/barneleker_logo-780x150-1.jpg\",\"width\":780,\"height\":150,\"caption\":\"Barneleker.no\"},\"image\":{\"@id\":\"https:\/\/barneleker.no\/#\/schema\/logo\/image\/\"}}]}<\/script>\n<!-- \/ Yoast SEO plugin. -->","yoast_head_json":{"title":"NAP, Lek og L\u00e6r aktivitetsvogn - Barneleker.no","robots":{"index":"index","follow":"follow","max-snippet":"max-snippet:-1","max-image-preview":"max-image-preview:large","max-video-preview":"max-video-preview:-1"},"canonical":"https:\/\/barneleker.no\/index.php\/product\/nap-lek-og-laer-aktivitetsvogn\/","og_locale":"nb_NO","og_type":"article","og_title":"NAP, Lek og L\u00e6r aktivitetsvogn - Barneleker.no","og_description":"G\u00e5vogn i tre med ballbane og aktivering. Denne leken gir mye moro for de yngre barna. med dette kan barn \u00f8ve motoriske ferdigheter, l\u00e6re farger,&hellip;","og_url":"https:\/\/barneleker.no\/index.php\/product\/nap-lek-og-laer-aktivitetsvogn\/","og_site_name":"Barneleker.no","twitter_card":"summary_large_image","schema":{"@context":"https:\/\/schema.org","@graph":[{"@type":"WebPage","@id":"https:\/\/barneleker.no\/index.php\/product\/nap-lek-og-laer-aktivitetsvogn\/","url":"https:\/\/barneleker.no\/index.php\/product\/nap-lek-og-laer-aktivitetsvogn\/","name":"NAP, Lek og L\u00e6r aktivitetsvogn - Barneleker.no","isPartOf":{"@id":"https:\/\/barneleker.no\/#website"},"primaryImageOfPage":{"@id":"https:\/\/barneleker.no\/index.php\/product\/nap-lek-og-laer-aktivitetsvogn\/#primaryimage"},"image":{"@id":"https:\/\/barneleker.no\/index.php\/product\/nap-lek-og-laer-aktivitetsvogn\/#primaryimage"},"thumbnailUrl":"https:\/\/barneleker.no\/wp-content\/uploads\/2022\/02\/nap-lek-og-laer-aktivitetsvogn.jpg","datePublished":"2022-02-08T19:57:55+00:00","breadcrumb":{"@id":"https:\/\/barneleker.no\/index.php\/product\/nap-lek-og-laer-aktivitetsvogn\/#breadcrumb"},"inLanguage":"nb-NO","potentialAction":[{"@type":"ReadAction","target":["https:\/\/barneleker.no\/index.php\/product\/nap-lek-og-laer-aktivitetsvogn\/"]}]},{"@type":"ImageObject","inLanguage":"nb-NO","@id":"https:\/\/barneleker.no\/index.php\/product\/nap-lek-og-laer-aktivitetsvogn\/#primaryimage","url":"https:\/\/barneleker.no\/wp-content\/uploads\/2022\/02\/nap-lek-og-laer-aktivitetsvogn.jpg","contentUrl":"https:\/\/barneleker.no\/wp-content\/uploads\/2022\/02\/nap-lek-og-laer-aktivitetsvogn.jpg","width":555,"height":555},{"@type":"BreadcrumbList","@id":"https:\/\/barneleker.no\/index.php\/product\/nap-lek-og-laer-aktivitetsvogn\/#breadcrumb","itemListElement":[{"@type":"ListItem","position":1,"name":"Butikken","item":"https:\/\/barneleker.no\/"},{"@type":"ListItem","position":2,"name":"NAP, Lek og L\u00e6r aktivitetsvogn"}]},{"@type":"WebSite","@id":"https:\/\/barneleker.no\/#website","url":"https:\/\/barneleker.no\/","name":"Barneleker.no","description":"Selvf\u00f8lgelig!","publisher":{"@id":"https:\/\/barneleker.no\/#organization"},"potentialAction":[{"@type":"SearchAction","target":{"@type":"EntryPoint","urlTemplate":"https:\/\/barneleker.no\/?s={search_term_string}"},"query-input":{"@type":"PropertyValueSpecification","valueRequired":true,"valueName":"search_term_string"}}],"inLanguage":"nb-NO"},{"@type":"Organization","@id":"https:\/\/barneleker.no\/#organization","name":"Barneleker.no","url":"https:\/\/barneleker.no\/","logo":{"@type":"ImageObject","inLanguage":"nb-NO","@id":"https:\/\/barneleker.no\/#\/schema\/logo\/image\/","url":"https:\/\/barneleker.no\/wp-content\/uploads\/2021\/11\/barneleker_logo-780x150-1.jpg","contentUrl":"https:\/\/barneleker.no\/wp-content\/uploads\/2021\/11\/barneleker_logo-780x150-1.jpg","width":780,"height":150,"caption":"Barneleker.no"},"image":{"@id":"https:\/\/barneleker.no\/#\/schema\/logo\/image\/"}}]}},"_links":{"self":[{"href":"https:\/\/barneleker.no\/index.php\/wp-json\/wp\/v2\/product\/13661","targetHints":{"allow":["GET"]}}],"collection":[{"href":"https:\/\/barneleker.no\/index.php\/wp-json\/wp\/v2\/product"}],"about":[{"href":"https:\/\/barneleker.no\/index.php\/wp-json\/wp\/v2\/types\/product"}],"replies":[{"embeddable":true,"href":"https:\/\/barneleker.no\/index.php\/wp-json\/wp\/v2\/comments?post=13661"}],"wp:featuredmedia":[{"embeddable":true,"href":"https:\/\/barneleker.no\/index.php\/wp-json\/wp\/v2\/media\/13660"}],"wp:attachment":[{"href":"https:\/\/barneleker.no\/index.php\/wp-json\/wp\/v2\/media?parent=13661"}],"wp:term":[{"taxonomy":"product_brand","embeddable":true,"href":"https:\/\/barneleker.no\/index.php\/wp-json\/wp\/v2\/product_brand?post=13661"},{"taxonomy":"product_cat","embeddable":true,"href":"https:\/\/barneleker.no\/index.php\/wp-json\/wp\/v2\/product_cat?post=13661"},{"taxonomy":"product_tag","embeddable":true,"href":"https:\/\/barneleker.no\/index.php\/wp-json\/wp\/v2\/product_tag?post=13661"}],"curies":[{"name":"wp","href":"https:\/\/api.w.org\/{rel}","templated":true}]}}