{"id":13665,"date":"2022-02-08T19:57:56","date_gmt":"2022-02-08T19:57:56","guid":{"rendered":"https:\/\/barneleker.no\/index.php\/product\/lego-technic-42125-ferrari-488-gte-af-corse-51\/"},"modified":"2022-02-08T19:57:56","modified_gmt":"2022-02-08T19:57:56","slug":"lego-technic-42125-ferrari-488-gte-af-corse-51","status":"publish","type":"product","link":"https:\/\/barneleker.no\/index.php\/product\/lego-technic-42125-ferrari-488-gte-af-corse-51\/","title":{"rendered":"LEGO Technic 42125, Ferrari 488 GTE \u201cAF Corse #51\u201d"},"content":{"rendered":"<p>Ferrari 488 GTE er en helt unik bil og har hanket inn flere prestisjefylte seiere for The Prancing Horse-teamet i verdens mest krevende endurance-l\u00f8p. N\u00e5 kan du bygge en LEGO\u00ae Technic modell av bilen, komplett med autentiske designdetaljer fra den ikoniske originalen.  Autentiske detaljer Denne fantastisk detaljerte racerbilmodellen er en tro kopi av Ferraris endurance-racerbil. Bilen er utstyrt med st\u00f8tdempere foran og bak, d\u00f8rer som kan \u00e5pnes, en V8-motor med bevegelige stempler og et fungerende ratt. Prikken over i-en er den episke modellens originale klistremerker og autentiske farger.  Ta en pause fra hverdagen Settet er en del av en serie med LEGO byggesett for voksne med sans for eksepsjonell design. LEGO Technic byggesettet er perfekt som hobbyprosjekt for deg selv eller gave til en motorsport-interessert venn, og utstillingsmodellen er et ekte blikkfang.<\/p>\n","protected":false},"excerpt":{"rendered":"<p>Ferrari 488 GTE er en helt unik bil og har hanket inn flere prestisjefylte seiere for The Prancing Horse-teamet i verdens mest krevende endurance-l\u00f8p. N\u00e5&hellip;<\/p>\n","protected":false},"featured_media":13664,"comment_status":"open","ping_status":"closed","template":"","meta":[],"product_brand":[],"product_cat":[476],"product_tag":[],"class_list":{"0":"post-13665","1":"product","2":"type-product","3":"status-publish","4":"has-post-thumbnail","6":"product_cat-set-lego-fordon","8":"first","9":"instock","10":"shipping-taxable","11":"product-type-external","12":"customify-col"},"yoast_head":"<!-- This site is optimized with the Yoast SEO plugin v26.0 - https:\/\/yoast.com\/wordpress\/plugins\/seo\/ -->\n<title>LEGO Technic 42125, Ferrari 488 GTE \u201cAF Corse #51\u201d - Barneleker.no<\/title>\n<meta name=\"robots\" content=\"index, follow, max-snippet:-1, max-image-preview:large, max-video-preview:-1\" \/>\n<link rel=\"canonical\" href=\"https:\/\/barneleker.no\/index.php\/product\/lego-technic-42125-ferrari-488-gte-af-corse-51\/\" \/>\n<meta property=\"og:locale\" content=\"nb_NO\" \/>\n<meta property=\"og:type\" content=\"article\" \/>\n<meta property=\"og:title\" content=\"LEGO Technic 42125, Ferrari 488 GTE \u201cAF Corse #51\u201d - Barneleker.no\" \/>\n<meta property=\"og:description\" content=\"Ferrari 488 GTE er en helt unik bil og har hanket inn flere prestisjefylte seiere for The Prancing Horse-teamet i verdens mest krevende endurance-l\u00f8p. N\u00e5&hellip;\" \/>\n<meta property=\"og:url\" content=\"https:\/\/barneleker.no\/index.php\/product\/lego-technic-42125-ferrari-488-gte-af-corse-51\/\" \/>\n<meta property=\"og:site_name\" content=\"Barneleker.no\" \/>\n<meta name=\"twitter:card\" content=\"summary_large_image\" \/>\n<meta name=\"twitter:label1\" content=\"Ansl. lesetid\" \/>\n\t<meta name=\"twitter:data1\" content=\"1 minutt\" \/>\n<script type=\"application\/ld+json\" class=\"yoast-schema-graph\">{\"@context\":\"https:\/\/schema.org\",\"@graph\":[{\"@type\":\"WebPage\",\"@id\":\"https:\/\/barneleker.no\/index.php\/product\/lego-technic-42125-ferrari-488-gte-af-corse-51\/\",\"url\":\"https:\/\/barneleker.no\/index.php\/product\/lego-technic-42125-ferrari-488-gte-af-corse-51\/\",\"name\":\"LEGO Technic 42125, Ferrari 488 GTE \u201cAF Corse #51\u201d - Barneleker.no\",\"isPartOf\":{\"@id\":\"https:\/\/barneleker.no\/#website\"},\"primaryImageOfPage\":{\"@id\":\"https:\/\/barneleker.no\/index.php\/product\/lego-technic-42125-ferrari-488-gte-af-corse-51\/#primaryimage\"},\"image\":{\"@id\":\"https:\/\/barneleker.no\/index.php\/product\/lego-technic-42125-ferrari-488-gte-af-corse-51\/#primaryimage\"},\"thumbnailUrl\":\"https:\/\/barneleker.no\/wp-content\/uploads\/2022\/02\/lego-technic-42125-ferrari-488-gte-af-corse-51.jpg\",\"datePublished\":\"2022-02-08T19:57:56+00:00\",\"breadcrumb\":{\"@id\":\"https:\/\/barneleker.no\/index.php\/product\/lego-technic-42125-ferrari-488-gte-af-corse-51\/#breadcrumb\"},\"inLanguage\":\"nb-NO\",\"potentialAction\":[{\"@type\":\"ReadAction\",\"target\":[\"https:\/\/barneleker.no\/index.php\/product\/lego-technic-42125-ferrari-488-gte-af-corse-51\/\"]}]},{\"@type\":\"ImageObject\",\"inLanguage\":\"nb-NO\",\"@id\":\"https:\/\/barneleker.no\/index.php\/product\/lego-technic-42125-ferrari-488-gte-af-corse-51\/#primaryimage\",\"url\":\"https:\/\/barneleker.no\/wp-content\/uploads\/2022\/02\/lego-technic-42125-ferrari-488-gte-af-corse-51.jpg\",\"contentUrl\":\"https:\/\/barneleker.no\/wp-content\/uploads\/2022\/02\/lego-technic-42125-ferrari-488-gte-af-corse-51.jpg\",\"width\":555,\"height\":555},{\"@type\":\"BreadcrumbList\",\"@id\":\"https:\/\/barneleker.no\/index.php\/product\/lego-technic-42125-ferrari-488-gte-af-corse-51\/#breadcrumb\",\"itemListElement\":[{\"@type\":\"ListItem\",\"position\":1,\"name\":\"Butikken\",\"item\":\"https:\/\/barneleker.no\/\"},{\"@type\":\"ListItem\",\"position\":2,\"name\":\"LEGO Technic 42125, Ferrari 488 GTE \u201cAF Corse #51\u201d\"}]},{\"@type\":\"WebSite\",\"@id\":\"https:\/\/barneleker.no\/#website\",\"url\":\"https:\/\/barneleker.no\/\",\"name\":\"Barneleker.no\",\"description\":\"Selvf\u00f8lgelig!\",\"publisher\":{\"@id\":\"https:\/\/barneleker.no\/#organization\"},\"potentialAction\":[{\"@type\":\"SearchAction\",\"target\":{\"@type\":\"EntryPoint\",\"urlTemplate\":\"https:\/\/barneleker.no\/?s={search_term_string}\"},\"query-input\":{\"@type\":\"PropertyValueSpecification\",\"valueRequired\":true,\"valueName\":\"search_term_string\"}}],\"inLanguage\":\"nb-NO\"},{\"@type\":\"Organization\",\"@id\":\"https:\/\/barneleker.no\/#organization\",\"name\":\"Barneleker.no\",\"url\":\"https:\/\/barneleker.no\/\",\"logo\":{\"@type\":\"ImageObject\",\"inLanguage\":\"nb-NO\",\"@id\":\"https:\/\/barneleker.no\/#\/schema\/logo\/image\/\",\"url\":\"https:\/\/barneleker.no\/wp-content\/uploads\/2021\/11\/barneleker_logo-780x150-1.jpg\",\"contentUrl\":\"https:\/\/barneleker.no\/wp-content\/uploads\/2021\/11\/barneleker_logo-780x150-1.jpg\",\"width\":780,\"height\":150,\"caption\":\"Barneleker.no\"},\"image\":{\"@id\":\"https:\/\/barneleker.no\/#\/schema\/logo\/image\/\"}}]}<\/script>\n<!-- \/ Yoast SEO plugin. -->","yoast_head_json":{"title":"LEGO Technic 42125, Ferrari 488 GTE \u201cAF Corse #51\u201d - Barneleker.no","robots":{"index":"index","follow":"follow","max-snippet":"max-snippet:-1","max-image-preview":"max-image-preview:large","max-video-preview":"max-video-preview:-1"},"canonical":"https:\/\/barneleker.no\/index.php\/product\/lego-technic-42125-ferrari-488-gte-af-corse-51\/","og_locale":"nb_NO","og_type":"article","og_title":"LEGO Technic 42125, Ferrari 488 GTE \u201cAF Corse #51\u201d - Barneleker.no","og_description":"Ferrari 488 GTE er en helt unik bil og har hanket inn flere prestisjefylte seiere for The Prancing Horse-teamet i verdens mest krevende endurance-l\u00f8p. N\u00e5&hellip;","og_url":"https:\/\/barneleker.no\/index.php\/product\/lego-technic-42125-ferrari-488-gte-af-corse-51\/","og_site_name":"Barneleker.no","twitter_card":"summary_large_image","twitter_misc":{"Ansl. lesetid":"1 minutt"},"schema":{"@context":"https:\/\/schema.org","@graph":[{"@type":"WebPage","@id":"https:\/\/barneleker.no\/index.php\/product\/lego-technic-42125-ferrari-488-gte-af-corse-51\/","url":"https:\/\/barneleker.no\/index.php\/product\/lego-technic-42125-ferrari-488-gte-af-corse-51\/","name":"LEGO Technic 42125, Ferrari 488 GTE \u201cAF Corse #51\u201d - Barneleker.no","isPartOf":{"@id":"https:\/\/barneleker.no\/#website"},"primaryImageOfPage":{"@id":"https:\/\/barneleker.no\/index.php\/product\/lego-technic-42125-ferrari-488-gte-af-corse-51\/#primaryimage"},"image":{"@id":"https:\/\/barneleker.no\/index.php\/product\/lego-technic-42125-ferrari-488-gte-af-corse-51\/#primaryimage"},"thumbnailUrl":"https:\/\/barneleker.no\/wp-content\/uploads\/2022\/02\/lego-technic-42125-ferrari-488-gte-af-corse-51.jpg","datePublished":"2022-02-08T19:57:56+00:00","breadcrumb":{"@id":"https:\/\/barneleker.no\/index.php\/product\/lego-technic-42125-ferrari-488-gte-af-corse-51\/#breadcrumb"},"inLanguage":"nb-NO","potentialAction":[{"@type":"ReadAction","target":["https:\/\/barneleker.no\/index.php\/product\/lego-technic-42125-ferrari-488-gte-af-corse-51\/"]}]},{"@type":"ImageObject","inLanguage":"nb-NO","@id":"https:\/\/barneleker.no\/index.php\/product\/lego-technic-42125-ferrari-488-gte-af-corse-51\/#primaryimage","url":"https:\/\/barneleker.no\/wp-content\/uploads\/2022\/02\/lego-technic-42125-ferrari-488-gte-af-corse-51.jpg","contentUrl":"https:\/\/barneleker.no\/wp-content\/uploads\/2022\/02\/lego-technic-42125-ferrari-488-gte-af-corse-51.jpg","width":555,"height":555},{"@type":"BreadcrumbList","@id":"https:\/\/barneleker.no\/index.php\/product\/lego-technic-42125-ferrari-488-gte-af-corse-51\/#breadcrumb","itemListElement":[{"@type":"ListItem","position":1,"name":"Butikken","item":"https:\/\/barneleker.no\/"},{"@type":"ListItem","position":2,"name":"LEGO Technic 42125, Ferrari 488 GTE \u201cAF Corse #51\u201d"}]},{"@type":"WebSite","@id":"https:\/\/barneleker.no\/#website","url":"https:\/\/barneleker.no\/","name":"Barneleker.no","description":"Selvf\u00f8lgelig!","publisher":{"@id":"https:\/\/barneleker.no\/#organization"},"potentialAction":[{"@type":"SearchAction","target":{"@type":"EntryPoint","urlTemplate":"https:\/\/barneleker.no\/?s={search_term_string}"},"query-input":{"@type":"PropertyValueSpecification","valueRequired":true,"valueName":"search_term_string"}}],"inLanguage":"nb-NO"},{"@type":"Organization","@id":"https:\/\/barneleker.no\/#organization","name":"Barneleker.no","url":"https:\/\/barneleker.no\/","logo":{"@type":"ImageObject","inLanguage":"nb-NO","@id":"https:\/\/barneleker.no\/#\/schema\/logo\/image\/","url":"https:\/\/barneleker.no\/wp-content\/uploads\/2021\/11\/barneleker_logo-780x150-1.jpg","contentUrl":"https:\/\/barneleker.no\/wp-content\/uploads\/2021\/11\/barneleker_logo-780x150-1.jpg","width":780,"height":150,"caption":"Barneleker.no"},"image":{"@id":"https:\/\/barneleker.no\/#\/schema\/logo\/image\/"}}]}},"_links":{"self":[{"href":"https:\/\/barneleker.no\/index.php\/wp-json\/wp\/v2\/product\/13665","targetHints":{"allow":["GET"]}}],"collection":[{"href":"https:\/\/barneleker.no\/index.php\/wp-json\/wp\/v2\/product"}],"about":[{"href":"https:\/\/barneleker.no\/index.php\/wp-json\/wp\/v2\/types\/product"}],"replies":[{"embeddable":true,"href":"https:\/\/barneleker.no\/index.php\/wp-json\/wp\/v2\/comments?post=13665"}],"wp:featuredmedia":[{"embeddable":true,"href":"https:\/\/barneleker.no\/index.php\/wp-json\/wp\/v2\/media\/13664"}],"wp:attachment":[{"href":"https:\/\/barneleker.no\/index.php\/wp-json\/wp\/v2\/media?parent=13665"}],"wp:term":[{"taxonomy":"product_brand","embeddable":true,"href":"https:\/\/barneleker.no\/index.php\/wp-json\/wp\/v2\/product_brand?post=13665"},{"taxonomy":"product_cat","embeddable":true,"href":"https:\/\/barneleker.no\/index.php\/wp-json\/wp\/v2\/product_cat?post=13665"},{"taxonomy":"product_tag","embeddable":true,"href":"https:\/\/barneleker.no\/index.php\/wp-json\/wp\/v2\/product_tag?post=13665"}],"curies":[{"name":"wp","href":"https:\/\/api.w.org\/{rel}","templated":true}]}}