{"id":13669,"date":"2022-02-08T19:57:57","date_gmt":"2022-02-08T19:57:57","guid":{"rendered":"https:\/\/barneleker.no\/index.php\/product\/kinetic-sand-sandwhirlz-playset\/"},"modified":"2022-02-08T19:57:57","modified_gmt":"2022-02-08T19:57:57","slug":"kinetic-sand-sandwhirlz-playset","status":"publish","type":"product","link":"https:\/\/barneleker.no\/index.php\/product\/kinetic-sand-sandwhirlz-playset\/","title":{"rendered":"Kinetic Sand, Sandwhirlz Playset"},"content":{"rendered":"<p>Kinetic Sand t\u00f8rker aldri ut &#8211; kan lekes med i detr uendelige! Dette Kinetic Sandwhirlz Playset har en figur-overrakelse og en sandstr\u00f8m. Det er inspirert av lekem\u00f8nsteret slipp og klem, som er et av de mest popul\u00e6re p\u00e5 sosiale medier. Fyll sylinderne med Kinetic Sand og se virvelen med sand! Fortsett \u00e5 fylle sylinderne og klem sanden sammen igjen og igjen. Mix og match verkt\u00f8yene, og fargene med sand. Settet er komplett med 900g multifarget Kinetic Sand.<\/p>\n","protected":false},"excerpt":{"rendered":"<p>Kinetic Sand t\u00f8rker aldri ut &#8211; kan lekes med i detr uendelige! Dette Kinetic Sandwhirlz Playset har en figur-overrakelse og en sandstr\u00f8m. Det er inspirert&hellip;<\/p>\n","protected":false},"featured_media":13668,"comment_status":"open","ping_status":"closed","template":"","meta":[],"product_brand":[],"product_cat":[470],"product_tag":[],"class_list":{"0":"post-13669","1":"product","2":"type-product","3":"status-publish","4":"has-post-thumbnail","6":"product_cat-leksand","8":"first","9":"instock","10":"shipping-taxable","11":"product-type-external","12":"customify-col"},"yoast_head":"<!-- This site is optimized with the Yoast SEO plugin v26.0 - https:\/\/yoast.com\/wordpress\/plugins\/seo\/ -->\n<title>Kinetic Sand, Sandwhirlz Playset - Barneleker.no<\/title>\n<meta name=\"robots\" content=\"index, follow, max-snippet:-1, max-image-preview:large, max-video-preview:-1\" \/>\n<link rel=\"canonical\" href=\"https:\/\/barneleker.no\/index.php\/product\/kinetic-sand-sandwhirlz-playset\/\" \/>\n<meta property=\"og:locale\" content=\"nb_NO\" \/>\n<meta property=\"og:type\" content=\"article\" \/>\n<meta property=\"og:title\" content=\"Kinetic Sand, Sandwhirlz Playset - Barneleker.no\" \/>\n<meta property=\"og:description\" content=\"Kinetic Sand t\u00f8rker aldri ut &#8211; kan lekes med i detr uendelige! Dette Kinetic Sandwhirlz Playset har en figur-overrakelse og en sandstr\u00f8m. Det er inspirert&hellip;\" \/>\n<meta property=\"og:url\" content=\"https:\/\/barneleker.no\/index.php\/product\/kinetic-sand-sandwhirlz-playset\/\" \/>\n<meta property=\"og:site_name\" content=\"Barneleker.no\" \/>\n<meta name=\"twitter:card\" content=\"summary_large_image\" \/>\n<script type=\"application\/ld+json\" class=\"yoast-schema-graph\">{\"@context\":\"https:\/\/schema.org\",\"@graph\":[{\"@type\":\"WebPage\",\"@id\":\"https:\/\/barneleker.no\/index.php\/product\/kinetic-sand-sandwhirlz-playset\/\",\"url\":\"https:\/\/barneleker.no\/index.php\/product\/kinetic-sand-sandwhirlz-playset\/\",\"name\":\"Kinetic Sand, Sandwhirlz Playset - Barneleker.no\",\"isPartOf\":{\"@id\":\"https:\/\/barneleker.no\/#website\"},\"primaryImageOfPage\":{\"@id\":\"https:\/\/barneleker.no\/index.php\/product\/kinetic-sand-sandwhirlz-playset\/#primaryimage\"},\"image\":{\"@id\":\"https:\/\/barneleker.no\/index.php\/product\/kinetic-sand-sandwhirlz-playset\/#primaryimage\"},\"thumbnailUrl\":\"https:\/\/barneleker.no\/wp-content\/uploads\/2022\/02\/kinetic-sand-sandwhirlz-playset.jpg\",\"datePublished\":\"2022-02-08T19:57:57+00:00\",\"breadcrumb\":{\"@id\":\"https:\/\/barneleker.no\/index.php\/product\/kinetic-sand-sandwhirlz-playset\/#breadcrumb\"},\"inLanguage\":\"nb-NO\",\"potentialAction\":[{\"@type\":\"ReadAction\",\"target\":[\"https:\/\/barneleker.no\/index.php\/product\/kinetic-sand-sandwhirlz-playset\/\"]}]},{\"@type\":\"ImageObject\",\"inLanguage\":\"nb-NO\",\"@id\":\"https:\/\/barneleker.no\/index.php\/product\/kinetic-sand-sandwhirlz-playset\/#primaryimage\",\"url\":\"https:\/\/barneleker.no\/wp-content\/uploads\/2022\/02\/kinetic-sand-sandwhirlz-playset.jpg\",\"contentUrl\":\"https:\/\/barneleker.no\/wp-content\/uploads\/2022\/02\/kinetic-sand-sandwhirlz-playset.jpg\",\"width\":555,\"height\":555},{\"@type\":\"BreadcrumbList\",\"@id\":\"https:\/\/barneleker.no\/index.php\/product\/kinetic-sand-sandwhirlz-playset\/#breadcrumb\",\"itemListElement\":[{\"@type\":\"ListItem\",\"position\":1,\"name\":\"Butikken\",\"item\":\"https:\/\/barneleker.no\/\"},{\"@type\":\"ListItem\",\"position\":2,\"name\":\"Kinetic Sand, Sandwhirlz Playset\"}]},{\"@type\":\"WebSite\",\"@id\":\"https:\/\/barneleker.no\/#website\",\"url\":\"https:\/\/barneleker.no\/\",\"name\":\"Barneleker.no\",\"description\":\"Selvf\u00f8lgelig!\",\"publisher\":{\"@id\":\"https:\/\/barneleker.no\/#organization\"},\"potentialAction\":[{\"@type\":\"SearchAction\",\"target\":{\"@type\":\"EntryPoint\",\"urlTemplate\":\"https:\/\/barneleker.no\/?s={search_term_string}\"},\"query-input\":{\"@type\":\"PropertyValueSpecification\",\"valueRequired\":true,\"valueName\":\"search_term_string\"}}],\"inLanguage\":\"nb-NO\"},{\"@type\":\"Organization\",\"@id\":\"https:\/\/barneleker.no\/#organization\",\"name\":\"Barneleker.no\",\"url\":\"https:\/\/barneleker.no\/\",\"logo\":{\"@type\":\"ImageObject\",\"inLanguage\":\"nb-NO\",\"@id\":\"https:\/\/barneleker.no\/#\/schema\/logo\/image\/\",\"url\":\"https:\/\/barneleker.no\/wp-content\/uploads\/2021\/11\/barneleker_logo-780x150-1.jpg\",\"contentUrl\":\"https:\/\/barneleker.no\/wp-content\/uploads\/2021\/11\/barneleker_logo-780x150-1.jpg\",\"width\":780,\"height\":150,\"caption\":\"Barneleker.no\"},\"image\":{\"@id\":\"https:\/\/barneleker.no\/#\/schema\/logo\/image\/\"}}]}<\/script>\n<!-- \/ Yoast SEO plugin. -->","yoast_head_json":{"title":"Kinetic Sand, Sandwhirlz Playset - Barneleker.no","robots":{"index":"index","follow":"follow","max-snippet":"max-snippet:-1","max-image-preview":"max-image-preview:large","max-video-preview":"max-video-preview:-1"},"canonical":"https:\/\/barneleker.no\/index.php\/product\/kinetic-sand-sandwhirlz-playset\/","og_locale":"nb_NO","og_type":"article","og_title":"Kinetic Sand, Sandwhirlz Playset - Barneleker.no","og_description":"Kinetic Sand t\u00f8rker aldri ut &#8211; kan lekes med i detr uendelige! Dette Kinetic Sandwhirlz Playset har en figur-overrakelse og en sandstr\u00f8m. Det er inspirert&hellip;","og_url":"https:\/\/barneleker.no\/index.php\/product\/kinetic-sand-sandwhirlz-playset\/","og_site_name":"Barneleker.no","twitter_card":"summary_large_image","schema":{"@context":"https:\/\/schema.org","@graph":[{"@type":"WebPage","@id":"https:\/\/barneleker.no\/index.php\/product\/kinetic-sand-sandwhirlz-playset\/","url":"https:\/\/barneleker.no\/index.php\/product\/kinetic-sand-sandwhirlz-playset\/","name":"Kinetic Sand, Sandwhirlz Playset - Barneleker.no","isPartOf":{"@id":"https:\/\/barneleker.no\/#website"},"primaryImageOfPage":{"@id":"https:\/\/barneleker.no\/index.php\/product\/kinetic-sand-sandwhirlz-playset\/#primaryimage"},"image":{"@id":"https:\/\/barneleker.no\/index.php\/product\/kinetic-sand-sandwhirlz-playset\/#primaryimage"},"thumbnailUrl":"https:\/\/barneleker.no\/wp-content\/uploads\/2022\/02\/kinetic-sand-sandwhirlz-playset.jpg","datePublished":"2022-02-08T19:57:57+00:00","breadcrumb":{"@id":"https:\/\/barneleker.no\/index.php\/product\/kinetic-sand-sandwhirlz-playset\/#breadcrumb"},"inLanguage":"nb-NO","potentialAction":[{"@type":"ReadAction","target":["https:\/\/barneleker.no\/index.php\/product\/kinetic-sand-sandwhirlz-playset\/"]}]},{"@type":"ImageObject","inLanguage":"nb-NO","@id":"https:\/\/barneleker.no\/index.php\/product\/kinetic-sand-sandwhirlz-playset\/#primaryimage","url":"https:\/\/barneleker.no\/wp-content\/uploads\/2022\/02\/kinetic-sand-sandwhirlz-playset.jpg","contentUrl":"https:\/\/barneleker.no\/wp-content\/uploads\/2022\/02\/kinetic-sand-sandwhirlz-playset.jpg","width":555,"height":555},{"@type":"BreadcrumbList","@id":"https:\/\/barneleker.no\/index.php\/product\/kinetic-sand-sandwhirlz-playset\/#breadcrumb","itemListElement":[{"@type":"ListItem","position":1,"name":"Butikken","item":"https:\/\/barneleker.no\/"},{"@type":"ListItem","position":2,"name":"Kinetic Sand, Sandwhirlz Playset"}]},{"@type":"WebSite","@id":"https:\/\/barneleker.no\/#website","url":"https:\/\/barneleker.no\/","name":"Barneleker.no","description":"Selvf\u00f8lgelig!","publisher":{"@id":"https:\/\/barneleker.no\/#organization"},"potentialAction":[{"@type":"SearchAction","target":{"@type":"EntryPoint","urlTemplate":"https:\/\/barneleker.no\/?s={search_term_string}"},"query-input":{"@type":"PropertyValueSpecification","valueRequired":true,"valueName":"search_term_string"}}],"inLanguage":"nb-NO"},{"@type":"Organization","@id":"https:\/\/barneleker.no\/#organization","name":"Barneleker.no","url":"https:\/\/barneleker.no\/","logo":{"@type":"ImageObject","inLanguage":"nb-NO","@id":"https:\/\/barneleker.no\/#\/schema\/logo\/image\/","url":"https:\/\/barneleker.no\/wp-content\/uploads\/2021\/11\/barneleker_logo-780x150-1.jpg","contentUrl":"https:\/\/barneleker.no\/wp-content\/uploads\/2021\/11\/barneleker_logo-780x150-1.jpg","width":780,"height":150,"caption":"Barneleker.no"},"image":{"@id":"https:\/\/barneleker.no\/#\/schema\/logo\/image\/"}}]}},"_links":{"self":[{"href":"https:\/\/barneleker.no\/index.php\/wp-json\/wp\/v2\/product\/13669","targetHints":{"allow":["GET"]}}],"collection":[{"href":"https:\/\/barneleker.no\/index.php\/wp-json\/wp\/v2\/product"}],"about":[{"href":"https:\/\/barneleker.no\/index.php\/wp-json\/wp\/v2\/types\/product"}],"replies":[{"embeddable":true,"href":"https:\/\/barneleker.no\/index.php\/wp-json\/wp\/v2\/comments?post=13669"}],"wp:featuredmedia":[{"embeddable":true,"href":"https:\/\/barneleker.no\/index.php\/wp-json\/wp\/v2\/media\/13668"}],"wp:attachment":[{"href":"https:\/\/barneleker.no\/index.php\/wp-json\/wp\/v2\/media?parent=13669"}],"wp:term":[{"taxonomy":"product_brand","embeddable":true,"href":"https:\/\/barneleker.no\/index.php\/wp-json\/wp\/v2\/product_brand?post=13669"},{"taxonomy":"product_cat","embeddable":true,"href":"https:\/\/barneleker.no\/index.php\/wp-json\/wp\/v2\/product_cat?post=13669"},{"taxonomy":"product_tag","embeddable":true,"href":"https:\/\/barneleker.no\/index.php\/wp-json\/wp\/v2\/product_tag?post=13669"}],"curies":[{"name":"wp","href":"https:\/\/api.w.org\/{rel}","templated":true}]}}