{"id":13671,"date":"2022-02-08T19:57:58","date_gmt":"2022-02-08T19:57:58","guid":{"rendered":"https:\/\/barneleker.no\/index.php\/product\/lego-friends-41449-andreas-hjem\/"},"modified":"2022-02-08T19:57:58","modified_gmt":"2022-02-08T19:57:58","slug":"lego-friends-41449-andreas-hjem","status":"publish","type":"product","link":"https:\/\/barneleker.no\/index.php\/product\/lego-friends-41449-andreas-hjem\/","title":{"rendered":"LEGO Friends 41449, Andreas hjem"},"content":{"rendered":"<p>Med LEGO\u00ae Friends Andreas hjem (41449) kan du gi en gave som virkelig gj\u00f8r inntrykk. Lekesettet har fantastiske detaljer som solcellepanel p\u00e5 taket og musikkstudio med mini-keyboard i garasjen, og faller garantert i smak hos LEGO Friends fans og lekekamerater. Mange rom \u00e5 utforske Heng med venner p\u00e5 rommet til Andrea, eller bak muffins p\u00e5 kj\u00f8kkenet med det s\u00f8te kj\u00f8kkenutstyret. Huset har hjerteformet basseng og et kult musikkstudio med lekeinstrumenter. Her kan Andrea og venner arrangere show for hele nabolaget! Taket har solcellepaneler som gir familien en milj\u00f8vennlig livstil, og toppetasjen kan tas av, slik at det blir lettere for sm\u00e5 hender \u00e5 utforske interi\u00f8ret. Mange roller! Settet inneholder fem LEGO Friends minidukker, inkludert en mikrodukke av Liz (lansert i januar 2021), lilles\u00f8steren til Andrea. Barn kan rollespille utallige familiesituasjoner p\u00e5 LEGO m\u00e5ten. Introduser barn for Heartlake City, en verden hvor de finner bestevenner de kan identifisere seg med!<\/p>\n","protected":false},"excerpt":{"rendered":"<p>Med LEGO\u00ae Friends Andreas hjem (41449) kan du gi en gave som virkelig gj\u00f8r inntrykk. Lekesettet har fantastiske detaljer som solcellepanel p\u00e5 taket og musikkstudio&hellip;<\/p>\n","protected":false},"featured_media":13670,"comment_status":"open","ping_status":"closed","template":"","meta":[],"product_brand":[],"product_cat":[340],"product_tag":[],"class_list":{"0":"post-13671","1":"product","2":"type-product","3":"status-publish","4":"has-post-thumbnail","6":"product_cat-set","8":"first","9":"instock","10":"shipping-taxable","11":"product-type-external","12":"customify-col"},"yoast_head":"<!-- This site is optimized with the Yoast SEO plugin v26.0 - https:\/\/yoast.com\/wordpress\/plugins\/seo\/ -->\n<title>LEGO Friends 41449, Andreas hjem - Barneleker.no<\/title>\n<meta name=\"robots\" content=\"index, follow, max-snippet:-1, max-image-preview:large, max-video-preview:-1\" \/>\n<link rel=\"canonical\" href=\"https:\/\/barneleker.no\/index.php\/product\/lego-friends-41449-andreas-hjem\/\" \/>\n<meta property=\"og:locale\" content=\"nb_NO\" \/>\n<meta property=\"og:type\" content=\"article\" \/>\n<meta property=\"og:title\" content=\"LEGO Friends 41449, Andreas hjem - Barneleker.no\" \/>\n<meta property=\"og:description\" content=\"Med LEGO\u00ae Friends Andreas hjem (41449) kan du gi en gave som virkelig gj\u00f8r inntrykk. Lekesettet har fantastiske detaljer som solcellepanel p\u00e5 taket og musikkstudio&hellip;\" \/>\n<meta property=\"og:url\" content=\"https:\/\/barneleker.no\/index.php\/product\/lego-friends-41449-andreas-hjem\/\" \/>\n<meta property=\"og:site_name\" content=\"Barneleker.no\" \/>\n<meta name=\"twitter:card\" content=\"summary_large_image\" \/>\n<meta name=\"twitter:label1\" content=\"Ansl. lesetid\" \/>\n\t<meta name=\"twitter:data1\" content=\"1 minutt\" \/>\n<script type=\"application\/ld+json\" class=\"yoast-schema-graph\">{\"@context\":\"https:\/\/schema.org\",\"@graph\":[{\"@type\":\"WebPage\",\"@id\":\"https:\/\/barneleker.no\/index.php\/product\/lego-friends-41449-andreas-hjem\/\",\"url\":\"https:\/\/barneleker.no\/index.php\/product\/lego-friends-41449-andreas-hjem\/\",\"name\":\"LEGO Friends 41449, Andreas hjem - Barneleker.no\",\"isPartOf\":{\"@id\":\"https:\/\/barneleker.no\/#website\"},\"primaryImageOfPage\":{\"@id\":\"https:\/\/barneleker.no\/index.php\/product\/lego-friends-41449-andreas-hjem\/#primaryimage\"},\"image\":{\"@id\":\"https:\/\/barneleker.no\/index.php\/product\/lego-friends-41449-andreas-hjem\/#primaryimage\"},\"thumbnailUrl\":\"https:\/\/barneleker.no\/wp-content\/uploads\/2022\/02\/lego-friends-41449-andreas-hjem.jpg\",\"datePublished\":\"2022-02-08T19:57:58+00:00\",\"breadcrumb\":{\"@id\":\"https:\/\/barneleker.no\/index.php\/product\/lego-friends-41449-andreas-hjem\/#breadcrumb\"},\"inLanguage\":\"nb-NO\",\"potentialAction\":[{\"@type\":\"ReadAction\",\"target\":[\"https:\/\/barneleker.no\/index.php\/product\/lego-friends-41449-andreas-hjem\/\"]}]},{\"@type\":\"ImageObject\",\"inLanguage\":\"nb-NO\",\"@id\":\"https:\/\/barneleker.no\/index.php\/product\/lego-friends-41449-andreas-hjem\/#primaryimage\",\"url\":\"https:\/\/barneleker.no\/wp-content\/uploads\/2022\/02\/lego-friends-41449-andreas-hjem.jpg\",\"contentUrl\":\"https:\/\/barneleker.no\/wp-content\/uploads\/2022\/02\/lego-friends-41449-andreas-hjem.jpg\",\"width\":555,\"height\":555},{\"@type\":\"BreadcrumbList\",\"@id\":\"https:\/\/barneleker.no\/index.php\/product\/lego-friends-41449-andreas-hjem\/#breadcrumb\",\"itemListElement\":[{\"@type\":\"ListItem\",\"position\":1,\"name\":\"Butikken\",\"item\":\"https:\/\/barneleker.no\/\"},{\"@type\":\"ListItem\",\"position\":2,\"name\":\"LEGO Friends 41449, Andreas hjem\"}]},{\"@type\":\"WebSite\",\"@id\":\"https:\/\/barneleker.no\/#website\",\"url\":\"https:\/\/barneleker.no\/\",\"name\":\"Barneleker.no\",\"description\":\"Selvf\u00f8lgelig!\",\"publisher\":{\"@id\":\"https:\/\/barneleker.no\/#organization\"},\"potentialAction\":[{\"@type\":\"SearchAction\",\"target\":{\"@type\":\"EntryPoint\",\"urlTemplate\":\"https:\/\/barneleker.no\/?s={search_term_string}\"},\"query-input\":{\"@type\":\"PropertyValueSpecification\",\"valueRequired\":true,\"valueName\":\"search_term_string\"}}],\"inLanguage\":\"nb-NO\"},{\"@type\":\"Organization\",\"@id\":\"https:\/\/barneleker.no\/#organization\",\"name\":\"Barneleker.no\",\"url\":\"https:\/\/barneleker.no\/\",\"logo\":{\"@type\":\"ImageObject\",\"inLanguage\":\"nb-NO\",\"@id\":\"https:\/\/barneleker.no\/#\/schema\/logo\/image\/\",\"url\":\"https:\/\/barneleker.no\/wp-content\/uploads\/2021\/11\/barneleker_logo-780x150-1.jpg\",\"contentUrl\":\"https:\/\/barneleker.no\/wp-content\/uploads\/2021\/11\/barneleker_logo-780x150-1.jpg\",\"width\":780,\"height\":150,\"caption\":\"Barneleker.no\"},\"image\":{\"@id\":\"https:\/\/barneleker.no\/#\/schema\/logo\/image\/\"}}]}<\/script>\n<!-- \/ Yoast SEO plugin. -->","yoast_head_json":{"title":"LEGO Friends 41449, Andreas hjem - Barneleker.no","robots":{"index":"index","follow":"follow","max-snippet":"max-snippet:-1","max-image-preview":"max-image-preview:large","max-video-preview":"max-video-preview:-1"},"canonical":"https:\/\/barneleker.no\/index.php\/product\/lego-friends-41449-andreas-hjem\/","og_locale":"nb_NO","og_type":"article","og_title":"LEGO Friends 41449, Andreas hjem - Barneleker.no","og_description":"Med LEGO\u00ae Friends Andreas hjem (41449) kan du gi en gave som virkelig gj\u00f8r inntrykk. Lekesettet har fantastiske detaljer som solcellepanel p\u00e5 taket og musikkstudio&hellip;","og_url":"https:\/\/barneleker.no\/index.php\/product\/lego-friends-41449-andreas-hjem\/","og_site_name":"Barneleker.no","twitter_card":"summary_large_image","twitter_misc":{"Ansl. lesetid":"1 minutt"},"schema":{"@context":"https:\/\/schema.org","@graph":[{"@type":"WebPage","@id":"https:\/\/barneleker.no\/index.php\/product\/lego-friends-41449-andreas-hjem\/","url":"https:\/\/barneleker.no\/index.php\/product\/lego-friends-41449-andreas-hjem\/","name":"LEGO Friends 41449, Andreas hjem - Barneleker.no","isPartOf":{"@id":"https:\/\/barneleker.no\/#website"},"primaryImageOfPage":{"@id":"https:\/\/barneleker.no\/index.php\/product\/lego-friends-41449-andreas-hjem\/#primaryimage"},"image":{"@id":"https:\/\/barneleker.no\/index.php\/product\/lego-friends-41449-andreas-hjem\/#primaryimage"},"thumbnailUrl":"https:\/\/barneleker.no\/wp-content\/uploads\/2022\/02\/lego-friends-41449-andreas-hjem.jpg","datePublished":"2022-02-08T19:57:58+00:00","breadcrumb":{"@id":"https:\/\/barneleker.no\/index.php\/product\/lego-friends-41449-andreas-hjem\/#breadcrumb"},"inLanguage":"nb-NO","potentialAction":[{"@type":"ReadAction","target":["https:\/\/barneleker.no\/index.php\/product\/lego-friends-41449-andreas-hjem\/"]}]},{"@type":"ImageObject","inLanguage":"nb-NO","@id":"https:\/\/barneleker.no\/index.php\/product\/lego-friends-41449-andreas-hjem\/#primaryimage","url":"https:\/\/barneleker.no\/wp-content\/uploads\/2022\/02\/lego-friends-41449-andreas-hjem.jpg","contentUrl":"https:\/\/barneleker.no\/wp-content\/uploads\/2022\/02\/lego-friends-41449-andreas-hjem.jpg","width":555,"height":555},{"@type":"BreadcrumbList","@id":"https:\/\/barneleker.no\/index.php\/product\/lego-friends-41449-andreas-hjem\/#breadcrumb","itemListElement":[{"@type":"ListItem","position":1,"name":"Butikken","item":"https:\/\/barneleker.no\/"},{"@type":"ListItem","position":2,"name":"LEGO Friends 41449, Andreas hjem"}]},{"@type":"WebSite","@id":"https:\/\/barneleker.no\/#website","url":"https:\/\/barneleker.no\/","name":"Barneleker.no","description":"Selvf\u00f8lgelig!","publisher":{"@id":"https:\/\/barneleker.no\/#organization"},"potentialAction":[{"@type":"SearchAction","target":{"@type":"EntryPoint","urlTemplate":"https:\/\/barneleker.no\/?s={search_term_string}"},"query-input":{"@type":"PropertyValueSpecification","valueRequired":true,"valueName":"search_term_string"}}],"inLanguage":"nb-NO"},{"@type":"Organization","@id":"https:\/\/barneleker.no\/#organization","name":"Barneleker.no","url":"https:\/\/barneleker.no\/","logo":{"@type":"ImageObject","inLanguage":"nb-NO","@id":"https:\/\/barneleker.no\/#\/schema\/logo\/image\/","url":"https:\/\/barneleker.no\/wp-content\/uploads\/2021\/11\/barneleker_logo-780x150-1.jpg","contentUrl":"https:\/\/barneleker.no\/wp-content\/uploads\/2021\/11\/barneleker_logo-780x150-1.jpg","width":780,"height":150,"caption":"Barneleker.no"},"image":{"@id":"https:\/\/barneleker.no\/#\/schema\/logo\/image\/"}}]}},"_links":{"self":[{"href":"https:\/\/barneleker.no\/index.php\/wp-json\/wp\/v2\/product\/13671","targetHints":{"allow":["GET"]}}],"collection":[{"href":"https:\/\/barneleker.no\/index.php\/wp-json\/wp\/v2\/product"}],"about":[{"href":"https:\/\/barneleker.no\/index.php\/wp-json\/wp\/v2\/types\/product"}],"replies":[{"embeddable":true,"href":"https:\/\/barneleker.no\/index.php\/wp-json\/wp\/v2\/comments?post=13671"}],"wp:featuredmedia":[{"embeddable":true,"href":"https:\/\/barneleker.no\/index.php\/wp-json\/wp\/v2\/media\/13670"}],"wp:attachment":[{"href":"https:\/\/barneleker.no\/index.php\/wp-json\/wp\/v2\/media?parent=13671"}],"wp:term":[{"taxonomy":"product_brand","embeddable":true,"href":"https:\/\/barneleker.no\/index.php\/wp-json\/wp\/v2\/product_brand?post=13671"},{"taxonomy":"product_cat","embeddable":true,"href":"https:\/\/barneleker.no\/index.php\/wp-json\/wp\/v2\/product_cat?post=13671"},{"taxonomy":"product_tag","embeddable":true,"href":"https:\/\/barneleker.no\/index.php\/wp-json\/wp\/v2\/product_tag?post=13671"}],"curies":[{"name":"wp","href":"https:\/\/api.w.org\/{rel}","templated":true}]}}