{"id":13675,"date":"2022-02-08T19:58:00","date_gmt":"2022-02-08T19:58:00","guid":{"rendered":"https:\/\/barneleker.no\/index.php\/product\/brio-code-and-go-humle\/"},"modified":"2022-02-08T19:58:00","modified_gmt":"2022-02-08T19:58:00","slug":"brio-code-and-go-humle","status":"publish","type":"product","link":"https:\/\/barneleker.no\/index.php\/product\/brio-code-and-go-humle\/","title":{"rendered":"BRIO, Code and Go Humle"},"content":{"rendered":"<p>30154 Code &#038; Go Bumblebee introduserer STEM-l\u00e6ring og programmering for barna p\u00e5 et tidlig stadie. Lek og l\u00e6r med denne glade lille humlen n\u00e5r den f\u00f8lger dine programmerte kommandoer med alderstilpasset innhold. Lekne lys- og lyd-effekter hjelper sm\u00e5rollingene med \u00e5 engasjere seg og oppmuntrer dem til \u00e5 holde fokus og v\u00e6re utforskende. Laget av europeisk bj\u00f8rketre, h\u00f8ykvalitets plast og fine metalldetaljer. Vi vet at barna noen ganger leker med leker p\u00e5 andre m\u00e5ter enn forventet. Derfor har vi testet produktene v\u00e5re grundig med strenge sikkerhetskrav, som ofte er strengere enn loven.<\/p>\n","protected":false},"excerpt":{"rendered":"<p>30154 Code &#038; Go Bumblebee introduserer STEM-l\u00e6ring og programmering for barna p\u00e5 et tidlig stadie. Lek og l\u00e6r med denne glade lille humlen n\u00e5r den&hellip;<\/p>\n","protected":false},"featured_media":13674,"comment_status":"open","ping_status":"closed","template":"","meta":[],"product_brand":[],"product_cat":[428],"product_tag":[],"class_list":{"0":"post-13675","1":"product","2":"type-product","3":"status-publish","4":"has-post-thumbnail","6":"product_cat-djur-figurer","8":"first","9":"instock","10":"shipping-taxable","11":"product-type-external","12":"customify-col"},"yoast_head":"<!-- This site is optimized with the Yoast SEO plugin v26.0 - https:\/\/yoast.com\/wordpress\/plugins\/seo\/ -->\n<title>BRIO, Code and Go Humle - Barneleker.no<\/title>\n<meta name=\"robots\" content=\"index, follow, max-snippet:-1, max-image-preview:large, max-video-preview:-1\" \/>\n<link rel=\"canonical\" href=\"https:\/\/barneleker.no\/index.php\/product\/brio-code-and-go-humle\/\" \/>\n<meta property=\"og:locale\" content=\"nb_NO\" \/>\n<meta property=\"og:type\" content=\"article\" \/>\n<meta property=\"og:title\" content=\"BRIO, Code and Go Humle - Barneleker.no\" \/>\n<meta property=\"og:description\" content=\"30154 Code &#038; Go Bumblebee introduserer STEM-l\u00e6ring og programmering for barna p\u00e5 et tidlig stadie. Lek og l\u00e6r med denne glade lille humlen n\u00e5r den&hellip;\" \/>\n<meta property=\"og:url\" content=\"https:\/\/barneleker.no\/index.php\/product\/brio-code-and-go-humle\/\" \/>\n<meta property=\"og:site_name\" content=\"Barneleker.no\" \/>\n<meta name=\"twitter:card\" content=\"summary_large_image\" \/>\n<script type=\"application\/ld+json\" class=\"yoast-schema-graph\">{\"@context\":\"https:\/\/schema.org\",\"@graph\":[{\"@type\":\"WebPage\",\"@id\":\"https:\/\/barneleker.no\/index.php\/product\/brio-code-and-go-humle\/\",\"url\":\"https:\/\/barneleker.no\/index.php\/product\/brio-code-and-go-humle\/\",\"name\":\"BRIO, Code and Go Humle - Barneleker.no\",\"isPartOf\":{\"@id\":\"https:\/\/barneleker.no\/#website\"},\"primaryImageOfPage\":{\"@id\":\"https:\/\/barneleker.no\/index.php\/product\/brio-code-and-go-humle\/#primaryimage\"},\"image\":{\"@id\":\"https:\/\/barneleker.no\/index.php\/product\/brio-code-and-go-humle\/#primaryimage\"},\"thumbnailUrl\":\"https:\/\/barneleker.no\/wp-content\/uploads\/2022\/02\/brio-code-and-go-humle.jpg\",\"datePublished\":\"2022-02-08T19:58:00+00:00\",\"breadcrumb\":{\"@id\":\"https:\/\/barneleker.no\/index.php\/product\/brio-code-and-go-humle\/#breadcrumb\"},\"inLanguage\":\"nb-NO\",\"potentialAction\":[{\"@type\":\"ReadAction\",\"target\":[\"https:\/\/barneleker.no\/index.php\/product\/brio-code-and-go-humle\/\"]}]},{\"@type\":\"ImageObject\",\"inLanguage\":\"nb-NO\",\"@id\":\"https:\/\/barneleker.no\/index.php\/product\/brio-code-and-go-humle\/#primaryimage\",\"url\":\"https:\/\/barneleker.no\/wp-content\/uploads\/2022\/02\/brio-code-and-go-humle.jpg\",\"contentUrl\":\"https:\/\/barneleker.no\/wp-content\/uploads\/2022\/02\/brio-code-and-go-humle.jpg\",\"width\":555,\"height\":555},{\"@type\":\"BreadcrumbList\",\"@id\":\"https:\/\/barneleker.no\/index.php\/product\/brio-code-and-go-humle\/#breadcrumb\",\"itemListElement\":[{\"@type\":\"ListItem\",\"position\":1,\"name\":\"Butikken\",\"item\":\"https:\/\/barneleker.no\/\"},{\"@type\":\"ListItem\",\"position\":2,\"name\":\"BRIO, Code and Go Humle\"}]},{\"@type\":\"WebSite\",\"@id\":\"https:\/\/barneleker.no\/#website\",\"url\":\"https:\/\/barneleker.no\/\",\"name\":\"Barneleker.no\",\"description\":\"Selvf\u00f8lgelig!\",\"publisher\":{\"@id\":\"https:\/\/barneleker.no\/#organization\"},\"potentialAction\":[{\"@type\":\"SearchAction\",\"target\":{\"@type\":\"EntryPoint\",\"urlTemplate\":\"https:\/\/barneleker.no\/?s={search_term_string}\"},\"query-input\":{\"@type\":\"PropertyValueSpecification\",\"valueRequired\":true,\"valueName\":\"search_term_string\"}}],\"inLanguage\":\"nb-NO\"},{\"@type\":\"Organization\",\"@id\":\"https:\/\/barneleker.no\/#organization\",\"name\":\"Barneleker.no\",\"url\":\"https:\/\/barneleker.no\/\",\"logo\":{\"@type\":\"ImageObject\",\"inLanguage\":\"nb-NO\",\"@id\":\"https:\/\/barneleker.no\/#\/schema\/logo\/image\/\",\"url\":\"https:\/\/barneleker.no\/wp-content\/uploads\/2021\/11\/barneleker_logo-780x150-1.jpg\",\"contentUrl\":\"https:\/\/barneleker.no\/wp-content\/uploads\/2021\/11\/barneleker_logo-780x150-1.jpg\",\"width\":780,\"height\":150,\"caption\":\"Barneleker.no\"},\"image\":{\"@id\":\"https:\/\/barneleker.no\/#\/schema\/logo\/image\/\"}}]}<\/script>\n<!-- \/ Yoast SEO plugin. -->","yoast_head_json":{"title":"BRIO, Code and Go Humle - Barneleker.no","robots":{"index":"index","follow":"follow","max-snippet":"max-snippet:-1","max-image-preview":"max-image-preview:large","max-video-preview":"max-video-preview:-1"},"canonical":"https:\/\/barneleker.no\/index.php\/product\/brio-code-and-go-humle\/","og_locale":"nb_NO","og_type":"article","og_title":"BRIO, Code and Go Humle - Barneleker.no","og_description":"30154 Code &#038; Go Bumblebee introduserer STEM-l\u00e6ring og programmering for barna p\u00e5 et tidlig stadie. Lek og l\u00e6r med denne glade lille humlen n\u00e5r den&hellip;","og_url":"https:\/\/barneleker.no\/index.php\/product\/brio-code-and-go-humle\/","og_site_name":"Barneleker.no","twitter_card":"summary_large_image","schema":{"@context":"https:\/\/schema.org","@graph":[{"@type":"WebPage","@id":"https:\/\/barneleker.no\/index.php\/product\/brio-code-and-go-humle\/","url":"https:\/\/barneleker.no\/index.php\/product\/brio-code-and-go-humle\/","name":"BRIO, Code and Go Humle - Barneleker.no","isPartOf":{"@id":"https:\/\/barneleker.no\/#website"},"primaryImageOfPage":{"@id":"https:\/\/barneleker.no\/index.php\/product\/brio-code-and-go-humle\/#primaryimage"},"image":{"@id":"https:\/\/barneleker.no\/index.php\/product\/brio-code-and-go-humle\/#primaryimage"},"thumbnailUrl":"https:\/\/barneleker.no\/wp-content\/uploads\/2022\/02\/brio-code-and-go-humle.jpg","datePublished":"2022-02-08T19:58:00+00:00","breadcrumb":{"@id":"https:\/\/barneleker.no\/index.php\/product\/brio-code-and-go-humle\/#breadcrumb"},"inLanguage":"nb-NO","potentialAction":[{"@type":"ReadAction","target":["https:\/\/barneleker.no\/index.php\/product\/brio-code-and-go-humle\/"]}]},{"@type":"ImageObject","inLanguage":"nb-NO","@id":"https:\/\/barneleker.no\/index.php\/product\/brio-code-and-go-humle\/#primaryimage","url":"https:\/\/barneleker.no\/wp-content\/uploads\/2022\/02\/brio-code-and-go-humle.jpg","contentUrl":"https:\/\/barneleker.no\/wp-content\/uploads\/2022\/02\/brio-code-and-go-humle.jpg","width":555,"height":555},{"@type":"BreadcrumbList","@id":"https:\/\/barneleker.no\/index.php\/product\/brio-code-and-go-humle\/#breadcrumb","itemListElement":[{"@type":"ListItem","position":1,"name":"Butikken","item":"https:\/\/barneleker.no\/"},{"@type":"ListItem","position":2,"name":"BRIO, Code and Go Humle"}]},{"@type":"WebSite","@id":"https:\/\/barneleker.no\/#website","url":"https:\/\/barneleker.no\/","name":"Barneleker.no","description":"Selvf\u00f8lgelig!","publisher":{"@id":"https:\/\/barneleker.no\/#organization"},"potentialAction":[{"@type":"SearchAction","target":{"@type":"EntryPoint","urlTemplate":"https:\/\/barneleker.no\/?s={search_term_string}"},"query-input":{"@type":"PropertyValueSpecification","valueRequired":true,"valueName":"search_term_string"}}],"inLanguage":"nb-NO"},{"@type":"Organization","@id":"https:\/\/barneleker.no\/#organization","name":"Barneleker.no","url":"https:\/\/barneleker.no\/","logo":{"@type":"ImageObject","inLanguage":"nb-NO","@id":"https:\/\/barneleker.no\/#\/schema\/logo\/image\/","url":"https:\/\/barneleker.no\/wp-content\/uploads\/2021\/11\/barneleker_logo-780x150-1.jpg","contentUrl":"https:\/\/barneleker.no\/wp-content\/uploads\/2021\/11\/barneleker_logo-780x150-1.jpg","width":780,"height":150,"caption":"Barneleker.no"},"image":{"@id":"https:\/\/barneleker.no\/#\/schema\/logo\/image\/"}}]}},"_links":{"self":[{"href":"https:\/\/barneleker.no\/index.php\/wp-json\/wp\/v2\/product\/13675","targetHints":{"allow":["GET"]}}],"collection":[{"href":"https:\/\/barneleker.no\/index.php\/wp-json\/wp\/v2\/product"}],"about":[{"href":"https:\/\/barneleker.no\/index.php\/wp-json\/wp\/v2\/types\/product"}],"replies":[{"embeddable":true,"href":"https:\/\/barneleker.no\/index.php\/wp-json\/wp\/v2\/comments?post=13675"}],"wp:featuredmedia":[{"embeddable":true,"href":"https:\/\/barneleker.no\/index.php\/wp-json\/wp\/v2\/media\/13674"}],"wp:attachment":[{"href":"https:\/\/barneleker.no\/index.php\/wp-json\/wp\/v2\/media?parent=13675"}],"wp:term":[{"taxonomy":"product_brand","embeddable":true,"href":"https:\/\/barneleker.no\/index.php\/wp-json\/wp\/v2\/product_brand?post=13675"},{"taxonomy":"product_cat","embeddable":true,"href":"https:\/\/barneleker.no\/index.php\/wp-json\/wp\/v2\/product_cat?post=13675"},{"taxonomy":"product_tag","embeddable":true,"href":"https:\/\/barneleker.no\/index.php\/wp-json\/wp\/v2\/product_tag?post=13675"}],"curies":[{"name":"wp","href":"https:\/\/api.w.org\/{rel}","templated":true}]}}