{"id":13695,"date":"2022-02-08T19:58:07","date_gmt":"2022-02-08T19:58:07","guid":{"rendered":"https:\/\/barneleker.no\/index.php\/product\/baby-born-sykkelsete-43-cm\/"},"modified":"2022-02-08T19:58:07","modified_gmt":"2022-02-08T19:58:07","slug":"baby-born-sykkelsete-43-cm","status":"publish","type":"product","link":"https:\/\/barneleker.no\/index.php\/product\/baby-born-sykkelsete-43-cm\/","title":{"rendered":"Baby Born, Sykkelsete 43 cm"},"content":{"rendered":"<p>Dra p\u00e5 sykkeltur sammen med din Baby Born dukke med dette stilige sykkelsetet i gul!\u00a0Sykkelsetet er lett \u00e5 feste p\u00e5 sykkelen med borrel\u00e5s, og Baby Born dukken sikres med to enkle klikk. Fest sykkelsetet p\u00e5 styret til sykkelen din \u00e5 dra ut p\u00e5 spennende oppdagelser og eventyr sammen med Baby Born dukken din.<\/p>\n","protected":false},"excerpt":{"rendered":"<p>Dra p\u00e5 sykkeltur sammen med din Baby Born dukke med dette stilige sykkelsetet i gul!\u00a0Sykkelsetet er lett \u00e5 feste p\u00e5 sykkelen med borrel\u00e5s, og Baby&hellip;<\/p>\n","protected":false},"featured_media":13694,"comment_status":"open","ping_status":"closed","template":"","meta":[],"product_brand":[],"product_cat":[360],"product_tag":[],"class_list":{"0":"post-13695","1":"product","2":"type-product","3":"status-publish","4":"has-post-thumbnail","6":"product_cat-smadockor","8":"first","9":"instock","10":"shipping-taxable","11":"product-type-external","12":"customify-col"},"yoast_head":"<!-- This site is optimized with the Yoast SEO plugin v26.0 - https:\/\/yoast.com\/wordpress\/plugins\/seo\/ -->\n<title>Baby Born, Sykkelsete 43 cm - Barneleker.no<\/title>\n<meta name=\"robots\" content=\"index, follow, max-snippet:-1, max-image-preview:large, max-video-preview:-1\" \/>\n<link rel=\"canonical\" href=\"https:\/\/barneleker.no\/index.php\/product\/baby-born-sykkelsete-43-cm\/\" \/>\n<meta property=\"og:locale\" content=\"nb_NO\" \/>\n<meta property=\"og:type\" content=\"article\" \/>\n<meta property=\"og:title\" content=\"Baby Born, Sykkelsete 43 cm - Barneleker.no\" \/>\n<meta property=\"og:description\" content=\"Dra p\u00e5 sykkeltur sammen med din Baby Born dukke med dette stilige sykkelsetet i gul!\u00a0Sykkelsetet er lett \u00e5 feste p\u00e5 sykkelen med borrel\u00e5s, og Baby&hellip;\" \/>\n<meta property=\"og:url\" content=\"https:\/\/barneleker.no\/index.php\/product\/baby-born-sykkelsete-43-cm\/\" \/>\n<meta property=\"og:site_name\" content=\"Barneleker.no\" \/>\n<meta name=\"twitter:card\" content=\"summary_large_image\" \/>\n<script type=\"application\/ld+json\" class=\"yoast-schema-graph\">{\"@context\":\"https:\/\/schema.org\",\"@graph\":[{\"@type\":\"WebPage\",\"@id\":\"https:\/\/barneleker.no\/index.php\/product\/baby-born-sykkelsete-43-cm\/\",\"url\":\"https:\/\/barneleker.no\/index.php\/product\/baby-born-sykkelsete-43-cm\/\",\"name\":\"Baby Born, Sykkelsete 43 cm - Barneleker.no\",\"isPartOf\":{\"@id\":\"https:\/\/barneleker.no\/#website\"},\"primaryImageOfPage\":{\"@id\":\"https:\/\/barneleker.no\/index.php\/product\/baby-born-sykkelsete-43-cm\/#primaryimage\"},\"image\":{\"@id\":\"https:\/\/barneleker.no\/index.php\/product\/baby-born-sykkelsete-43-cm\/#primaryimage\"},\"thumbnailUrl\":\"https:\/\/barneleker.no\/wp-content\/uploads\/2022\/02\/baby-born-sykkelsete-43-cm.jpg\",\"datePublished\":\"2022-02-08T19:58:07+00:00\",\"breadcrumb\":{\"@id\":\"https:\/\/barneleker.no\/index.php\/product\/baby-born-sykkelsete-43-cm\/#breadcrumb\"},\"inLanguage\":\"nb-NO\",\"potentialAction\":[{\"@type\":\"ReadAction\",\"target\":[\"https:\/\/barneleker.no\/index.php\/product\/baby-born-sykkelsete-43-cm\/\"]}]},{\"@type\":\"ImageObject\",\"inLanguage\":\"nb-NO\",\"@id\":\"https:\/\/barneleker.no\/index.php\/product\/baby-born-sykkelsete-43-cm\/#primaryimage\",\"url\":\"https:\/\/barneleker.no\/wp-content\/uploads\/2022\/02\/baby-born-sykkelsete-43-cm.jpg\",\"contentUrl\":\"https:\/\/barneleker.no\/wp-content\/uploads\/2022\/02\/baby-born-sykkelsete-43-cm.jpg\",\"width\":555,\"height\":555},{\"@type\":\"BreadcrumbList\",\"@id\":\"https:\/\/barneleker.no\/index.php\/product\/baby-born-sykkelsete-43-cm\/#breadcrumb\",\"itemListElement\":[{\"@type\":\"ListItem\",\"position\":1,\"name\":\"Butikken\",\"item\":\"https:\/\/barneleker.no\/\"},{\"@type\":\"ListItem\",\"position\":2,\"name\":\"Baby Born, Sykkelsete 43 cm\"}]},{\"@type\":\"WebSite\",\"@id\":\"https:\/\/barneleker.no\/#website\",\"url\":\"https:\/\/barneleker.no\/\",\"name\":\"Barneleker.no\",\"description\":\"Selvf\u00f8lgelig!\",\"publisher\":{\"@id\":\"https:\/\/barneleker.no\/#organization\"},\"potentialAction\":[{\"@type\":\"SearchAction\",\"target\":{\"@type\":\"EntryPoint\",\"urlTemplate\":\"https:\/\/barneleker.no\/?s={search_term_string}\"},\"query-input\":{\"@type\":\"PropertyValueSpecification\",\"valueRequired\":true,\"valueName\":\"search_term_string\"}}],\"inLanguage\":\"nb-NO\"},{\"@type\":\"Organization\",\"@id\":\"https:\/\/barneleker.no\/#organization\",\"name\":\"Barneleker.no\",\"url\":\"https:\/\/barneleker.no\/\",\"logo\":{\"@type\":\"ImageObject\",\"inLanguage\":\"nb-NO\",\"@id\":\"https:\/\/barneleker.no\/#\/schema\/logo\/image\/\",\"url\":\"https:\/\/barneleker.no\/wp-content\/uploads\/2021\/11\/barneleker_logo-780x150-1.jpg\",\"contentUrl\":\"https:\/\/barneleker.no\/wp-content\/uploads\/2021\/11\/barneleker_logo-780x150-1.jpg\",\"width\":780,\"height\":150,\"caption\":\"Barneleker.no\"},\"image\":{\"@id\":\"https:\/\/barneleker.no\/#\/schema\/logo\/image\/\"}}]}<\/script>\n<!-- \/ Yoast SEO plugin. -->","yoast_head_json":{"title":"Baby Born, Sykkelsete 43 cm - Barneleker.no","robots":{"index":"index","follow":"follow","max-snippet":"max-snippet:-1","max-image-preview":"max-image-preview:large","max-video-preview":"max-video-preview:-1"},"canonical":"https:\/\/barneleker.no\/index.php\/product\/baby-born-sykkelsete-43-cm\/","og_locale":"nb_NO","og_type":"article","og_title":"Baby Born, Sykkelsete 43 cm - Barneleker.no","og_description":"Dra p\u00e5 sykkeltur sammen med din Baby Born dukke med dette stilige sykkelsetet i gul!\u00a0Sykkelsetet er lett \u00e5 feste p\u00e5 sykkelen med borrel\u00e5s, og Baby&hellip;","og_url":"https:\/\/barneleker.no\/index.php\/product\/baby-born-sykkelsete-43-cm\/","og_site_name":"Barneleker.no","twitter_card":"summary_large_image","schema":{"@context":"https:\/\/schema.org","@graph":[{"@type":"WebPage","@id":"https:\/\/barneleker.no\/index.php\/product\/baby-born-sykkelsete-43-cm\/","url":"https:\/\/barneleker.no\/index.php\/product\/baby-born-sykkelsete-43-cm\/","name":"Baby Born, Sykkelsete 43 cm - Barneleker.no","isPartOf":{"@id":"https:\/\/barneleker.no\/#website"},"primaryImageOfPage":{"@id":"https:\/\/barneleker.no\/index.php\/product\/baby-born-sykkelsete-43-cm\/#primaryimage"},"image":{"@id":"https:\/\/barneleker.no\/index.php\/product\/baby-born-sykkelsete-43-cm\/#primaryimage"},"thumbnailUrl":"https:\/\/barneleker.no\/wp-content\/uploads\/2022\/02\/baby-born-sykkelsete-43-cm.jpg","datePublished":"2022-02-08T19:58:07+00:00","breadcrumb":{"@id":"https:\/\/barneleker.no\/index.php\/product\/baby-born-sykkelsete-43-cm\/#breadcrumb"},"inLanguage":"nb-NO","potentialAction":[{"@type":"ReadAction","target":["https:\/\/barneleker.no\/index.php\/product\/baby-born-sykkelsete-43-cm\/"]}]},{"@type":"ImageObject","inLanguage":"nb-NO","@id":"https:\/\/barneleker.no\/index.php\/product\/baby-born-sykkelsete-43-cm\/#primaryimage","url":"https:\/\/barneleker.no\/wp-content\/uploads\/2022\/02\/baby-born-sykkelsete-43-cm.jpg","contentUrl":"https:\/\/barneleker.no\/wp-content\/uploads\/2022\/02\/baby-born-sykkelsete-43-cm.jpg","width":555,"height":555},{"@type":"BreadcrumbList","@id":"https:\/\/barneleker.no\/index.php\/product\/baby-born-sykkelsete-43-cm\/#breadcrumb","itemListElement":[{"@type":"ListItem","position":1,"name":"Butikken","item":"https:\/\/barneleker.no\/"},{"@type":"ListItem","position":2,"name":"Baby Born, Sykkelsete 43 cm"}]},{"@type":"WebSite","@id":"https:\/\/barneleker.no\/#website","url":"https:\/\/barneleker.no\/","name":"Barneleker.no","description":"Selvf\u00f8lgelig!","publisher":{"@id":"https:\/\/barneleker.no\/#organization"},"potentialAction":[{"@type":"SearchAction","target":{"@type":"EntryPoint","urlTemplate":"https:\/\/barneleker.no\/?s={search_term_string}"},"query-input":{"@type":"PropertyValueSpecification","valueRequired":true,"valueName":"search_term_string"}}],"inLanguage":"nb-NO"},{"@type":"Organization","@id":"https:\/\/barneleker.no\/#organization","name":"Barneleker.no","url":"https:\/\/barneleker.no\/","logo":{"@type":"ImageObject","inLanguage":"nb-NO","@id":"https:\/\/barneleker.no\/#\/schema\/logo\/image\/","url":"https:\/\/barneleker.no\/wp-content\/uploads\/2021\/11\/barneleker_logo-780x150-1.jpg","contentUrl":"https:\/\/barneleker.no\/wp-content\/uploads\/2021\/11\/barneleker_logo-780x150-1.jpg","width":780,"height":150,"caption":"Barneleker.no"},"image":{"@id":"https:\/\/barneleker.no\/#\/schema\/logo\/image\/"}}]}},"_links":{"self":[{"href":"https:\/\/barneleker.no\/index.php\/wp-json\/wp\/v2\/product\/13695","targetHints":{"allow":["GET"]}}],"collection":[{"href":"https:\/\/barneleker.no\/index.php\/wp-json\/wp\/v2\/product"}],"about":[{"href":"https:\/\/barneleker.no\/index.php\/wp-json\/wp\/v2\/types\/product"}],"replies":[{"embeddable":true,"href":"https:\/\/barneleker.no\/index.php\/wp-json\/wp\/v2\/comments?post=13695"}],"wp:featuredmedia":[{"embeddable":true,"href":"https:\/\/barneleker.no\/index.php\/wp-json\/wp\/v2\/media\/13694"}],"wp:attachment":[{"href":"https:\/\/barneleker.no\/index.php\/wp-json\/wp\/v2\/media?parent=13695"}],"wp:term":[{"taxonomy":"product_brand","embeddable":true,"href":"https:\/\/barneleker.no\/index.php\/wp-json\/wp\/v2\/product_brand?post=13695"},{"taxonomy":"product_cat","embeddable":true,"href":"https:\/\/barneleker.no\/index.php\/wp-json\/wp\/v2\/product_cat?post=13695"},{"taxonomy":"product_tag","embeddable":true,"href":"https:\/\/barneleker.no\/index.php\/wp-json\/wp\/v2\/product_tag?post=13695"}],"curies":[{"name":"wp","href":"https:\/\/api.w.org\/{rel}","templated":true}]}}