{"id":13699,"date":"2022-02-08T19:58:09","date_gmt":"2022-02-08T19:58:09","guid":{"rendered":"https:\/\/barneleker.no\/index.php\/product\/lego-star-wars-tm-75302-imperieferge-imperieferge\/"},"modified":"2022-02-08T19:58:09","modified_gmt":"2022-02-08T19:58:09","slug":"lego-star-wars-tm-75302-imperieferge-imperieferge","status":"publish","type":"product","link":"https:\/\/barneleker.no\/index.php\/product\/lego-star-wars-tm-75302-imperieferge-imperieferge\/","title":{"rendered":"LEGO Star Wars TM 75302, Imperieferge, Imperieferge"},"content":{"rendered":"<p>\u2022 Bygg en LEGO\u00ae klosseversjon av den elegante imperiefergen, og gjenskap scener fra den klassiske Star Wars\u2122 filmtrilogien med dette actionfylte byggesettet for barn (75302). \u2022 Inkluderer tre LEGO\u00ae minifigurer \u2013 Darth Vader og Luke Skywalker med lyssabler, og en imperieoffiser med blasterpistol samt h\u00e5ndjern-tilbeh\u00f8r \u2013 som innbyr til g\u00f8yal og kreativ lek. \u2022 Imperiefergen har minifigurcockpit som kan \u00e5pnes, et hovedromt med plass til to LEGO\u00ae minifigurer, ut- og innfellbare vinger for fly- og landingsmodus samt to knotteskytere. \u2022 En flott byggeleke som passer perfekt som bursdags-, jule- eller overraskelsesgave til barn og Star Wars\u2122 fans fra ni \u00e5r og oppover. Den er g\u00f8yal \u00e5 bygge og \u00e5 leke med, enten alene eller sammen med familie og venner. \u2022 Imperiefergen er 25 cm h\u00f8y, 24 cm lang og 35 cm bred. Barn kan v\u00e6re stolte av den flotte modellen, som er perfekt som utstillingsmodell p\u00e5 barnerommet mellom leke\u00f8ktene. \u2022 Vurderer du \u00e5 kj\u00f8pe dette byggbare lekesettet til en Star Wars\u2122 fan som ikke har bygd med LEGO\u00ae klosser f\u00f8r? Settet inkluderer barnevennlige instruksjoner som gj\u00f8r at selv LEGO nybegynnere kan bygge med en jedis selvtillit. \u2022 Det finnes et LEGO\u00ae Star Wars\u2122 sett som passer for fans i alle aldre, enten de vil gjenskape minneverdige scener, rollespille fortellinger de finner p\u00e5 selv, eller rett og slett bygge og stille ut de fabelaktige byggemodellene. \u2022 LEGO\u00ae komponenter oppfyller strenge bransjestandarder, noe som gj\u00f8r at de er kompatible med hverandre og lette \u00e5 sette sammen til robuste modeller. \u2022 LEGO\u00ae komponenter slippes i gulvet, varmes opp, knuses, vris og analyseres for \u00e5 sikre at de oppfyller noen av de strengeste sikkerhetsstandarder p\u00e5 planeten Tellus \u2013 og i galakser langt, langt borte!<\/p>\n","protected":false},"excerpt":{"rendered":"<p>\u2022 Bygg en LEGO\u00ae klosseversjon av den elegante imperiefergen, og gjenskap scener fra den klassiske Star Wars\u2122 filmtrilogien med dette actionfylte byggesettet for barn (75302).&hellip;<\/p>\n","protected":false},"featured_media":13698,"comment_status":"open","ping_status":"closed","template":"","meta":[],"product_brand":[],"product_cat":[476],"product_tag":[],"class_list":{"0":"post-13699","1":"product","2":"type-product","3":"status-publish","4":"has-post-thumbnail","6":"product_cat-set-lego-fordon","8":"first","9":"instock","10":"shipping-taxable","11":"product-type-external","12":"customify-col"},"yoast_head":"<!-- This site is optimized with the Yoast SEO plugin v26.0 - https:\/\/yoast.com\/wordpress\/plugins\/seo\/ -->\n<title>LEGO Star Wars TM 75302, Imperieferge, Imperieferge - Barneleker.no<\/title>\n<meta name=\"robots\" content=\"index, follow, max-snippet:-1, max-image-preview:large, max-video-preview:-1\" \/>\n<link rel=\"canonical\" href=\"https:\/\/barneleker.no\/index.php\/product\/lego-star-wars-tm-75302-imperieferge-imperieferge\/\" \/>\n<meta property=\"og:locale\" content=\"nb_NO\" \/>\n<meta property=\"og:type\" content=\"article\" \/>\n<meta property=\"og:title\" content=\"LEGO Star Wars TM 75302, Imperieferge, Imperieferge - Barneleker.no\" \/>\n<meta property=\"og:description\" content=\"\u2022 Bygg en LEGO\u00ae klosseversjon av den elegante imperiefergen, og gjenskap scener fra den klassiske Star Wars\u2122 filmtrilogien med dette actionfylte byggesettet for barn (75302).&hellip;\" \/>\n<meta property=\"og:url\" content=\"https:\/\/barneleker.no\/index.php\/product\/lego-star-wars-tm-75302-imperieferge-imperieferge\/\" \/>\n<meta property=\"og:site_name\" content=\"Barneleker.no\" \/>\n<meta name=\"twitter:card\" content=\"summary_large_image\" \/>\n<meta name=\"twitter:label1\" content=\"Ansl. lesetid\" \/>\n\t<meta name=\"twitter:data1\" content=\"1 minutt\" \/>\n<script type=\"application\/ld+json\" class=\"yoast-schema-graph\">{\"@context\":\"https:\/\/schema.org\",\"@graph\":[{\"@type\":\"WebPage\",\"@id\":\"https:\/\/barneleker.no\/index.php\/product\/lego-star-wars-tm-75302-imperieferge-imperieferge\/\",\"url\":\"https:\/\/barneleker.no\/index.php\/product\/lego-star-wars-tm-75302-imperieferge-imperieferge\/\",\"name\":\"LEGO Star Wars TM 75302, Imperieferge, Imperieferge - Barneleker.no\",\"isPartOf\":{\"@id\":\"https:\/\/barneleker.no\/#website\"},\"primaryImageOfPage\":{\"@id\":\"https:\/\/barneleker.no\/index.php\/product\/lego-star-wars-tm-75302-imperieferge-imperieferge\/#primaryimage\"},\"image\":{\"@id\":\"https:\/\/barneleker.no\/index.php\/product\/lego-star-wars-tm-75302-imperieferge-imperieferge\/#primaryimage\"},\"thumbnailUrl\":\"https:\/\/barneleker.no\/wp-content\/uploads\/2022\/02\/lego-star-wars-tm-75302-imperieferge.jpg\",\"datePublished\":\"2022-02-08T19:58:09+00:00\",\"breadcrumb\":{\"@id\":\"https:\/\/barneleker.no\/index.php\/product\/lego-star-wars-tm-75302-imperieferge-imperieferge\/#breadcrumb\"},\"inLanguage\":\"nb-NO\",\"potentialAction\":[{\"@type\":\"ReadAction\",\"target\":[\"https:\/\/barneleker.no\/index.php\/product\/lego-star-wars-tm-75302-imperieferge-imperieferge\/\"]}]},{\"@type\":\"ImageObject\",\"inLanguage\":\"nb-NO\",\"@id\":\"https:\/\/barneleker.no\/index.php\/product\/lego-star-wars-tm-75302-imperieferge-imperieferge\/#primaryimage\",\"url\":\"https:\/\/barneleker.no\/wp-content\/uploads\/2022\/02\/lego-star-wars-tm-75302-imperieferge.jpg\",\"contentUrl\":\"https:\/\/barneleker.no\/wp-content\/uploads\/2022\/02\/lego-star-wars-tm-75302-imperieferge.jpg\",\"width\":555,\"height\":555},{\"@type\":\"BreadcrumbList\",\"@id\":\"https:\/\/barneleker.no\/index.php\/product\/lego-star-wars-tm-75302-imperieferge-imperieferge\/#breadcrumb\",\"itemListElement\":[{\"@type\":\"ListItem\",\"position\":1,\"name\":\"Butikken\",\"item\":\"https:\/\/barneleker.no\/\"},{\"@type\":\"ListItem\",\"position\":2,\"name\":\"LEGO Star Wars TM 75302, Imperieferge, Imperieferge\"}]},{\"@type\":\"WebSite\",\"@id\":\"https:\/\/barneleker.no\/#website\",\"url\":\"https:\/\/barneleker.no\/\",\"name\":\"Barneleker.no\",\"description\":\"Selvf\u00f8lgelig!\",\"publisher\":{\"@id\":\"https:\/\/barneleker.no\/#organization\"},\"potentialAction\":[{\"@type\":\"SearchAction\",\"target\":{\"@type\":\"EntryPoint\",\"urlTemplate\":\"https:\/\/barneleker.no\/?s={search_term_string}\"},\"query-input\":{\"@type\":\"PropertyValueSpecification\",\"valueRequired\":true,\"valueName\":\"search_term_string\"}}],\"inLanguage\":\"nb-NO\"},{\"@type\":\"Organization\",\"@id\":\"https:\/\/barneleker.no\/#organization\",\"name\":\"Barneleker.no\",\"url\":\"https:\/\/barneleker.no\/\",\"logo\":{\"@type\":\"ImageObject\",\"inLanguage\":\"nb-NO\",\"@id\":\"https:\/\/barneleker.no\/#\/schema\/logo\/image\/\",\"url\":\"https:\/\/barneleker.no\/wp-content\/uploads\/2021\/11\/barneleker_logo-780x150-1.jpg\",\"contentUrl\":\"https:\/\/barneleker.no\/wp-content\/uploads\/2021\/11\/barneleker_logo-780x150-1.jpg\",\"width\":780,\"height\":150,\"caption\":\"Barneleker.no\"},\"image\":{\"@id\":\"https:\/\/barneleker.no\/#\/schema\/logo\/image\/\"}}]}<\/script>\n<!-- \/ Yoast SEO plugin. -->","yoast_head_json":{"title":"LEGO Star Wars TM 75302, Imperieferge, Imperieferge - Barneleker.no","robots":{"index":"index","follow":"follow","max-snippet":"max-snippet:-1","max-image-preview":"max-image-preview:large","max-video-preview":"max-video-preview:-1"},"canonical":"https:\/\/barneleker.no\/index.php\/product\/lego-star-wars-tm-75302-imperieferge-imperieferge\/","og_locale":"nb_NO","og_type":"article","og_title":"LEGO Star Wars TM 75302, Imperieferge, Imperieferge - Barneleker.no","og_description":"\u2022 Bygg en LEGO\u00ae klosseversjon av den elegante imperiefergen, og gjenskap scener fra den klassiske Star Wars\u2122 filmtrilogien med dette actionfylte byggesettet for barn (75302).&hellip;","og_url":"https:\/\/barneleker.no\/index.php\/product\/lego-star-wars-tm-75302-imperieferge-imperieferge\/","og_site_name":"Barneleker.no","twitter_card":"summary_large_image","twitter_misc":{"Ansl. lesetid":"1 minutt"},"schema":{"@context":"https:\/\/schema.org","@graph":[{"@type":"WebPage","@id":"https:\/\/barneleker.no\/index.php\/product\/lego-star-wars-tm-75302-imperieferge-imperieferge\/","url":"https:\/\/barneleker.no\/index.php\/product\/lego-star-wars-tm-75302-imperieferge-imperieferge\/","name":"LEGO Star Wars TM 75302, Imperieferge, Imperieferge - Barneleker.no","isPartOf":{"@id":"https:\/\/barneleker.no\/#website"},"primaryImageOfPage":{"@id":"https:\/\/barneleker.no\/index.php\/product\/lego-star-wars-tm-75302-imperieferge-imperieferge\/#primaryimage"},"image":{"@id":"https:\/\/barneleker.no\/index.php\/product\/lego-star-wars-tm-75302-imperieferge-imperieferge\/#primaryimage"},"thumbnailUrl":"https:\/\/barneleker.no\/wp-content\/uploads\/2022\/02\/lego-star-wars-tm-75302-imperieferge.jpg","datePublished":"2022-02-08T19:58:09+00:00","breadcrumb":{"@id":"https:\/\/barneleker.no\/index.php\/product\/lego-star-wars-tm-75302-imperieferge-imperieferge\/#breadcrumb"},"inLanguage":"nb-NO","potentialAction":[{"@type":"ReadAction","target":["https:\/\/barneleker.no\/index.php\/product\/lego-star-wars-tm-75302-imperieferge-imperieferge\/"]}]},{"@type":"ImageObject","inLanguage":"nb-NO","@id":"https:\/\/barneleker.no\/index.php\/product\/lego-star-wars-tm-75302-imperieferge-imperieferge\/#primaryimage","url":"https:\/\/barneleker.no\/wp-content\/uploads\/2022\/02\/lego-star-wars-tm-75302-imperieferge.jpg","contentUrl":"https:\/\/barneleker.no\/wp-content\/uploads\/2022\/02\/lego-star-wars-tm-75302-imperieferge.jpg","width":555,"height":555},{"@type":"BreadcrumbList","@id":"https:\/\/barneleker.no\/index.php\/product\/lego-star-wars-tm-75302-imperieferge-imperieferge\/#breadcrumb","itemListElement":[{"@type":"ListItem","position":1,"name":"Butikken","item":"https:\/\/barneleker.no\/"},{"@type":"ListItem","position":2,"name":"LEGO Star Wars TM 75302, Imperieferge, Imperieferge"}]},{"@type":"WebSite","@id":"https:\/\/barneleker.no\/#website","url":"https:\/\/barneleker.no\/","name":"Barneleker.no","description":"Selvf\u00f8lgelig!","publisher":{"@id":"https:\/\/barneleker.no\/#organization"},"potentialAction":[{"@type":"SearchAction","target":{"@type":"EntryPoint","urlTemplate":"https:\/\/barneleker.no\/?s={search_term_string}"},"query-input":{"@type":"PropertyValueSpecification","valueRequired":true,"valueName":"search_term_string"}}],"inLanguage":"nb-NO"},{"@type":"Organization","@id":"https:\/\/barneleker.no\/#organization","name":"Barneleker.no","url":"https:\/\/barneleker.no\/","logo":{"@type":"ImageObject","inLanguage":"nb-NO","@id":"https:\/\/barneleker.no\/#\/schema\/logo\/image\/","url":"https:\/\/barneleker.no\/wp-content\/uploads\/2021\/11\/barneleker_logo-780x150-1.jpg","contentUrl":"https:\/\/barneleker.no\/wp-content\/uploads\/2021\/11\/barneleker_logo-780x150-1.jpg","width":780,"height":150,"caption":"Barneleker.no"},"image":{"@id":"https:\/\/barneleker.no\/#\/schema\/logo\/image\/"}}]}},"_links":{"self":[{"href":"https:\/\/barneleker.no\/index.php\/wp-json\/wp\/v2\/product\/13699","targetHints":{"allow":["GET"]}}],"collection":[{"href":"https:\/\/barneleker.no\/index.php\/wp-json\/wp\/v2\/product"}],"about":[{"href":"https:\/\/barneleker.no\/index.php\/wp-json\/wp\/v2\/types\/product"}],"replies":[{"embeddable":true,"href":"https:\/\/barneleker.no\/index.php\/wp-json\/wp\/v2\/comments?post=13699"}],"wp:featuredmedia":[{"embeddable":true,"href":"https:\/\/barneleker.no\/index.php\/wp-json\/wp\/v2\/media\/13698"}],"wp:attachment":[{"href":"https:\/\/barneleker.no\/index.php\/wp-json\/wp\/v2\/media?parent=13699"}],"wp:term":[{"taxonomy":"product_brand","embeddable":true,"href":"https:\/\/barneleker.no\/index.php\/wp-json\/wp\/v2\/product_brand?post=13699"},{"taxonomy":"product_cat","embeddable":true,"href":"https:\/\/barneleker.no\/index.php\/wp-json\/wp\/v2\/product_cat?post=13699"},{"taxonomy":"product_tag","embeddable":true,"href":"https:\/\/barneleker.no\/index.php\/wp-json\/wp\/v2\/product_tag?post=13699"}],"curies":[{"name":"wp","href":"https:\/\/api.w.org\/{rel}","templated":true}]}}