{"id":13701,"date":"2022-02-08T19:58:10","date_gmt":"2022-02-08T19:58:10","guid":{"rendered":"https:\/\/barneleker.no\/index.php\/product\/teddykompaniet-diinglisar-wild-elefant\/"},"modified":"2022-02-08T19:58:10","modified_gmt":"2022-02-08T19:58:10","slug":"teddykompaniet-diinglisar-wild-elefant","status":"publish","type":"product","link":"https:\/\/barneleker.no\/index.php\/product\/teddykompaniet-diinglisar-wild-elefant\/","title":{"rendered":"Teddykompaniet, Diinglisar Wild, Elefant"},"content":{"rendered":"<p>Diinglisar Wild Elephant fra Teddykompaniet er en glad og s\u00f8t koseelefant. Elefanten er gr\u00e5 i fargen. Diinglisar Wild, Elephant er b\u00e5de vill og kosete, egnet for b\u00e5de lek og kos. Elefanten er 34 cm. Passer for barn fra 0 \u00e5r. Alle myke kosedur fra Teddykompaniet er barnesikre. \u00d8yne og nese av evt plastknapper er drasikret. De er brann og flammehemmende, men ingen flammehemmere brukes. Produktene er laget av giftfri materiale. Vask ved 40 grader.<\/p>\n","protected":false},"excerpt":{"rendered":"<p>Diinglisar Wild Elephant fra Teddykompaniet er en glad og s\u00f8t koseelefant. Elefanten er gr\u00e5 i fargen. Diinglisar Wild, Elephant er b\u00e5de vill og kosete, egnet&hellip;<\/p>\n","protected":false},"featured_media":13700,"comment_status":"open","ping_status":"closed","template":"","meta":[],"product_brand":[],"product_cat":[369],"product_tag":[],"class_list":{"0":"post-13701","1":"product","2":"type-product","3":"status-publish","4":"has-post-thumbnail","6":"product_cat-kosedyr","8":"first","9":"instock","10":"shipping-taxable","11":"product-type-external","12":"customify-col"},"yoast_head":"<!-- This site is optimized with the Yoast SEO plugin v26.0 - https:\/\/yoast.com\/wordpress\/plugins\/seo\/ -->\n<title>Teddykompaniet, Diinglisar Wild, Elefant - Barneleker.no<\/title>\n<meta name=\"robots\" content=\"index, follow, max-snippet:-1, max-image-preview:large, max-video-preview:-1\" \/>\n<link rel=\"canonical\" href=\"https:\/\/barneleker.no\/index.php\/product\/teddykompaniet-diinglisar-wild-elefant\/\" \/>\n<meta property=\"og:locale\" content=\"nb_NO\" \/>\n<meta property=\"og:type\" content=\"article\" \/>\n<meta property=\"og:title\" content=\"Teddykompaniet, Diinglisar Wild, Elefant - Barneleker.no\" \/>\n<meta property=\"og:description\" content=\"Diinglisar Wild Elephant fra Teddykompaniet er en glad og s\u00f8t koseelefant. Elefanten er gr\u00e5 i fargen. Diinglisar Wild, Elephant er b\u00e5de vill og kosete, egnet&hellip;\" \/>\n<meta property=\"og:url\" content=\"https:\/\/barneleker.no\/index.php\/product\/teddykompaniet-diinglisar-wild-elefant\/\" \/>\n<meta property=\"og:site_name\" content=\"Barneleker.no\" \/>\n<meta name=\"twitter:card\" content=\"summary_large_image\" \/>\n<script type=\"application\/ld+json\" class=\"yoast-schema-graph\">{\"@context\":\"https:\/\/schema.org\",\"@graph\":[{\"@type\":\"WebPage\",\"@id\":\"https:\/\/barneleker.no\/index.php\/product\/teddykompaniet-diinglisar-wild-elefant\/\",\"url\":\"https:\/\/barneleker.no\/index.php\/product\/teddykompaniet-diinglisar-wild-elefant\/\",\"name\":\"Teddykompaniet, Diinglisar Wild, Elefant - Barneleker.no\",\"isPartOf\":{\"@id\":\"https:\/\/barneleker.no\/#website\"},\"primaryImageOfPage\":{\"@id\":\"https:\/\/barneleker.no\/index.php\/product\/teddykompaniet-diinglisar-wild-elefant\/#primaryimage\"},\"image\":{\"@id\":\"https:\/\/barneleker.no\/index.php\/product\/teddykompaniet-diinglisar-wild-elefant\/#primaryimage\"},\"thumbnailUrl\":\"https:\/\/barneleker.no\/wp-content\/uploads\/2022\/02\/teddykompaniet-diinglisar-wild-elefant.jpeg\",\"datePublished\":\"2022-02-08T19:58:10+00:00\",\"breadcrumb\":{\"@id\":\"https:\/\/barneleker.no\/index.php\/product\/teddykompaniet-diinglisar-wild-elefant\/#breadcrumb\"},\"inLanguage\":\"nb-NO\",\"potentialAction\":[{\"@type\":\"ReadAction\",\"target\":[\"https:\/\/barneleker.no\/index.php\/product\/teddykompaniet-diinglisar-wild-elefant\/\"]}]},{\"@type\":\"ImageObject\",\"inLanguage\":\"nb-NO\",\"@id\":\"https:\/\/barneleker.no\/index.php\/product\/teddykompaniet-diinglisar-wild-elefant\/#primaryimage\",\"url\":\"https:\/\/barneleker.no\/wp-content\/uploads\/2022\/02\/teddykompaniet-diinglisar-wild-elefant.jpeg\",\"contentUrl\":\"https:\/\/barneleker.no\/wp-content\/uploads\/2022\/02\/teddykompaniet-diinglisar-wild-elefant.jpeg\",\"width\":555,\"height\":555},{\"@type\":\"BreadcrumbList\",\"@id\":\"https:\/\/barneleker.no\/index.php\/product\/teddykompaniet-diinglisar-wild-elefant\/#breadcrumb\",\"itemListElement\":[{\"@type\":\"ListItem\",\"position\":1,\"name\":\"Butikken\",\"item\":\"https:\/\/barneleker.no\/\"},{\"@type\":\"ListItem\",\"position\":2,\"name\":\"Teddykompaniet, Diinglisar Wild, Elefant\"}]},{\"@type\":\"WebSite\",\"@id\":\"https:\/\/barneleker.no\/#website\",\"url\":\"https:\/\/barneleker.no\/\",\"name\":\"Barneleker.no\",\"description\":\"Selvf\u00f8lgelig!\",\"publisher\":{\"@id\":\"https:\/\/barneleker.no\/#organization\"},\"potentialAction\":[{\"@type\":\"SearchAction\",\"target\":{\"@type\":\"EntryPoint\",\"urlTemplate\":\"https:\/\/barneleker.no\/?s={search_term_string}\"},\"query-input\":{\"@type\":\"PropertyValueSpecification\",\"valueRequired\":true,\"valueName\":\"search_term_string\"}}],\"inLanguage\":\"nb-NO\"},{\"@type\":\"Organization\",\"@id\":\"https:\/\/barneleker.no\/#organization\",\"name\":\"Barneleker.no\",\"url\":\"https:\/\/barneleker.no\/\",\"logo\":{\"@type\":\"ImageObject\",\"inLanguage\":\"nb-NO\",\"@id\":\"https:\/\/barneleker.no\/#\/schema\/logo\/image\/\",\"url\":\"https:\/\/barneleker.no\/wp-content\/uploads\/2021\/11\/barneleker_logo-780x150-1.jpg\",\"contentUrl\":\"https:\/\/barneleker.no\/wp-content\/uploads\/2021\/11\/barneleker_logo-780x150-1.jpg\",\"width\":780,\"height\":150,\"caption\":\"Barneleker.no\"},\"image\":{\"@id\":\"https:\/\/barneleker.no\/#\/schema\/logo\/image\/\"}}]}<\/script>\n<!-- \/ Yoast SEO plugin. -->","yoast_head_json":{"title":"Teddykompaniet, Diinglisar Wild, Elefant - Barneleker.no","robots":{"index":"index","follow":"follow","max-snippet":"max-snippet:-1","max-image-preview":"max-image-preview:large","max-video-preview":"max-video-preview:-1"},"canonical":"https:\/\/barneleker.no\/index.php\/product\/teddykompaniet-diinglisar-wild-elefant\/","og_locale":"nb_NO","og_type":"article","og_title":"Teddykompaniet, Diinglisar Wild, Elefant - Barneleker.no","og_description":"Diinglisar Wild Elephant fra Teddykompaniet er en glad og s\u00f8t koseelefant. Elefanten er gr\u00e5 i fargen. Diinglisar Wild, Elephant er b\u00e5de vill og kosete, egnet&hellip;","og_url":"https:\/\/barneleker.no\/index.php\/product\/teddykompaniet-diinglisar-wild-elefant\/","og_site_name":"Barneleker.no","twitter_card":"summary_large_image","schema":{"@context":"https:\/\/schema.org","@graph":[{"@type":"WebPage","@id":"https:\/\/barneleker.no\/index.php\/product\/teddykompaniet-diinglisar-wild-elefant\/","url":"https:\/\/barneleker.no\/index.php\/product\/teddykompaniet-diinglisar-wild-elefant\/","name":"Teddykompaniet, Diinglisar Wild, Elefant - Barneleker.no","isPartOf":{"@id":"https:\/\/barneleker.no\/#website"},"primaryImageOfPage":{"@id":"https:\/\/barneleker.no\/index.php\/product\/teddykompaniet-diinglisar-wild-elefant\/#primaryimage"},"image":{"@id":"https:\/\/barneleker.no\/index.php\/product\/teddykompaniet-diinglisar-wild-elefant\/#primaryimage"},"thumbnailUrl":"https:\/\/barneleker.no\/wp-content\/uploads\/2022\/02\/teddykompaniet-diinglisar-wild-elefant.jpeg","datePublished":"2022-02-08T19:58:10+00:00","breadcrumb":{"@id":"https:\/\/barneleker.no\/index.php\/product\/teddykompaniet-diinglisar-wild-elefant\/#breadcrumb"},"inLanguage":"nb-NO","potentialAction":[{"@type":"ReadAction","target":["https:\/\/barneleker.no\/index.php\/product\/teddykompaniet-diinglisar-wild-elefant\/"]}]},{"@type":"ImageObject","inLanguage":"nb-NO","@id":"https:\/\/barneleker.no\/index.php\/product\/teddykompaniet-diinglisar-wild-elefant\/#primaryimage","url":"https:\/\/barneleker.no\/wp-content\/uploads\/2022\/02\/teddykompaniet-diinglisar-wild-elefant.jpeg","contentUrl":"https:\/\/barneleker.no\/wp-content\/uploads\/2022\/02\/teddykompaniet-diinglisar-wild-elefant.jpeg","width":555,"height":555},{"@type":"BreadcrumbList","@id":"https:\/\/barneleker.no\/index.php\/product\/teddykompaniet-diinglisar-wild-elefant\/#breadcrumb","itemListElement":[{"@type":"ListItem","position":1,"name":"Butikken","item":"https:\/\/barneleker.no\/"},{"@type":"ListItem","position":2,"name":"Teddykompaniet, Diinglisar Wild, Elefant"}]},{"@type":"WebSite","@id":"https:\/\/barneleker.no\/#website","url":"https:\/\/barneleker.no\/","name":"Barneleker.no","description":"Selvf\u00f8lgelig!","publisher":{"@id":"https:\/\/barneleker.no\/#organization"},"potentialAction":[{"@type":"SearchAction","target":{"@type":"EntryPoint","urlTemplate":"https:\/\/barneleker.no\/?s={search_term_string}"},"query-input":{"@type":"PropertyValueSpecification","valueRequired":true,"valueName":"search_term_string"}}],"inLanguage":"nb-NO"},{"@type":"Organization","@id":"https:\/\/barneleker.no\/#organization","name":"Barneleker.no","url":"https:\/\/barneleker.no\/","logo":{"@type":"ImageObject","inLanguage":"nb-NO","@id":"https:\/\/barneleker.no\/#\/schema\/logo\/image\/","url":"https:\/\/barneleker.no\/wp-content\/uploads\/2021\/11\/barneleker_logo-780x150-1.jpg","contentUrl":"https:\/\/barneleker.no\/wp-content\/uploads\/2021\/11\/barneleker_logo-780x150-1.jpg","width":780,"height":150,"caption":"Barneleker.no"},"image":{"@id":"https:\/\/barneleker.no\/#\/schema\/logo\/image\/"}}]}},"_links":{"self":[{"href":"https:\/\/barneleker.no\/index.php\/wp-json\/wp\/v2\/product\/13701","targetHints":{"allow":["GET"]}}],"collection":[{"href":"https:\/\/barneleker.no\/index.php\/wp-json\/wp\/v2\/product"}],"about":[{"href":"https:\/\/barneleker.no\/index.php\/wp-json\/wp\/v2\/types\/product"}],"replies":[{"embeddable":true,"href":"https:\/\/barneleker.no\/index.php\/wp-json\/wp\/v2\/comments?post=13701"}],"wp:featuredmedia":[{"embeddable":true,"href":"https:\/\/barneleker.no\/index.php\/wp-json\/wp\/v2\/media\/13700"}],"wp:attachment":[{"href":"https:\/\/barneleker.no\/index.php\/wp-json\/wp\/v2\/media?parent=13701"}],"wp:term":[{"taxonomy":"product_brand","embeddable":true,"href":"https:\/\/barneleker.no\/index.php\/wp-json\/wp\/v2\/product_brand?post=13701"},{"taxonomy":"product_cat","embeddable":true,"href":"https:\/\/barneleker.no\/index.php\/wp-json\/wp\/v2\/product_cat?post=13701"},{"taxonomy":"product_tag","embeddable":true,"href":"https:\/\/barneleker.no\/index.php\/wp-json\/wp\/v2\/product_tag?post=13701"}],"curies":[{"name":"wp","href":"https:\/\/api.w.org\/{rel}","templated":true}]}}