{"id":13715,"date":"2022-02-08T19:58:15","date_gmt":"2022-02-08T19:58:15","guid":{"rendered":"https:\/\/barneleker.no\/index.php\/product\/zuru-oosh-potions-slime-suprise\/"},"modified":"2022-02-08T19:58:15","modified_gmt":"2022-02-08T19:58:15","slug":"zuru-oosh-potions-slime-suprise","status":"publish","type":"product","link":"https:\/\/barneleker.no\/index.php\/product\/zuru-oosh-potions-slime-suprise\/","title":{"rendered":"Zuru Oosh, Potions Slime Suprise"},"content":{"rendered":"<p>New Oosh Potions Slime Surprise: Bland og oppdag den beste versjonen av DIY Slime. Lag trylledrikker ved \u00e5 blande inn de magiske ingrediensene, gjenta morsomme magiske formler og se magien. Fra fargeskiftende drinker til \u00e5 lyse i m\u00f8rket. Det er 8 forskjellige trylledrikker \u00e5 oppdage og samle p\u00e5!<\/p>\n","protected":false},"excerpt":{"rendered":"<p>New Oosh Potions Slime Surprise: Bland og oppdag den beste versjonen av DIY Slime. Lag trylledrikker ved \u00e5 blande inn de magiske ingrediensene, gjenta morsomme&hellip;<\/p>\n","protected":false},"featured_media":13714,"comment_status":"open","ping_status":"closed","template":"","meta":[],"product_brand":[],"product_cat":[347],"product_tag":[],"class_list":{"0":"post-13715","1":"product","2":"type-product","3":"status-publish","4":"has-post-thumbnail","6":"product_cat-hobby","8":"first","9":"instock","10":"shipping-taxable","11":"product-type-external","12":"customify-col"},"yoast_head":"<!-- This site is optimized with the Yoast SEO plugin v26.0 - https:\/\/yoast.com\/wordpress\/plugins\/seo\/ -->\n<title>Zuru Oosh, Potions Slime Suprise - Barneleker.no<\/title>\n<meta name=\"robots\" content=\"index, follow, max-snippet:-1, max-image-preview:large, max-video-preview:-1\" \/>\n<link rel=\"canonical\" href=\"https:\/\/barneleker.no\/index.php\/product\/zuru-oosh-potions-slime-suprise\/\" \/>\n<meta property=\"og:locale\" content=\"nb_NO\" \/>\n<meta property=\"og:type\" content=\"article\" \/>\n<meta property=\"og:title\" content=\"Zuru Oosh, Potions Slime Suprise - Barneleker.no\" \/>\n<meta property=\"og:description\" content=\"New Oosh Potions Slime Surprise: Bland og oppdag den beste versjonen av DIY Slime. Lag trylledrikker ved \u00e5 blande inn de magiske ingrediensene, gjenta morsomme&hellip;\" \/>\n<meta property=\"og:url\" content=\"https:\/\/barneleker.no\/index.php\/product\/zuru-oosh-potions-slime-suprise\/\" \/>\n<meta property=\"og:site_name\" content=\"Barneleker.no\" \/>\n<meta name=\"twitter:card\" content=\"summary_large_image\" \/>\n<script type=\"application\/ld+json\" class=\"yoast-schema-graph\">{\"@context\":\"https:\/\/schema.org\",\"@graph\":[{\"@type\":\"WebPage\",\"@id\":\"https:\/\/barneleker.no\/index.php\/product\/zuru-oosh-potions-slime-suprise\/\",\"url\":\"https:\/\/barneleker.no\/index.php\/product\/zuru-oosh-potions-slime-suprise\/\",\"name\":\"Zuru Oosh, Potions Slime Suprise - Barneleker.no\",\"isPartOf\":{\"@id\":\"https:\/\/barneleker.no\/#website\"},\"primaryImageOfPage\":{\"@id\":\"https:\/\/barneleker.no\/index.php\/product\/zuru-oosh-potions-slime-suprise\/#primaryimage\"},\"image\":{\"@id\":\"https:\/\/barneleker.no\/index.php\/product\/zuru-oosh-potions-slime-suprise\/#primaryimage\"},\"thumbnailUrl\":\"https:\/\/barneleker.no\/wp-content\/uploads\/2022\/02\/oosh-potions-slime-suprise.jpg\",\"datePublished\":\"2022-02-08T19:58:15+00:00\",\"breadcrumb\":{\"@id\":\"https:\/\/barneleker.no\/index.php\/product\/zuru-oosh-potions-slime-suprise\/#breadcrumb\"},\"inLanguage\":\"nb-NO\",\"potentialAction\":[{\"@type\":\"ReadAction\",\"target\":[\"https:\/\/barneleker.no\/index.php\/product\/zuru-oosh-potions-slime-suprise\/\"]}]},{\"@type\":\"ImageObject\",\"inLanguage\":\"nb-NO\",\"@id\":\"https:\/\/barneleker.no\/index.php\/product\/zuru-oosh-potions-slime-suprise\/#primaryimage\",\"url\":\"https:\/\/barneleker.no\/wp-content\/uploads\/2022\/02\/oosh-potions-slime-suprise.jpg\",\"contentUrl\":\"https:\/\/barneleker.no\/wp-content\/uploads\/2022\/02\/oosh-potions-slime-suprise.jpg\",\"width\":555,\"height\":555},{\"@type\":\"BreadcrumbList\",\"@id\":\"https:\/\/barneleker.no\/index.php\/product\/zuru-oosh-potions-slime-suprise\/#breadcrumb\",\"itemListElement\":[{\"@type\":\"ListItem\",\"position\":1,\"name\":\"Butikken\",\"item\":\"https:\/\/barneleker.no\/\"},{\"@type\":\"ListItem\",\"position\":2,\"name\":\"Zuru Oosh, Potions Slime Suprise\"}]},{\"@type\":\"WebSite\",\"@id\":\"https:\/\/barneleker.no\/#website\",\"url\":\"https:\/\/barneleker.no\/\",\"name\":\"Barneleker.no\",\"description\":\"Selvf\u00f8lgelig!\",\"publisher\":{\"@id\":\"https:\/\/barneleker.no\/#organization\"},\"potentialAction\":[{\"@type\":\"SearchAction\",\"target\":{\"@type\":\"EntryPoint\",\"urlTemplate\":\"https:\/\/barneleker.no\/?s={search_term_string}\"},\"query-input\":{\"@type\":\"PropertyValueSpecification\",\"valueRequired\":true,\"valueName\":\"search_term_string\"}}],\"inLanguage\":\"nb-NO\"},{\"@type\":\"Organization\",\"@id\":\"https:\/\/barneleker.no\/#organization\",\"name\":\"Barneleker.no\",\"url\":\"https:\/\/barneleker.no\/\",\"logo\":{\"@type\":\"ImageObject\",\"inLanguage\":\"nb-NO\",\"@id\":\"https:\/\/barneleker.no\/#\/schema\/logo\/image\/\",\"url\":\"https:\/\/barneleker.no\/wp-content\/uploads\/2021\/11\/barneleker_logo-780x150-1.jpg\",\"contentUrl\":\"https:\/\/barneleker.no\/wp-content\/uploads\/2021\/11\/barneleker_logo-780x150-1.jpg\",\"width\":780,\"height\":150,\"caption\":\"Barneleker.no\"},\"image\":{\"@id\":\"https:\/\/barneleker.no\/#\/schema\/logo\/image\/\"}}]}<\/script>\n<!-- \/ Yoast SEO plugin. -->","yoast_head_json":{"title":"Zuru Oosh, Potions Slime Suprise - Barneleker.no","robots":{"index":"index","follow":"follow","max-snippet":"max-snippet:-1","max-image-preview":"max-image-preview:large","max-video-preview":"max-video-preview:-1"},"canonical":"https:\/\/barneleker.no\/index.php\/product\/zuru-oosh-potions-slime-suprise\/","og_locale":"nb_NO","og_type":"article","og_title":"Zuru Oosh, Potions Slime Suprise - Barneleker.no","og_description":"New Oosh Potions Slime Surprise: Bland og oppdag den beste versjonen av DIY Slime. Lag trylledrikker ved \u00e5 blande inn de magiske ingrediensene, gjenta morsomme&hellip;","og_url":"https:\/\/barneleker.no\/index.php\/product\/zuru-oosh-potions-slime-suprise\/","og_site_name":"Barneleker.no","twitter_card":"summary_large_image","schema":{"@context":"https:\/\/schema.org","@graph":[{"@type":"WebPage","@id":"https:\/\/barneleker.no\/index.php\/product\/zuru-oosh-potions-slime-suprise\/","url":"https:\/\/barneleker.no\/index.php\/product\/zuru-oosh-potions-slime-suprise\/","name":"Zuru Oosh, Potions Slime Suprise - Barneleker.no","isPartOf":{"@id":"https:\/\/barneleker.no\/#website"},"primaryImageOfPage":{"@id":"https:\/\/barneleker.no\/index.php\/product\/zuru-oosh-potions-slime-suprise\/#primaryimage"},"image":{"@id":"https:\/\/barneleker.no\/index.php\/product\/zuru-oosh-potions-slime-suprise\/#primaryimage"},"thumbnailUrl":"https:\/\/barneleker.no\/wp-content\/uploads\/2022\/02\/oosh-potions-slime-suprise.jpg","datePublished":"2022-02-08T19:58:15+00:00","breadcrumb":{"@id":"https:\/\/barneleker.no\/index.php\/product\/zuru-oosh-potions-slime-suprise\/#breadcrumb"},"inLanguage":"nb-NO","potentialAction":[{"@type":"ReadAction","target":["https:\/\/barneleker.no\/index.php\/product\/zuru-oosh-potions-slime-suprise\/"]}]},{"@type":"ImageObject","inLanguage":"nb-NO","@id":"https:\/\/barneleker.no\/index.php\/product\/zuru-oosh-potions-slime-suprise\/#primaryimage","url":"https:\/\/barneleker.no\/wp-content\/uploads\/2022\/02\/oosh-potions-slime-suprise.jpg","contentUrl":"https:\/\/barneleker.no\/wp-content\/uploads\/2022\/02\/oosh-potions-slime-suprise.jpg","width":555,"height":555},{"@type":"BreadcrumbList","@id":"https:\/\/barneleker.no\/index.php\/product\/zuru-oosh-potions-slime-suprise\/#breadcrumb","itemListElement":[{"@type":"ListItem","position":1,"name":"Butikken","item":"https:\/\/barneleker.no\/"},{"@type":"ListItem","position":2,"name":"Zuru Oosh, Potions Slime Suprise"}]},{"@type":"WebSite","@id":"https:\/\/barneleker.no\/#website","url":"https:\/\/barneleker.no\/","name":"Barneleker.no","description":"Selvf\u00f8lgelig!","publisher":{"@id":"https:\/\/barneleker.no\/#organization"},"potentialAction":[{"@type":"SearchAction","target":{"@type":"EntryPoint","urlTemplate":"https:\/\/barneleker.no\/?s={search_term_string}"},"query-input":{"@type":"PropertyValueSpecification","valueRequired":true,"valueName":"search_term_string"}}],"inLanguage":"nb-NO"},{"@type":"Organization","@id":"https:\/\/barneleker.no\/#organization","name":"Barneleker.no","url":"https:\/\/barneleker.no\/","logo":{"@type":"ImageObject","inLanguage":"nb-NO","@id":"https:\/\/barneleker.no\/#\/schema\/logo\/image\/","url":"https:\/\/barneleker.no\/wp-content\/uploads\/2021\/11\/barneleker_logo-780x150-1.jpg","contentUrl":"https:\/\/barneleker.no\/wp-content\/uploads\/2021\/11\/barneleker_logo-780x150-1.jpg","width":780,"height":150,"caption":"Barneleker.no"},"image":{"@id":"https:\/\/barneleker.no\/#\/schema\/logo\/image\/"}}]}},"_links":{"self":[{"href":"https:\/\/barneleker.no\/index.php\/wp-json\/wp\/v2\/product\/13715","targetHints":{"allow":["GET"]}}],"collection":[{"href":"https:\/\/barneleker.no\/index.php\/wp-json\/wp\/v2\/product"}],"about":[{"href":"https:\/\/barneleker.no\/index.php\/wp-json\/wp\/v2\/types\/product"}],"replies":[{"embeddable":true,"href":"https:\/\/barneleker.no\/index.php\/wp-json\/wp\/v2\/comments?post=13715"}],"wp:featuredmedia":[{"embeddable":true,"href":"https:\/\/barneleker.no\/index.php\/wp-json\/wp\/v2\/media\/13714"}],"wp:attachment":[{"href":"https:\/\/barneleker.no\/index.php\/wp-json\/wp\/v2\/media?parent=13715"}],"wp:term":[{"taxonomy":"product_brand","embeddable":true,"href":"https:\/\/barneleker.no\/index.php\/wp-json\/wp\/v2\/product_brand?post=13715"},{"taxonomy":"product_cat","embeddable":true,"href":"https:\/\/barneleker.no\/index.php\/wp-json\/wp\/v2\/product_cat?post=13715"},{"taxonomy":"product_tag","embeddable":true,"href":"https:\/\/barneleker.no\/index.php\/wp-json\/wp\/v2\/product_tag?post=13715"}],"curies":[{"name":"wp","href":"https:\/\/api.w.org\/{rel}","templated":true}]}}