{"id":13717,"date":"2022-02-08T19:58:15","date_gmt":"2022-02-08T19:58:15","guid":{"rendered":"https:\/\/barneleker.no\/index.php\/product\/playmobil-1-2-3-mitt-forste-togbyggesett\/"},"modified":"2022-02-08T19:58:15","modified_gmt":"2022-02-08T19:58:15","slug":"playmobil-1-2-3-mitt-forste-togbyggesett","status":"publish","type":"product","link":"https:\/\/barneleker.no\/index.php\/product\/playmobil-1-2-3-mitt-forste-togbyggesett\/","title":{"rendered":"Playmobil 1.2.3 &#8211; Mitt f\u00f8rste togbyggesett"},"content":{"rendered":"<p>Mitt f\u00f8rste togbyggesett fra playmobil-1. 2. 3 f\u00e5r frem den lille lokf\u00f8reren i deg. F\u00f8rst legger du skinnene, og deretter kobler du vognene til hverandre og laster dem. Ta plass, senk bommene, gi signal og den morsomme turen kan begynne. Det fargerike togsettet lover mye moro for den lille oppdagelsesreisende. Lekesettet inneholder ett lokomotiv og to vogner \u00e5 koble til, fire playmobil-1. 2. 3-figurer, skinner og en bom, samt forskjellige dyr som hund, sau, geit, ekorn, fugler og mange andre tilbeh\u00f8r. Lekesettet passer for barn fra 18 m\u00e5neder. Med runde former, fine farger og ingen sm\u00e5 deler, er lekesettene trygge, kvalitative og behagelige for b\u00e5de barn og foreldre.<\/p>\n","protected":false},"excerpt":{"rendered":"<p>Mitt f\u00f8rste togbyggesett fra playmobil-1. 2. 3 f\u00e5r frem den lille lokf\u00f8reren i deg. F\u00f8rst legger du skinnene, og deretter kobler du vognene til hverandre&hellip;<\/p>\n","protected":false},"featured_media":13716,"comment_status":"open","ping_status":"closed","template":"","meta":[],"product_brand":[],"product_cat":[367],"product_tag":[],"class_list":{"0":"post-13717","1":"product","2":"type-product","3":"status-publish","4":"has-post-thumbnail","6":"product_cat-byggset","8":"first","9":"instock","10":"shipping-taxable","11":"product-type-external","12":"customify-col"},"yoast_head":"<!-- This site is optimized with the Yoast SEO plugin v26.0 - https:\/\/yoast.com\/wordpress\/plugins\/seo\/ -->\n<title>Playmobil 1.2.3 - Mitt f\u00f8rste togbyggesett - Barneleker.no<\/title>\n<meta name=\"robots\" content=\"index, follow, max-snippet:-1, max-image-preview:large, max-video-preview:-1\" \/>\n<link rel=\"canonical\" href=\"https:\/\/barneleker.no\/index.php\/product\/playmobil-1-2-3-mitt-forste-togbyggesett\/\" \/>\n<meta property=\"og:locale\" content=\"nb_NO\" \/>\n<meta property=\"og:type\" content=\"article\" \/>\n<meta property=\"og:title\" content=\"Playmobil 1.2.3 - Mitt f\u00f8rste togbyggesett - Barneleker.no\" \/>\n<meta property=\"og:description\" content=\"Mitt f\u00f8rste togbyggesett fra playmobil-1. 2. 3 f\u00e5r frem den lille lokf\u00f8reren i deg. F\u00f8rst legger du skinnene, og deretter kobler du vognene til hverandre&hellip;\" \/>\n<meta property=\"og:url\" content=\"https:\/\/barneleker.no\/index.php\/product\/playmobil-1-2-3-mitt-forste-togbyggesett\/\" \/>\n<meta property=\"og:site_name\" content=\"Barneleker.no\" \/>\n<meta name=\"twitter:card\" content=\"summary_large_image\" \/>\n<meta name=\"twitter:label1\" content=\"Ansl. lesetid\" \/>\n\t<meta name=\"twitter:data1\" content=\"1 minutt\" \/>\n<script type=\"application\/ld+json\" class=\"yoast-schema-graph\">{\"@context\":\"https:\/\/schema.org\",\"@graph\":[{\"@type\":\"WebPage\",\"@id\":\"https:\/\/barneleker.no\/index.php\/product\/playmobil-1-2-3-mitt-forste-togbyggesett\/\",\"url\":\"https:\/\/barneleker.no\/index.php\/product\/playmobil-1-2-3-mitt-forste-togbyggesett\/\",\"name\":\"Playmobil 1.2.3 - Mitt f\u00f8rste togbyggesett - Barneleker.no\",\"isPartOf\":{\"@id\":\"https:\/\/barneleker.no\/#website\"},\"primaryImageOfPage\":{\"@id\":\"https:\/\/barneleker.no\/index.php\/product\/playmobil-1-2-3-mitt-forste-togbyggesett\/#primaryimage\"},\"image\":{\"@id\":\"https:\/\/barneleker.no\/index.php\/product\/playmobil-1-2-3-mitt-forste-togbyggesett\/#primaryimage\"},\"thumbnailUrl\":\"https:\/\/barneleker.no\/wp-content\/uploads\/2022\/02\/playmobil-1-2-3-mitt-forste-togbyggesett.jpg\",\"datePublished\":\"2022-02-08T19:58:15+00:00\",\"breadcrumb\":{\"@id\":\"https:\/\/barneleker.no\/index.php\/product\/playmobil-1-2-3-mitt-forste-togbyggesett\/#breadcrumb\"},\"inLanguage\":\"nb-NO\",\"potentialAction\":[{\"@type\":\"ReadAction\",\"target\":[\"https:\/\/barneleker.no\/index.php\/product\/playmobil-1-2-3-mitt-forste-togbyggesett\/\"]}]},{\"@type\":\"ImageObject\",\"inLanguage\":\"nb-NO\",\"@id\":\"https:\/\/barneleker.no\/index.php\/product\/playmobil-1-2-3-mitt-forste-togbyggesett\/#primaryimage\",\"url\":\"https:\/\/barneleker.no\/wp-content\/uploads\/2022\/02\/playmobil-1-2-3-mitt-forste-togbyggesett.jpg\",\"contentUrl\":\"https:\/\/barneleker.no\/wp-content\/uploads\/2022\/02\/playmobil-1-2-3-mitt-forste-togbyggesett.jpg\",\"width\":555,\"height\":555},{\"@type\":\"BreadcrumbList\",\"@id\":\"https:\/\/barneleker.no\/index.php\/product\/playmobil-1-2-3-mitt-forste-togbyggesett\/#breadcrumb\",\"itemListElement\":[{\"@type\":\"ListItem\",\"position\":1,\"name\":\"Butikken\",\"item\":\"https:\/\/barneleker.no\/\"},{\"@type\":\"ListItem\",\"position\":2,\"name\":\"Playmobil 1.2.3 &#8211; Mitt f\u00f8rste togbyggesett\"}]},{\"@type\":\"WebSite\",\"@id\":\"https:\/\/barneleker.no\/#website\",\"url\":\"https:\/\/barneleker.no\/\",\"name\":\"Barneleker.no\",\"description\":\"Selvf\u00f8lgelig!\",\"publisher\":{\"@id\":\"https:\/\/barneleker.no\/#organization\"},\"potentialAction\":[{\"@type\":\"SearchAction\",\"target\":{\"@type\":\"EntryPoint\",\"urlTemplate\":\"https:\/\/barneleker.no\/?s={search_term_string}\"},\"query-input\":{\"@type\":\"PropertyValueSpecification\",\"valueRequired\":true,\"valueName\":\"search_term_string\"}}],\"inLanguage\":\"nb-NO\"},{\"@type\":\"Organization\",\"@id\":\"https:\/\/barneleker.no\/#organization\",\"name\":\"Barneleker.no\",\"url\":\"https:\/\/barneleker.no\/\",\"logo\":{\"@type\":\"ImageObject\",\"inLanguage\":\"nb-NO\",\"@id\":\"https:\/\/barneleker.no\/#\/schema\/logo\/image\/\",\"url\":\"https:\/\/barneleker.no\/wp-content\/uploads\/2021\/11\/barneleker_logo-780x150-1.jpg\",\"contentUrl\":\"https:\/\/barneleker.no\/wp-content\/uploads\/2021\/11\/barneleker_logo-780x150-1.jpg\",\"width\":780,\"height\":150,\"caption\":\"Barneleker.no\"},\"image\":{\"@id\":\"https:\/\/barneleker.no\/#\/schema\/logo\/image\/\"}}]}<\/script>\n<!-- \/ Yoast SEO plugin. -->","yoast_head_json":{"title":"Playmobil 1.2.3 - Mitt f\u00f8rste togbyggesett - Barneleker.no","robots":{"index":"index","follow":"follow","max-snippet":"max-snippet:-1","max-image-preview":"max-image-preview:large","max-video-preview":"max-video-preview:-1"},"canonical":"https:\/\/barneleker.no\/index.php\/product\/playmobil-1-2-3-mitt-forste-togbyggesett\/","og_locale":"nb_NO","og_type":"article","og_title":"Playmobil 1.2.3 - Mitt f\u00f8rste togbyggesett - Barneleker.no","og_description":"Mitt f\u00f8rste togbyggesett fra playmobil-1. 2. 3 f\u00e5r frem den lille lokf\u00f8reren i deg. F\u00f8rst legger du skinnene, og deretter kobler du vognene til hverandre&hellip;","og_url":"https:\/\/barneleker.no\/index.php\/product\/playmobil-1-2-3-mitt-forste-togbyggesett\/","og_site_name":"Barneleker.no","twitter_card":"summary_large_image","twitter_misc":{"Ansl. lesetid":"1 minutt"},"schema":{"@context":"https:\/\/schema.org","@graph":[{"@type":"WebPage","@id":"https:\/\/barneleker.no\/index.php\/product\/playmobil-1-2-3-mitt-forste-togbyggesett\/","url":"https:\/\/barneleker.no\/index.php\/product\/playmobil-1-2-3-mitt-forste-togbyggesett\/","name":"Playmobil 1.2.3 - Mitt f\u00f8rste togbyggesett - Barneleker.no","isPartOf":{"@id":"https:\/\/barneleker.no\/#website"},"primaryImageOfPage":{"@id":"https:\/\/barneleker.no\/index.php\/product\/playmobil-1-2-3-mitt-forste-togbyggesett\/#primaryimage"},"image":{"@id":"https:\/\/barneleker.no\/index.php\/product\/playmobil-1-2-3-mitt-forste-togbyggesett\/#primaryimage"},"thumbnailUrl":"https:\/\/barneleker.no\/wp-content\/uploads\/2022\/02\/playmobil-1-2-3-mitt-forste-togbyggesett.jpg","datePublished":"2022-02-08T19:58:15+00:00","breadcrumb":{"@id":"https:\/\/barneleker.no\/index.php\/product\/playmobil-1-2-3-mitt-forste-togbyggesett\/#breadcrumb"},"inLanguage":"nb-NO","potentialAction":[{"@type":"ReadAction","target":["https:\/\/barneleker.no\/index.php\/product\/playmobil-1-2-3-mitt-forste-togbyggesett\/"]}]},{"@type":"ImageObject","inLanguage":"nb-NO","@id":"https:\/\/barneleker.no\/index.php\/product\/playmobil-1-2-3-mitt-forste-togbyggesett\/#primaryimage","url":"https:\/\/barneleker.no\/wp-content\/uploads\/2022\/02\/playmobil-1-2-3-mitt-forste-togbyggesett.jpg","contentUrl":"https:\/\/barneleker.no\/wp-content\/uploads\/2022\/02\/playmobil-1-2-3-mitt-forste-togbyggesett.jpg","width":555,"height":555},{"@type":"BreadcrumbList","@id":"https:\/\/barneleker.no\/index.php\/product\/playmobil-1-2-3-mitt-forste-togbyggesett\/#breadcrumb","itemListElement":[{"@type":"ListItem","position":1,"name":"Butikken","item":"https:\/\/barneleker.no\/"},{"@type":"ListItem","position":2,"name":"Playmobil 1.2.3 &#8211; Mitt f\u00f8rste togbyggesett"}]},{"@type":"WebSite","@id":"https:\/\/barneleker.no\/#website","url":"https:\/\/barneleker.no\/","name":"Barneleker.no","description":"Selvf\u00f8lgelig!","publisher":{"@id":"https:\/\/barneleker.no\/#organization"},"potentialAction":[{"@type":"SearchAction","target":{"@type":"EntryPoint","urlTemplate":"https:\/\/barneleker.no\/?s={search_term_string}"},"query-input":{"@type":"PropertyValueSpecification","valueRequired":true,"valueName":"search_term_string"}}],"inLanguage":"nb-NO"},{"@type":"Organization","@id":"https:\/\/barneleker.no\/#organization","name":"Barneleker.no","url":"https:\/\/barneleker.no\/","logo":{"@type":"ImageObject","inLanguage":"nb-NO","@id":"https:\/\/barneleker.no\/#\/schema\/logo\/image\/","url":"https:\/\/barneleker.no\/wp-content\/uploads\/2021\/11\/barneleker_logo-780x150-1.jpg","contentUrl":"https:\/\/barneleker.no\/wp-content\/uploads\/2021\/11\/barneleker_logo-780x150-1.jpg","width":780,"height":150,"caption":"Barneleker.no"},"image":{"@id":"https:\/\/barneleker.no\/#\/schema\/logo\/image\/"}}]}},"_links":{"self":[{"href":"https:\/\/barneleker.no\/index.php\/wp-json\/wp\/v2\/product\/13717","targetHints":{"allow":["GET"]}}],"collection":[{"href":"https:\/\/barneleker.no\/index.php\/wp-json\/wp\/v2\/product"}],"about":[{"href":"https:\/\/barneleker.no\/index.php\/wp-json\/wp\/v2\/types\/product"}],"replies":[{"embeddable":true,"href":"https:\/\/barneleker.no\/index.php\/wp-json\/wp\/v2\/comments?post=13717"}],"wp:featuredmedia":[{"embeddable":true,"href":"https:\/\/barneleker.no\/index.php\/wp-json\/wp\/v2\/media\/13716"}],"wp:attachment":[{"href":"https:\/\/barneleker.no\/index.php\/wp-json\/wp\/v2\/media?parent=13717"}],"wp:term":[{"taxonomy":"product_brand","embeddable":true,"href":"https:\/\/barneleker.no\/index.php\/wp-json\/wp\/v2\/product_brand?post=13717"},{"taxonomy":"product_cat","embeddable":true,"href":"https:\/\/barneleker.no\/index.php\/wp-json\/wp\/v2\/product_cat?post=13717"},{"taxonomy":"product_tag","embeddable":true,"href":"https:\/\/barneleker.no\/index.php\/wp-json\/wp\/v2\/product_tag?post=13717"}],"curies":[{"name":"wp","href":"https:\/\/api.w.org\/{rel}","templated":true}]}}