{"id":13719,"date":"2022-02-08T19:58:16","date_gmt":"2022-02-08T19:58:16","guid":{"rendered":"https:\/\/barneleker.no\/index.php\/product\/lego-disney-frozen-41166-elsas-vogneventyr\/"},"modified":"2022-02-08T19:58:16","modified_gmt":"2022-02-08T19:58:16","slug":"lego-disney-frozen-41166-elsas-vogneventyr","status":"publish","type":"product","link":"https:\/\/barneleker.no\/index.php\/product\/lego-disney-frozen-41166-elsas-vogneventyr\/","title":{"rendered":"LEGO Disney Frozen 41166 &#8211; Elsas vogneventyr"},"content":{"rendered":"<p>Last opp vognen, og legg ut p\u00e5 eventyr med Elsa og reinsdyret Svein fra Disney Frost 2. Settet inneholder en stall med en reinsdyrunge og et deilig b\u00e5l hvor dere kan varme dere og grille marshmallows. Etter en koselig piknik og en god natts s\u00f8vn er dere klare for nye eventyr med Elsa fra Frost.<\/p>\n","protected":false},"excerpt":{"rendered":"<p>Last opp vognen, og legg ut p\u00e5 eventyr med Elsa og reinsdyret Svein fra Disney Frost 2. Settet inneholder en stall med en reinsdyrunge og&hellip;<\/p>\n","protected":false},"featured_media":13718,"comment_status":"open","ping_status":"closed","template":"","meta":[],"product_brand":[],"product_cat":[340],"product_tag":[],"class_list":{"0":"post-13719","1":"product","2":"type-product","3":"status-publish","4":"has-post-thumbnail","6":"product_cat-set","8":"first","9":"instock","10":"shipping-taxable","11":"product-type-external","12":"customify-col"},"yoast_head":"<!-- This site is optimized with the Yoast SEO plugin v26.0 - https:\/\/yoast.com\/wordpress\/plugins\/seo\/ -->\n<title>LEGO Disney Frozen 41166 - Elsas vogneventyr - Barneleker.no<\/title>\n<meta name=\"robots\" content=\"index, follow, max-snippet:-1, max-image-preview:large, max-video-preview:-1\" \/>\n<link rel=\"canonical\" href=\"https:\/\/barneleker.no\/index.php\/product\/lego-disney-frozen-41166-elsas-vogneventyr\/\" \/>\n<meta property=\"og:locale\" content=\"nb_NO\" \/>\n<meta property=\"og:type\" content=\"article\" \/>\n<meta property=\"og:title\" content=\"LEGO Disney Frozen 41166 - Elsas vogneventyr - Barneleker.no\" \/>\n<meta property=\"og:description\" content=\"Last opp vognen, og legg ut p\u00e5 eventyr med Elsa og reinsdyret Svein fra Disney Frost 2. Settet inneholder en stall med en reinsdyrunge og&hellip;\" \/>\n<meta property=\"og:url\" content=\"https:\/\/barneleker.no\/index.php\/product\/lego-disney-frozen-41166-elsas-vogneventyr\/\" \/>\n<meta property=\"og:site_name\" content=\"Barneleker.no\" \/>\n<meta name=\"twitter:card\" content=\"summary_large_image\" \/>\n<script type=\"application\/ld+json\" class=\"yoast-schema-graph\">{\"@context\":\"https:\/\/schema.org\",\"@graph\":[{\"@type\":\"WebPage\",\"@id\":\"https:\/\/barneleker.no\/index.php\/product\/lego-disney-frozen-41166-elsas-vogneventyr\/\",\"url\":\"https:\/\/barneleker.no\/index.php\/product\/lego-disney-frozen-41166-elsas-vogneventyr\/\",\"name\":\"LEGO Disney Frozen 41166 - Elsas vogneventyr - Barneleker.no\",\"isPartOf\":{\"@id\":\"https:\/\/barneleker.no\/#website\"},\"primaryImageOfPage\":{\"@id\":\"https:\/\/barneleker.no\/index.php\/product\/lego-disney-frozen-41166-elsas-vogneventyr\/#primaryimage\"},\"image\":{\"@id\":\"https:\/\/barneleker.no\/index.php\/product\/lego-disney-frozen-41166-elsas-vogneventyr\/#primaryimage\"},\"thumbnailUrl\":\"https:\/\/barneleker.no\/wp-content\/uploads\/2022\/02\/lego-disney-frozen-41166-elsas-vogneventyr.jpg\",\"datePublished\":\"2022-02-08T19:58:16+00:00\",\"breadcrumb\":{\"@id\":\"https:\/\/barneleker.no\/index.php\/product\/lego-disney-frozen-41166-elsas-vogneventyr\/#breadcrumb\"},\"inLanguage\":\"nb-NO\",\"potentialAction\":[{\"@type\":\"ReadAction\",\"target\":[\"https:\/\/barneleker.no\/index.php\/product\/lego-disney-frozen-41166-elsas-vogneventyr\/\"]}]},{\"@type\":\"ImageObject\",\"inLanguage\":\"nb-NO\",\"@id\":\"https:\/\/barneleker.no\/index.php\/product\/lego-disney-frozen-41166-elsas-vogneventyr\/#primaryimage\",\"url\":\"https:\/\/barneleker.no\/wp-content\/uploads\/2022\/02\/lego-disney-frozen-41166-elsas-vogneventyr.jpg\",\"contentUrl\":\"https:\/\/barneleker.no\/wp-content\/uploads\/2022\/02\/lego-disney-frozen-41166-elsas-vogneventyr.jpg\",\"width\":555,\"height\":555},{\"@type\":\"BreadcrumbList\",\"@id\":\"https:\/\/barneleker.no\/index.php\/product\/lego-disney-frozen-41166-elsas-vogneventyr\/#breadcrumb\",\"itemListElement\":[{\"@type\":\"ListItem\",\"position\":1,\"name\":\"Butikken\",\"item\":\"https:\/\/barneleker.no\/\"},{\"@type\":\"ListItem\",\"position\":2,\"name\":\"LEGO Disney Frozen 41166 &#8211; Elsas vogneventyr\"}]},{\"@type\":\"WebSite\",\"@id\":\"https:\/\/barneleker.no\/#website\",\"url\":\"https:\/\/barneleker.no\/\",\"name\":\"Barneleker.no\",\"description\":\"Selvf\u00f8lgelig!\",\"publisher\":{\"@id\":\"https:\/\/barneleker.no\/#organization\"},\"potentialAction\":[{\"@type\":\"SearchAction\",\"target\":{\"@type\":\"EntryPoint\",\"urlTemplate\":\"https:\/\/barneleker.no\/?s={search_term_string}\"},\"query-input\":{\"@type\":\"PropertyValueSpecification\",\"valueRequired\":true,\"valueName\":\"search_term_string\"}}],\"inLanguage\":\"nb-NO\"},{\"@type\":\"Organization\",\"@id\":\"https:\/\/barneleker.no\/#organization\",\"name\":\"Barneleker.no\",\"url\":\"https:\/\/barneleker.no\/\",\"logo\":{\"@type\":\"ImageObject\",\"inLanguage\":\"nb-NO\",\"@id\":\"https:\/\/barneleker.no\/#\/schema\/logo\/image\/\",\"url\":\"https:\/\/barneleker.no\/wp-content\/uploads\/2021\/11\/barneleker_logo-780x150-1.jpg\",\"contentUrl\":\"https:\/\/barneleker.no\/wp-content\/uploads\/2021\/11\/barneleker_logo-780x150-1.jpg\",\"width\":780,\"height\":150,\"caption\":\"Barneleker.no\"},\"image\":{\"@id\":\"https:\/\/barneleker.no\/#\/schema\/logo\/image\/\"}}]}<\/script>\n<!-- \/ Yoast SEO plugin. -->","yoast_head_json":{"title":"LEGO Disney Frozen 41166 - Elsas vogneventyr - Barneleker.no","robots":{"index":"index","follow":"follow","max-snippet":"max-snippet:-1","max-image-preview":"max-image-preview:large","max-video-preview":"max-video-preview:-1"},"canonical":"https:\/\/barneleker.no\/index.php\/product\/lego-disney-frozen-41166-elsas-vogneventyr\/","og_locale":"nb_NO","og_type":"article","og_title":"LEGO Disney Frozen 41166 - Elsas vogneventyr - Barneleker.no","og_description":"Last opp vognen, og legg ut p\u00e5 eventyr med Elsa og reinsdyret Svein fra Disney Frost 2. Settet inneholder en stall med en reinsdyrunge og&hellip;","og_url":"https:\/\/barneleker.no\/index.php\/product\/lego-disney-frozen-41166-elsas-vogneventyr\/","og_site_name":"Barneleker.no","twitter_card":"summary_large_image","schema":{"@context":"https:\/\/schema.org","@graph":[{"@type":"WebPage","@id":"https:\/\/barneleker.no\/index.php\/product\/lego-disney-frozen-41166-elsas-vogneventyr\/","url":"https:\/\/barneleker.no\/index.php\/product\/lego-disney-frozen-41166-elsas-vogneventyr\/","name":"LEGO Disney Frozen 41166 - Elsas vogneventyr - Barneleker.no","isPartOf":{"@id":"https:\/\/barneleker.no\/#website"},"primaryImageOfPage":{"@id":"https:\/\/barneleker.no\/index.php\/product\/lego-disney-frozen-41166-elsas-vogneventyr\/#primaryimage"},"image":{"@id":"https:\/\/barneleker.no\/index.php\/product\/lego-disney-frozen-41166-elsas-vogneventyr\/#primaryimage"},"thumbnailUrl":"https:\/\/barneleker.no\/wp-content\/uploads\/2022\/02\/lego-disney-frozen-41166-elsas-vogneventyr.jpg","datePublished":"2022-02-08T19:58:16+00:00","breadcrumb":{"@id":"https:\/\/barneleker.no\/index.php\/product\/lego-disney-frozen-41166-elsas-vogneventyr\/#breadcrumb"},"inLanguage":"nb-NO","potentialAction":[{"@type":"ReadAction","target":["https:\/\/barneleker.no\/index.php\/product\/lego-disney-frozen-41166-elsas-vogneventyr\/"]}]},{"@type":"ImageObject","inLanguage":"nb-NO","@id":"https:\/\/barneleker.no\/index.php\/product\/lego-disney-frozen-41166-elsas-vogneventyr\/#primaryimage","url":"https:\/\/barneleker.no\/wp-content\/uploads\/2022\/02\/lego-disney-frozen-41166-elsas-vogneventyr.jpg","contentUrl":"https:\/\/barneleker.no\/wp-content\/uploads\/2022\/02\/lego-disney-frozen-41166-elsas-vogneventyr.jpg","width":555,"height":555},{"@type":"BreadcrumbList","@id":"https:\/\/barneleker.no\/index.php\/product\/lego-disney-frozen-41166-elsas-vogneventyr\/#breadcrumb","itemListElement":[{"@type":"ListItem","position":1,"name":"Butikken","item":"https:\/\/barneleker.no\/"},{"@type":"ListItem","position":2,"name":"LEGO Disney Frozen 41166 &#8211; Elsas vogneventyr"}]},{"@type":"WebSite","@id":"https:\/\/barneleker.no\/#website","url":"https:\/\/barneleker.no\/","name":"Barneleker.no","description":"Selvf\u00f8lgelig!","publisher":{"@id":"https:\/\/barneleker.no\/#organization"},"potentialAction":[{"@type":"SearchAction","target":{"@type":"EntryPoint","urlTemplate":"https:\/\/barneleker.no\/?s={search_term_string}"},"query-input":{"@type":"PropertyValueSpecification","valueRequired":true,"valueName":"search_term_string"}}],"inLanguage":"nb-NO"},{"@type":"Organization","@id":"https:\/\/barneleker.no\/#organization","name":"Barneleker.no","url":"https:\/\/barneleker.no\/","logo":{"@type":"ImageObject","inLanguage":"nb-NO","@id":"https:\/\/barneleker.no\/#\/schema\/logo\/image\/","url":"https:\/\/barneleker.no\/wp-content\/uploads\/2021\/11\/barneleker_logo-780x150-1.jpg","contentUrl":"https:\/\/barneleker.no\/wp-content\/uploads\/2021\/11\/barneleker_logo-780x150-1.jpg","width":780,"height":150,"caption":"Barneleker.no"},"image":{"@id":"https:\/\/barneleker.no\/#\/schema\/logo\/image\/"}}]}},"_links":{"self":[{"href":"https:\/\/barneleker.no\/index.php\/wp-json\/wp\/v2\/product\/13719","targetHints":{"allow":["GET"]}}],"collection":[{"href":"https:\/\/barneleker.no\/index.php\/wp-json\/wp\/v2\/product"}],"about":[{"href":"https:\/\/barneleker.no\/index.php\/wp-json\/wp\/v2\/types\/product"}],"replies":[{"embeddable":true,"href":"https:\/\/barneleker.no\/index.php\/wp-json\/wp\/v2\/comments?post=13719"}],"wp:featuredmedia":[{"embeddable":true,"href":"https:\/\/barneleker.no\/index.php\/wp-json\/wp\/v2\/media\/13718"}],"wp:attachment":[{"href":"https:\/\/barneleker.no\/index.php\/wp-json\/wp\/v2\/media?parent=13719"}],"wp:term":[{"taxonomy":"product_brand","embeddable":true,"href":"https:\/\/barneleker.no\/index.php\/wp-json\/wp\/v2\/product_brand?post=13719"},{"taxonomy":"product_cat","embeddable":true,"href":"https:\/\/barneleker.no\/index.php\/wp-json\/wp\/v2\/product_cat?post=13719"},{"taxonomy":"product_tag","embeddable":true,"href":"https:\/\/barneleker.no\/index.php\/wp-json\/wp\/v2\/product_tag?post=13719"}],"curies":[{"name":"wp","href":"https:\/\/api.w.org\/{rel}","templated":true}]}}