{"id":13729,"date":"2022-02-08T19:58:19","date_gmt":"2022-02-08T19:58:19","guid":{"rendered":"https:\/\/barneleker.no\/index.php\/product\/brio-builder-34592-record-play-set\/"},"modified":"2022-02-08T19:58:19","modified_gmt":"2022-02-08T19:58:19","slug":"brio-builder-34592-record-play-set","status":"publish","type":"product","link":"https:\/\/barneleker.no\/index.php\/product\/brio-builder-34592-record-play-set\/","title":{"rendered":"BRIO &#8211; Builder 34592 Record &#038; Play Set"},"content":{"rendered":"<p>Gi BRIO Builder-kreasjonene livet ut med BRIO Record &#038; Play-settet &#8211; det ideelle konstruksjonsleket\u00f8yet som utfordrer fantasien til potensielle ingeni\u00f8rer. Lekesettet leveres med 67 deler, en Record &#038; Play-enhet og brukervennlige verkt\u00f8y som lar deg bygge akkurat det du vil. Record &#038; Play-enheten tar lekeaspektet til et nytt niv\u00e5 n\u00e5r du supplerer lekene med tale og lyd.<\/p>\n","protected":false},"excerpt":{"rendered":"<p>Gi BRIO Builder-kreasjonene livet ut med BRIO Record &#038; Play-settet &#8211; det ideelle konstruksjonsleket\u00f8yet som utfordrer fantasien til potensielle ingeni\u00f8rer. Lekesettet leveres med 67 deler,&hellip;<\/p>\n","protected":false},"featured_media":13728,"comment_status":"open","ping_status":"closed","template":"","meta":[],"product_brand":[],"product_cat":[365],"product_tag":[],"class_list":{"0":"post-13729","1":"product","2":"type-product","3":"status-publish","4":"has-post-thumbnail","6":"product_cat-babyleker","8":"first","9":"instock","10":"shipping-taxable","11":"product-type-external","12":"customify-col"},"yoast_head":"<!-- This site is optimized with the Yoast SEO plugin v26.0 - https:\/\/yoast.com\/wordpress\/plugins\/seo\/ -->\n<title>BRIO - Builder 34592 Record &amp; Play Set - Barneleker.no<\/title>\n<meta name=\"robots\" content=\"index, follow, max-snippet:-1, max-image-preview:large, max-video-preview:-1\" \/>\n<link rel=\"canonical\" href=\"https:\/\/barneleker.no\/index.php\/product\/brio-builder-34592-record-play-set\/\" \/>\n<meta property=\"og:locale\" content=\"nb_NO\" \/>\n<meta property=\"og:type\" content=\"article\" \/>\n<meta property=\"og:title\" content=\"BRIO - Builder 34592 Record &amp; Play Set - Barneleker.no\" \/>\n<meta property=\"og:description\" content=\"Gi BRIO Builder-kreasjonene livet ut med BRIO Record &#038; Play-settet &#8211; det ideelle konstruksjonsleket\u00f8yet som utfordrer fantasien til potensielle ingeni\u00f8rer. Lekesettet leveres med 67 deler,&hellip;\" \/>\n<meta property=\"og:url\" content=\"https:\/\/barneleker.no\/index.php\/product\/brio-builder-34592-record-play-set\/\" \/>\n<meta property=\"og:site_name\" content=\"Barneleker.no\" \/>\n<meta name=\"twitter:card\" content=\"summary_large_image\" \/>\n<script type=\"application\/ld+json\" class=\"yoast-schema-graph\">{\"@context\":\"https:\/\/schema.org\",\"@graph\":[{\"@type\":\"WebPage\",\"@id\":\"https:\/\/barneleker.no\/index.php\/product\/brio-builder-34592-record-play-set\/\",\"url\":\"https:\/\/barneleker.no\/index.php\/product\/brio-builder-34592-record-play-set\/\",\"name\":\"BRIO - Builder 34592 Record & Play Set - Barneleker.no\",\"isPartOf\":{\"@id\":\"https:\/\/barneleker.no\/#website\"},\"primaryImageOfPage\":{\"@id\":\"https:\/\/barneleker.no\/index.php\/product\/brio-builder-34592-record-play-set\/#primaryimage\"},\"image\":{\"@id\":\"https:\/\/barneleker.no\/index.php\/product\/brio-builder-34592-record-play-set\/#primaryimage\"},\"thumbnailUrl\":\"https:\/\/barneleker.no\/wp-content\/uploads\/2022\/02\/brio-builder-34592-record-play-set.jpg\",\"datePublished\":\"2022-02-08T19:58:19+00:00\",\"breadcrumb\":{\"@id\":\"https:\/\/barneleker.no\/index.php\/product\/brio-builder-34592-record-play-set\/#breadcrumb\"},\"inLanguage\":\"nb-NO\",\"potentialAction\":[{\"@type\":\"ReadAction\",\"target\":[\"https:\/\/barneleker.no\/index.php\/product\/brio-builder-34592-record-play-set\/\"]}]},{\"@type\":\"ImageObject\",\"inLanguage\":\"nb-NO\",\"@id\":\"https:\/\/barneleker.no\/index.php\/product\/brio-builder-34592-record-play-set\/#primaryimage\",\"url\":\"https:\/\/barneleker.no\/wp-content\/uploads\/2022\/02\/brio-builder-34592-record-play-set.jpg\",\"contentUrl\":\"https:\/\/barneleker.no\/wp-content\/uploads\/2022\/02\/brio-builder-34592-record-play-set.jpg\",\"width\":555,\"height\":555},{\"@type\":\"BreadcrumbList\",\"@id\":\"https:\/\/barneleker.no\/index.php\/product\/brio-builder-34592-record-play-set\/#breadcrumb\",\"itemListElement\":[{\"@type\":\"ListItem\",\"position\":1,\"name\":\"Butikken\",\"item\":\"https:\/\/barneleker.no\/\"},{\"@type\":\"ListItem\",\"position\":2,\"name\":\"BRIO &#8211; Builder 34592 Record &#038; Play Set\"}]},{\"@type\":\"WebSite\",\"@id\":\"https:\/\/barneleker.no\/#website\",\"url\":\"https:\/\/barneleker.no\/\",\"name\":\"Barneleker.no\",\"description\":\"Selvf\u00f8lgelig!\",\"publisher\":{\"@id\":\"https:\/\/barneleker.no\/#organization\"},\"potentialAction\":[{\"@type\":\"SearchAction\",\"target\":{\"@type\":\"EntryPoint\",\"urlTemplate\":\"https:\/\/barneleker.no\/?s={search_term_string}\"},\"query-input\":{\"@type\":\"PropertyValueSpecification\",\"valueRequired\":true,\"valueName\":\"search_term_string\"}}],\"inLanguage\":\"nb-NO\"},{\"@type\":\"Organization\",\"@id\":\"https:\/\/barneleker.no\/#organization\",\"name\":\"Barneleker.no\",\"url\":\"https:\/\/barneleker.no\/\",\"logo\":{\"@type\":\"ImageObject\",\"inLanguage\":\"nb-NO\",\"@id\":\"https:\/\/barneleker.no\/#\/schema\/logo\/image\/\",\"url\":\"https:\/\/barneleker.no\/wp-content\/uploads\/2021\/11\/barneleker_logo-780x150-1.jpg\",\"contentUrl\":\"https:\/\/barneleker.no\/wp-content\/uploads\/2021\/11\/barneleker_logo-780x150-1.jpg\",\"width\":780,\"height\":150,\"caption\":\"Barneleker.no\"},\"image\":{\"@id\":\"https:\/\/barneleker.no\/#\/schema\/logo\/image\/\"}}]}<\/script>\n<!-- \/ Yoast SEO plugin. -->","yoast_head_json":{"title":"BRIO - Builder 34592 Record & Play Set - Barneleker.no","robots":{"index":"index","follow":"follow","max-snippet":"max-snippet:-1","max-image-preview":"max-image-preview:large","max-video-preview":"max-video-preview:-1"},"canonical":"https:\/\/barneleker.no\/index.php\/product\/brio-builder-34592-record-play-set\/","og_locale":"nb_NO","og_type":"article","og_title":"BRIO - Builder 34592 Record & Play Set - Barneleker.no","og_description":"Gi BRIO Builder-kreasjonene livet ut med BRIO Record &#038; Play-settet &#8211; det ideelle konstruksjonsleket\u00f8yet som utfordrer fantasien til potensielle ingeni\u00f8rer. Lekesettet leveres med 67 deler,&hellip;","og_url":"https:\/\/barneleker.no\/index.php\/product\/brio-builder-34592-record-play-set\/","og_site_name":"Barneleker.no","twitter_card":"summary_large_image","schema":{"@context":"https:\/\/schema.org","@graph":[{"@type":"WebPage","@id":"https:\/\/barneleker.no\/index.php\/product\/brio-builder-34592-record-play-set\/","url":"https:\/\/barneleker.no\/index.php\/product\/brio-builder-34592-record-play-set\/","name":"BRIO - Builder 34592 Record & Play Set - Barneleker.no","isPartOf":{"@id":"https:\/\/barneleker.no\/#website"},"primaryImageOfPage":{"@id":"https:\/\/barneleker.no\/index.php\/product\/brio-builder-34592-record-play-set\/#primaryimage"},"image":{"@id":"https:\/\/barneleker.no\/index.php\/product\/brio-builder-34592-record-play-set\/#primaryimage"},"thumbnailUrl":"https:\/\/barneleker.no\/wp-content\/uploads\/2022\/02\/brio-builder-34592-record-play-set.jpg","datePublished":"2022-02-08T19:58:19+00:00","breadcrumb":{"@id":"https:\/\/barneleker.no\/index.php\/product\/brio-builder-34592-record-play-set\/#breadcrumb"},"inLanguage":"nb-NO","potentialAction":[{"@type":"ReadAction","target":["https:\/\/barneleker.no\/index.php\/product\/brio-builder-34592-record-play-set\/"]}]},{"@type":"ImageObject","inLanguage":"nb-NO","@id":"https:\/\/barneleker.no\/index.php\/product\/brio-builder-34592-record-play-set\/#primaryimage","url":"https:\/\/barneleker.no\/wp-content\/uploads\/2022\/02\/brio-builder-34592-record-play-set.jpg","contentUrl":"https:\/\/barneleker.no\/wp-content\/uploads\/2022\/02\/brio-builder-34592-record-play-set.jpg","width":555,"height":555},{"@type":"BreadcrumbList","@id":"https:\/\/barneleker.no\/index.php\/product\/brio-builder-34592-record-play-set\/#breadcrumb","itemListElement":[{"@type":"ListItem","position":1,"name":"Butikken","item":"https:\/\/barneleker.no\/"},{"@type":"ListItem","position":2,"name":"BRIO &#8211; Builder 34592 Record &#038; Play Set"}]},{"@type":"WebSite","@id":"https:\/\/barneleker.no\/#website","url":"https:\/\/barneleker.no\/","name":"Barneleker.no","description":"Selvf\u00f8lgelig!","publisher":{"@id":"https:\/\/barneleker.no\/#organization"},"potentialAction":[{"@type":"SearchAction","target":{"@type":"EntryPoint","urlTemplate":"https:\/\/barneleker.no\/?s={search_term_string}"},"query-input":{"@type":"PropertyValueSpecification","valueRequired":true,"valueName":"search_term_string"}}],"inLanguage":"nb-NO"},{"@type":"Organization","@id":"https:\/\/barneleker.no\/#organization","name":"Barneleker.no","url":"https:\/\/barneleker.no\/","logo":{"@type":"ImageObject","inLanguage":"nb-NO","@id":"https:\/\/barneleker.no\/#\/schema\/logo\/image\/","url":"https:\/\/barneleker.no\/wp-content\/uploads\/2021\/11\/barneleker_logo-780x150-1.jpg","contentUrl":"https:\/\/barneleker.no\/wp-content\/uploads\/2021\/11\/barneleker_logo-780x150-1.jpg","width":780,"height":150,"caption":"Barneleker.no"},"image":{"@id":"https:\/\/barneleker.no\/#\/schema\/logo\/image\/"}}]}},"_links":{"self":[{"href":"https:\/\/barneleker.no\/index.php\/wp-json\/wp\/v2\/product\/13729","targetHints":{"allow":["GET"]}}],"collection":[{"href":"https:\/\/barneleker.no\/index.php\/wp-json\/wp\/v2\/product"}],"about":[{"href":"https:\/\/barneleker.no\/index.php\/wp-json\/wp\/v2\/types\/product"}],"replies":[{"embeddable":true,"href":"https:\/\/barneleker.no\/index.php\/wp-json\/wp\/v2\/comments?post=13729"}],"wp:featuredmedia":[{"embeddable":true,"href":"https:\/\/barneleker.no\/index.php\/wp-json\/wp\/v2\/media\/13728"}],"wp:attachment":[{"href":"https:\/\/barneleker.no\/index.php\/wp-json\/wp\/v2\/media?parent=13729"}],"wp:term":[{"taxonomy":"product_brand","embeddable":true,"href":"https:\/\/barneleker.no\/index.php\/wp-json\/wp\/v2\/product_brand?post=13729"},{"taxonomy":"product_cat","embeddable":true,"href":"https:\/\/barneleker.no\/index.php\/wp-json\/wp\/v2\/product_cat?post=13729"},{"taxonomy":"product_tag","embeddable":true,"href":"https:\/\/barneleker.no\/index.php\/wp-json\/wp\/v2\/product_tag?post=13729"}],"curies":[{"name":"wp","href":"https:\/\/api.w.org\/{rel}","templated":true}]}}