{"id":13743,"date":"2022-02-08T19:58:24","date_gmt":"2022-02-08T19:58:24","guid":{"rendered":"https:\/\/barneleker.no\/index.php\/product\/lego-technic-42120-redningstjenestens-luftputebat-redningstjenestens-luftputebat\/"},"modified":"2022-02-08T19:58:24","modified_gmt":"2022-02-08T19:58:24","slug":"lego-technic-42120-redningstjenestens-luftputebat-redningstjenestens-luftputebat","status":"publish","type":"product","link":"https:\/\/barneleker.no\/index.php\/product\/lego-technic-42120-redningstjenestens-luftputebat-redningstjenestens-luftputebat\/","title":{"rendered":"LEGO Technic 42120, Redningstjenestens luftputeb\u00e5t, Redningstjenestens luftputeb\u00e5t"},"content":{"rendered":"<p>\u2022 Gi barn som liker redningsfart\u00f8y, en spesiell overraskelse med denne t\u00f8ffe luftputeb\u00e5ten. Den har mange autentiske detaljer som gj\u00f8r den perfekt til rollespill-lek. \u2022 Mange kule funksjoner, inkludert en \u00absvevefunksjon\u00bb, snurrende vifter, cockpit og roterende varsellampe, akkurat som p\u00e5 et ekte luftputefart\u00f8y. \u2022 2-i-1-settet byr p\u00e5 ekstra rollespillmoro for unge helter, og luftputeb\u00e5ten bygges om til et fly med to motorer og bevegelige sideror og balanseror \u2022 LEGO\u00ae Technic Redningstjenestens luftputeb\u00e5t (42120) er flott som bursdags-, jule- eller overraskelsesgave for barn fra \u00e5tte \u00e5r med sans for redningsfart\u00f8y-leker. \u2022 Redningstjenestens luftputeb\u00e5t er 12 cm h\u00f8y, 24 cm lang og 13 cm bred. \u2022 LEGO\u00ae Technic best\u00e5r av avanserte byggeleker for unge LEGO fans som \u00f8nsker seg nye byggeutfordringer. \u2022 LEGO\u00ae Technic komponenter oppfyller strenge bransjestandarder. De er ensartede, kompatible og sitter alltid godt sammen, og slik har det v\u00e6rt helt siden 1958. \u2022 LEGO\u00ae Technic komponenter slippes i gulvet, varmes opp, knuses, vris og analyseres for \u00e5 kontrollere at de oppfyller strenge, globale sikkerhetsstandarder.<\/p>\n","protected":false},"excerpt":{"rendered":"<p>\u2022 Gi barn som liker redningsfart\u00f8y, en spesiell overraskelse med denne t\u00f8ffe luftputeb\u00e5ten. Den har mange autentiske detaljer som gj\u00f8r den perfekt til rollespill-lek. \u2022&hellip;<\/p>\n","protected":false},"featured_media":13742,"comment_status":"open","ping_status":"closed","template":"","meta":[],"product_brand":[],"product_cat":[476],"product_tag":[],"class_list":{"0":"post-13743","1":"product","2":"type-product","3":"status-publish","4":"has-post-thumbnail","6":"product_cat-set-lego-fordon","8":"first","9":"instock","10":"shipping-taxable","11":"product-type-external","12":"customify-col"},"yoast_head":"<!-- This site is optimized with the Yoast SEO plugin v26.0 - https:\/\/yoast.com\/wordpress\/plugins\/seo\/ -->\n<title>LEGO Technic 42120, Redningstjenestens luftputeb\u00e5t, Redningstjenestens luftputeb\u00e5t - Barneleker.no<\/title>\n<meta name=\"robots\" content=\"index, follow, max-snippet:-1, max-image-preview:large, max-video-preview:-1\" \/>\n<link rel=\"canonical\" href=\"https:\/\/barneleker.no\/index.php\/product\/lego-technic-42120-redningstjenestens-luftputebat-redningstjenestens-luftputebat\/\" \/>\n<meta property=\"og:locale\" content=\"nb_NO\" \/>\n<meta property=\"og:type\" content=\"article\" \/>\n<meta property=\"og:title\" content=\"LEGO Technic 42120, Redningstjenestens luftputeb\u00e5t, Redningstjenestens luftputeb\u00e5t - Barneleker.no\" \/>\n<meta property=\"og:description\" content=\"\u2022 Gi barn som liker redningsfart\u00f8y, en spesiell overraskelse med denne t\u00f8ffe luftputeb\u00e5ten. Den har mange autentiske detaljer som gj\u00f8r den perfekt til rollespill-lek. \u2022&hellip;\" \/>\n<meta property=\"og:url\" content=\"https:\/\/barneleker.no\/index.php\/product\/lego-technic-42120-redningstjenestens-luftputebat-redningstjenestens-luftputebat\/\" \/>\n<meta property=\"og:site_name\" content=\"Barneleker.no\" \/>\n<meta name=\"twitter:card\" content=\"summary_large_image\" \/>\n<meta name=\"twitter:label1\" content=\"Ansl. lesetid\" \/>\n\t<meta name=\"twitter:data1\" content=\"1 minutt\" \/>\n<script type=\"application\/ld+json\" class=\"yoast-schema-graph\">{\"@context\":\"https:\/\/schema.org\",\"@graph\":[{\"@type\":\"WebPage\",\"@id\":\"https:\/\/barneleker.no\/index.php\/product\/lego-technic-42120-redningstjenestens-luftputebat-redningstjenestens-luftputebat\/\",\"url\":\"https:\/\/barneleker.no\/index.php\/product\/lego-technic-42120-redningstjenestens-luftputebat-redningstjenestens-luftputebat\/\",\"name\":\"LEGO Technic 42120, Redningstjenestens luftputeb\u00e5t, Redningstjenestens luftputeb\u00e5t - Barneleker.no\",\"isPartOf\":{\"@id\":\"https:\/\/barneleker.no\/#website\"},\"primaryImageOfPage\":{\"@id\":\"https:\/\/barneleker.no\/index.php\/product\/lego-technic-42120-redningstjenestens-luftputebat-redningstjenestens-luftputebat\/#primaryimage\"},\"image\":{\"@id\":\"https:\/\/barneleker.no\/index.php\/product\/lego-technic-42120-redningstjenestens-luftputebat-redningstjenestens-luftputebat\/#primaryimage\"},\"thumbnailUrl\":\"https:\/\/barneleker.no\/wp-content\/uploads\/2022\/02\/lego-technic-42120-redningstjenestens-luftputebat.jpg\",\"datePublished\":\"2022-02-08T19:58:24+00:00\",\"breadcrumb\":{\"@id\":\"https:\/\/barneleker.no\/index.php\/product\/lego-technic-42120-redningstjenestens-luftputebat-redningstjenestens-luftputebat\/#breadcrumb\"},\"inLanguage\":\"nb-NO\",\"potentialAction\":[{\"@type\":\"ReadAction\",\"target\":[\"https:\/\/barneleker.no\/index.php\/product\/lego-technic-42120-redningstjenestens-luftputebat-redningstjenestens-luftputebat\/\"]}]},{\"@type\":\"ImageObject\",\"inLanguage\":\"nb-NO\",\"@id\":\"https:\/\/barneleker.no\/index.php\/product\/lego-technic-42120-redningstjenestens-luftputebat-redningstjenestens-luftputebat\/#primaryimage\",\"url\":\"https:\/\/barneleker.no\/wp-content\/uploads\/2022\/02\/lego-technic-42120-redningstjenestens-luftputebat.jpg\",\"contentUrl\":\"https:\/\/barneleker.no\/wp-content\/uploads\/2022\/02\/lego-technic-42120-redningstjenestens-luftputebat.jpg\",\"width\":555,\"height\":555},{\"@type\":\"BreadcrumbList\",\"@id\":\"https:\/\/barneleker.no\/index.php\/product\/lego-technic-42120-redningstjenestens-luftputebat-redningstjenestens-luftputebat\/#breadcrumb\",\"itemListElement\":[{\"@type\":\"ListItem\",\"position\":1,\"name\":\"Butikken\",\"item\":\"https:\/\/barneleker.no\/\"},{\"@type\":\"ListItem\",\"position\":2,\"name\":\"LEGO Technic 42120, Redningstjenestens luftputeb\u00e5t, Redningstjenestens luftputeb\u00e5t\"}]},{\"@type\":\"WebSite\",\"@id\":\"https:\/\/barneleker.no\/#website\",\"url\":\"https:\/\/barneleker.no\/\",\"name\":\"Barneleker.no\",\"description\":\"Selvf\u00f8lgelig!\",\"publisher\":{\"@id\":\"https:\/\/barneleker.no\/#organization\"},\"potentialAction\":[{\"@type\":\"SearchAction\",\"target\":{\"@type\":\"EntryPoint\",\"urlTemplate\":\"https:\/\/barneleker.no\/?s={search_term_string}\"},\"query-input\":{\"@type\":\"PropertyValueSpecification\",\"valueRequired\":true,\"valueName\":\"search_term_string\"}}],\"inLanguage\":\"nb-NO\"},{\"@type\":\"Organization\",\"@id\":\"https:\/\/barneleker.no\/#organization\",\"name\":\"Barneleker.no\",\"url\":\"https:\/\/barneleker.no\/\",\"logo\":{\"@type\":\"ImageObject\",\"inLanguage\":\"nb-NO\",\"@id\":\"https:\/\/barneleker.no\/#\/schema\/logo\/image\/\",\"url\":\"https:\/\/barneleker.no\/wp-content\/uploads\/2021\/11\/barneleker_logo-780x150-1.jpg\",\"contentUrl\":\"https:\/\/barneleker.no\/wp-content\/uploads\/2021\/11\/barneleker_logo-780x150-1.jpg\",\"width\":780,\"height\":150,\"caption\":\"Barneleker.no\"},\"image\":{\"@id\":\"https:\/\/barneleker.no\/#\/schema\/logo\/image\/\"}}]}<\/script>\n<!-- \/ Yoast SEO plugin. -->","yoast_head_json":{"title":"LEGO Technic 42120, Redningstjenestens luftputeb\u00e5t, Redningstjenestens luftputeb\u00e5t - Barneleker.no","robots":{"index":"index","follow":"follow","max-snippet":"max-snippet:-1","max-image-preview":"max-image-preview:large","max-video-preview":"max-video-preview:-1"},"canonical":"https:\/\/barneleker.no\/index.php\/product\/lego-technic-42120-redningstjenestens-luftputebat-redningstjenestens-luftputebat\/","og_locale":"nb_NO","og_type":"article","og_title":"LEGO Technic 42120, Redningstjenestens luftputeb\u00e5t, Redningstjenestens luftputeb\u00e5t - Barneleker.no","og_description":"\u2022 Gi barn som liker redningsfart\u00f8y, en spesiell overraskelse med denne t\u00f8ffe luftputeb\u00e5ten. Den har mange autentiske detaljer som gj\u00f8r den perfekt til rollespill-lek. \u2022&hellip;","og_url":"https:\/\/barneleker.no\/index.php\/product\/lego-technic-42120-redningstjenestens-luftputebat-redningstjenestens-luftputebat\/","og_site_name":"Barneleker.no","twitter_card":"summary_large_image","twitter_misc":{"Ansl. lesetid":"1 minutt"},"schema":{"@context":"https:\/\/schema.org","@graph":[{"@type":"WebPage","@id":"https:\/\/barneleker.no\/index.php\/product\/lego-technic-42120-redningstjenestens-luftputebat-redningstjenestens-luftputebat\/","url":"https:\/\/barneleker.no\/index.php\/product\/lego-technic-42120-redningstjenestens-luftputebat-redningstjenestens-luftputebat\/","name":"LEGO Technic 42120, Redningstjenestens luftputeb\u00e5t, Redningstjenestens luftputeb\u00e5t - Barneleker.no","isPartOf":{"@id":"https:\/\/barneleker.no\/#website"},"primaryImageOfPage":{"@id":"https:\/\/barneleker.no\/index.php\/product\/lego-technic-42120-redningstjenestens-luftputebat-redningstjenestens-luftputebat\/#primaryimage"},"image":{"@id":"https:\/\/barneleker.no\/index.php\/product\/lego-technic-42120-redningstjenestens-luftputebat-redningstjenestens-luftputebat\/#primaryimage"},"thumbnailUrl":"https:\/\/barneleker.no\/wp-content\/uploads\/2022\/02\/lego-technic-42120-redningstjenestens-luftputebat.jpg","datePublished":"2022-02-08T19:58:24+00:00","breadcrumb":{"@id":"https:\/\/barneleker.no\/index.php\/product\/lego-technic-42120-redningstjenestens-luftputebat-redningstjenestens-luftputebat\/#breadcrumb"},"inLanguage":"nb-NO","potentialAction":[{"@type":"ReadAction","target":["https:\/\/barneleker.no\/index.php\/product\/lego-technic-42120-redningstjenestens-luftputebat-redningstjenestens-luftputebat\/"]}]},{"@type":"ImageObject","inLanguage":"nb-NO","@id":"https:\/\/barneleker.no\/index.php\/product\/lego-technic-42120-redningstjenestens-luftputebat-redningstjenestens-luftputebat\/#primaryimage","url":"https:\/\/barneleker.no\/wp-content\/uploads\/2022\/02\/lego-technic-42120-redningstjenestens-luftputebat.jpg","contentUrl":"https:\/\/barneleker.no\/wp-content\/uploads\/2022\/02\/lego-technic-42120-redningstjenestens-luftputebat.jpg","width":555,"height":555},{"@type":"BreadcrumbList","@id":"https:\/\/barneleker.no\/index.php\/product\/lego-technic-42120-redningstjenestens-luftputebat-redningstjenestens-luftputebat\/#breadcrumb","itemListElement":[{"@type":"ListItem","position":1,"name":"Butikken","item":"https:\/\/barneleker.no\/"},{"@type":"ListItem","position":2,"name":"LEGO Technic 42120, Redningstjenestens luftputeb\u00e5t, Redningstjenestens luftputeb\u00e5t"}]},{"@type":"WebSite","@id":"https:\/\/barneleker.no\/#website","url":"https:\/\/barneleker.no\/","name":"Barneleker.no","description":"Selvf\u00f8lgelig!","publisher":{"@id":"https:\/\/barneleker.no\/#organization"},"potentialAction":[{"@type":"SearchAction","target":{"@type":"EntryPoint","urlTemplate":"https:\/\/barneleker.no\/?s={search_term_string}"},"query-input":{"@type":"PropertyValueSpecification","valueRequired":true,"valueName":"search_term_string"}}],"inLanguage":"nb-NO"},{"@type":"Organization","@id":"https:\/\/barneleker.no\/#organization","name":"Barneleker.no","url":"https:\/\/barneleker.no\/","logo":{"@type":"ImageObject","inLanguage":"nb-NO","@id":"https:\/\/barneleker.no\/#\/schema\/logo\/image\/","url":"https:\/\/barneleker.no\/wp-content\/uploads\/2021\/11\/barneleker_logo-780x150-1.jpg","contentUrl":"https:\/\/barneleker.no\/wp-content\/uploads\/2021\/11\/barneleker_logo-780x150-1.jpg","width":780,"height":150,"caption":"Barneleker.no"},"image":{"@id":"https:\/\/barneleker.no\/#\/schema\/logo\/image\/"}}]}},"_links":{"self":[{"href":"https:\/\/barneleker.no\/index.php\/wp-json\/wp\/v2\/product\/13743","targetHints":{"allow":["GET"]}}],"collection":[{"href":"https:\/\/barneleker.no\/index.php\/wp-json\/wp\/v2\/product"}],"about":[{"href":"https:\/\/barneleker.no\/index.php\/wp-json\/wp\/v2\/types\/product"}],"replies":[{"embeddable":true,"href":"https:\/\/barneleker.no\/index.php\/wp-json\/wp\/v2\/comments?post=13743"}],"wp:featuredmedia":[{"embeddable":true,"href":"https:\/\/barneleker.no\/index.php\/wp-json\/wp\/v2\/media\/13742"}],"wp:attachment":[{"href":"https:\/\/barneleker.no\/index.php\/wp-json\/wp\/v2\/media?parent=13743"}],"wp:term":[{"taxonomy":"product_brand","embeddable":true,"href":"https:\/\/barneleker.no\/index.php\/wp-json\/wp\/v2\/product_brand?post=13743"},{"taxonomy":"product_cat","embeddable":true,"href":"https:\/\/barneleker.no\/index.php\/wp-json\/wp\/v2\/product_cat?post=13743"},{"taxonomy":"product_tag","embeddable":true,"href":"https:\/\/barneleker.no\/index.php\/wp-json\/wp\/v2\/product_tag?post=13743"}],"curies":[{"name":"wp","href":"https:\/\/api.w.org\/{rel}","templated":true}]}}