{"id":13745,"date":"2022-02-08T19:58:25","date_gmt":"2022-02-08T19:58:25","guid":{"rendered":"https:\/\/barneleker.no\/index.php\/product\/paw-patrol-chases-deluxe-kjoretoy\/"},"modified":"2022-02-08T19:58:25","modified_gmt":"2022-02-08T19:58:25","slug":"paw-patrol-chases-deluxe-kjoretoy","status":"publish","type":"product","link":"https:\/\/barneleker.no\/index.php\/product\/paw-patrol-chases-deluxe-kjoretoy\/","title":{"rendered":"Paw Patrol, Chase&#8217;s Deluxe kj\u00f8ret\u00f8y"},"content":{"rendered":"<p>Hold ut, hjelpen er p\u00e5 vei! Redd dagen, med de bed\u00e5rende valpene fra Paw Patrol \u2013 det hele handler om \u00e5 samarbeide, s\u00e5 dere skal nok klare det!  Chase\u2019s kj\u00f8ret\u00f8y er motorisert, fylt med spenning, utstyrt med en tredobbel prosjektil-utskytings slynge, lys og lyd. Kj\u00f8ret\u00f8yet er utstyrt med den kuleste svevemodus. Settet inneholder kj\u00f8ret\u00f8y, 3 prosjektiler og 1 figur. Alder 3+<\/p>\n","protected":false},"excerpt":{"rendered":"<p>Hold ut, hjelpen er p\u00e5 vei! Redd dagen, med de bed\u00e5rende valpene fra Paw Patrol \u2013 det hele handler om \u00e5 samarbeide, s\u00e5 dere skal&hellip;<\/p>\n","protected":false},"featured_media":13744,"comment_status":"open","ping_status":"closed","template":"","meta":[],"product_brand":[],"product_cat":[526],"product_tag":[],"class_list":{"0":"post-13745","1":"product","2":"type-product","3":"status-publish","4":"has-post-thumbnail","6":"product_cat-bilar-figurer-robotar","8":"first","9":"instock","10":"shipping-taxable","11":"product-type-external","12":"customify-col"},"yoast_head":"<!-- This site is optimized with the Yoast SEO plugin v26.0 - https:\/\/yoast.com\/wordpress\/plugins\/seo\/ -->\n<title>Paw Patrol, Chase&#039;s Deluxe kj\u00f8ret\u00f8y - Barneleker.no<\/title>\n<meta name=\"robots\" content=\"index, follow, max-snippet:-1, max-image-preview:large, max-video-preview:-1\" \/>\n<link rel=\"canonical\" href=\"https:\/\/barneleker.no\/index.php\/product\/paw-patrol-chases-deluxe-kjoretoy\/\" \/>\n<meta property=\"og:locale\" content=\"nb_NO\" \/>\n<meta property=\"og:type\" content=\"article\" \/>\n<meta property=\"og:title\" content=\"Paw Patrol, Chase&#039;s Deluxe kj\u00f8ret\u00f8y - Barneleker.no\" \/>\n<meta property=\"og:description\" content=\"Hold ut, hjelpen er p\u00e5 vei! Redd dagen, med de bed\u00e5rende valpene fra Paw Patrol \u2013 det hele handler om \u00e5 samarbeide, s\u00e5 dere skal&hellip;\" \/>\n<meta property=\"og:url\" content=\"https:\/\/barneleker.no\/index.php\/product\/paw-patrol-chases-deluxe-kjoretoy\/\" \/>\n<meta property=\"og:site_name\" content=\"Barneleker.no\" \/>\n<meta name=\"twitter:card\" content=\"summary_large_image\" \/>\n<script type=\"application\/ld+json\" class=\"yoast-schema-graph\">{\"@context\":\"https:\/\/schema.org\",\"@graph\":[{\"@type\":\"WebPage\",\"@id\":\"https:\/\/barneleker.no\/index.php\/product\/paw-patrol-chases-deluxe-kjoretoy\/\",\"url\":\"https:\/\/barneleker.no\/index.php\/product\/paw-patrol-chases-deluxe-kjoretoy\/\",\"name\":\"Paw Patrol, Chase's Deluxe kj\u00f8ret\u00f8y - Barneleker.no\",\"isPartOf\":{\"@id\":\"https:\/\/barneleker.no\/#website\"},\"primaryImageOfPage\":{\"@id\":\"https:\/\/barneleker.no\/index.php\/product\/paw-patrol-chases-deluxe-kjoretoy\/#primaryimage\"},\"image\":{\"@id\":\"https:\/\/barneleker.no\/index.php\/product\/paw-patrol-chases-deluxe-kjoretoy\/#primaryimage\"},\"thumbnailUrl\":\"https:\/\/barneleker.no\/wp-content\/uploads\/2022\/02\/paw-patrol-chases-deluxe-kjoretoy.jpg\",\"datePublished\":\"2022-02-08T19:58:25+00:00\",\"breadcrumb\":{\"@id\":\"https:\/\/barneleker.no\/index.php\/product\/paw-patrol-chases-deluxe-kjoretoy\/#breadcrumb\"},\"inLanguage\":\"nb-NO\",\"potentialAction\":[{\"@type\":\"ReadAction\",\"target\":[\"https:\/\/barneleker.no\/index.php\/product\/paw-patrol-chases-deluxe-kjoretoy\/\"]}]},{\"@type\":\"ImageObject\",\"inLanguage\":\"nb-NO\",\"@id\":\"https:\/\/barneleker.no\/index.php\/product\/paw-patrol-chases-deluxe-kjoretoy\/#primaryimage\",\"url\":\"https:\/\/barneleker.no\/wp-content\/uploads\/2022\/02\/paw-patrol-chases-deluxe-kjoretoy.jpg\",\"contentUrl\":\"https:\/\/barneleker.no\/wp-content\/uploads\/2022\/02\/paw-patrol-chases-deluxe-kjoretoy.jpg\",\"width\":555,\"height\":555},{\"@type\":\"BreadcrumbList\",\"@id\":\"https:\/\/barneleker.no\/index.php\/product\/paw-patrol-chases-deluxe-kjoretoy\/#breadcrumb\",\"itemListElement\":[{\"@type\":\"ListItem\",\"position\":1,\"name\":\"Butikken\",\"item\":\"https:\/\/barneleker.no\/\"},{\"@type\":\"ListItem\",\"position\":2,\"name\":\"Paw Patrol, Chase&#8217;s Deluxe kj\u00f8ret\u00f8y\"}]},{\"@type\":\"WebSite\",\"@id\":\"https:\/\/barneleker.no\/#website\",\"url\":\"https:\/\/barneleker.no\/\",\"name\":\"Barneleker.no\",\"description\":\"Selvf\u00f8lgelig!\",\"publisher\":{\"@id\":\"https:\/\/barneleker.no\/#organization\"},\"potentialAction\":[{\"@type\":\"SearchAction\",\"target\":{\"@type\":\"EntryPoint\",\"urlTemplate\":\"https:\/\/barneleker.no\/?s={search_term_string}\"},\"query-input\":{\"@type\":\"PropertyValueSpecification\",\"valueRequired\":true,\"valueName\":\"search_term_string\"}}],\"inLanguage\":\"nb-NO\"},{\"@type\":\"Organization\",\"@id\":\"https:\/\/barneleker.no\/#organization\",\"name\":\"Barneleker.no\",\"url\":\"https:\/\/barneleker.no\/\",\"logo\":{\"@type\":\"ImageObject\",\"inLanguage\":\"nb-NO\",\"@id\":\"https:\/\/barneleker.no\/#\/schema\/logo\/image\/\",\"url\":\"https:\/\/barneleker.no\/wp-content\/uploads\/2021\/11\/barneleker_logo-780x150-1.jpg\",\"contentUrl\":\"https:\/\/barneleker.no\/wp-content\/uploads\/2021\/11\/barneleker_logo-780x150-1.jpg\",\"width\":780,\"height\":150,\"caption\":\"Barneleker.no\"},\"image\":{\"@id\":\"https:\/\/barneleker.no\/#\/schema\/logo\/image\/\"}}]}<\/script>\n<!-- \/ Yoast SEO plugin. -->","yoast_head_json":{"title":"Paw Patrol, Chase's Deluxe kj\u00f8ret\u00f8y - Barneleker.no","robots":{"index":"index","follow":"follow","max-snippet":"max-snippet:-1","max-image-preview":"max-image-preview:large","max-video-preview":"max-video-preview:-1"},"canonical":"https:\/\/barneleker.no\/index.php\/product\/paw-patrol-chases-deluxe-kjoretoy\/","og_locale":"nb_NO","og_type":"article","og_title":"Paw Patrol, Chase's Deluxe kj\u00f8ret\u00f8y - Barneleker.no","og_description":"Hold ut, hjelpen er p\u00e5 vei! Redd dagen, med de bed\u00e5rende valpene fra Paw Patrol \u2013 det hele handler om \u00e5 samarbeide, s\u00e5 dere skal&hellip;","og_url":"https:\/\/barneleker.no\/index.php\/product\/paw-patrol-chases-deluxe-kjoretoy\/","og_site_name":"Barneleker.no","twitter_card":"summary_large_image","schema":{"@context":"https:\/\/schema.org","@graph":[{"@type":"WebPage","@id":"https:\/\/barneleker.no\/index.php\/product\/paw-patrol-chases-deluxe-kjoretoy\/","url":"https:\/\/barneleker.no\/index.php\/product\/paw-patrol-chases-deluxe-kjoretoy\/","name":"Paw Patrol, Chase's Deluxe kj\u00f8ret\u00f8y - Barneleker.no","isPartOf":{"@id":"https:\/\/barneleker.no\/#website"},"primaryImageOfPage":{"@id":"https:\/\/barneleker.no\/index.php\/product\/paw-patrol-chases-deluxe-kjoretoy\/#primaryimage"},"image":{"@id":"https:\/\/barneleker.no\/index.php\/product\/paw-patrol-chases-deluxe-kjoretoy\/#primaryimage"},"thumbnailUrl":"https:\/\/barneleker.no\/wp-content\/uploads\/2022\/02\/paw-patrol-chases-deluxe-kjoretoy.jpg","datePublished":"2022-02-08T19:58:25+00:00","breadcrumb":{"@id":"https:\/\/barneleker.no\/index.php\/product\/paw-patrol-chases-deluxe-kjoretoy\/#breadcrumb"},"inLanguage":"nb-NO","potentialAction":[{"@type":"ReadAction","target":["https:\/\/barneleker.no\/index.php\/product\/paw-patrol-chases-deluxe-kjoretoy\/"]}]},{"@type":"ImageObject","inLanguage":"nb-NO","@id":"https:\/\/barneleker.no\/index.php\/product\/paw-patrol-chases-deluxe-kjoretoy\/#primaryimage","url":"https:\/\/barneleker.no\/wp-content\/uploads\/2022\/02\/paw-patrol-chases-deluxe-kjoretoy.jpg","contentUrl":"https:\/\/barneleker.no\/wp-content\/uploads\/2022\/02\/paw-patrol-chases-deluxe-kjoretoy.jpg","width":555,"height":555},{"@type":"BreadcrumbList","@id":"https:\/\/barneleker.no\/index.php\/product\/paw-patrol-chases-deluxe-kjoretoy\/#breadcrumb","itemListElement":[{"@type":"ListItem","position":1,"name":"Butikken","item":"https:\/\/barneleker.no\/"},{"@type":"ListItem","position":2,"name":"Paw Patrol, Chase&#8217;s Deluxe kj\u00f8ret\u00f8y"}]},{"@type":"WebSite","@id":"https:\/\/barneleker.no\/#website","url":"https:\/\/barneleker.no\/","name":"Barneleker.no","description":"Selvf\u00f8lgelig!","publisher":{"@id":"https:\/\/barneleker.no\/#organization"},"potentialAction":[{"@type":"SearchAction","target":{"@type":"EntryPoint","urlTemplate":"https:\/\/barneleker.no\/?s={search_term_string}"},"query-input":{"@type":"PropertyValueSpecification","valueRequired":true,"valueName":"search_term_string"}}],"inLanguage":"nb-NO"},{"@type":"Organization","@id":"https:\/\/barneleker.no\/#organization","name":"Barneleker.no","url":"https:\/\/barneleker.no\/","logo":{"@type":"ImageObject","inLanguage":"nb-NO","@id":"https:\/\/barneleker.no\/#\/schema\/logo\/image\/","url":"https:\/\/barneleker.no\/wp-content\/uploads\/2021\/11\/barneleker_logo-780x150-1.jpg","contentUrl":"https:\/\/barneleker.no\/wp-content\/uploads\/2021\/11\/barneleker_logo-780x150-1.jpg","width":780,"height":150,"caption":"Barneleker.no"},"image":{"@id":"https:\/\/barneleker.no\/#\/schema\/logo\/image\/"}}]}},"_links":{"self":[{"href":"https:\/\/barneleker.no\/index.php\/wp-json\/wp\/v2\/product\/13745","targetHints":{"allow":["GET"]}}],"collection":[{"href":"https:\/\/barneleker.no\/index.php\/wp-json\/wp\/v2\/product"}],"about":[{"href":"https:\/\/barneleker.no\/index.php\/wp-json\/wp\/v2\/types\/product"}],"replies":[{"embeddable":true,"href":"https:\/\/barneleker.no\/index.php\/wp-json\/wp\/v2\/comments?post=13745"}],"wp:featuredmedia":[{"embeddable":true,"href":"https:\/\/barneleker.no\/index.php\/wp-json\/wp\/v2\/media\/13744"}],"wp:attachment":[{"href":"https:\/\/barneleker.no\/index.php\/wp-json\/wp\/v2\/media?parent=13745"}],"wp:term":[{"taxonomy":"product_brand","embeddable":true,"href":"https:\/\/barneleker.no\/index.php\/wp-json\/wp\/v2\/product_brand?post=13745"},{"taxonomy":"product_cat","embeddable":true,"href":"https:\/\/barneleker.no\/index.php\/wp-json\/wp\/v2\/product_cat?post=13745"},{"taxonomy":"product_tag","embeddable":true,"href":"https:\/\/barneleker.no\/index.php\/wp-json\/wp\/v2\/product_tag?post=13745"}],"curies":[{"name":"wp","href":"https:\/\/api.w.org\/{rel}","templated":true}]}}