{"id":13755,"date":"2022-02-08T19:58:30","date_gmt":"2022-02-08T19:58:30","guid":{"rendered":"https:\/\/barneleker.no\/index.php\/product\/lego-city-60265-forskningsbase\/"},"modified":"2022-02-08T19:58:30","modified_gmt":"2022-02-08T19:58:30","slug":"lego-city-60265-forskningsbase","status":"publish","type":"product","link":"https:\/\/barneleker.no\/index.php\/product\/lego-city-60265-forskningsbase\/","title":{"rendered":"LEGO City 60265, Forskningsbase"},"content":{"rendered":"<p>Barn som er glad i havet og livet under havoverflaten, vil garantert like lekesettet LEGO\u00ae City forskningsbase (60265). Barn kan utforske den koralldekte havbunnen og slappe av inne p\u00e5 forskningsbasen, med bo- og forskningsmoduler som kan flyttes om p\u00e5. Settet byr p\u00e5 masse spennende lek for barn med en kul lekekran, ub\u00e5t, undervannsdrone, figurer av e hai og en skate samt fem minifigurer av utforskere!  En engasjerende byggeopplevelse Denne LEGO\u00ae City leken for barn fra fem \u00e5r og oppover, inkluderer byggeinstruksjoner. Du kan ogs\u00e5 laste ned Instructions PLUS, som er en del av LEGO Building Instructions appen for smarttelefoner og nettbrett, og inneholder funksjoner for zooming og rotasjon av modellen som gj\u00f8r ferske LEGO byggere til mesterbyggere p\u00e5 null tid!  Kul utforskningsleke for barn LEGO City er stolt st\u00f8ttespiller av National Geographic Explorers. V\u00e5re havlekesett inkluderer funksjonsrike bygninger, kule fart\u00f8y og g\u00f8yale figurer som skaper realistiske lekesecenarioer og inspirerer blivende utforskere.<\/p>\n","protected":false},"excerpt":{"rendered":"<p>Barn som er glad i havet og livet under havoverflaten, vil garantert like lekesettet LEGO\u00ae City forskningsbase (60265). Barn kan utforske den koralldekte havbunnen og&hellip;<\/p>\n","protected":false},"featured_media":13754,"comment_status":"open","ping_status":"closed","template":"","meta":[],"product_brand":[],"product_cat":[528],"product_tag":[],"class_list":{"0":"post-13755","1":"product","2":"type-product","3":"status-publish","4":"has-post-thumbnail","6":"product_cat-set-exklusiva-lego","8":"first","9":"instock","10":"shipping-taxable","11":"product-type-external","12":"customify-col"},"yoast_head":"<!-- This site is optimized with the Yoast SEO plugin v26.0 - https:\/\/yoast.com\/wordpress\/plugins\/seo\/ -->\n<title>LEGO City 60265, Forskningsbase - Barneleker.no<\/title>\n<meta name=\"robots\" content=\"index, follow, max-snippet:-1, max-image-preview:large, max-video-preview:-1\" \/>\n<link rel=\"canonical\" href=\"https:\/\/barneleker.no\/index.php\/product\/lego-city-60265-forskningsbase\/\" \/>\n<meta property=\"og:locale\" content=\"nb_NO\" \/>\n<meta property=\"og:type\" content=\"article\" \/>\n<meta property=\"og:title\" content=\"LEGO City 60265, Forskningsbase - Barneleker.no\" \/>\n<meta property=\"og:description\" content=\"Barn som er glad i havet og livet under havoverflaten, vil garantert like lekesettet LEGO\u00ae City forskningsbase (60265). Barn kan utforske den koralldekte havbunnen og&hellip;\" \/>\n<meta property=\"og:url\" content=\"https:\/\/barneleker.no\/index.php\/product\/lego-city-60265-forskningsbase\/\" \/>\n<meta property=\"og:site_name\" content=\"Barneleker.no\" \/>\n<meta name=\"twitter:card\" content=\"summary_large_image\" \/>\n<meta name=\"twitter:label1\" content=\"Ansl. lesetid\" \/>\n\t<meta name=\"twitter:data1\" content=\"1 minutt\" \/>\n<script type=\"application\/ld+json\" class=\"yoast-schema-graph\">{\"@context\":\"https:\/\/schema.org\",\"@graph\":[{\"@type\":\"WebPage\",\"@id\":\"https:\/\/barneleker.no\/index.php\/product\/lego-city-60265-forskningsbase\/\",\"url\":\"https:\/\/barneleker.no\/index.php\/product\/lego-city-60265-forskningsbase\/\",\"name\":\"LEGO City 60265, Forskningsbase - Barneleker.no\",\"isPartOf\":{\"@id\":\"https:\/\/barneleker.no\/#website\"},\"primaryImageOfPage\":{\"@id\":\"https:\/\/barneleker.no\/index.php\/product\/lego-city-60265-forskningsbase\/#primaryimage\"},\"image\":{\"@id\":\"https:\/\/barneleker.no\/index.php\/product\/lego-city-60265-forskningsbase\/#primaryimage\"},\"thumbnailUrl\":\"https:\/\/barneleker.no\/wp-content\/uploads\/2022\/02\/lego-city-60265-forskningsbase.jpg\",\"datePublished\":\"2022-02-08T19:58:30+00:00\",\"breadcrumb\":{\"@id\":\"https:\/\/barneleker.no\/index.php\/product\/lego-city-60265-forskningsbase\/#breadcrumb\"},\"inLanguage\":\"nb-NO\",\"potentialAction\":[{\"@type\":\"ReadAction\",\"target\":[\"https:\/\/barneleker.no\/index.php\/product\/lego-city-60265-forskningsbase\/\"]}]},{\"@type\":\"ImageObject\",\"inLanguage\":\"nb-NO\",\"@id\":\"https:\/\/barneleker.no\/index.php\/product\/lego-city-60265-forskningsbase\/#primaryimage\",\"url\":\"https:\/\/barneleker.no\/wp-content\/uploads\/2022\/02\/lego-city-60265-forskningsbase.jpg\",\"contentUrl\":\"https:\/\/barneleker.no\/wp-content\/uploads\/2022\/02\/lego-city-60265-forskningsbase.jpg\",\"width\":555,\"height\":555},{\"@type\":\"BreadcrumbList\",\"@id\":\"https:\/\/barneleker.no\/index.php\/product\/lego-city-60265-forskningsbase\/#breadcrumb\",\"itemListElement\":[{\"@type\":\"ListItem\",\"position\":1,\"name\":\"Butikken\",\"item\":\"https:\/\/barneleker.no\/\"},{\"@type\":\"ListItem\",\"position\":2,\"name\":\"LEGO City 60265, Forskningsbase\"}]},{\"@type\":\"WebSite\",\"@id\":\"https:\/\/barneleker.no\/#website\",\"url\":\"https:\/\/barneleker.no\/\",\"name\":\"Barneleker.no\",\"description\":\"Selvf\u00f8lgelig!\",\"publisher\":{\"@id\":\"https:\/\/barneleker.no\/#organization\"},\"potentialAction\":[{\"@type\":\"SearchAction\",\"target\":{\"@type\":\"EntryPoint\",\"urlTemplate\":\"https:\/\/barneleker.no\/?s={search_term_string}\"},\"query-input\":{\"@type\":\"PropertyValueSpecification\",\"valueRequired\":true,\"valueName\":\"search_term_string\"}}],\"inLanguage\":\"nb-NO\"},{\"@type\":\"Organization\",\"@id\":\"https:\/\/barneleker.no\/#organization\",\"name\":\"Barneleker.no\",\"url\":\"https:\/\/barneleker.no\/\",\"logo\":{\"@type\":\"ImageObject\",\"inLanguage\":\"nb-NO\",\"@id\":\"https:\/\/barneleker.no\/#\/schema\/logo\/image\/\",\"url\":\"https:\/\/barneleker.no\/wp-content\/uploads\/2021\/11\/barneleker_logo-780x150-1.jpg\",\"contentUrl\":\"https:\/\/barneleker.no\/wp-content\/uploads\/2021\/11\/barneleker_logo-780x150-1.jpg\",\"width\":780,\"height\":150,\"caption\":\"Barneleker.no\"},\"image\":{\"@id\":\"https:\/\/barneleker.no\/#\/schema\/logo\/image\/\"}}]}<\/script>\n<!-- \/ Yoast SEO plugin. -->","yoast_head_json":{"title":"LEGO City 60265, Forskningsbase - Barneleker.no","robots":{"index":"index","follow":"follow","max-snippet":"max-snippet:-1","max-image-preview":"max-image-preview:large","max-video-preview":"max-video-preview:-1"},"canonical":"https:\/\/barneleker.no\/index.php\/product\/lego-city-60265-forskningsbase\/","og_locale":"nb_NO","og_type":"article","og_title":"LEGO City 60265, Forskningsbase - Barneleker.no","og_description":"Barn som er glad i havet og livet under havoverflaten, vil garantert like lekesettet LEGO\u00ae City forskningsbase (60265). Barn kan utforske den koralldekte havbunnen og&hellip;","og_url":"https:\/\/barneleker.no\/index.php\/product\/lego-city-60265-forskningsbase\/","og_site_name":"Barneleker.no","twitter_card":"summary_large_image","twitter_misc":{"Ansl. lesetid":"1 minutt"},"schema":{"@context":"https:\/\/schema.org","@graph":[{"@type":"WebPage","@id":"https:\/\/barneleker.no\/index.php\/product\/lego-city-60265-forskningsbase\/","url":"https:\/\/barneleker.no\/index.php\/product\/lego-city-60265-forskningsbase\/","name":"LEGO City 60265, Forskningsbase - Barneleker.no","isPartOf":{"@id":"https:\/\/barneleker.no\/#website"},"primaryImageOfPage":{"@id":"https:\/\/barneleker.no\/index.php\/product\/lego-city-60265-forskningsbase\/#primaryimage"},"image":{"@id":"https:\/\/barneleker.no\/index.php\/product\/lego-city-60265-forskningsbase\/#primaryimage"},"thumbnailUrl":"https:\/\/barneleker.no\/wp-content\/uploads\/2022\/02\/lego-city-60265-forskningsbase.jpg","datePublished":"2022-02-08T19:58:30+00:00","breadcrumb":{"@id":"https:\/\/barneleker.no\/index.php\/product\/lego-city-60265-forskningsbase\/#breadcrumb"},"inLanguage":"nb-NO","potentialAction":[{"@type":"ReadAction","target":["https:\/\/barneleker.no\/index.php\/product\/lego-city-60265-forskningsbase\/"]}]},{"@type":"ImageObject","inLanguage":"nb-NO","@id":"https:\/\/barneleker.no\/index.php\/product\/lego-city-60265-forskningsbase\/#primaryimage","url":"https:\/\/barneleker.no\/wp-content\/uploads\/2022\/02\/lego-city-60265-forskningsbase.jpg","contentUrl":"https:\/\/barneleker.no\/wp-content\/uploads\/2022\/02\/lego-city-60265-forskningsbase.jpg","width":555,"height":555},{"@type":"BreadcrumbList","@id":"https:\/\/barneleker.no\/index.php\/product\/lego-city-60265-forskningsbase\/#breadcrumb","itemListElement":[{"@type":"ListItem","position":1,"name":"Butikken","item":"https:\/\/barneleker.no\/"},{"@type":"ListItem","position":2,"name":"LEGO City 60265, Forskningsbase"}]},{"@type":"WebSite","@id":"https:\/\/barneleker.no\/#website","url":"https:\/\/barneleker.no\/","name":"Barneleker.no","description":"Selvf\u00f8lgelig!","publisher":{"@id":"https:\/\/barneleker.no\/#organization"},"potentialAction":[{"@type":"SearchAction","target":{"@type":"EntryPoint","urlTemplate":"https:\/\/barneleker.no\/?s={search_term_string}"},"query-input":{"@type":"PropertyValueSpecification","valueRequired":true,"valueName":"search_term_string"}}],"inLanguage":"nb-NO"},{"@type":"Organization","@id":"https:\/\/barneleker.no\/#organization","name":"Barneleker.no","url":"https:\/\/barneleker.no\/","logo":{"@type":"ImageObject","inLanguage":"nb-NO","@id":"https:\/\/barneleker.no\/#\/schema\/logo\/image\/","url":"https:\/\/barneleker.no\/wp-content\/uploads\/2021\/11\/barneleker_logo-780x150-1.jpg","contentUrl":"https:\/\/barneleker.no\/wp-content\/uploads\/2021\/11\/barneleker_logo-780x150-1.jpg","width":780,"height":150,"caption":"Barneleker.no"},"image":{"@id":"https:\/\/barneleker.no\/#\/schema\/logo\/image\/"}}]}},"_links":{"self":[{"href":"https:\/\/barneleker.no\/index.php\/wp-json\/wp\/v2\/product\/13755","targetHints":{"allow":["GET"]}}],"collection":[{"href":"https:\/\/barneleker.no\/index.php\/wp-json\/wp\/v2\/product"}],"about":[{"href":"https:\/\/barneleker.no\/index.php\/wp-json\/wp\/v2\/types\/product"}],"replies":[{"embeddable":true,"href":"https:\/\/barneleker.no\/index.php\/wp-json\/wp\/v2\/comments?post=13755"}],"wp:featuredmedia":[{"embeddable":true,"href":"https:\/\/barneleker.no\/index.php\/wp-json\/wp\/v2\/media\/13754"}],"wp:attachment":[{"href":"https:\/\/barneleker.no\/index.php\/wp-json\/wp\/v2\/media?parent=13755"}],"wp:term":[{"taxonomy":"product_brand","embeddable":true,"href":"https:\/\/barneleker.no\/index.php\/wp-json\/wp\/v2\/product_brand?post=13755"},{"taxonomy":"product_cat","embeddable":true,"href":"https:\/\/barneleker.no\/index.php\/wp-json\/wp\/v2\/product_cat?post=13755"},{"taxonomy":"product_tag","embeddable":true,"href":"https:\/\/barneleker.no\/index.php\/wp-json\/wp\/v2\/product_tag?post=13755"}],"curies":[{"name":"wp","href":"https:\/\/api.w.org\/{rel}","templated":true}]}}