{"id":13757,"date":"2022-02-08T19:58:31","date_gmt":"2022-02-08T19:58:31","guid":{"rendered":"https:\/\/barneleker.no\/index.php\/product\/jabadabado-jabadabado-bilbane-med-vei-rosa\/"},"modified":"2022-02-08T19:58:31","modified_gmt":"2022-02-08T19:58:31","slug":"jabadabado-jabadabado-bilbane-med-vei-rosa","status":"publish","type":"product","link":"https:\/\/barneleker.no\/index.php\/product\/jabadabado-jabadabado-bilbane-med-vei-rosa\/","title":{"rendered":"Jabadabado JaBaDaBaDo Bilbane med vei (rosa)"},"content":{"rendered":"<p>Bilbanen er en sann klassiker som har eksistert i mange \u00e5r. Monter skinnene og bilturen kan begynne. Bygge broer og plante ut fine tr\u00e6r, bygge en vakker by med hus og kirke, og glem ikke \u00e5 plassere stoppskilt p\u00e5 et egnet sted. Se opp s\u00e5 du ikke kolliderer med hesten p\u00e5 veien. Stopp og ta en pause ved iskremkiosken. Monter bilvognene ved hjelp av magneter, og la reisen starter. Bilbanen fremmer kreativitet og forst\u00e5else av b\u00e5de byggelek og trafikkregler i tidlig alder.<\/p>\n","protected":false},"excerpt":{"rendered":"<p>Bilbanen er en sann klassiker som har eksistert i mange \u00e5r. Monter skinnene og bilturen kan begynne. Bygge broer og plante ut fine tr\u00e6r, bygge&hellip;<\/p>\n","protected":false},"featured_media":13756,"comment_status":"open","ping_status":"closed","template":"","meta":[],"product_brand":[],"product_cat":[529],"product_tag":[],"class_list":{"0":"post-13757","1":"product","2":"type-product","3":"status-publish","4":"has-post-thumbnail","6":"product_cat-bilbanor","8":"first","9":"instock","10":"shipping-taxable","11":"product-type-external","12":"customify-col"},"yoast_head":"<!-- This site is optimized with the Yoast SEO plugin v26.0 - https:\/\/yoast.com\/wordpress\/plugins\/seo\/ -->\n<title>Jabadabado JaBaDaBaDo Bilbane med vei (rosa) - Barneleker.no<\/title>\n<meta name=\"robots\" content=\"index, follow, max-snippet:-1, max-image-preview:large, max-video-preview:-1\" \/>\n<link rel=\"canonical\" href=\"https:\/\/barneleker.no\/index.php\/product\/jabadabado-jabadabado-bilbane-med-vei-rosa\/\" \/>\n<meta property=\"og:locale\" content=\"nb_NO\" \/>\n<meta property=\"og:type\" content=\"article\" \/>\n<meta property=\"og:title\" content=\"Jabadabado JaBaDaBaDo Bilbane med vei (rosa) - Barneleker.no\" \/>\n<meta property=\"og:description\" content=\"Bilbanen er en sann klassiker som har eksistert i mange \u00e5r. Monter skinnene og bilturen kan begynne. Bygge broer og plante ut fine tr\u00e6r, bygge&hellip;\" \/>\n<meta property=\"og:url\" content=\"https:\/\/barneleker.no\/index.php\/product\/jabadabado-jabadabado-bilbane-med-vei-rosa\/\" \/>\n<meta property=\"og:site_name\" content=\"Barneleker.no\" \/>\n<meta name=\"twitter:card\" content=\"summary_large_image\" \/>\n<script type=\"application\/ld+json\" class=\"yoast-schema-graph\">{\"@context\":\"https:\/\/schema.org\",\"@graph\":[{\"@type\":\"WebPage\",\"@id\":\"https:\/\/barneleker.no\/index.php\/product\/jabadabado-jabadabado-bilbane-med-vei-rosa\/\",\"url\":\"https:\/\/barneleker.no\/index.php\/product\/jabadabado-jabadabado-bilbane-med-vei-rosa\/\",\"name\":\"Jabadabado JaBaDaBaDo Bilbane med vei (rosa) - Barneleker.no\",\"isPartOf\":{\"@id\":\"https:\/\/barneleker.no\/#website\"},\"primaryImageOfPage\":{\"@id\":\"https:\/\/barneleker.no\/index.php\/product\/jabadabado-jabadabado-bilbane-med-vei-rosa\/#primaryimage\"},\"image\":{\"@id\":\"https:\/\/barneleker.no\/index.php\/product\/jabadabado-jabadabado-bilbane-med-vei-rosa\/#primaryimage\"},\"thumbnailUrl\":\"https:\/\/barneleker.no\/wp-content\/uploads\/2022\/02\/jabadabado-bilbane-med-vei-rosa.jpg\",\"datePublished\":\"2022-02-08T19:58:31+00:00\",\"breadcrumb\":{\"@id\":\"https:\/\/barneleker.no\/index.php\/product\/jabadabado-jabadabado-bilbane-med-vei-rosa\/#breadcrumb\"},\"inLanguage\":\"nb-NO\",\"potentialAction\":[{\"@type\":\"ReadAction\",\"target\":[\"https:\/\/barneleker.no\/index.php\/product\/jabadabado-jabadabado-bilbane-med-vei-rosa\/\"]}]},{\"@type\":\"ImageObject\",\"inLanguage\":\"nb-NO\",\"@id\":\"https:\/\/barneleker.no\/index.php\/product\/jabadabado-jabadabado-bilbane-med-vei-rosa\/#primaryimage\",\"url\":\"https:\/\/barneleker.no\/wp-content\/uploads\/2022\/02\/jabadabado-bilbane-med-vei-rosa.jpg\",\"contentUrl\":\"https:\/\/barneleker.no\/wp-content\/uploads\/2022\/02\/jabadabado-bilbane-med-vei-rosa.jpg\",\"width\":555,\"height\":555},{\"@type\":\"BreadcrumbList\",\"@id\":\"https:\/\/barneleker.no\/index.php\/product\/jabadabado-jabadabado-bilbane-med-vei-rosa\/#breadcrumb\",\"itemListElement\":[{\"@type\":\"ListItem\",\"position\":1,\"name\":\"Butikken\",\"item\":\"https:\/\/barneleker.no\/\"},{\"@type\":\"ListItem\",\"position\":2,\"name\":\"Jabadabado JaBaDaBaDo Bilbane med vei (rosa)\"}]},{\"@type\":\"WebSite\",\"@id\":\"https:\/\/barneleker.no\/#website\",\"url\":\"https:\/\/barneleker.no\/\",\"name\":\"Barneleker.no\",\"description\":\"Selvf\u00f8lgelig!\",\"publisher\":{\"@id\":\"https:\/\/barneleker.no\/#organization\"},\"potentialAction\":[{\"@type\":\"SearchAction\",\"target\":{\"@type\":\"EntryPoint\",\"urlTemplate\":\"https:\/\/barneleker.no\/?s={search_term_string}\"},\"query-input\":{\"@type\":\"PropertyValueSpecification\",\"valueRequired\":true,\"valueName\":\"search_term_string\"}}],\"inLanguage\":\"nb-NO\"},{\"@type\":\"Organization\",\"@id\":\"https:\/\/barneleker.no\/#organization\",\"name\":\"Barneleker.no\",\"url\":\"https:\/\/barneleker.no\/\",\"logo\":{\"@type\":\"ImageObject\",\"inLanguage\":\"nb-NO\",\"@id\":\"https:\/\/barneleker.no\/#\/schema\/logo\/image\/\",\"url\":\"https:\/\/barneleker.no\/wp-content\/uploads\/2021\/11\/barneleker_logo-780x150-1.jpg\",\"contentUrl\":\"https:\/\/barneleker.no\/wp-content\/uploads\/2021\/11\/barneleker_logo-780x150-1.jpg\",\"width\":780,\"height\":150,\"caption\":\"Barneleker.no\"},\"image\":{\"@id\":\"https:\/\/barneleker.no\/#\/schema\/logo\/image\/\"}}]}<\/script>\n<!-- \/ Yoast SEO plugin. -->","yoast_head_json":{"title":"Jabadabado JaBaDaBaDo Bilbane med vei (rosa) - Barneleker.no","robots":{"index":"index","follow":"follow","max-snippet":"max-snippet:-1","max-image-preview":"max-image-preview:large","max-video-preview":"max-video-preview:-1"},"canonical":"https:\/\/barneleker.no\/index.php\/product\/jabadabado-jabadabado-bilbane-med-vei-rosa\/","og_locale":"nb_NO","og_type":"article","og_title":"Jabadabado JaBaDaBaDo Bilbane med vei (rosa) - Barneleker.no","og_description":"Bilbanen er en sann klassiker som har eksistert i mange \u00e5r. Monter skinnene og bilturen kan begynne. Bygge broer og plante ut fine tr\u00e6r, bygge&hellip;","og_url":"https:\/\/barneleker.no\/index.php\/product\/jabadabado-jabadabado-bilbane-med-vei-rosa\/","og_site_name":"Barneleker.no","twitter_card":"summary_large_image","schema":{"@context":"https:\/\/schema.org","@graph":[{"@type":"WebPage","@id":"https:\/\/barneleker.no\/index.php\/product\/jabadabado-jabadabado-bilbane-med-vei-rosa\/","url":"https:\/\/barneleker.no\/index.php\/product\/jabadabado-jabadabado-bilbane-med-vei-rosa\/","name":"Jabadabado JaBaDaBaDo Bilbane med vei (rosa) - Barneleker.no","isPartOf":{"@id":"https:\/\/barneleker.no\/#website"},"primaryImageOfPage":{"@id":"https:\/\/barneleker.no\/index.php\/product\/jabadabado-jabadabado-bilbane-med-vei-rosa\/#primaryimage"},"image":{"@id":"https:\/\/barneleker.no\/index.php\/product\/jabadabado-jabadabado-bilbane-med-vei-rosa\/#primaryimage"},"thumbnailUrl":"https:\/\/barneleker.no\/wp-content\/uploads\/2022\/02\/jabadabado-bilbane-med-vei-rosa.jpg","datePublished":"2022-02-08T19:58:31+00:00","breadcrumb":{"@id":"https:\/\/barneleker.no\/index.php\/product\/jabadabado-jabadabado-bilbane-med-vei-rosa\/#breadcrumb"},"inLanguage":"nb-NO","potentialAction":[{"@type":"ReadAction","target":["https:\/\/barneleker.no\/index.php\/product\/jabadabado-jabadabado-bilbane-med-vei-rosa\/"]}]},{"@type":"ImageObject","inLanguage":"nb-NO","@id":"https:\/\/barneleker.no\/index.php\/product\/jabadabado-jabadabado-bilbane-med-vei-rosa\/#primaryimage","url":"https:\/\/barneleker.no\/wp-content\/uploads\/2022\/02\/jabadabado-bilbane-med-vei-rosa.jpg","contentUrl":"https:\/\/barneleker.no\/wp-content\/uploads\/2022\/02\/jabadabado-bilbane-med-vei-rosa.jpg","width":555,"height":555},{"@type":"BreadcrumbList","@id":"https:\/\/barneleker.no\/index.php\/product\/jabadabado-jabadabado-bilbane-med-vei-rosa\/#breadcrumb","itemListElement":[{"@type":"ListItem","position":1,"name":"Butikken","item":"https:\/\/barneleker.no\/"},{"@type":"ListItem","position":2,"name":"Jabadabado JaBaDaBaDo Bilbane med vei (rosa)"}]},{"@type":"WebSite","@id":"https:\/\/barneleker.no\/#website","url":"https:\/\/barneleker.no\/","name":"Barneleker.no","description":"Selvf\u00f8lgelig!","publisher":{"@id":"https:\/\/barneleker.no\/#organization"},"potentialAction":[{"@type":"SearchAction","target":{"@type":"EntryPoint","urlTemplate":"https:\/\/barneleker.no\/?s={search_term_string}"},"query-input":{"@type":"PropertyValueSpecification","valueRequired":true,"valueName":"search_term_string"}}],"inLanguage":"nb-NO"},{"@type":"Organization","@id":"https:\/\/barneleker.no\/#organization","name":"Barneleker.no","url":"https:\/\/barneleker.no\/","logo":{"@type":"ImageObject","inLanguage":"nb-NO","@id":"https:\/\/barneleker.no\/#\/schema\/logo\/image\/","url":"https:\/\/barneleker.no\/wp-content\/uploads\/2021\/11\/barneleker_logo-780x150-1.jpg","contentUrl":"https:\/\/barneleker.no\/wp-content\/uploads\/2021\/11\/barneleker_logo-780x150-1.jpg","width":780,"height":150,"caption":"Barneleker.no"},"image":{"@id":"https:\/\/barneleker.no\/#\/schema\/logo\/image\/"}}]}},"_links":{"self":[{"href":"https:\/\/barneleker.no\/index.php\/wp-json\/wp\/v2\/product\/13757","targetHints":{"allow":["GET"]}}],"collection":[{"href":"https:\/\/barneleker.no\/index.php\/wp-json\/wp\/v2\/product"}],"about":[{"href":"https:\/\/barneleker.no\/index.php\/wp-json\/wp\/v2\/types\/product"}],"replies":[{"embeddable":true,"href":"https:\/\/barneleker.no\/index.php\/wp-json\/wp\/v2\/comments?post=13757"}],"wp:featuredmedia":[{"embeddable":true,"href":"https:\/\/barneleker.no\/index.php\/wp-json\/wp\/v2\/media\/13756"}],"wp:attachment":[{"href":"https:\/\/barneleker.no\/index.php\/wp-json\/wp\/v2\/media?parent=13757"}],"wp:term":[{"taxonomy":"product_brand","embeddable":true,"href":"https:\/\/barneleker.no\/index.php\/wp-json\/wp\/v2\/product_brand?post=13757"},{"taxonomy":"product_cat","embeddable":true,"href":"https:\/\/barneleker.no\/index.php\/wp-json\/wp\/v2\/product_cat?post=13757"},{"taxonomy":"product_tag","embeddable":true,"href":"https:\/\/barneleker.no\/index.php\/wp-json\/wp\/v2\/product_tag?post=13757"}],"curies":[{"name":"wp","href":"https:\/\/api.w.org\/{rel}","templated":true}]}}