{"id":13787,"date":"2022-02-08T19:58:41","date_gmt":"2022-02-08T19:58:41","guid":{"rendered":"https:\/\/barneleker.no\/index.php\/product\/lego-disney-princess-43187-rapunsels-tarn\/"},"modified":"2022-02-08T19:58:41","modified_gmt":"2022-02-08T19:58:41","slug":"lego-disney-princess-43187-rapunsels-tarn","status":"publish","type":"product","link":"https:\/\/barneleker.no\/index.php\/product\/lego-disney-princess-43187-rapunsels-tarn\/","title":{"rendered":"LEGO Disney Princess 43187, Rapunsels t\u00e5rn"},"content":{"rendered":"<p>Utforsk alle de spennende hemmelighetene i t\u00e5rnet til Disney-prinsessen Rapunsel! Nyt utsikten fra balkongen sammen med Pascal, f\u00f8r du hjelper Rapunsel med \u00e5 male ferdig et maleri p\u00e5 hobbyrommet. G\u00e5 til hulen i t\u00e5rnets grunnmur for \u00e5 se hva som skjuler seg bak den hemmelige d\u00f8ren. Etterp\u00e5 kan du huske litt, slappe av foran peisen eller bes\u00f8ke Den trygge andungen sammen med Flynn Rider. Etter en begivenhetsrik dag er det deilig \u00e5 kunne krype opp i sengen for en god natts s\u00f8vn!<\/p>\n","protected":false},"excerpt":{"rendered":"<p>Utforsk alle de spennende hemmelighetene i t\u00e5rnet til Disney-prinsessen Rapunsel! Nyt utsikten fra balkongen sammen med Pascal, f\u00f8r du hjelper Rapunsel med \u00e5 male ferdig&hellip;<\/p>\n","protected":false},"featured_media":13786,"comment_status":"open","ping_status":"closed","template":"","meta":[],"product_brand":[],"product_cat":[340],"product_tag":[],"class_list":{"0":"post-13787","1":"product","2":"type-product","3":"status-publish","4":"has-post-thumbnail","6":"product_cat-set","8":"first","9":"instock","10":"shipping-taxable","11":"product-type-external","12":"customify-col"},"yoast_head":"<!-- This site is optimized with the Yoast SEO plugin v26.0 - https:\/\/yoast.com\/wordpress\/plugins\/seo\/ -->\n<title>LEGO Disney Princess 43187, Rapunsels t\u00e5rn - Barneleker.no<\/title>\n<meta name=\"robots\" content=\"index, follow, max-snippet:-1, max-image-preview:large, max-video-preview:-1\" \/>\n<link rel=\"canonical\" href=\"https:\/\/barneleker.no\/index.php\/product\/lego-disney-princess-43187-rapunsels-tarn\/\" \/>\n<meta property=\"og:locale\" content=\"nb_NO\" \/>\n<meta property=\"og:type\" content=\"article\" \/>\n<meta property=\"og:title\" content=\"LEGO Disney Princess 43187, Rapunsels t\u00e5rn - Barneleker.no\" \/>\n<meta property=\"og:description\" content=\"Utforsk alle de spennende hemmelighetene i t\u00e5rnet til Disney-prinsessen Rapunsel! Nyt utsikten fra balkongen sammen med Pascal, f\u00f8r du hjelper Rapunsel med \u00e5 male ferdig&hellip;\" \/>\n<meta property=\"og:url\" content=\"https:\/\/barneleker.no\/index.php\/product\/lego-disney-princess-43187-rapunsels-tarn\/\" \/>\n<meta property=\"og:site_name\" content=\"Barneleker.no\" \/>\n<meta name=\"twitter:card\" content=\"summary_large_image\" \/>\n<script type=\"application\/ld+json\" class=\"yoast-schema-graph\">{\"@context\":\"https:\/\/schema.org\",\"@graph\":[{\"@type\":\"WebPage\",\"@id\":\"https:\/\/barneleker.no\/index.php\/product\/lego-disney-princess-43187-rapunsels-tarn\/\",\"url\":\"https:\/\/barneleker.no\/index.php\/product\/lego-disney-princess-43187-rapunsels-tarn\/\",\"name\":\"LEGO Disney Princess 43187, Rapunsels t\u00e5rn - Barneleker.no\",\"isPartOf\":{\"@id\":\"https:\/\/barneleker.no\/#website\"},\"primaryImageOfPage\":{\"@id\":\"https:\/\/barneleker.no\/index.php\/product\/lego-disney-princess-43187-rapunsels-tarn\/#primaryimage\"},\"image\":{\"@id\":\"https:\/\/barneleker.no\/index.php\/product\/lego-disney-princess-43187-rapunsels-tarn\/#primaryimage\"},\"thumbnailUrl\":\"https:\/\/barneleker.no\/wp-content\/uploads\/2022\/02\/lego-disney-princess-43187-rapunsels-tarn.jpg\",\"datePublished\":\"2022-02-08T19:58:41+00:00\",\"breadcrumb\":{\"@id\":\"https:\/\/barneleker.no\/index.php\/product\/lego-disney-princess-43187-rapunsels-tarn\/#breadcrumb\"},\"inLanguage\":\"nb-NO\",\"potentialAction\":[{\"@type\":\"ReadAction\",\"target\":[\"https:\/\/barneleker.no\/index.php\/product\/lego-disney-princess-43187-rapunsels-tarn\/\"]}]},{\"@type\":\"ImageObject\",\"inLanguage\":\"nb-NO\",\"@id\":\"https:\/\/barneleker.no\/index.php\/product\/lego-disney-princess-43187-rapunsels-tarn\/#primaryimage\",\"url\":\"https:\/\/barneleker.no\/wp-content\/uploads\/2022\/02\/lego-disney-princess-43187-rapunsels-tarn.jpg\",\"contentUrl\":\"https:\/\/barneleker.no\/wp-content\/uploads\/2022\/02\/lego-disney-princess-43187-rapunsels-tarn.jpg\",\"width\":555,\"height\":555},{\"@type\":\"BreadcrumbList\",\"@id\":\"https:\/\/barneleker.no\/index.php\/product\/lego-disney-princess-43187-rapunsels-tarn\/#breadcrumb\",\"itemListElement\":[{\"@type\":\"ListItem\",\"position\":1,\"name\":\"Butikken\",\"item\":\"https:\/\/barneleker.no\/\"},{\"@type\":\"ListItem\",\"position\":2,\"name\":\"LEGO Disney Princess 43187, Rapunsels t\u00e5rn\"}]},{\"@type\":\"WebSite\",\"@id\":\"https:\/\/barneleker.no\/#website\",\"url\":\"https:\/\/barneleker.no\/\",\"name\":\"Barneleker.no\",\"description\":\"Selvf\u00f8lgelig!\",\"publisher\":{\"@id\":\"https:\/\/barneleker.no\/#organization\"},\"potentialAction\":[{\"@type\":\"SearchAction\",\"target\":{\"@type\":\"EntryPoint\",\"urlTemplate\":\"https:\/\/barneleker.no\/?s={search_term_string}\"},\"query-input\":{\"@type\":\"PropertyValueSpecification\",\"valueRequired\":true,\"valueName\":\"search_term_string\"}}],\"inLanguage\":\"nb-NO\"},{\"@type\":\"Organization\",\"@id\":\"https:\/\/barneleker.no\/#organization\",\"name\":\"Barneleker.no\",\"url\":\"https:\/\/barneleker.no\/\",\"logo\":{\"@type\":\"ImageObject\",\"inLanguage\":\"nb-NO\",\"@id\":\"https:\/\/barneleker.no\/#\/schema\/logo\/image\/\",\"url\":\"https:\/\/barneleker.no\/wp-content\/uploads\/2021\/11\/barneleker_logo-780x150-1.jpg\",\"contentUrl\":\"https:\/\/barneleker.no\/wp-content\/uploads\/2021\/11\/barneleker_logo-780x150-1.jpg\",\"width\":780,\"height\":150,\"caption\":\"Barneleker.no\"},\"image\":{\"@id\":\"https:\/\/barneleker.no\/#\/schema\/logo\/image\/\"}}]}<\/script>\n<!-- \/ Yoast SEO plugin. -->","yoast_head_json":{"title":"LEGO Disney Princess 43187, Rapunsels t\u00e5rn - Barneleker.no","robots":{"index":"index","follow":"follow","max-snippet":"max-snippet:-1","max-image-preview":"max-image-preview:large","max-video-preview":"max-video-preview:-1"},"canonical":"https:\/\/barneleker.no\/index.php\/product\/lego-disney-princess-43187-rapunsels-tarn\/","og_locale":"nb_NO","og_type":"article","og_title":"LEGO Disney Princess 43187, Rapunsels t\u00e5rn - Barneleker.no","og_description":"Utforsk alle de spennende hemmelighetene i t\u00e5rnet til Disney-prinsessen Rapunsel! Nyt utsikten fra balkongen sammen med Pascal, f\u00f8r du hjelper Rapunsel med \u00e5 male ferdig&hellip;","og_url":"https:\/\/barneleker.no\/index.php\/product\/lego-disney-princess-43187-rapunsels-tarn\/","og_site_name":"Barneleker.no","twitter_card":"summary_large_image","schema":{"@context":"https:\/\/schema.org","@graph":[{"@type":"WebPage","@id":"https:\/\/barneleker.no\/index.php\/product\/lego-disney-princess-43187-rapunsels-tarn\/","url":"https:\/\/barneleker.no\/index.php\/product\/lego-disney-princess-43187-rapunsels-tarn\/","name":"LEGO Disney Princess 43187, Rapunsels t\u00e5rn - Barneleker.no","isPartOf":{"@id":"https:\/\/barneleker.no\/#website"},"primaryImageOfPage":{"@id":"https:\/\/barneleker.no\/index.php\/product\/lego-disney-princess-43187-rapunsels-tarn\/#primaryimage"},"image":{"@id":"https:\/\/barneleker.no\/index.php\/product\/lego-disney-princess-43187-rapunsels-tarn\/#primaryimage"},"thumbnailUrl":"https:\/\/barneleker.no\/wp-content\/uploads\/2022\/02\/lego-disney-princess-43187-rapunsels-tarn.jpg","datePublished":"2022-02-08T19:58:41+00:00","breadcrumb":{"@id":"https:\/\/barneleker.no\/index.php\/product\/lego-disney-princess-43187-rapunsels-tarn\/#breadcrumb"},"inLanguage":"nb-NO","potentialAction":[{"@type":"ReadAction","target":["https:\/\/barneleker.no\/index.php\/product\/lego-disney-princess-43187-rapunsels-tarn\/"]}]},{"@type":"ImageObject","inLanguage":"nb-NO","@id":"https:\/\/barneleker.no\/index.php\/product\/lego-disney-princess-43187-rapunsels-tarn\/#primaryimage","url":"https:\/\/barneleker.no\/wp-content\/uploads\/2022\/02\/lego-disney-princess-43187-rapunsels-tarn.jpg","contentUrl":"https:\/\/barneleker.no\/wp-content\/uploads\/2022\/02\/lego-disney-princess-43187-rapunsels-tarn.jpg","width":555,"height":555},{"@type":"BreadcrumbList","@id":"https:\/\/barneleker.no\/index.php\/product\/lego-disney-princess-43187-rapunsels-tarn\/#breadcrumb","itemListElement":[{"@type":"ListItem","position":1,"name":"Butikken","item":"https:\/\/barneleker.no\/"},{"@type":"ListItem","position":2,"name":"LEGO Disney Princess 43187, Rapunsels t\u00e5rn"}]},{"@type":"WebSite","@id":"https:\/\/barneleker.no\/#website","url":"https:\/\/barneleker.no\/","name":"Barneleker.no","description":"Selvf\u00f8lgelig!","publisher":{"@id":"https:\/\/barneleker.no\/#organization"},"potentialAction":[{"@type":"SearchAction","target":{"@type":"EntryPoint","urlTemplate":"https:\/\/barneleker.no\/?s={search_term_string}"},"query-input":{"@type":"PropertyValueSpecification","valueRequired":true,"valueName":"search_term_string"}}],"inLanguage":"nb-NO"},{"@type":"Organization","@id":"https:\/\/barneleker.no\/#organization","name":"Barneleker.no","url":"https:\/\/barneleker.no\/","logo":{"@type":"ImageObject","inLanguage":"nb-NO","@id":"https:\/\/barneleker.no\/#\/schema\/logo\/image\/","url":"https:\/\/barneleker.no\/wp-content\/uploads\/2021\/11\/barneleker_logo-780x150-1.jpg","contentUrl":"https:\/\/barneleker.no\/wp-content\/uploads\/2021\/11\/barneleker_logo-780x150-1.jpg","width":780,"height":150,"caption":"Barneleker.no"},"image":{"@id":"https:\/\/barneleker.no\/#\/schema\/logo\/image\/"}}]}},"_links":{"self":[{"href":"https:\/\/barneleker.no\/index.php\/wp-json\/wp\/v2\/product\/13787","targetHints":{"allow":["GET"]}}],"collection":[{"href":"https:\/\/barneleker.no\/index.php\/wp-json\/wp\/v2\/product"}],"about":[{"href":"https:\/\/barneleker.no\/index.php\/wp-json\/wp\/v2\/types\/product"}],"replies":[{"embeddable":true,"href":"https:\/\/barneleker.no\/index.php\/wp-json\/wp\/v2\/comments?post=13787"}],"wp:featuredmedia":[{"embeddable":true,"href":"https:\/\/barneleker.no\/index.php\/wp-json\/wp\/v2\/media\/13786"}],"wp:attachment":[{"href":"https:\/\/barneleker.no\/index.php\/wp-json\/wp\/v2\/media?parent=13787"}],"wp:term":[{"taxonomy":"product_brand","embeddable":true,"href":"https:\/\/barneleker.no\/index.php\/wp-json\/wp\/v2\/product_brand?post=13787"},{"taxonomy":"product_cat","embeddable":true,"href":"https:\/\/barneleker.no\/index.php\/wp-json\/wp\/v2\/product_cat?post=13787"},{"taxonomy":"product_tag","embeddable":true,"href":"https:\/\/barneleker.no\/index.php\/wp-json\/wp\/v2\/product_tag?post=13787"}],"curies":[{"name":"wp","href":"https:\/\/api.w.org\/{rel}","templated":true}]}}