{"id":13795,"date":"2022-02-08T19:58:44","date_gmt":"2022-02-08T19:58:44","guid":{"rendered":"https:\/\/barneleker.no\/index.php\/product\/brio-skinner-buet-170mm-4pk\/"},"modified":"2022-02-08T19:58:44","modified_gmt":"2022-02-08T19:58:44","slug":"brio-skinner-buet-170mm-4pk","status":"publish","type":"product","link":"https:\/\/barneleker.no\/index.php\/product\/brio-skinner-buet-170mm-4pk\/","title":{"rendered":"BRIO, Skinner buet, 170mm\/4pk"},"content":{"rendered":"<p>Veikurver i tre som utfyller eksisterende Brio jernbanespor. Skinnene er laget av lett tre og har spalter langs sidene for \u00e5 passe Brio-girene. BRIOs togskinner blir satt sammen og kobles enkelt som et puslespill. Variasjonsmulighetene er uendelige, og skinnene kan endres etter behov. Veikurvene passer til alle jernbaner fra BRIO, som gj\u00f8r det mulig \u00e5 forme jernbanesporet akkurat slik det vil. Pakken inneholder 4 stk buede skinner. Samle deler og kj\u00f8ret\u00f8y fra BRIO og bygg din egen BRIO verden. Antall deler: 4 stk M\u00e5l: 18 x 19 x 12 cm Pack st\u00f8rrelse: 19 x 6 x 6 cm Anbefales fra 3 \u00e5r.<\/p>\n","protected":false},"excerpt":{"rendered":"<p>Veikurver i tre som utfyller eksisterende Brio jernbanespor. Skinnene er laget av lett tre og har spalter langs sidene for \u00e5 passe Brio-girene. BRIOs togskinner&hellip;<\/p>\n","protected":false},"featured_media":13794,"comment_status":"open","ping_status":"closed","template":"","meta":[],"product_brand":[],"product_cat":[424],"product_tag":[],"class_list":{"0":"post-13795","1":"product","2":"type-product","3":"status-publish","4":"has-post-thumbnail","6":"product_cat-tagtillbehor","8":"first","9":"instock","10":"shipping-taxable","11":"product-type-external","12":"customify-col"},"yoast_head":"<!-- This site is optimized with the Yoast SEO plugin v26.0 - https:\/\/yoast.com\/wordpress\/plugins\/seo\/ -->\n<title>BRIO, Skinner buet, 170mm\/4pk - Barneleker.no<\/title>\n<meta name=\"robots\" content=\"index, follow, max-snippet:-1, max-image-preview:large, max-video-preview:-1\" \/>\n<link rel=\"canonical\" href=\"https:\/\/barneleker.no\/index.php\/product\/brio-skinner-buet-170mm-4pk\/\" \/>\n<meta property=\"og:locale\" content=\"nb_NO\" \/>\n<meta property=\"og:type\" content=\"article\" \/>\n<meta property=\"og:title\" content=\"BRIO, Skinner buet, 170mm\/4pk - Barneleker.no\" \/>\n<meta property=\"og:description\" content=\"Veikurver i tre som utfyller eksisterende Brio jernbanespor. Skinnene er laget av lett tre og har spalter langs sidene for \u00e5 passe Brio-girene. BRIOs togskinner&hellip;\" \/>\n<meta property=\"og:url\" content=\"https:\/\/barneleker.no\/index.php\/product\/brio-skinner-buet-170mm-4pk\/\" \/>\n<meta property=\"og:site_name\" content=\"Barneleker.no\" \/>\n<meta name=\"twitter:card\" content=\"summary_large_image\" \/>\n<script type=\"application\/ld+json\" class=\"yoast-schema-graph\">{\"@context\":\"https:\/\/schema.org\",\"@graph\":[{\"@type\":\"WebPage\",\"@id\":\"https:\/\/barneleker.no\/index.php\/product\/brio-skinner-buet-170mm-4pk\/\",\"url\":\"https:\/\/barneleker.no\/index.php\/product\/brio-skinner-buet-170mm-4pk\/\",\"name\":\"BRIO, Skinner buet, 170mm\/4pk - Barneleker.no\",\"isPartOf\":{\"@id\":\"https:\/\/barneleker.no\/#website\"},\"primaryImageOfPage\":{\"@id\":\"https:\/\/barneleker.no\/index.php\/product\/brio-skinner-buet-170mm-4pk\/#primaryimage\"},\"image\":{\"@id\":\"https:\/\/barneleker.no\/index.php\/product\/brio-skinner-buet-170mm-4pk\/#primaryimage\"},\"thumbnailUrl\":\"https:\/\/barneleker.no\/wp-content\/uploads\/2022\/02\/brio-skinner-buet-170mm-4pk.jpg\",\"datePublished\":\"2022-02-08T19:58:44+00:00\",\"breadcrumb\":{\"@id\":\"https:\/\/barneleker.no\/index.php\/product\/brio-skinner-buet-170mm-4pk\/#breadcrumb\"},\"inLanguage\":\"nb-NO\",\"potentialAction\":[{\"@type\":\"ReadAction\",\"target\":[\"https:\/\/barneleker.no\/index.php\/product\/brio-skinner-buet-170mm-4pk\/\"]}]},{\"@type\":\"ImageObject\",\"inLanguage\":\"nb-NO\",\"@id\":\"https:\/\/barneleker.no\/index.php\/product\/brio-skinner-buet-170mm-4pk\/#primaryimage\",\"url\":\"https:\/\/barneleker.no\/wp-content\/uploads\/2022\/02\/brio-skinner-buet-170mm-4pk.jpg\",\"contentUrl\":\"https:\/\/barneleker.no\/wp-content\/uploads\/2022\/02\/brio-skinner-buet-170mm-4pk.jpg\",\"width\":555,\"height\":555},{\"@type\":\"BreadcrumbList\",\"@id\":\"https:\/\/barneleker.no\/index.php\/product\/brio-skinner-buet-170mm-4pk\/#breadcrumb\",\"itemListElement\":[{\"@type\":\"ListItem\",\"position\":1,\"name\":\"Butikken\",\"item\":\"https:\/\/barneleker.no\/\"},{\"@type\":\"ListItem\",\"position\":2,\"name\":\"BRIO, Skinner buet, 170mm\/4pk\"}]},{\"@type\":\"WebSite\",\"@id\":\"https:\/\/barneleker.no\/#website\",\"url\":\"https:\/\/barneleker.no\/\",\"name\":\"Barneleker.no\",\"description\":\"Selvf\u00f8lgelig!\",\"publisher\":{\"@id\":\"https:\/\/barneleker.no\/#organization\"},\"potentialAction\":[{\"@type\":\"SearchAction\",\"target\":{\"@type\":\"EntryPoint\",\"urlTemplate\":\"https:\/\/barneleker.no\/?s={search_term_string}\"},\"query-input\":{\"@type\":\"PropertyValueSpecification\",\"valueRequired\":true,\"valueName\":\"search_term_string\"}}],\"inLanguage\":\"nb-NO\"},{\"@type\":\"Organization\",\"@id\":\"https:\/\/barneleker.no\/#organization\",\"name\":\"Barneleker.no\",\"url\":\"https:\/\/barneleker.no\/\",\"logo\":{\"@type\":\"ImageObject\",\"inLanguage\":\"nb-NO\",\"@id\":\"https:\/\/barneleker.no\/#\/schema\/logo\/image\/\",\"url\":\"https:\/\/barneleker.no\/wp-content\/uploads\/2021\/11\/barneleker_logo-780x150-1.jpg\",\"contentUrl\":\"https:\/\/barneleker.no\/wp-content\/uploads\/2021\/11\/barneleker_logo-780x150-1.jpg\",\"width\":780,\"height\":150,\"caption\":\"Barneleker.no\"},\"image\":{\"@id\":\"https:\/\/barneleker.no\/#\/schema\/logo\/image\/\"}}]}<\/script>\n<!-- \/ Yoast SEO plugin. -->","yoast_head_json":{"title":"BRIO, Skinner buet, 170mm\/4pk - Barneleker.no","robots":{"index":"index","follow":"follow","max-snippet":"max-snippet:-1","max-image-preview":"max-image-preview:large","max-video-preview":"max-video-preview:-1"},"canonical":"https:\/\/barneleker.no\/index.php\/product\/brio-skinner-buet-170mm-4pk\/","og_locale":"nb_NO","og_type":"article","og_title":"BRIO, Skinner buet, 170mm\/4pk - Barneleker.no","og_description":"Veikurver i tre som utfyller eksisterende Brio jernbanespor. Skinnene er laget av lett tre og har spalter langs sidene for \u00e5 passe Brio-girene. BRIOs togskinner&hellip;","og_url":"https:\/\/barneleker.no\/index.php\/product\/brio-skinner-buet-170mm-4pk\/","og_site_name":"Barneleker.no","twitter_card":"summary_large_image","schema":{"@context":"https:\/\/schema.org","@graph":[{"@type":"WebPage","@id":"https:\/\/barneleker.no\/index.php\/product\/brio-skinner-buet-170mm-4pk\/","url":"https:\/\/barneleker.no\/index.php\/product\/brio-skinner-buet-170mm-4pk\/","name":"BRIO, Skinner buet, 170mm\/4pk - Barneleker.no","isPartOf":{"@id":"https:\/\/barneleker.no\/#website"},"primaryImageOfPage":{"@id":"https:\/\/barneleker.no\/index.php\/product\/brio-skinner-buet-170mm-4pk\/#primaryimage"},"image":{"@id":"https:\/\/barneleker.no\/index.php\/product\/brio-skinner-buet-170mm-4pk\/#primaryimage"},"thumbnailUrl":"https:\/\/barneleker.no\/wp-content\/uploads\/2022\/02\/brio-skinner-buet-170mm-4pk.jpg","datePublished":"2022-02-08T19:58:44+00:00","breadcrumb":{"@id":"https:\/\/barneleker.no\/index.php\/product\/brio-skinner-buet-170mm-4pk\/#breadcrumb"},"inLanguage":"nb-NO","potentialAction":[{"@type":"ReadAction","target":["https:\/\/barneleker.no\/index.php\/product\/brio-skinner-buet-170mm-4pk\/"]}]},{"@type":"ImageObject","inLanguage":"nb-NO","@id":"https:\/\/barneleker.no\/index.php\/product\/brio-skinner-buet-170mm-4pk\/#primaryimage","url":"https:\/\/barneleker.no\/wp-content\/uploads\/2022\/02\/brio-skinner-buet-170mm-4pk.jpg","contentUrl":"https:\/\/barneleker.no\/wp-content\/uploads\/2022\/02\/brio-skinner-buet-170mm-4pk.jpg","width":555,"height":555},{"@type":"BreadcrumbList","@id":"https:\/\/barneleker.no\/index.php\/product\/brio-skinner-buet-170mm-4pk\/#breadcrumb","itemListElement":[{"@type":"ListItem","position":1,"name":"Butikken","item":"https:\/\/barneleker.no\/"},{"@type":"ListItem","position":2,"name":"BRIO, Skinner buet, 170mm\/4pk"}]},{"@type":"WebSite","@id":"https:\/\/barneleker.no\/#website","url":"https:\/\/barneleker.no\/","name":"Barneleker.no","description":"Selvf\u00f8lgelig!","publisher":{"@id":"https:\/\/barneleker.no\/#organization"},"potentialAction":[{"@type":"SearchAction","target":{"@type":"EntryPoint","urlTemplate":"https:\/\/barneleker.no\/?s={search_term_string}"},"query-input":{"@type":"PropertyValueSpecification","valueRequired":true,"valueName":"search_term_string"}}],"inLanguage":"nb-NO"},{"@type":"Organization","@id":"https:\/\/barneleker.no\/#organization","name":"Barneleker.no","url":"https:\/\/barneleker.no\/","logo":{"@type":"ImageObject","inLanguage":"nb-NO","@id":"https:\/\/barneleker.no\/#\/schema\/logo\/image\/","url":"https:\/\/barneleker.no\/wp-content\/uploads\/2021\/11\/barneleker_logo-780x150-1.jpg","contentUrl":"https:\/\/barneleker.no\/wp-content\/uploads\/2021\/11\/barneleker_logo-780x150-1.jpg","width":780,"height":150,"caption":"Barneleker.no"},"image":{"@id":"https:\/\/barneleker.no\/#\/schema\/logo\/image\/"}}]}},"_links":{"self":[{"href":"https:\/\/barneleker.no\/index.php\/wp-json\/wp\/v2\/product\/13795","targetHints":{"allow":["GET"]}}],"collection":[{"href":"https:\/\/barneleker.no\/index.php\/wp-json\/wp\/v2\/product"}],"about":[{"href":"https:\/\/barneleker.no\/index.php\/wp-json\/wp\/v2\/types\/product"}],"replies":[{"embeddable":true,"href":"https:\/\/barneleker.no\/index.php\/wp-json\/wp\/v2\/comments?post=13795"}],"wp:featuredmedia":[{"embeddable":true,"href":"https:\/\/barneleker.no\/index.php\/wp-json\/wp\/v2\/media\/13794"}],"wp:attachment":[{"href":"https:\/\/barneleker.no\/index.php\/wp-json\/wp\/v2\/media?parent=13795"}],"wp:term":[{"taxonomy":"product_brand","embeddable":true,"href":"https:\/\/barneleker.no\/index.php\/wp-json\/wp\/v2\/product_brand?post=13795"},{"taxonomy":"product_cat","embeddable":true,"href":"https:\/\/barneleker.no\/index.php\/wp-json\/wp\/v2\/product_cat?post=13795"},{"taxonomy":"product_tag","embeddable":true,"href":"https:\/\/barneleker.no\/index.php\/wp-json\/wp\/v2\/product_tag?post=13795"}],"curies":[{"name":"wp","href":"https:\/\/api.w.org\/{rel}","templated":true}]}}