{"id":13799,"date":"2022-02-08T19:58:45","date_gmt":"2022-02-08T19:58:45","guid":{"rendered":"https:\/\/barneleker.no\/index.php\/product\/humbleheart-babydukke-alisa-41-cm-med-myk-kropp-og-tilbehor\/"},"modified":"2022-02-08T19:58:45","modified_gmt":"2022-02-08T19:58:45","slug":"humbleheart-babydukke-alisa-41-cm-med-myk-kropp-og-tilbehor","status":"publish","type":"product","link":"https:\/\/barneleker.no\/index.php\/product\/humbleheart-babydukke-alisa-41-cm-med-myk-kropp-og-tilbehor\/","title":{"rendered":"Humble&#038;Heart, Babydukke Alisa 41 cm med myk kropp og tilbeh\u00f8r"},"content":{"rendered":"<p>Babydukker er et av de mest klassiske og elskede lekene gjennom tidene, selv n\u00e5r andre trender kommer og g\u00e5r. I dette settet f\u00e5r du en virkelig fin og stor babydukke med nydelig myk kropp og mange tilbeh\u00f8r som ikke mangler mye. Her har du alt som trengs for at babyen skal spise og sove.<\/p>\n","protected":false},"excerpt":{"rendered":"<p>Babydukker er et av de mest klassiske og elskede lekene gjennom tidene, selv n\u00e5r andre trender kommer og g\u00e5r. I dette settet f\u00e5r du en&hellip;<\/p>\n","protected":false},"featured_media":13798,"comment_status":"open","ping_status":"closed","template":"","meta":[],"product_brand":[],"product_cat":[345],"product_tag":[],"class_list":{"0":"post-13799","1":"product","2":"type-product","3":"status-publish","4":"has-post-thumbnail","6":"product_cat-dockor","8":"first","9":"instock","10":"shipping-taxable","11":"product-type-external","12":"customify-col"},"yoast_head":"<!-- This site is optimized with the Yoast SEO plugin v26.0 - https:\/\/yoast.com\/wordpress\/plugins\/seo\/ -->\n<title>Humble&amp;Heart, Babydukke Alisa 41 cm med myk kropp og tilbeh\u00f8r - Barneleker.no<\/title>\n<meta name=\"robots\" content=\"index, follow, max-snippet:-1, max-image-preview:large, max-video-preview:-1\" \/>\n<link rel=\"canonical\" href=\"https:\/\/barneleker.no\/index.php\/product\/humbleheart-babydukke-alisa-41-cm-med-myk-kropp-og-tilbehor\/\" \/>\n<meta property=\"og:locale\" content=\"nb_NO\" \/>\n<meta property=\"og:type\" content=\"article\" \/>\n<meta property=\"og:title\" content=\"Humble&amp;Heart, Babydukke Alisa 41 cm med myk kropp og tilbeh\u00f8r - Barneleker.no\" \/>\n<meta property=\"og:description\" content=\"Babydukker er et av de mest klassiske og elskede lekene gjennom tidene, selv n\u00e5r andre trender kommer og g\u00e5r. I dette settet f\u00e5r du en&hellip;\" \/>\n<meta property=\"og:url\" content=\"https:\/\/barneleker.no\/index.php\/product\/humbleheart-babydukke-alisa-41-cm-med-myk-kropp-og-tilbehor\/\" \/>\n<meta property=\"og:site_name\" content=\"Barneleker.no\" \/>\n<meta name=\"twitter:card\" content=\"summary_large_image\" \/>\n<script type=\"application\/ld+json\" class=\"yoast-schema-graph\">{\"@context\":\"https:\/\/schema.org\",\"@graph\":[{\"@type\":\"WebPage\",\"@id\":\"https:\/\/barneleker.no\/index.php\/product\/humbleheart-babydukke-alisa-41-cm-med-myk-kropp-og-tilbehor\/\",\"url\":\"https:\/\/barneleker.no\/index.php\/product\/humbleheart-babydukke-alisa-41-cm-med-myk-kropp-og-tilbehor\/\",\"name\":\"Humble&Heart, Babydukke Alisa 41 cm med myk kropp og tilbeh\u00f8r - Barneleker.no\",\"isPartOf\":{\"@id\":\"https:\/\/barneleker.no\/#website\"},\"primaryImageOfPage\":{\"@id\":\"https:\/\/barneleker.no\/index.php\/product\/humbleheart-babydukke-alisa-41-cm-med-myk-kropp-og-tilbehor\/#primaryimage\"},\"image\":{\"@id\":\"https:\/\/barneleker.no\/index.php\/product\/humbleheart-babydukke-alisa-41-cm-med-myk-kropp-og-tilbehor\/#primaryimage\"},\"thumbnailUrl\":\"https:\/\/barneleker.no\/wp-content\/uploads\/2022\/02\/humbleheart-babydukke-alisa-41-cm-med-myk-kropp-og-tilbehor.jpg\",\"datePublished\":\"2022-02-08T19:58:45+00:00\",\"breadcrumb\":{\"@id\":\"https:\/\/barneleker.no\/index.php\/product\/humbleheart-babydukke-alisa-41-cm-med-myk-kropp-og-tilbehor\/#breadcrumb\"},\"inLanguage\":\"nb-NO\",\"potentialAction\":[{\"@type\":\"ReadAction\",\"target\":[\"https:\/\/barneleker.no\/index.php\/product\/humbleheart-babydukke-alisa-41-cm-med-myk-kropp-og-tilbehor\/\"]}]},{\"@type\":\"ImageObject\",\"inLanguage\":\"nb-NO\",\"@id\":\"https:\/\/barneleker.no\/index.php\/product\/humbleheart-babydukke-alisa-41-cm-med-myk-kropp-og-tilbehor\/#primaryimage\",\"url\":\"https:\/\/barneleker.no\/wp-content\/uploads\/2022\/02\/humbleheart-babydukke-alisa-41-cm-med-myk-kropp-og-tilbehor.jpg\",\"contentUrl\":\"https:\/\/barneleker.no\/wp-content\/uploads\/2022\/02\/humbleheart-babydukke-alisa-41-cm-med-myk-kropp-og-tilbehor.jpg\",\"width\":555,\"height\":555},{\"@type\":\"BreadcrumbList\",\"@id\":\"https:\/\/barneleker.no\/index.php\/product\/humbleheart-babydukke-alisa-41-cm-med-myk-kropp-og-tilbehor\/#breadcrumb\",\"itemListElement\":[{\"@type\":\"ListItem\",\"position\":1,\"name\":\"Butikken\",\"item\":\"https:\/\/barneleker.no\/\"},{\"@type\":\"ListItem\",\"position\":2,\"name\":\"Humble&#038;Heart, Babydukke Alisa 41 cm med myk kropp og tilbeh\u00f8r\"}]},{\"@type\":\"WebSite\",\"@id\":\"https:\/\/barneleker.no\/#website\",\"url\":\"https:\/\/barneleker.no\/\",\"name\":\"Barneleker.no\",\"description\":\"Selvf\u00f8lgelig!\",\"publisher\":{\"@id\":\"https:\/\/barneleker.no\/#organization\"},\"potentialAction\":[{\"@type\":\"SearchAction\",\"target\":{\"@type\":\"EntryPoint\",\"urlTemplate\":\"https:\/\/barneleker.no\/?s={search_term_string}\"},\"query-input\":{\"@type\":\"PropertyValueSpecification\",\"valueRequired\":true,\"valueName\":\"search_term_string\"}}],\"inLanguage\":\"nb-NO\"},{\"@type\":\"Organization\",\"@id\":\"https:\/\/barneleker.no\/#organization\",\"name\":\"Barneleker.no\",\"url\":\"https:\/\/barneleker.no\/\",\"logo\":{\"@type\":\"ImageObject\",\"inLanguage\":\"nb-NO\",\"@id\":\"https:\/\/barneleker.no\/#\/schema\/logo\/image\/\",\"url\":\"https:\/\/barneleker.no\/wp-content\/uploads\/2021\/11\/barneleker_logo-780x150-1.jpg\",\"contentUrl\":\"https:\/\/barneleker.no\/wp-content\/uploads\/2021\/11\/barneleker_logo-780x150-1.jpg\",\"width\":780,\"height\":150,\"caption\":\"Barneleker.no\"},\"image\":{\"@id\":\"https:\/\/barneleker.no\/#\/schema\/logo\/image\/\"}}]}<\/script>\n<!-- \/ Yoast SEO plugin. -->","yoast_head_json":{"title":"Humble&Heart, Babydukke Alisa 41 cm med myk kropp og tilbeh\u00f8r - Barneleker.no","robots":{"index":"index","follow":"follow","max-snippet":"max-snippet:-1","max-image-preview":"max-image-preview:large","max-video-preview":"max-video-preview:-1"},"canonical":"https:\/\/barneleker.no\/index.php\/product\/humbleheart-babydukke-alisa-41-cm-med-myk-kropp-og-tilbehor\/","og_locale":"nb_NO","og_type":"article","og_title":"Humble&Heart, Babydukke Alisa 41 cm med myk kropp og tilbeh\u00f8r - Barneleker.no","og_description":"Babydukker er et av de mest klassiske og elskede lekene gjennom tidene, selv n\u00e5r andre trender kommer og g\u00e5r. I dette settet f\u00e5r du en&hellip;","og_url":"https:\/\/barneleker.no\/index.php\/product\/humbleheart-babydukke-alisa-41-cm-med-myk-kropp-og-tilbehor\/","og_site_name":"Barneleker.no","twitter_card":"summary_large_image","schema":{"@context":"https:\/\/schema.org","@graph":[{"@type":"WebPage","@id":"https:\/\/barneleker.no\/index.php\/product\/humbleheart-babydukke-alisa-41-cm-med-myk-kropp-og-tilbehor\/","url":"https:\/\/barneleker.no\/index.php\/product\/humbleheart-babydukke-alisa-41-cm-med-myk-kropp-og-tilbehor\/","name":"Humble&Heart, Babydukke Alisa 41 cm med myk kropp og tilbeh\u00f8r - Barneleker.no","isPartOf":{"@id":"https:\/\/barneleker.no\/#website"},"primaryImageOfPage":{"@id":"https:\/\/barneleker.no\/index.php\/product\/humbleheart-babydukke-alisa-41-cm-med-myk-kropp-og-tilbehor\/#primaryimage"},"image":{"@id":"https:\/\/barneleker.no\/index.php\/product\/humbleheart-babydukke-alisa-41-cm-med-myk-kropp-og-tilbehor\/#primaryimage"},"thumbnailUrl":"https:\/\/barneleker.no\/wp-content\/uploads\/2022\/02\/humbleheart-babydukke-alisa-41-cm-med-myk-kropp-og-tilbehor.jpg","datePublished":"2022-02-08T19:58:45+00:00","breadcrumb":{"@id":"https:\/\/barneleker.no\/index.php\/product\/humbleheart-babydukke-alisa-41-cm-med-myk-kropp-og-tilbehor\/#breadcrumb"},"inLanguage":"nb-NO","potentialAction":[{"@type":"ReadAction","target":["https:\/\/barneleker.no\/index.php\/product\/humbleheart-babydukke-alisa-41-cm-med-myk-kropp-og-tilbehor\/"]}]},{"@type":"ImageObject","inLanguage":"nb-NO","@id":"https:\/\/barneleker.no\/index.php\/product\/humbleheart-babydukke-alisa-41-cm-med-myk-kropp-og-tilbehor\/#primaryimage","url":"https:\/\/barneleker.no\/wp-content\/uploads\/2022\/02\/humbleheart-babydukke-alisa-41-cm-med-myk-kropp-og-tilbehor.jpg","contentUrl":"https:\/\/barneleker.no\/wp-content\/uploads\/2022\/02\/humbleheart-babydukke-alisa-41-cm-med-myk-kropp-og-tilbehor.jpg","width":555,"height":555},{"@type":"BreadcrumbList","@id":"https:\/\/barneleker.no\/index.php\/product\/humbleheart-babydukke-alisa-41-cm-med-myk-kropp-og-tilbehor\/#breadcrumb","itemListElement":[{"@type":"ListItem","position":1,"name":"Butikken","item":"https:\/\/barneleker.no\/"},{"@type":"ListItem","position":2,"name":"Humble&#038;Heart, Babydukke Alisa 41 cm med myk kropp og tilbeh\u00f8r"}]},{"@type":"WebSite","@id":"https:\/\/barneleker.no\/#website","url":"https:\/\/barneleker.no\/","name":"Barneleker.no","description":"Selvf\u00f8lgelig!","publisher":{"@id":"https:\/\/barneleker.no\/#organization"},"potentialAction":[{"@type":"SearchAction","target":{"@type":"EntryPoint","urlTemplate":"https:\/\/barneleker.no\/?s={search_term_string}"},"query-input":{"@type":"PropertyValueSpecification","valueRequired":true,"valueName":"search_term_string"}}],"inLanguage":"nb-NO"},{"@type":"Organization","@id":"https:\/\/barneleker.no\/#organization","name":"Barneleker.no","url":"https:\/\/barneleker.no\/","logo":{"@type":"ImageObject","inLanguage":"nb-NO","@id":"https:\/\/barneleker.no\/#\/schema\/logo\/image\/","url":"https:\/\/barneleker.no\/wp-content\/uploads\/2021\/11\/barneleker_logo-780x150-1.jpg","contentUrl":"https:\/\/barneleker.no\/wp-content\/uploads\/2021\/11\/barneleker_logo-780x150-1.jpg","width":780,"height":150,"caption":"Barneleker.no"},"image":{"@id":"https:\/\/barneleker.no\/#\/schema\/logo\/image\/"}}]}},"_links":{"self":[{"href":"https:\/\/barneleker.no\/index.php\/wp-json\/wp\/v2\/product\/13799","targetHints":{"allow":["GET"]}}],"collection":[{"href":"https:\/\/barneleker.no\/index.php\/wp-json\/wp\/v2\/product"}],"about":[{"href":"https:\/\/barneleker.no\/index.php\/wp-json\/wp\/v2\/types\/product"}],"replies":[{"embeddable":true,"href":"https:\/\/barneleker.no\/index.php\/wp-json\/wp\/v2\/comments?post=13799"}],"wp:featuredmedia":[{"embeddable":true,"href":"https:\/\/barneleker.no\/index.php\/wp-json\/wp\/v2\/media\/13798"}],"wp:attachment":[{"href":"https:\/\/barneleker.no\/index.php\/wp-json\/wp\/v2\/media?parent=13799"}],"wp:term":[{"taxonomy":"product_brand","embeddable":true,"href":"https:\/\/barneleker.no\/index.php\/wp-json\/wp\/v2\/product_brand?post=13799"},{"taxonomy":"product_cat","embeddable":true,"href":"https:\/\/barneleker.no\/index.php\/wp-json\/wp\/v2\/product_cat?post=13799"},{"taxonomy":"product_tag","embeddable":true,"href":"https:\/\/barneleker.no\/index.php\/wp-json\/wp\/v2\/product_tag?post=13799"}],"curies":[{"name":"wp","href":"https:\/\/api.w.org\/{rel}","templated":true}]}}