{"id":13809,"date":"2022-02-08T19:58:49","date_gmt":"2022-02-08T19:58:49","guid":{"rendered":"https:\/\/barneleker.no\/index.php\/product\/lego-super-mario-71385-power-up-pakken-tanooki-mario\/"},"modified":"2022-02-08T19:58:49","modified_gmt":"2022-02-08T19:58:49","slug":"lego-super-mario-71385-power-up-pakken-tanooki-mario","status":"publish","type":"product","link":"https:\/\/barneleker.no\/index.php\/product\/lego-super-mario-71385-power-up-pakken-tanooki-mario\/","title":{"rendered":"LEGO Super Mario 71385, Power-Up-pakken Tanooki Mario"},"content":{"rendered":"<p>Med Power-Up-pakken Tanooki Mario (71385) f\u00e5r LEGO\u00ae Super Mario\u2122 spillere nye muligheter med en interaktiv drakt til LEGO\u00ae Mario\u2122 (figuren f\u00f8lger ikke med). N\u00e5r LEGO Mario har p\u00e5 seg drakten, kan spillerne tjene ekstra digitale mynter ved \u00e5 snurre ham rundt f\u00f8r de lar ham trampe p\u00e5 fiender. Settet er perfekt til kreative barn som allerede har startbanen P\u00e5 eventyr med Mario (71360) som inkluderer LEGO Mario figuren.  G\u00f8yal app Illustrerte byggeinstruksjoner f\u00f8lger med i esken og i LEGO Super Mario gratisappen. Appen er et trygt forum hvor barn kan utveksle ideer, og den inneholder b\u00e5de g\u00f8yale funksjoner og inspirerende bygge- og lekeideer.  Grensel\u00f8se LEGO Mario Med LEGO Super Mario samlerlekesettene f\u00e5r barn en fysisk versjon av den ikoniske Nintendo\u00ae-figuren og l\u00e6rer \u00e5 l\u00f8se problemer p\u00e5 kreative m\u00e5ter. Med startbanesettet, ekstrabanesett og Power-Up-pakker kan fans bygge utallige niv\u00e5er og spille alene eller utfordre venner og familie til konkurranse.<\/p>\n","protected":false},"excerpt":{"rendered":"<p>Med Power-Up-pakken Tanooki Mario (71385) f\u00e5r LEGO\u00ae Super Mario\u2122 spillere nye muligheter med en interaktiv drakt til LEGO\u00ae Mario\u2122 (figuren f\u00f8lger ikke med). N\u00e5r LEGO&hellip;<\/p>\n","protected":false},"featured_media":13808,"comment_status":"open","ping_status":"closed","template":"","meta":[],"product_brand":[],"product_cat":[340],"product_tag":[],"class_list":{"0":"post-13809","1":"product","2":"type-product","3":"status-publish","4":"has-post-thumbnail","6":"product_cat-set","8":"first","9":"instock","10":"shipping-taxable","11":"product-type-external","12":"customify-col"},"yoast_head":"<!-- This site is optimized with the Yoast SEO plugin v26.0 - https:\/\/yoast.com\/wordpress\/plugins\/seo\/ -->\n<title>LEGO Super Mario 71385, Power-Up-pakken Tanooki Mario - Barneleker.no<\/title>\n<meta name=\"robots\" content=\"index, follow, max-snippet:-1, max-image-preview:large, max-video-preview:-1\" \/>\n<link rel=\"canonical\" href=\"https:\/\/barneleker.no\/index.php\/product\/lego-super-mario-71385-power-up-pakken-tanooki-mario\/\" \/>\n<meta property=\"og:locale\" content=\"nb_NO\" \/>\n<meta property=\"og:type\" content=\"article\" \/>\n<meta property=\"og:title\" content=\"LEGO Super Mario 71385, Power-Up-pakken Tanooki Mario - Barneleker.no\" \/>\n<meta property=\"og:description\" content=\"Med Power-Up-pakken Tanooki Mario (71385) f\u00e5r LEGO\u00ae Super Mario\u2122 spillere nye muligheter med en interaktiv drakt til LEGO\u00ae Mario\u2122 (figuren f\u00f8lger ikke med). N\u00e5r LEGO&hellip;\" \/>\n<meta property=\"og:url\" content=\"https:\/\/barneleker.no\/index.php\/product\/lego-super-mario-71385-power-up-pakken-tanooki-mario\/\" \/>\n<meta property=\"og:site_name\" content=\"Barneleker.no\" \/>\n<meta name=\"twitter:card\" content=\"summary_large_image\" \/>\n<meta name=\"twitter:label1\" content=\"Ansl. lesetid\" \/>\n\t<meta name=\"twitter:data1\" content=\"1 minutt\" \/>\n<script type=\"application\/ld+json\" class=\"yoast-schema-graph\">{\"@context\":\"https:\/\/schema.org\",\"@graph\":[{\"@type\":\"WebPage\",\"@id\":\"https:\/\/barneleker.no\/index.php\/product\/lego-super-mario-71385-power-up-pakken-tanooki-mario\/\",\"url\":\"https:\/\/barneleker.no\/index.php\/product\/lego-super-mario-71385-power-up-pakken-tanooki-mario\/\",\"name\":\"LEGO Super Mario 71385, Power-Up-pakken Tanooki Mario - Barneleker.no\",\"isPartOf\":{\"@id\":\"https:\/\/barneleker.no\/#website\"},\"primaryImageOfPage\":{\"@id\":\"https:\/\/barneleker.no\/index.php\/product\/lego-super-mario-71385-power-up-pakken-tanooki-mario\/#primaryimage\"},\"image\":{\"@id\":\"https:\/\/barneleker.no\/index.php\/product\/lego-super-mario-71385-power-up-pakken-tanooki-mario\/#primaryimage\"},\"thumbnailUrl\":\"https:\/\/barneleker.no\/wp-content\/uploads\/2022\/02\/lego-super-mario-71385-power-up-pakken-tanooki-mario.jpg\",\"datePublished\":\"2022-02-08T19:58:49+00:00\",\"breadcrumb\":{\"@id\":\"https:\/\/barneleker.no\/index.php\/product\/lego-super-mario-71385-power-up-pakken-tanooki-mario\/#breadcrumb\"},\"inLanguage\":\"nb-NO\",\"potentialAction\":[{\"@type\":\"ReadAction\",\"target\":[\"https:\/\/barneleker.no\/index.php\/product\/lego-super-mario-71385-power-up-pakken-tanooki-mario\/\"]}]},{\"@type\":\"ImageObject\",\"inLanguage\":\"nb-NO\",\"@id\":\"https:\/\/barneleker.no\/index.php\/product\/lego-super-mario-71385-power-up-pakken-tanooki-mario\/#primaryimage\",\"url\":\"https:\/\/barneleker.no\/wp-content\/uploads\/2022\/02\/lego-super-mario-71385-power-up-pakken-tanooki-mario.jpg\",\"contentUrl\":\"https:\/\/barneleker.no\/wp-content\/uploads\/2022\/02\/lego-super-mario-71385-power-up-pakken-tanooki-mario.jpg\",\"width\":555,\"height\":555},{\"@type\":\"BreadcrumbList\",\"@id\":\"https:\/\/barneleker.no\/index.php\/product\/lego-super-mario-71385-power-up-pakken-tanooki-mario\/#breadcrumb\",\"itemListElement\":[{\"@type\":\"ListItem\",\"position\":1,\"name\":\"Butikken\",\"item\":\"https:\/\/barneleker.no\/\"},{\"@type\":\"ListItem\",\"position\":2,\"name\":\"LEGO Super Mario 71385, Power-Up-pakken Tanooki Mario\"}]},{\"@type\":\"WebSite\",\"@id\":\"https:\/\/barneleker.no\/#website\",\"url\":\"https:\/\/barneleker.no\/\",\"name\":\"Barneleker.no\",\"description\":\"Selvf\u00f8lgelig!\",\"publisher\":{\"@id\":\"https:\/\/barneleker.no\/#organization\"},\"potentialAction\":[{\"@type\":\"SearchAction\",\"target\":{\"@type\":\"EntryPoint\",\"urlTemplate\":\"https:\/\/barneleker.no\/?s={search_term_string}\"},\"query-input\":{\"@type\":\"PropertyValueSpecification\",\"valueRequired\":true,\"valueName\":\"search_term_string\"}}],\"inLanguage\":\"nb-NO\"},{\"@type\":\"Organization\",\"@id\":\"https:\/\/barneleker.no\/#organization\",\"name\":\"Barneleker.no\",\"url\":\"https:\/\/barneleker.no\/\",\"logo\":{\"@type\":\"ImageObject\",\"inLanguage\":\"nb-NO\",\"@id\":\"https:\/\/barneleker.no\/#\/schema\/logo\/image\/\",\"url\":\"https:\/\/barneleker.no\/wp-content\/uploads\/2021\/11\/barneleker_logo-780x150-1.jpg\",\"contentUrl\":\"https:\/\/barneleker.no\/wp-content\/uploads\/2021\/11\/barneleker_logo-780x150-1.jpg\",\"width\":780,\"height\":150,\"caption\":\"Barneleker.no\"},\"image\":{\"@id\":\"https:\/\/barneleker.no\/#\/schema\/logo\/image\/\"}}]}<\/script>\n<!-- \/ Yoast SEO plugin. -->","yoast_head_json":{"title":"LEGO Super Mario 71385, Power-Up-pakken Tanooki Mario - Barneleker.no","robots":{"index":"index","follow":"follow","max-snippet":"max-snippet:-1","max-image-preview":"max-image-preview:large","max-video-preview":"max-video-preview:-1"},"canonical":"https:\/\/barneleker.no\/index.php\/product\/lego-super-mario-71385-power-up-pakken-tanooki-mario\/","og_locale":"nb_NO","og_type":"article","og_title":"LEGO Super Mario 71385, Power-Up-pakken Tanooki Mario - Barneleker.no","og_description":"Med Power-Up-pakken Tanooki Mario (71385) f\u00e5r LEGO\u00ae Super Mario\u2122 spillere nye muligheter med en interaktiv drakt til LEGO\u00ae Mario\u2122 (figuren f\u00f8lger ikke med). N\u00e5r LEGO&hellip;","og_url":"https:\/\/barneleker.no\/index.php\/product\/lego-super-mario-71385-power-up-pakken-tanooki-mario\/","og_site_name":"Barneleker.no","twitter_card":"summary_large_image","twitter_misc":{"Ansl. lesetid":"1 minutt"},"schema":{"@context":"https:\/\/schema.org","@graph":[{"@type":"WebPage","@id":"https:\/\/barneleker.no\/index.php\/product\/lego-super-mario-71385-power-up-pakken-tanooki-mario\/","url":"https:\/\/barneleker.no\/index.php\/product\/lego-super-mario-71385-power-up-pakken-tanooki-mario\/","name":"LEGO Super Mario 71385, Power-Up-pakken Tanooki Mario - Barneleker.no","isPartOf":{"@id":"https:\/\/barneleker.no\/#website"},"primaryImageOfPage":{"@id":"https:\/\/barneleker.no\/index.php\/product\/lego-super-mario-71385-power-up-pakken-tanooki-mario\/#primaryimage"},"image":{"@id":"https:\/\/barneleker.no\/index.php\/product\/lego-super-mario-71385-power-up-pakken-tanooki-mario\/#primaryimage"},"thumbnailUrl":"https:\/\/barneleker.no\/wp-content\/uploads\/2022\/02\/lego-super-mario-71385-power-up-pakken-tanooki-mario.jpg","datePublished":"2022-02-08T19:58:49+00:00","breadcrumb":{"@id":"https:\/\/barneleker.no\/index.php\/product\/lego-super-mario-71385-power-up-pakken-tanooki-mario\/#breadcrumb"},"inLanguage":"nb-NO","potentialAction":[{"@type":"ReadAction","target":["https:\/\/barneleker.no\/index.php\/product\/lego-super-mario-71385-power-up-pakken-tanooki-mario\/"]}]},{"@type":"ImageObject","inLanguage":"nb-NO","@id":"https:\/\/barneleker.no\/index.php\/product\/lego-super-mario-71385-power-up-pakken-tanooki-mario\/#primaryimage","url":"https:\/\/barneleker.no\/wp-content\/uploads\/2022\/02\/lego-super-mario-71385-power-up-pakken-tanooki-mario.jpg","contentUrl":"https:\/\/barneleker.no\/wp-content\/uploads\/2022\/02\/lego-super-mario-71385-power-up-pakken-tanooki-mario.jpg","width":555,"height":555},{"@type":"BreadcrumbList","@id":"https:\/\/barneleker.no\/index.php\/product\/lego-super-mario-71385-power-up-pakken-tanooki-mario\/#breadcrumb","itemListElement":[{"@type":"ListItem","position":1,"name":"Butikken","item":"https:\/\/barneleker.no\/"},{"@type":"ListItem","position":2,"name":"LEGO Super Mario 71385, Power-Up-pakken Tanooki Mario"}]},{"@type":"WebSite","@id":"https:\/\/barneleker.no\/#website","url":"https:\/\/barneleker.no\/","name":"Barneleker.no","description":"Selvf\u00f8lgelig!","publisher":{"@id":"https:\/\/barneleker.no\/#organization"},"potentialAction":[{"@type":"SearchAction","target":{"@type":"EntryPoint","urlTemplate":"https:\/\/barneleker.no\/?s={search_term_string}"},"query-input":{"@type":"PropertyValueSpecification","valueRequired":true,"valueName":"search_term_string"}}],"inLanguage":"nb-NO"},{"@type":"Organization","@id":"https:\/\/barneleker.no\/#organization","name":"Barneleker.no","url":"https:\/\/barneleker.no\/","logo":{"@type":"ImageObject","inLanguage":"nb-NO","@id":"https:\/\/barneleker.no\/#\/schema\/logo\/image\/","url":"https:\/\/barneleker.no\/wp-content\/uploads\/2021\/11\/barneleker_logo-780x150-1.jpg","contentUrl":"https:\/\/barneleker.no\/wp-content\/uploads\/2021\/11\/barneleker_logo-780x150-1.jpg","width":780,"height":150,"caption":"Barneleker.no"},"image":{"@id":"https:\/\/barneleker.no\/#\/schema\/logo\/image\/"}}]}},"_links":{"self":[{"href":"https:\/\/barneleker.no\/index.php\/wp-json\/wp\/v2\/product\/13809","targetHints":{"allow":["GET"]}}],"collection":[{"href":"https:\/\/barneleker.no\/index.php\/wp-json\/wp\/v2\/product"}],"about":[{"href":"https:\/\/barneleker.no\/index.php\/wp-json\/wp\/v2\/types\/product"}],"replies":[{"embeddable":true,"href":"https:\/\/barneleker.no\/index.php\/wp-json\/wp\/v2\/comments?post=13809"}],"wp:featuredmedia":[{"embeddable":true,"href":"https:\/\/barneleker.no\/index.php\/wp-json\/wp\/v2\/media\/13808"}],"wp:attachment":[{"href":"https:\/\/barneleker.no\/index.php\/wp-json\/wp\/v2\/media?parent=13809"}],"wp:term":[{"taxonomy":"product_brand","embeddable":true,"href":"https:\/\/barneleker.no\/index.php\/wp-json\/wp\/v2\/product_brand?post=13809"},{"taxonomy":"product_cat","embeddable":true,"href":"https:\/\/barneleker.no\/index.php\/wp-json\/wp\/v2\/product_cat?post=13809"},{"taxonomy":"product_tag","embeddable":true,"href":"https:\/\/barneleker.no\/index.php\/wp-json\/wp\/v2\/product_tag?post=13809"}],"curies":[{"name":"wp","href":"https:\/\/api.w.org\/{rel}","templated":true}]}}