{"id":13811,"date":"2022-02-08T19:58:50","date_gmt":"2022-02-08T19:58:50","guid":{"rendered":"https:\/\/barneleker.no\/index.php\/product\/lego-dots-41921-ekstra-dots-serie-3\/"},"modified":"2022-02-08T19:58:50","modified_gmt":"2022-02-08T19:58:50","slug":"lego-dots-41921-ekstra-dots-serie-3","status":"publish","type":"product","link":"https:\/\/barneleker.no\/index.php\/product\/lego-dots-41921-ekstra-dots-serie-3\/","title":{"rendered":"LEGO DOTS 41921, Ekstra DOTS \u2013 serie 3"},"content":{"rendered":"<p>Barn og alle som liker h\u00e5ndarbeids- og hobbyprosjekter, vil garantert like Ekstra DOTS \u2013 serie 3 med superhemmelig tema (41921)! Disse ekstraflisene passer sammen med alle andre LEGO\u00ae DOTS sett og gir barn muligheten til \u00e5 lage nye og st\u00f8rre m\u00f8nstre og forandre dem etter antrekk, stemning eller rominnredning.  Ekstra kreativitet i en pose Posen inneholder 107 fargerike fliser, inkludert stjerne- og diamantfliser med 3D-effekt, samt 10 spesielle og superhemmelige fliser valgt ut blant 16 mulige m\u00f8nstre. Med disse flisene kan barn dekorere armb\u00e5nd eller pyntegjenstander til rommet sitt akkurat slik de vil, og samtidig utvikle sine kreative ferdigheter.  Enda mer moro med h\u00e5ndarbeids- og hobbysett Denne vesle posen gir barn muligheten til \u00e5 v\u00e6re ekstra fantasifulle n\u00e5r de pynter LEGO DOTS settene sine. De kan mikse og matche m\u00f8nstre med venner og ogs\u00e5 skape unike m\u00f8nstre. G\u00f8yalt som bel\u00f8nning eller hverdagsgave til kreative barn, eller som tilleggskj\u00f8p til andre DOTS sett.<\/p>\n","protected":false},"excerpt":{"rendered":"<p>Barn og alle som liker h\u00e5ndarbeids- og hobbyprosjekter, vil garantert like Ekstra DOTS \u2013 serie 3 med superhemmelig tema (41921)! Disse ekstraflisene passer sammen med&hellip;<\/p>\n","protected":false},"featured_media":13810,"comment_status":"open","ping_status":"closed","template":"","meta":[],"product_brand":[],"product_cat":[340],"product_tag":[],"class_list":{"0":"post-13811","1":"product","2":"type-product","3":"status-publish","4":"has-post-thumbnail","6":"product_cat-set","8":"first","9":"instock","10":"shipping-taxable","11":"product-type-external","12":"customify-col"},"yoast_head":"<!-- This site is optimized with the Yoast SEO plugin v26.0 - https:\/\/yoast.com\/wordpress\/plugins\/seo\/ -->\n<title>LEGO DOTS 41921, Ekstra DOTS \u2013 serie 3 - Barneleker.no<\/title>\n<meta name=\"robots\" content=\"index, follow, max-snippet:-1, max-image-preview:large, max-video-preview:-1\" \/>\n<link rel=\"canonical\" href=\"https:\/\/barneleker.no\/index.php\/product\/lego-dots-41921-ekstra-dots-serie-3\/\" \/>\n<meta property=\"og:locale\" content=\"nb_NO\" \/>\n<meta property=\"og:type\" content=\"article\" \/>\n<meta property=\"og:title\" content=\"LEGO DOTS 41921, Ekstra DOTS \u2013 serie 3 - Barneleker.no\" \/>\n<meta property=\"og:description\" content=\"Barn og alle som liker h\u00e5ndarbeids- og hobbyprosjekter, vil garantert like Ekstra DOTS \u2013 serie 3 med superhemmelig tema (41921)! Disse ekstraflisene passer sammen med&hellip;\" \/>\n<meta property=\"og:url\" content=\"https:\/\/barneleker.no\/index.php\/product\/lego-dots-41921-ekstra-dots-serie-3\/\" \/>\n<meta property=\"og:site_name\" content=\"Barneleker.no\" \/>\n<meta name=\"twitter:card\" content=\"summary_large_image\" \/>\n<meta name=\"twitter:label1\" content=\"Ansl. lesetid\" \/>\n\t<meta name=\"twitter:data1\" content=\"1 minutt\" \/>\n<script type=\"application\/ld+json\" class=\"yoast-schema-graph\">{\"@context\":\"https:\/\/schema.org\",\"@graph\":[{\"@type\":\"WebPage\",\"@id\":\"https:\/\/barneleker.no\/index.php\/product\/lego-dots-41921-ekstra-dots-serie-3\/\",\"url\":\"https:\/\/barneleker.no\/index.php\/product\/lego-dots-41921-ekstra-dots-serie-3\/\",\"name\":\"LEGO DOTS 41921, Ekstra DOTS \u2013 serie 3 - Barneleker.no\",\"isPartOf\":{\"@id\":\"https:\/\/barneleker.no\/#website\"},\"primaryImageOfPage\":{\"@id\":\"https:\/\/barneleker.no\/index.php\/product\/lego-dots-41921-ekstra-dots-serie-3\/#primaryimage\"},\"image\":{\"@id\":\"https:\/\/barneleker.no\/index.php\/product\/lego-dots-41921-ekstra-dots-serie-3\/#primaryimage\"},\"thumbnailUrl\":\"https:\/\/barneleker.no\/wp-content\/uploads\/2022\/02\/lego-dots-41921-ekstra-dots-serie-3.jpg\",\"datePublished\":\"2022-02-08T19:58:50+00:00\",\"breadcrumb\":{\"@id\":\"https:\/\/barneleker.no\/index.php\/product\/lego-dots-41921-ekstra-dots-serie-3\/#breadcrumb\"},\"inLanguage\":\"nb-NO\",\"potentialAction\":[{\"@type\":\"ReadAction\",\"target\":[\"https:\/\/barneleker.no\/index.php\/product\/lego-dots-41921-ekstra-dots-serie-3\/\"]}]},{\"@type\":\"ImageObject\",\"inLanguage\":\"nb-NO\",\"@id\":\"https:\/\/barneleker.no\/index.php\/product\/lego-dots-41921-ekstra-dots-serie-3\/#primaryimage\",\"url\":\"https:\/\/barneleker.no\/wp-content\/uploads\/2022\/02\/lego-dots-41921-ekstra-dots-serie-3.jpg\",\"contentUrl\":\"https:\/\/barneleker.no\/wp-content\/uploads\/2022\/02\/lego-dots-41921-ekstra-dots-serie-3.jpg\",\"width\":555,\"height\":555},{\"@type\":\"BreadcrumbList\",\"@id\":\"https:\/\/barneleker.no\/index.php\/product\/lego-dots-41921-ekstra-dots-serie-3\/#breadcrumb\",\"itemListElement\":[{\"@type\":\"ListItem\",\"position\":1,\"name\":\"Butikken\",\"item\":\"https:\/\/barneleker.no\/\"},{\"@type\":\"ListItem\",\"position\":2,\"name\":\"LEGO DOTS 41921, Ekstra DOTS \u2013 serie 3\"}]},{\"@type\":\"WebSite\",\"@id\":\"https:\/\/barneleker.no\/#website\",\"url\":\"https:\/\/barneleker.no\/\",\"name\":\"Barneleker.no\",\"description\":\"Selvf\u00f8lgelig!\",\"publisher\":{\"@id\":\"https:\/\/barneleker.no\/#organization\"},\"potentialAction\":[{\"@type\":\"SearchAction\",\"target\":{\"@type\":\"EntryPoint\",\"urlTemplate\":\"https:\/\/barneleker.no\/?s={search_term_string}\"},\"query-input\":{\"@type\":\"PropertyValueSpecification\",\"valueRequired\":true,\"valueName\":\"search_term_string\"}}],\"inLanguage\":\"nb-NO\"},{\"@type\":\"Organization\",\"@id\":\"https:\/\/barneleker.no\/#organization\",\"name\":\"Barneleker.no\",\"url\":\"https:\/\/barneleker.no\/\",\"logo\":{\"@type\":\"ImageObject\",\"inLanguage\":\"nb-NO\",\"@id\":\"https:\/\/barneleker.no\/#\/schema\/logo\/image\/\",\"url\":\"https:\/\/barneleker.no\/wp-content\/uploads\/2021\/11\/barneleker_logo-780x150-1.jpg\",\"contentUrl\":\"https:\/\/barneleker.no\/wp-content\/uploads\/2021\/11\/barneleker_logo-780x150-1.jpg\",\"width\":780,\"height\":150,\"caption\":\"Barneleker.no\"},\"image\":{\"@id\":\"https:\/\/barneleker.no\/#\/schema\/logo\/image\/\"}}]}<\/script>\n<!-- \/ Yoast SEO plugin. -->","yoast_head_json":{"title":"LEGO DOTS 41921, Ekstra DOTS \u2013 serie 3 - Barneleker.no","robots":{"index":"index","follow":"follow","max-snippet":"max-snippet:-1","max-image-preview":"max-image-preview:large","max-video-preview":"max-video-preview:-1"},"canonical":"https:\/\/barneleker.no\/index.php\/product\/lego-dots-41921-ekstra-dots-serie-3\/","og_locale":"nb_NO","og_type":"article","og_title":"LEGO DOTS 41921, Ekstra DOTS \u2013 serie 3 - Barneleker.no","og_description":"Barn og alle som liker h\u00e5ndarbeids- og hobbyprosjekter, vil garantert like Ekstra DOTS \u2013 serie 3 med superhemmelig tema (41921)! Disse ekstraflisene passer sammen med&hellip;","og_url":"https:\/\/barneleker.no\/index.php\/product\/lego-dots-41921-ekstra-dots-serie-3\/","og_site_name":"Barneleker.no","twitter_card":"summary_large_image","twitter_misc":{"Ansl. lesetid":"1 minutt"},"schema":{"@context":"https:\/\/schema.org","@graph":[{"@type":"WebPage","@id":"https:\/\/barneleker.no\/index.php\/product\/lego-dots-41921-ekstra-dots-serie-3\/","url":"https:\/\/barneleker.no\/index.php\/product\/lego-dots-41921-ekstra-dots-serie-3\/","name":"LEGO DOTS 41921, Ekstra DOTS \u2013 serie 3 - Barneleker.no","isPartOf":{"@id":"https:\/\/barneleker.no\/#website"},"primaryImageOfPage":{"@id":"https:\/\/barneleker.no\/index.php\/product\/lego-dots-41921-ekstra-dots-serie-3\/#primaryimage"},"image":{"@id":"https:\/\/barneleker.no\/index.php\/product\/lego-dots-41921-ekstra-dots-serie-3\/#primaryimage"},"thumbnailUrl":"https:\/\/barneleker.no\/wp-content\/uploads\/2022\/02\/lego-dots-41921-ekstra-dots-serie-3.jpg","datePublished":"2022-02-08T19:58:50+00:00","breadcrumb":{"@id":"https:\/\/barneleker.no\/index.php\/product\/lego-dots-41921-ekstra-dots-serie-3\/#breadcrumb"},"inLanguage":"nb-NO","potentialAction":[{"@type":"ReadAction","target":["https:\/\/barneleker.no\/index.php\/product\/lego-dots-41921-ekstra-dots-serie-3\/"]}]},{"@type":"ImageObject","inLanguage":"nb-NO","@id":"https:\/\/barneleker.no\/index.php\/product\/lego-dots-41921-ekstra-dots-serie-3\/#primaryimage","url":"https:\/\/barneleker.no\/wp-content\/uploads\/2022\/02\/lego-dots-41921-ekstra-dots-serie-3.jpg","contentUrl":"https:\/\/barneleker.no\/wp-content\/uploads\/2022\/02\/lego-dots-41921-ekstra-dots-serie-3.jpg","width":555,"height":555},{"@type":"BreadcrumbList","@id":"https:\/\/barneleker.no\/index.php\/product\/lego-dots-41921-ekstra-dots-serie-3\/#breadcrumb","itemListElement":[{"@type":"ListItem","position":1,"name":"Butikken","item":"https:\/\/barneleker.no\/"},{"@type":"ListItem","position":2,"name":"LEGO DOTS 41921, Ekstra DOTS \u2013 serie 3"}]},{"@type":"WebSite","@id":"https:\/\/barneleker.no\/#website","url":"https:\/\/barneleker.no\/","name":"Barneleker.no","description":"Selvf\u00f8lgelig!","publisher":{"@id":"https:\/\/barneleker.no\/#organization"},"potentialAction":[{"@type":"SearchAction","target":{"@type":"EntryPoint","urlTemplate":"https:\/\/barneleker.no\/?s={search_term_string}"},"query-input":{"@type":"PropertyValueSpecification","valueRequired":true,"valueName":"search_term_string"}}],"inLanguage":"nb-NO"},{"@type":"Organization","@id":"https:\/\/barneleker.no\/#organization","name":"Barneleker.no","url":"https:\/\/barneleker.no\/","logo":{"@type":"ImageObject","inLanguage":"nb-NO","@id":"https:\/\/barneleker.no\/#\/schema\/logo\/image\/","url":"https:\/\/barneleker.no\/wp-content\/uploads\/2021\/11\/barneleker_logo-780x150-1.jpg","contentUrl":"https:\/\/barneleker.no\/wp-content\/uploads\/2021\/11\/barneleker_logo-780x150-1.jpg","width":780,"height":150,"caption":"Barneleker.no"},"image":{"@id":"https:\/\/barneleker.no\/#\/schema\/logo\/image\/"}}]}},"_links":{"self":[{"href":"https:\/\/barneleker.no\/index.php\/wp-json\/wp\/v2\/product\/13811","targetHints":{"allow":["GET"]}}],"collection":[{"href":"https:\/\/barneleker.no\/index.php\/wp-json\/wp\/v2\/product"}],"about":[{"href":"https:\/\/barneleker.no\/index.php\/wp-json\/wp\/v2\/types\/product"}],"replies":[{"embeddable":true,"href":"https:\/\/barneleker.no\/index.php\/wp-json\/wp\/v2\/comments?post=13811"}],"wp:featuredmedia":[{"embeddable":true,"href":"https:\/\/barneleker.no\/index.php\/wp-json\/wp\/v2\/media\/13810"}],"wp:attachment":[{"href":"https:\/\/barneleker.no\/index.php\/wp-json\/wp\/v2\/media?parent=13811"}],"wp:term":[{"taxonomy":"product_brand","embeddable":true,"href":"https:\/\/barneleker.no\/index.php\/wp-json\/wp\/v2\/product_brand?post=13811"},{"taxonomy":"product_cat","embeddable":true,"href":"https:\/\/barneleker.no\/index.php\/wp-json\/wp\/v2\/product_cat?post=13811"},{"taxonomy":"product_tag","embeddable":true,"href":"https:\/\/barneleker.no\/index.php\/wp-json\/wp\/v2\/product_tag?post=13811"}],"curies":[{"name":"wp","href":"https:\/\/api.w.org\/{rel}","templated":true}]}}