{"id":13837,"date":"2022-02-08T19:58:59","date_gmt":"2022-02-08T19:58:59","guid":{"rendered":"https:\/\/barneleker.no\/index.php\/product\/nerf-super-soaker-dinosquad-dino-soak\/"},"modified":"2022-02-08T19:58:59","modified_gmt":"2022-02-08T19:58:59","slug":"nerf-super-soaker-dinosquad-dino-soak","status":"publish","type":"product","link":"https:\/\/barneleker.no\/index.php\/product\/nerf-super-soaker-dinosquad-dino-soak\/","title":{"rendered":"NERF, Super Soaker DinoSquad Dino-Soak"},"content":{"rendered":"<p>G\u00e5 sammen med legendariske dinosaurer som et medlem av det utvalgte DinoSquad! Bruk den ekstraordin\u00e6re kraften til de st\u00f8rste dinosaurene og ta fart inn i fantastiske eventyr! Send ut en flom med vann mot motstanderne med DinoSquad Dino-Soak-vannblasteren! denne Nerf Super Soaker-vannblasteren er inspirert av Dilophosaurus-dinosaurens trekk, for ville vanndynkende eventyr. Sikt og sprut vann fra dinosaurens munn for \u00e5 dynke motstanderne! Den er super for utend\u00f8rsleker, bakg\u00e5rdskamper og all slags sommermoro. Flott for barn og voksne, og perfekt for dino-fans overalt. Enkel \u00e5 fylle p\u00e5, og enkel \u00e5 fyre av: \u00c5pne lokket, og fyll tanken med vann, og lukk igjen. Pump h\u00e5ndtaket bakover og fremover for \u00e5 slippe l\u00f8s en dinotastisk str\u00f8m med vann! Nerf Super Soaker og alle relaterte produkter er varemerker som tilh\u00f8rer Hasbro.<\/p>\n","protected":false},"excerpt":{"rendered":"<p>G\u00e5 sammen med legendariske dinosaurer som et medlem av det utvalgte DinoSquad! Bruk den ekstraordin\u00e6re kraften til de st\u00f8rste dinosaurene og ta fart inn i&hellip;<\/p>\n","protected":false},"featured_media":13836,"comment_status":"open","ping_status":"closed","template":"","meta":[],"product_brand":[],"product_cat":[355],"product_tag":[],"class_list":{"0":"post-13837","1":"product","2":"type-product","3":"status-publish","4":"has-post-thumbnail","6":"product_cat-utelek","8":"first","9":"instock","10":"shipping-taxable","11":"product-type-external","12":"customify-col"},"yoast_head":"<!-- This site is optimized with the Yoast SEO plugin v26.0 - https:\/\/yoast.com\/wordpress\/plugins\/seo\/ -->\n<title>NERF, Super Soaker DinoSquad Dino-Soak - Barneleker.no<\/title>\n<meta name=\"robots\" content=\"index, follow, max-snippet:-1, max-image-preview:large, max-video-preview:-1\" \/>\n<link rel=\"canonical\" href=\"https:\/\/barneleker.no\/index.php\/product\/nerf-super-soaker-dinosquad-dino-soak\/\" \/>\n<meta property=\"og:locale\" content=\"nb_NO\" \/>\n<meta property=\"og:type\" content=\"article\" \/>\n<meta property=\"og:title\" content=\"NERF, Super Soaker DinoSquad Dino-Soak - Barneleker.no\" \/>\n<meta property=\"og:description\" content=\"G\u00e5 sammen med legendariske dinosaurer som et medlem av det utvalgte DinoSquad! Bruk den ekstraordin\u00e6re kraften til de st\u00f8rste dinosaurene og ta fart inn i&hellip;\" \/>\n<meta property=\"og:url\" content=\"https:\/\/barneleker.no\/index.php\/product\/nerf-super-soaker-dinosquad-dino-soak\/\" \/>\n<meta property=\"og:site_name\" content=\"Barneleker.no\" \/>\n<meta name=\"twitter:card\" content=\"summary_large_image\" \/>\n<meta name=\"twitter:label1\" content=\"Ansl. lesetid\" \/>\n\t<meta name=\"twitter:data1\" content=\"1 minutt\" \/>\n<script type=\"application\/ld+json\" class=\"yoast-schema-graph\">{\"@context\":\"https:\/\/schema.org\",\"@graph\":[{\"@type\":\"WebPage\",\"@id\":\"https:\/\/barneleker.no\/index.php\/product\/nerf-super-soaker-dinosquad-dino-soak\/\",\"url\":\"https:\/\/barneleker.no\/index.php\/product\/nerf-super-soaker-dinosquad-dino-soak\/\",\"name\":\"NERF, Super Soaker DinoSquad Dino-Soak - Barneleker.no\",\"isPartOf\":{\"@id\":\"https:\/\/barneleker.no\/#website\"},\"primaryImageOfPage\":{\"@id\":\"https:\/\/barneleker.no\/index.php\/product\/nerf-super-soaker-dinosquad-dino-soak\/#primaryimage\"},\"image\":{\"@id\":\"https:\/\/barneleker.no\/index.php\/product\/nerf-super-soaker-dinosquad-dino-soak\/#primaryimage\"},\"thumbnailUrl\":\"https:\/\/barneleker.no\/wp-content\/uploads\/2022\/02\/nerf-super-soaker-dinosquad-dino-soak.jpg\",\"datePublished\":\"2022-02-08T19:58:59+00:00\",\"breadcrumb\":{\"@id\":\"https:\/\/barneleker.no\/index.php\/product\/nerf-super-soaker-dinosquad-dino-soak\/#breadcrumb\"},\"inLanguage\":\"nb-NO\",\"potentialAction\":[{\"@type\":\"ReadAction\",\"target\":[\"https:\/\/barneleker.no\/index.php\/product\/nerf-super-soaker-dinosquad-dino-soak\/\"]}]},{\"@type\":\"ImageObject\",\"inLanguage\":\"nb-NO\",\"@id\":\"https:\/\/barneleker.no\/index.php\/product\/nerf-super-soaker-dinosquad-dino-soak\/#primaryimage\",\"url\":\"https:\/\/barneleker.no\/wp-content\/uploads\/2022\/02\/nerf-super-soaker-dinosquad-dino-soak.jpg\",\"contentUrl\":\"https:\/\/barneleker.no\/wp-content\/uploads\/2022\/02\/nerf-super-soaker-dinosquad-dino-soak.jpg\",\"width\":555,\"height\":555},{\"@type\":\"BreadcrumbList\",\"@id\":\"https:\/\/barneleker.no\/index.php\/product\/nerf-super-soaker-dinosquad-dino-soak\/#breadcrumb\",\"itemListElement\":[{\"@type\":\"ListItem\",\"position\":1,\"name\":\"Butikken\",\"item\":\"https:\/\/barneleker.no\/\"},{\"@type\":\"ListItem\",\"position\":2,\"name\":\"NERF, Super Soaker DinoSquad Dino-Soak\"}]},{\"@type\":\"WebSite\",\"@id\":\"https:\/\/barneleker.no\/#website\",\"url\":\"https:\/\/barneleker.no\/\",\"name\":\"Barneleker.no\",\"description\":\"Selvf\u00f8lgelig!\",\"publisher\":{\"@id\":\"https:\/\/barneleker.no\/#organization\"},\"potentialAction\":[{\"@type\":\"SearchAction\",\"target\":{\"@type\":\"EntryPoint\",\"urlTemplate\":\"https:\/\/barneleker.no\/?s={search_term_string}\"},\"query-input\":{\"@type\":\"PropertyValueSpecification\",\"valueRequired\":true,\"valueName\":\"search_term_string\"}}],\"inLanguage\":\"nb-NO\"},{\"@type\":\"Organization\",\"@id\":\"https:\/\/barneleker.no\/#organization\",\"name\":\"Barneleker.no\",\"url\":\"https:\/\/barneleker.no\/\",\"logo\":{\"@type\":\"ImageObject\",\"inLanguage\":\"nb-NO\",\"@id\":\"https:\/\/barneleker.no\/#\/schema\/logo\/image\/\",\"url\":\"https:\/\/barneleker.no\/wp-content\/uploads\/2021\/11\/barneleker_logo-780x150-1.jpg\",\"contentUrl\":\"https:\/\/barneleker.no\/wp-content\/uploads\/2021\/11\/barneleker_logo-780x150-1.jpg\",\"width\":780,\"height\":150,\"caption\":\"Barneleker.no\"},\"image\":{\"@id\":\"https:\/\/barneleker.no\/#\/schema\/logo\/image\/\"}}]}<\/script>\n<!-- \/ Yoast SEO plugin. -->","yoast_head_json":{"title":"NERF, Super Soaker DinoSquad Dino-Soak - Barneleker.no","robots":{"index":"index","follow":"follow","max-snippet":"max-snippet:-1","max-image-preview":"max-image-preview:large","max-video-preview":"max-video-preview:-1"},"canonical":"https:\/\/barneleker.no\/index.php\/product\/nerf-super-soaker-dinosquad-dino-soak\/","og_locale":"nb_NO","og_type":"article","og_title":"NERF, Super Soaker DinoSquad Dino-Soak - Barneleker.no","og_description":"G\u00e5 sammen med legendariske dinosaurer som et medlem av det utvalgte DinoSquad! Bruk den ekstraordin\u00e6re kraften til de st\u00f8rste dinosaurene og ta fart inn i&hellip;","og_url":"https:\/\/barneleker.no\/index.php\/product\/nerf-super-soaker-dinosquad-dino-soak\/","og_site_name":"Barneleker.no","twitter_card":"summary_large_image","twitter_misc":{"Ansl. lesetid":"1 minutt"},"schema":{"@context":"https:\/\/schema.org","@graph":[{"@type":"WebPage","@id":"https:\/\/barneleker.no\/index.php\/product\/nerf-super-soaker-dinosquad-dino-soak\/","url":"https:\/\/barneleker.no\/index.php\/product\/nerf-super-soaker-dinosquad-dino-soak\/","name":"NERF, Super Soaker DinoSquad Dino-Soak - Barneleker.no","isPartOf":{"@id":"https:\/\/barneleker.no\/#website"},"primaryImageOfPage":{"@id":"https:\/\/barneleker.no\/index.php\/product\/nerf-super-soaker-dinosquad-dino-soak\/#primaryimage"},"image":{"@id":"https:\/\/barneleker.no\/index.php\/product\/nerf-super-soaker-dinosquad-dino-soak\/#primaryimage"},"thumbnailUrl":"https:\/\/barneleker.no\/wp-content\/uploads\/2022\/02\/nerf-super-soaker-dinosquad-dino-soak.jpg","datePublished":"2022-02-08T19:58:59+00:00","breadcrumb":{"@id":"https:\/\/barneleker.no\/index.php\/product\/nerf-super-soaker-dinosquad-dino-soak\/#breadcrumb"},"inLanguage":"nb-NO","potentialAction":[{"@type":"ReadAction","target":["https:\/\/barneleker.no\/index.php\/product\/nerf-super-soaker-dinosquad-dino-soak\/"]}]},{"@type":"ImageObject","inLanguage":"nb-NO","@id":"https:\/\/barneleker.no\/index.php\/product\/nerf-super-soaker-dinosquad-dino-soak\/#primaryimage","url":"https:\/\/barneleker.no\/wp-content\/uploads\/2022\/02\/nerf-super-soaker-dinosquad-dino-soak.jpg","contentUrl":"https:\/\/barneleker.no\/wp-content\/uploads\/2022\/02\/nerf-super-soaker-dinosquad-dino-soak.jpg","width":555,"height":555},{"@type":"BreadcrumbList","@id":"https:\/\/barneleker.no\/index.php\/product\/nerf-super-soaker-dinosquad-dino-soak\/#breadcrumb","itemListElement":[{"@type":"ListItem","position":1,"name":"Butikken","item":"https:\/\/barneleker.no\/"},{"@type":"ListItem","position":2,"name":"NERF, Super Soaker DinoSquad Dino-Soak"}]},{"@type":"WebSite","@id":"https:\/\/barneleker.no\/#website","url":"https:\/\/barneleker.no\/","name":"Barneleker.no","description":"Selvf\u00f8lgelig!","publisher":{"@id":"https:\/\/barneleker.no\/#organization"},"potentialAction":[{"@type":"SearchAction","target":{"@type":"EntryPoint","urlTemplate":"https:\/\/barneleker.no\/?s={search_term_string}"},"query-input":{"@type":"PropertyValueSpecification","valueRequired":true,"valueName":"search_term_string"}}],"inLanguage":"nb-NO"},{"@type":"Organization","@id":"https:\/\/barneleker.no\/#organization","name":"Barneleker.no","url":"https:\/\/barneleker.no\/","logo":{"@type":"ImageObject","inLanguage":"nb-NO","@id":"https:\/\/barneleker.no\/#\/schema\/logo\/image\/","url":"https:\/\/barneleker.no\/wp-content\/uploads\/2021\/11\/barneleker_logo-780x150-1.jpg","contentUrl":"https:\/\/barneleker.no\/wp-content\/uploads\/2021\/11\/barneleker_logo-780x150-1.jpg","width":780,"height":150,"caption":"Barneleker.no"},"image":{"@id":"https:\/\/barneleker.no\/#\/schema\/logo\/image\/"}}]}},"_links":{"self":[{"href":"https:\/\/barneleker.no\/index.php\/wp-json\/wp\/v2\/product\/13837","targetHints":{"allow":["GET"]}}],"collection":[{"href":"https:\/\/barneleker.no\/index.php\/wp-json\/wp\/v2\/product"}],"about":[{"href":"https:\/\/barneleker.no\/index.php\/wp-json\/wp\/v2\/types\/product"}],"replies":[{"embeddable":true,"href":"https:\/\/barneleker.no\/index.php\/wp-json\/wp\/v2\/comments?post=13837"}],"wp:featuredmedia":[{"embeddable":true,"href":"https:\/\/barneleker.no\/index.php\/wp-json\/wp\/v2\/media\/13836"}],"wp:attachment":[{"href":"https:\/\/barneleker.no\/index.php\/wp-json\/wp\/v2\/media?parent=13837"}],"wp:term":[{"taxonomy":"product_brand","embeddable":true,"href":"https:\/\/barneleker.no\/index.php\/wp-json\/wp\/v2\/product_brand?post=13837"},{"taxonomy":"product_cat","embeddable":true,"href":"https:\/\/barneleker.no\/index.php\/wp-json\/wp\/v2\/product_cat?post=13837"},{"taxonomy":"product_tag","embeddable":true,"href":"https:\/\/barneleker.no\/index.php\/wp-json\/wp\/v2\/product_tag?post=13837"}],"curies":[{"name":"wp","href":"https:\/\/api.w.org\/{rel}","templated":true}]}}