{"id":13839,"date":"2022-02-08T19:58:59","date_gmt":"2022-02-08T19:58:59","guid":{"rendered":"https:\/\/barneleker.no\/index.php\/product\/nerf-super-soaker-fortnite-burst-ar\/"},"modified":"2022-02-08T19:58:59","modified_gmt":"2022-02-08T19:58:59","slug":"nerf-super-soaker-fortnite-burst-ar","status":"publish","type":"product","link":"https:\/\/barneleker.no\/index.php\/product\/nerf-super-soaker-fortnite-burst-ar\/","title":{"rendered":"NERF, Super Soaker Fortnite Burst AR"},"content":{"rendered":"<p>Fortnite Burst AR-vannblasteren er inspirert av utstyret som brukes i det popul\u00e6re videospillet Fortnite, og ligner p\u00e5 den! Kom i gang med moroa, og dynk alle i n\u00e6rheten med en stor vannstr\u00e5le. Med denne Nerf Super Soaker-blasteren kan du ha mye moro p\u00e5 utefester og i sommerleker. Burst AR-vannblasteren er lett \u00e5 fylle p\u00e5 og fyre av, slik at alle kan ha det moro med \u00e5 dynke motstanderne! \u00c5pne lokket, fyll tanken med vann, og lukk igjen. S\u00e5 kan du sikte og sprute! Moro for alle og supert for Fortnite-samlere og Nerf Super Soaker-fans. Copyright Epic Games. Hasbro og alle tilh\u00f8rende begreper er varemerker som tilh\u00f8rer Hasbro.<\/p>\n","protected":false},"excerpt":{"rendered":"<p>Fortnite Burst AR-vannblasteren er inspirert av utstyret som brukes i det popul\u00e6re videospillet Fortnite, og ligner p\u00e5 den! Kom i gang med moroa, og dynk&hellip;<\/p>\n","protected":false},"featured_media":13838,"comment_status":"open","ping_status":"closed","template":"","meta":[],"product_brand":[],"product_cat":[355],"product_tag":[],"class_list":{"0":"post-13839","1":"product","2":"type-product","3":"status-publish","4":"has-post-thumbnail","6":"product_cat-utelek","8":"first","9":"instock","10":"shipping-taxable","11":"product-type-external","12":"customify-col"},"yoast_head":"<!-- This site is optimized with the Yoast SEO plugin v26.0 - https:\/\/yoast.com\/wordpress\/plugins\/seo\/ -->\n<title>NERF, Super Soaker Fortnite Burst AR - Barneleker.no<\/title>\n<meta name=\"robots\" content=\"index, follow, max-snippet:-1, max-image-preview:large, max-video-preview:-1\" \/>\n<link rel=\"canonical\" href=\"https:\/\/barneleker.no\/index.php\/product\/nerf-super-soaker-fortnite-burst-ar\/\" \/>\n<meta property=\"og:locale\" content=\"nb_NO\" \/>\n<meta property=\"og:type\" content=\"article\" \/>\n<meta property=\"og:title\" content=\"NERF, Super Soaker Fortnite Burst AR - Barneleker.no\" \/>\n<meta property=\"og:description\" content=\"Fortnite Burst AR-vannblasteren er inspirert av utstyret som brukes i det popul\u00e6re videospillet Fortnite, og ligner p\u00e5 den! Kom i gang med moroa, og dynk&hellip;\" \/>\n<meta property=\"og:url\" content=\"https:\/\/barneleker.no\/index.php\/product\/nerf-super-soaker-fortnite-burst-ar\/\" \/>\n<meta property=\"og:site_name\" content=\"Barneleker.no\" \/>\n<meta name=\"twitter:card\" content=\"summary_large_image\" \/>\n<meta name=\"twitter:label1\" content=\"Ansl. lesetid\" \/>\n\t<meta name=\"twitter:data1\" content=\"1 minutt\" \/>\n<script type=\"application\/ld+json\" class=\"yoast-schema-graph\">{\"@context\":\"https:\/\/schema.org\",\"@graph\":[{\"@type\":\"WebPage\",\"@id\":\"https:\/\/barneleker.no\/index.php\/product\/nerf-super-soaker-fortnite-burst-ar\/\",\"url\":\"https:\/\/barneleker.no\/index.php\/product\/nerf-super-soaker-fortnite-burst-ar\/\",\"name\":\"NERF, Super Soaker Fortnite Burst AR - Barneleker.no\",\"isPartOf\":{\"@id\":\"https:\/\/barneleker.no\/#website\"},\"primaryImageOfPage\":{\"@id\":\"https:\/\/barneleker.no\/index.php\/product\/nerf-super-soaker-fortnite-burst-ar\/#primaryimage\"},\"image\":{\"@id\":\"https:\/\/barneleker.no\/index.php\/product\/nerf-super-soaker-fortnite-burst-ar\/#primaryimage\"},\"thumbnailUrl\":\"https:\/\/barneleker.no\/wp-content\/uploads\/2022\/02\/nerf-super-soaker-fortnite-burst-ar.jpg\",\"datePublished\":\"2022-02-08T19:58:59+00:00\",\"breadcrumb\":{\"@id\":\"https:\/\/barneleker.no\/index.php\/product\/nerf-super-soaker-fortnite-burst-ar\/#breadcrumb\"},\"inLanguage\":\"nb-NO\",\"potentialAction\":[{\"@type\":\"ReadAction\",\"target\":[\"https:\/\/barneleker.no\/index.php\/product\/nerf-super-soaker-fortnite-burst-ar\/\"]}]},{\"@type\":\"ImageObject\",\"inLanguage\":\"nb-NO\",\"@id\":\"https:\/\/barneleker.no\/index.php\/product\/nerf-super-soaker-fortnite-burst-ar\/#primaryimage\",\"url\":\"https:\/\/barneleker.no\/wp-content\/uploads\/2022\/02\/nerf-super-soaker-fortnite-burst-ar.jpg\",\"contentUrl\":\"https:\/\/barneleker.no\/wp-content\/uploads\/2022\/02\/nerf-super-soaker-fortnite-burst-ar.jpg\",\"width\":555,\"height\":555},{\"@type\":\"BreadcrumbList\",\"@id\":\"https:\/\/barneleker.no\/index.php\/product\/nerf-super-soaker-fortnite-burst-ar\/#breadcrumb\",\"itemListElement\":[{\"@type\":\"ListItem\",\"position\":1,\"name\":\"Butikken\",\"item\":\"https:\/\/barneleker.no\/\"},{\"@type\":\"ListItem\",\"position\":2,\"name\":\"NERF, Super Soaker Fortnite Burst AR\"}]},{\"@type\":\"WebSite\",\"@id\":\"https:\/\/barneleker.no\/#website\",\"url\":\"https:\/\/barneleker.no\/\",\"name\":\"Barneleker.no\",\"description\":\"Selvf\u00f8lgelig!\",\"publisher\":{\"@id\":\"https:\/\/barneleker.no\/#organization\"},\"potentialAction\":[{\"@type\":\"SearchAction\",\"target\":{\"@type\":\"EntryPoint\",\"urlTemplate\":\"https:\/\/barneleker.no\/?s={search_term_string}\"},\"query-input\":{\"@type\":\"PropertyValueSpecification\",\"valueRequired\":true,\"valueName\":\"search_term_string\"}}],\"inLanguage\":\"nb-NO\"},{\"@type\":\"Organization\",\"@id\":\"https:\/\/barneleker.no\/#organization\",\"name\":\"Barneleker.no\",\"url\":\"https:\/\/barneleker.no\/\",\"logo\":{\"@type\":\"ImageObject\",\"inLanguage\":\"nb-NO\",\"@id\":\"https:\/\/barneleker.no\/#\/schema\/logo\/image\/\",\"url\":\"https:\/\/barneleker.no\/wp-content\/uploads\/2021\/11\/barneleker_logo-780x150-1.jpg\",\"contentUrl\":\"https:\/\/barneleker.no\/wp-content\/uploads\/2021\/11\/barneleker_logo-780x150-1.jpg\",\"width\":780,\"height\":150,\"caption\":\"Barneleker.no\"},\"image\":{\"@id\":\"https:\/\/barneleker.no\/#\/schema\/logo\/image\/\"}}]}<\/script>\n<!-- \/ Yoast SEO plugin. -->","yoast_head_json":{"title":"NERF, Super Soaker Fortnite Burst AR - Barneleker.no","robots":{"index":"index","follow":"follow","max-snippet":"max-snippet:-1","max-image-preview":"max-image-preview:large","max-video-preview":"max-video-preview:-1"},"canonical":"https:\/\/barneleker.no\/index.php\/product\/nerf-super-soaker-fortnite-burst-ar\/","og_locale":"nb_NO","og_type":"article","og_title":"NERF, Super Soaker Fortnite Burst AR - Barneleker.no","og_description":"Fortnite Burst AR-vannblasteren er inspirert av utstyret som brukes i det popul\u00e6re videospillet Fortnite, og ligner p\u00e5 den! Kom i gang med moroa, og dynk&hellip;","og_url":"https:\/\/barneleker.no\/index.php\/product\/nerf-super-soaker-fortnite-burst-ar\/","og_site_name":"Barneleker.no","twitter_card":"summary_large_image","twitter_misc":{"Ansl. lesetid":"1 minutt"},"schema":{"@context":"https:\/\/schema.org","@graph":[{"@type":"WebPage","@id":"https:\/\/barneleker.no\/index.php\/product\/nerf-super-soaker-fortnite-burst-ar\/","url":"https:\/\/barneleker.no\/index.php\/product\/nerf-super-soaker-fortnite-burst-ar\/","name":"NERF, Super Soaker Fortnite Burst AR - Barneleker.no","isPartOf":{"@id":"https:\/\/barneleker.no\/#website"},"primaryImageOfPage":{"@id":"https:\/\/barneleker.no\/index.php\/product\/nerf-super-soaker-fortnite-burst-ar\/#primaryimage"},"image":{"@id":"https:\/\/barneleker.no\/index.php\/product\/nerf-super-soaker-fortnite-burst-ar\/#primaryimage"},"thumbnailUrl":"https:\/\/barneleker.no\/wp-content\/uploads\/2022\/02\/nerf-super-soaker-fortnite-burst-ar.jpg","datePublished":"2022-02-08T19:58:59+00:00","breadcrumb":{"@id":"https:\/\/barneleker.no\/index.php\/product\/nerf-super-soaker-fortnite-burst-ar\/#breadcrumb"},"inLanguage":"nb-NO","potentialAction":[{"@type":"ReadAction","target":["https:\/\/barneleker.no\/index.php\/product\/nerf-super-soaker-fortnite-burst-ar\/"]}]},{"@type":"ImageObject","inLanguage":"nb-NO","@id":"https:\/\/barneleker.no\/index.php\/product\/nerf-super-soaker-fortnite-burst-ar\/#primaryimage","url":"https:\/\/barneleker.no\/wp-content\/uploads\/2022\/02\/nerf-super-soaker-fortnite-burst-ar.jpg","contentUrl":"https:\/\/barneleker.no\/wp-content\/uploads\/2022\/02\/nerf-super-soaker-fortnite-burst-ar.jpg","width":555,"height":555},{"@type":"BreadcrumbList","@id":"https:\/\/barneleker.no\/index.php\/product\/nerf-super-soaker-fortnite-burst-ar\/#breadcrumb","itemListElement":[{"@type":"ListItem","position":1,"name":"Butikken","item":"https:\/\/barneleker.no\/"},{"@type":"ListItem","position":2,"name":"NERF, Super Soaker Fortnite Burst AR"}]},{"@type":"WebSite","@id":"https:\/\/barneleker.no\/#website","url":"https:\/\/barneleker.no\/","name":"Barneleker.no","description":"Selvf\u00f8lgelig!","publisher":{"@id":"https:\/\/barneleker.no\/#organization"},"potentialAction":[{"@type":"SearchAction","target":{"@type":"EntryPoint","urlTemplate":"https:\/\/barneleker.no\/?s={search_term_string}"},"query-input":{"@type":"PropertyValueSpecification","valueRequired":true,"valueName":"search_term_string"}}],"inLanguage":"nb-NO"},{"@type":"Organization","@id":"https:\/\/barneleker.no\/#organization","name":"Barneleker.no","url":"https:\/\/barneleker.no\/","logo":{"@type":"ImageObject","inLanguage":"nb-NO","@id":"https:\/\/barneleker.no\/#\/schema\/logo\/image\/","url":"https:\/\/barneleker.no\/wp-content\/uploads\/2021\/11\/barneleker_logo-780x150-1.jpg","contentUrl":"https:\/\/barneleker.no\/wp-content\/uploads\/2021\/11\/barneleker_logo-780x150-1.jpg","width":780,"height":150,"caption":"Barneleker.no"},"image":{"@id":"https:\/\/barneleker.no\/#\/schema\/logo\/image\/"}}]}},"_links":{"self":[{"href":"https:\/\/barneleker.no\/index.php\/wp-json\/wp\/v2\/product\/13839","targetHints":{"allow":["GET"]}}],"collection":[{"href":"https:\/\/barneleker.no\/index.php\/wp-json\/wp\/v2\/product"}],"about":[{"href":"https:\/\/barneleker.no\/index.php\/wp-json\/wp\/v2\/types\/product"}],"replies":[{"embeddable":true,"href":"https:\/\/barneleker.no\/index.php\/wp-json\/wp\/v2\/comments?post=13839"}],"wp:featuredmedia":[{"embeddable":true,"href":"https:\/\/barneleker.no\/index.php\/wp-json\/wp\/v2\/media\/13838"}],"wp:attachment":[{"href":"https:\/\/barneleker.no\/index.php\/wp-json\/wp\/v2\/media?parent=13839"}],"wp:term":[{"taxonomy":"product_brand","embeddable":true,"href":"https:\/\/barneleker.no\/index.php\/wp-json\/wp\/v2\/product_brand?post=13839"},{"taxonomy":"product_cat","embeddable":true,"href":"https:\/\/barneleker.no\/index.php\/wp-json\/wp\/v2\/product_cat?post=13839"},{"taxonomy":"product_tag","embeddable":true,"href":"https:\/\/barneleker.no\/index.php\/wp-json\/wp\/v2\/product_tag?post=13839"}],"curies":[{"name":"wp","href":"https:\/\/api.w.org\/{rel}","templated":true}]}}