{"id":13855,"date":"2022-02-08T19:59:05","date_gmt":"2022-02-08T19:59:05","guid":{"rendered":"https:\/\/barneleker.no\/index.php\/product\/lego-duplo-town-10929-modulbasert-lekehus\/"},"modified":"2022-02-08T19:59:05","modified_gmt":"2022-02-08T19:59:05","slug":"lego-duplo-town-10929-modulbasert-lekehus","status":"publish","type":"product","link":"https:\/\/barneleker.no\/index.php\/product\/lego-duplo-town-10929-modulbasert-lekehus\/","title":{"rendered":"LEGO Duplo Town 10929, Modulbasert lekehus"},"content":{"rendered":"<p>Med dette \u00e5pne dukkehuset kan flere leke sammen. L\u00e6r sm\u00e5rollinger om matlaging, oppf\u00f8rsel ved matbordet og rutiner f\u00f8r legging. Settet byr p\u00e5 magiske \u00f8yeblikk med mange gjenkjennelige detaljer og figurer av mamma, pappa og barn samt en hund og en kosebamse. Hovedhuset kan bygges om til et t\u00e5rnhus og et bolighus for enda mer moro!<\/p>\n","protected":false},"excerpt":{"rendered":"<p>Med dette \u00e5pne dukkehuset kan flere leke sammen. L\u00e6r sm\u00e5rollinger om matlaging, oppf\u00f8rsel ved matbordet og rutiner f\u00f8r legging. Settet byr p\u00e5 magiske \u00f8yeblikk med&hellip;<\/p>\n","protected":false},"featured_media":13854,"comment_status":"open","ping_status":"closed","template":"","meta":[],"product_brand":[],"product_cat":[512],"product_tag":[],"class_list":{"0":"post-13855","1":"product","2":"type-product","3":"status-publish","4":"has-post-thumbnail","6":"product_cat-sett","8":"first","9":"instock","10":"shipping-taxable","11":"product-type-external","12":"customify-col"},"yoast_head":"<!-- This site is optimized with the Yoast SEO plugin v26.0 - https:\/\/yoast.com\/wordpress\/plugins\/seo\/ -->\n<title>LEGO Duplo Town 10929, Modulbasert lekehus - Barneleker.no<\/title>\n<meta name=\"robots\" content=\"index, follow, max-snippet:-1, max-image-preview:large, max-video-preview:-1\" \/>\n<link rel=\"canonical\" href=\"https:\/\/barneleker.no\/index.php\/product\/lego-duplo-town-10929-modulbasert-lekehus\/\" \/>\n<meta property=\"og:locale\" content=\"nb_NO\" \/>\n<meta property=\"og:type\" content=\"article\" \/>\n<meta property=\"og:title\" content=\"LEGO Duplo Town 10929, Modulbasert lekehus - Barneleker.no\" \/>\n<meta property=\"og:description\" content=\"Med dette \u00e5pne dukkehuset kan flere leke sammen. L\u00e6r sm\u00e5rollinger om matlaging, oppf\u00f8rsel ved matbordet og rutiner f\u00f8r legging. Settet byr p\u00e5 magiske \u00f8yeblikk med&hellip;\" \/>\n<meta property=\"og:url\" content=\"https:\/\/barneleker.no\/index.php\/product\/lego-duplo-town-10929-modulbasert-lekehus\/\" \/>\n<meta property=\"og:site_name\" content=\"Barneleker.no\" \/>\n<meta name=\"twitter:card\" content=\"summary_large_image\" \/>\n<script type=\"application\/ld+json\" class=\"yoast-schema-graph\">{\"@context\":\"https:\/\/schema.org\",\"@graph\":[{\"@type\":\"WebPage\",\"@id\":\"https:\/\/barneleker.no\/index.php\/product\/lego-duplo-town-10929-modulbasert-lekehus\/\",\"url\":\"https:\/\/barneleker.no\/index.php\/product\/lego-duplo-town-10929-modulbasert-lekehus\/\",\"name\":\"LEGO Duplo Town 10929, Modulbasert lekehus - Barneleker.no\",\"isPartOf\":{\"@id\":\"https:\/\/barneleker.no\/#website\"},\"primaryImageOfPage\":{\"@id\":\"https:\/\/barneleker.no\/index.php\/product\/lego-duplo-town-10929-modulbasert-lekehus\/#primaryimage\"},\"image\":{\"@id\":\"https:\/\/barneleker.no\/index.php\/product\/lego-duplo-town-10929-modulbasert-lekehus\/#primaryimage\"},\"thumbnailUrl\":\"https:\/\/barneleker.no\/wp-content\/uploads\/2022\/02\/lego-duplo-town-10929-modulbasert-lekehus.jpg\",\"datePublished\":\"2022-02-08T19:59:05+00:00\",\"breadcrumb\":{\"@id\":\"https:\/\/barneleker.no\/index.php\/product\/lego-duplo-town-10929-modulbasert-lekehus\/#breadcrumb\"},\"inLanguage\":\"nb-NO\",\"potentialAction\":[{\"@type\":\"ReadAction\",\"target\":[\"https:\/\/barneleker.no\/index.php\/product\/lego-duplo-town-10929-modulbasert-lekehus\/\"]}]},{\"@type\":\"ImageObject\",\"inLanguage\":\"nb-NO\",\"@id\":\"https:\/\/barneleker.no\/index.php\/product\/lego-duplo-town-10929-modulbasert-lekehus\/#primaryimage\",\"url\":\"https:\/\/barneleker.no\/wp-content\/uploads\/2022\/02\/lego-duplo-town-10929-modulbasert-lekehus.jpg\",\"contentUrl\":\"https:\/\/barneleker.no\/wp-content\/uploads\/2022\/02\/lego-duplo-town-10929-modulbasert-lekehus.jpg\",\"width\":555,\"height\":555},{\"@type\":\"BreadcrumbList\",\"@id\":\"https:\/\/barneleker.no\/index.php\/product\/lego-duplo-town-10929-modulbasert-lekehus\/#breadcrumb\",\"itemListElement\":[{\"@type\":\"ListItem\",\"position\":1,\"name\":\"Butikken\",\"item\":\"https:\/\/barneleker.no\/\"},{\"@type\":\"ListItem\",\"position\":2,\"name\":\"LEGO Duplo Town 10929, Modulbasert lekehus\"}]},{\"@type\":\"WebSite\",\"@id\":\"https:\/\/barneleker.no\/#website\",\"url\":\"https:\/\/barneleker.no\/\",\"name\":\"Barneleker.no\",\"description\":\"Selvf\u00f8lgelig!\",\"publisher\":{\"@id\":\"https:\/\/barneleker.no\/#organization\"},\"potentialAction\":[{\"@type\":\"SearchAction\",\"target\":{\"@type\":\"EntryPoint\",\"urlTemplate\":\"https:\/\/barneleker.no\/?s={search_term_string}\"},\"query-input\":{\"@type\":\"PropertyValueSpecification\",\"valueRequired\":true,\"valueName\":\"search_term_string\"}}],\"inLanguage\":\"nb-NO\"},{\"@type\":\"Organization\",\"@id\":\"https:\/\/barneleker.no\/#organization\",\"name\":\"Barneleker.no\",\"url\":\"https:\/\/barneleker.no\/\",\"logo\":{\"@type\":\"ImageObject\",\"inLanguage\":\"nb-NO\",\"@id\":\"https:\/\/barneleker.no\/#\/schema\/logo\/image\/\",\"url\":\"https:\/\/barneleker.no\/wp-content\/uploads\/2021\/11\/barneleker_logo-780x150-1.jpg\",\"contentUrl\":\"https:\/\/barneleker.no\/wp-content\/uploads\/2021\/11\/barneleker_logo-780x150-1.jpg\",\"width\":780,\"height\":150,\"caption\":\"Barneleker.no\"},\"image\":{\"@id\":\"https:\/\/barneleker.no\/#\/schema\/logo\/image\/\"}}]}<\/script>\n<!-- \/ Yoast SEO plugin. -->","yoast_head_json":{"title":"LEGO Duplo Town 10929, Modulbasert lekehus - Barneleker.no","robots":{"index":"index","follow":"follow","max-snippet":"max-snippet:-1","max-image-preview":"max-image-preview:large","max-video-preview":"max-video-preview:-1"},"canonical":"https:\/\/barneleker.no\/index.php\/product\/lego-duplo-town-10929-modulbasert-lekehus\/","og_locale":"nb_NO","og_type":"article","og_title":"LEGO Duplo Town 10929, Modulbasert lekehus - Barneleker.no","og_description":"Med dette \u00e5pne dukkehuset kan flere leke sammen. L\u00e6r sm\u00e5rollinger om matlaging, oppf\u00f8rsel ved matbordet og rutiner f\u00f8r legging. Settet byr p\u00e5 magiske \u00f8yeblikk med&hellip;","og_url":"https:\/\/barneleker.no\/index.php\/product\/lego-duplo-town-10929-modulbasert-lekehus\/","og_site_name":"Barneleker.no","twitter_card":"summary_large_image","schema":{"@context":"https:\/\/schema.org","@graph":[{"@type":"WebPage","@id":"https:\/\/barneleker.no\/index.php\/product\/lego-duplo-town-10929-modulbasert-lekehus\/","url":"https:\/\/barneleker.no\/index.php\/product\/lego-duplo-town-10929-modulbasert-lekehus\/","name":"LEGO Duplo Town 10929, Modulbasert lekehus - Barneleker.no","isPartOf":{"@id":"https:\/\/barneleker.no\/#website"},"primaryImageOfPage":{"@id":"https:\/\/barneleker.no\/index.php\/product\/lego-duplo-town-10929-modulbasert-lekehus\/#primaryimage"},"image":{"@id":"https:\/\/barneleker.no\/index.php\/product\/lego-duplo-town-10929-modulbasert-lekehus\/#primaryimage"},"thumbnailUrl":"https:\/\/barneleker.no\/wp-content\/uploads\/2022\/02\/lego-duplo-town-10929-modulbasert-lekehus.jpg","datePublished":"2022-02-08T19:59:05+00:00","breadcrumb":{"@id":"https:\/\/barneleker.no\/index.php\/product\/lego-duplo-town-10929-modulbasert-lekehus\/#breadcrumb"},"inLanguage":"nb-NO","potentialAction":[{"@type":"ReadAction","target":["https:\/\/barneleker.no\/index.php\/product\/lego-duplo-town-10929-modulbasert-lekehus\/"]}]},{"@type":"ImageObject","inLanguage":"nb-NO","@id":"https:\/\/barneleker.no\/index.php\/product\/lego-duplo-town-10929-modulbasert-lekehus\/#primaryimage","url":"https:\/\/barneleker.no\/wp-content\/uploads\/2022\/02\/lego-duplo-town-10929-modulbasert-lekehus.jpg","contentUrl":"https:\/\/barneleker.no\/wp-content\/uploads\/2022\/02\/lego-duplo-town-10929-modulbasert-lekehus.jpg","width":555,"height":555},{"@type":"BreadcrumbList","@id":"https:\/\/barneleker.no\/index.php\/product\/lego-duplo-town-10929-modulbasert-lekehus\/#breadcrumb","itemListElement":[{"@type":"ListItem","position":1,"name":"Butikken","item":"https:\/\/barneleker.no\/"},{"@type":"ListItem","position":2,"name":"LEGO Duplo Town 10929, Modulbasert lekehus"}]},{"@type":"WebSite","@id":"https:\/\/barneleker.no\/#website","url":"https:\/\/barneleker.no\/","name":"Barneleker.no","description":"Selvf\u00f8lgelig!","publisher":{"@id":"https:\/\/barneleker.no\/#organization"},"potentialAction":[{"@type":"SearchAction","target":{"@type":"EntryPoint","urlTemplate":"https:\/\/barneleker.no\/?s={search_term_string}"},"query-input":{"@type":"PropertyValueSpecification","valueRequired":true,"valueName":"search_term_string"}}],"inLanguage":"nb-NO"},{"@type":"Organization","@id":"https:\/\/barneleker.no\/#organization","name":"Barneleker.no","url":"https:\/\/barneleker.no\/","logo":{"@type":"ImageObject","inLanguage":"nb-NO","@id":"https:\/\/barneleker.no\/#\/schema\/logo\/image\/","url":"https:\/\/barneleker.no\/wp-content\/uploads\/2021\/11\/barneleker_logo-780x150-1.jpg","contentUrl":"https:\/\/barneleker.no\/wp-content\/uploads\/2021\/11\/barneleker_logo-780x150-1.jpg","width":780,"height":150,"caption":"Barneleker.no"},"image":{"@id":"https:\/\/barneleker.no\/#\/schema\/logo\/image\/"}}]}},"_links":{"self":[{"href":"https:\/\/barneleker.no\/index.php\/wp-json\/wp\/v2\/product\/13855","targetHints":{"allow":["GET"]}}],"collection":[{"href":"https:\/\/barneleker.no\/index.php\/wp-json\/wp\/v2\/product"}],"about":[{"href":"https:\/\/barneleker.no\/index.php\/wp-json\/wp\/v2\/types\/product"}],"replies":[{"embeddable":true,"href":"https:\/\/barneleker.no\/index.php\/wp-json\/wp\/v2\/comments?post=13855"}],"wp:featuredmedia":[{"embeddable":true,"href":"https:\/\/barneleker.no\/index.php\/wp-json\/wp\/v2\/media\/13854"}],"wp:attachment":[{"href":"https:\/\/barneleker.no\/index.php\/wp-json\/wp\/v2\/media?parent=13855"}],"wp:term":[{"taxonomy":"product_brand","embeddable":true,"href":"https:\/\/barneleker.no\/index.php\/wp-json\/wp\/v2\/product_brand?post=13855"},{"taxonomy":"product_cat","embeddable":true,"href":"https:\/\/barneleker.no\/index.php\/wp-json\/wp\/v2\/product_cat?post=13855"},{"taxonomy":"product_tag","embeddable":true,"href":"https:\/\/barneleker.no\/index.php\/wp-json\/wp\/v2\/product_tag?post=13855"}],"curies":[{"name":"wp","href":"https:\/\/api.w.org\/{rel}","templated":true}]}}