{"id":13863,"date":"2022-02-08T19:59:08","date_gmt":"2022-02-08T19:59:08","guid":{"rendered":"https:\/\/barneleker.no\/index.php\/product\/the-stage-stage-keyboard-med-lystangenter\/"},"modified":"2022-02-08T19:59:08","modified_gmt":"2022-02-08T19:59:08","slug":"the-stage-stage-keyboard-med-lystangenter","status":"publish","type":"product","link":"https:\/\/barneleker.no\/index.php\/product\/the-stage-stage-keyboard-med-lystangenter\/","title":{"rendered":"The Stage Stage, Keyboard med lystangenter"},"content":{"rendered":"<p>Med dette 37-tangenters\u00a0keyboardet kan du virkelig l\u00e6re \u00e5 spille. Noen sanger er forh\u00e5ndsprogrammert, og n\u00e5r du spiller en tone, lyser den tangenten. I tillegg blir hver hvite tangent uthevet med hvilken note den spiller med h\u00f8yere og lavere oktaver, perfekt for \u00e5 bytte til sanger som ikke er programmert, du blir ogs\u00e5 kjent med de forskjellige tonene, med flere forskjellige melodier og instrumentlyder og et innebygd diskolys, pluss en pall du kan sitte p\u00e5 mens du spiller. Keyboardet har tre oktaver.<\/p>\n","protected":false},"excerpt":{"rendered":"<p>Med dette 37-tangenters\u00a0keyboardet kan du virkelig l\u00e6re \u00e5 spille. Noen sanger er forh\u00e5ndsprogrammert, og n\u00e5r du spiller en tone, lyser den tangenten. I tillegg blir&hellip;<\/p>\n","protected":false},"featured_media":13862,"comment_status":"open","ping_status":"closed","template":"","meta":[],"product_brand":[],"product_cat":[441],"product_tag":[],"class_list":{"0":"post-13863","1":"product","2":"type-product","3":"status-publish","4":"has-post-thumbnail","6":"product_cat-leksaksinstrument","8":"first","9":"instock","10":"shipping-taxable","11":"product-type-external","12":"customify-col"},"yoast_head":"<!-- This site is optimized with the Yoast SEO plugin v26.0 - https:\/\/yoast.com\/wordpress\/plugins\/seo\/ -->\n<title>The Stage Stage, Keyboard med lystangenter - Barneleker.no<\/title>\n<meta name=\"robots\" content=\"index, follow, max-snippet:-1, max-image-preview:large, max-video-preview:-1\" \/>\n<link rel=\"canonical\" href=\"https:\/\/barneleker.no\/index.php\/product\/the-stage-stage-keyboard-med-lystangenter\/\" \/>\n<meta property=\"og:locale\" content=\"nb_NO\" \/>\n<meta property=\"og:type\" content=\"article\" \/>\n<meta property=\"og:title\" content=\"The Stage Stage, Keyboard med lystangenter - Barneleker.no\" \/>\n<meta property=\"og:description\" content=\"Med dette 37-tangenters\u00a0keyboardet kan du virkelig l\u00e6re \u00e5 spille. Noen sanger er forh\u00e5ndsprogrammert, og n\u00e5r du spiller en tone, lyser den tangenten. I tillegg blir&hellip;\" \/>\n<meta property=\"og:url\" content=\"https:\/\/barneleker.no\/index.php\/product\/the-stage-stage-keyboard-med-lystangenter\/\" \/>\n<meta property=\"og:site_name\" content=\"Barneleker.no\" \/>\n<meta name=\"twitter:card\" content=\"summary_large_image\" \/>\n<script type=\"application\/ld+json\" class=\"yoast-schema-graph\">{\"@context\":\"https:\/\/schema.org\",\"@graph\":[{\"@type\":\"WebPage\",\"@id\":\"https:\/\/barneleker.no\/index.php\/product\/the-stage-stage-keyboard-med-lystangenter\/\",\"url\":\"https:\/\/barneleker.no\/index.php\/product\/the-stage-stage-keyboard-med-lystangenter\/\",\"name\":\"The Stage Stage, Keyboard med lystangenter - Barneleker.no\",\"isPartOf\":{\"@id\":\"https:\/\/barneleker.no\/#website\"},\"primaryImageOfPage\":{\"@id\":\"https:\/\/barneleker.no\/index.php\/product\/the-stage-stage-keyboard-med-lystangenter\/#primaryimage\"},\"image\":{\"@id\":\"https:\/\/barneleker.no\/index.php\/product\/the-stage-stage-keyboard-med-lystangenter\/#primaryimage\"},\"thumbnailUrl\":\"https:\/\/barneleker.no\/wp-content\/uploads\/2022\/02\/stage-keyboard-med-lystangenter.jpg\",\"datePublished\":\"2022-02-08T19:59:08+00:00\",\"breadcrumb\":{\"@id\":\"https:\/\/barneleker.no\/index.php\/product\/the-stage-stage-keyboard-med-lystangenter\/#breadcrumb\"},\"inLanguage\":\"nb-NO\",\"potentialAction\":[{\"@type\":\"ReadAction\",\"target\":[\"https:\/\/barneleker.no\/index.php\/product\/the-stage-stage-keyboard-med-lystangenter\/\"]}]},{\"@type\":\"ImageObject\",\"inLanguage\":\"nb-NO\",\"@id\":\"https:\/\/barneleker.no\/index.php\/product\/the-stage-stage-keyboard-med-lystangenter\/#primaryimage\",\"url\":\"https:\/\/barneleker.no\/wp-content\/uploads\/2022\/02\/stage-keyboard-med-lystangenter.jpg\",\"contentUrl\":\"https:\/\/barneleker.no\/wp-content\/uploads\/2022\/02\/stage-keyboard-med-lystangenter.jpg\",\"width\":555,\"height\":555},{\"@type\":\"BreadcrumbList\",\"@id\":\"https:\/\/barneleker.no\/index.php\/product\/the-stage-stage-keyboard-med-lystangenter\/#breadcrumb\",\"itemListElement\":[{\"@type\":\"ListItem\",\"position\":1,\"name\":\"Butikken\",\"item\":\"https:\/\/barneleker.no\/\"},{\"@type\":\"ListItem\",\"position\":2,\"name\":\"The Stage Stage, Keyboard med lystangenter\"}]},{\"@type\":\"WebSite\",\"@id\":\"https:\/\/barneleker.no\/#website\",\"url\":\"https:\/\/barneleker.no\/\",\"name\":\"Barneleker.no\",\"description\":\"Selvf\u00f8lgelig!\",\"publisher\":{\"@id\":\"https:\/\/barneleker.no\/#organization\"},\"potentialAction\":[{\"@type\":\"SearchAction\",\"target\":{\"@type\":\"EntryPoint\",\"urlTemplate\":\"https:\/\/barneleker.no\/?s={search_term_string}\"},\"query-input\":{\"@type\":\"PropertyValueSpecification\",\"valueRequired\":true,\"valueName\":\"search_term_string\"}}],\"inLanguage\":\"nb-NO\"},{\"@type\":\"Organization\",\"@id\":\"https:\/\/barneleker.no\/#organization\",\"name\":\"Barneleker.no\",\"url\":\"https:\/\/barneleker.no\/\",\"logo\":{\"@type\":\"ImageObject\",\"inLanguage\":\"nb-NO\",\"@id\":\"https:\/\/barneleker.no\/#\/schema\/logo\/image\/\",\"url\":\"https:\/\/barneleker.no\/wp-content\/uploads\/2021\/11\/barneleker_logo-780x150-1.jpg\",\"contentUrl\":\"https:\/\/barneleker.no\/wp-content\/uploads\/2021\/11\/barneleker_logo-780x150-1.jpg\",\"width\":780,\"height\":150,\"caption\":\"Barneleker.no\"},\"image\":{\"@id\":\"https:\/\/barneleker.no\/#\/schema\/logo\/image\/\"}}]}<\/script>\n<!-- \/ Yoast SEO plugin. -->","yoast_head_json":{"title":"The Stage Stage, Keyboard med lystangenter - Barneleker.no","robots":{"index":"index","follow":"follow","max-snippet":"max-snippet:-1","max-image-preview":"max-image-preview:large","max-video-preview":"max-video-preview:-1"},"canonical":"https:\/\/barneleker.no\/index.php\/product\/the-stage-stage-keyboard-med-lystangenter\/","og_locale":"nb_NO","og_type":"article","og_title":"The Stage Stage, Keyboard med lystangenter - Barneleker.no","og_description":"Med dette 37-tangenters\u00a0keyboardet kan du virkelig l\u00e6re \u00e5 spille. Noen sanger er forh\u00e5ndsprogrammert, og n\u00e5r du spiller en tone, lyser den tangenten. I tillegg blir&hellip;","og_url":"https:\/\/barneleker.no\/index.php\/product\/the-stage-stage-keyboard-med-lystangenter\/","og_site_name":"Barneleker.no","twitter_card":"summary_large_image","schema":{"@context":"https:\/\/schema.org","@graph":[{"@type":"WebPage","@id":"https:\/\/barneleker.no\/index.php\/product\/the-stage-stage-keyboard-med-lystangenter\/","url":"https:\/\/barneleker.no\/index.php\/product\/the-stage-stage-keyboard-med-lystangenter\/","name":"The Stage Stage, Keyboard med lystangenter - Barneleker.no","isPartOf":{"@id":"https:\/\/barneleker.no\/#website"},"primaryImageOfPage":{"@id":"https:\/\/barneleker.no\/index.php\/product\/the-stage-stage-keyboard-med-lystangenter\/#primaryimage"},"image":{"@id":"https:\/\/barneleker.no\/index.php\/product\/the-stage-stage-keyboard-med-lystangenter\/#primaryimage"},"thumbnailUrl":"https:\/\/barneleker.no\/wp-content\/uploads\/2022\/02\/stage-keyboard-med-lystangenter.jpg","datePublished":"2022-02-08T19:59:08+00:00","breadcrumb":{"@id":"https:\/\/barneleker.no\/index.php\/product\/the-stage-stage-keyboard-med-lystangenter\/#breadcrumb"},"inLanguage":"nb-NO","potentialAction":[{"@type":"ReadAction","target":["https:\/\/barneleker.no\/index.php\/product\/the-stage-stage-keyboard-med-lystangenter\/"]}]},{"@type":"ImageObject","inLanguage":"nb-NO","@id":"https:\/\/barneleker.no\/index.php\/product\/the-stage-stage-keyboard-med-lystangenter\/#primaryimage","url":"https:\/\/barneleker.no\/wp-content\/uploads\/2022\/02\/stage-keyboard-med-lystangenter.jpg","contentUrl":"https:\/\/barneleker.no\/wp-content\/uploads\/2022\/02\/stage-keyboard-med-lystangenter.jpg","width":555,"height":555},{"@type":"BreadcrumbList","@id":"https:\/\/barneleker.no\/index.php\/product\/the-stage-stage-keyboard-med-lystangenter\/#breadcrumb","itemListElement":[{"@type":"ListItem","position":1,"name":"Butikken","item":"https:\/\/barneleker.no\/"},{"@type":"ListItem","position":2,"name":"The Stage Stage, Keyboard med lystangenter"}]},{"@type":"WebSite","@id":"https:\/\/barneleker.no\/#website","url":"https:\/\/barneleker.no\/","name":"Barneleker.no","description":"Selvf\u00f8lgelig!","publisher":{"@id":"https:\/\/barneleker.no\/#organization"},"potentialAction":[{"@type":"SearchAction","target":{"@type":"EntryPoint","urlTemplate":"https:\/\/barneleker.no\/?s={search_term_string}"},"query-input":{"@type":"PropertyValueSpecification","valueRequired":true,"valueName":"search_term_string"}}],"inLanguage":"nb-NO"},{"@type":"Organization","@id":"https:\/\/barneleker.no\/#organization","name":"Barneleker.no","url":"https:\/\/barneleker.no\/","logo":{"@type":"ImageObject","inLanguage":"nb-NO","@id":"https:\/\/barneleker.no\/#\/schema\/logo\/image\/","url":"https:\/\/barneleker.no\/wp-content\/uploads\/2021\/11\/barneleker_logo-780x150-1.jpg","contentUrl":"https:\/\/barneleker.no\/wp-content\/uploads\/2021\/11\/barneleker_logo-780x150-1.jpg","width":780,"height":150,"caption":"Barneleker.no"},"image":{"@id":"https:\/\/barneleker.no\/#\/schema\/logo\/image\/"}}]}},"_links":{"self":[{"href":"https:\/\/barneleker.no\/index.php\/wp-json\/wp\/v2\/product\/13863","targetHints":{"allow":["GET"]}}],"collection":[{"href":"https:\/\/barneleker.no\/index.php\/wp-json\/wp\/v2\/product"}],"about":[{"href":"https:\/\/barneleker.no\/index.php\/wp-json\/wp\/v2\/types\/product"}],"replies":[{"embeddable":true,"href":"https:\/\/barneleker.no\/index.php\/wp-json\/wp\/v2\/comments?post=13863"}],"wp:featuredmedia":[{"embeddable":true,"href":"https:\/\/barneleker.no\/index.php\/wp-json\/wp\/v2\/media\/13862"}],"wp:attachment":[{"href":"https:\/\/barneleker.no\/index.php\/wp-json\/wp\/v2\/media?parent=13863"}],"wp:term":[{"taxonomy":"product_brand","embeddable":true,"href":"https:\/\/barneleker.no\/index.php\/wp-json\/wp\/v2\/product_brand?post=13863"},{"taxonomy":"product_cat","embeddable":true,"href":"https:\/\/barneleker.no\/index.php\/wp-json\/wp\/v2\/product_cat?post=13863"},{"taxonomy":"product_tag","embeddable":true,"href":"https:\/\/barneleker.no\/index.php\/wp-json\/wp\/v2\/product_tag?post=13863"}],"curies":[{"name":"wp","href":"https:\/\/api.w.org\/{rel}","templated":true}]}}