{"id":13865,"date":"2022-02-08T19:59:08","date_gmt":"2022-02-08T19:59:08","guid":{"rendered":"https:\/\/barneleker.no\/index.php\/product\/smoby-trehjulsykkel-rosa\/"},"modified":"2022-02-08T19:59:08","modified_gmt":"2022-02-08T19:59:08","slug":"smoby-trehjulsykkel-rosa","status":"publish","type":"product","link":"https:\/\/barneleker.no\/index.php\/product\/smoby-trehjulsykkel-rosa\/","title":{"rendered":"Smoby, Trehjulsykkel Rosa"},"content":{"rendered":"<p>En fin f\u00f8rste trehjulsykkel fra Smoby. Sykkelen har en robust metallramme med justerbar stang bak utstyrt med h\u00e5ndtak slik at en voksen kan gi barnet en ekstra dytt n\u00e5r det beh\u00f8ves. Pedalene er utstyrt med en funksjon som gj\u00f8r at de ikke snurrer selv om om noen dytter p\u00e5. Dessuten er har pedalene antisklifunksjon slik at barnet lettere f\u00e5r feste med f\u00f8ttene. Sykkelen har et bekvemt sete med ryggst\u00f8tte og et justerbart belte.<\/p>\n","protected":false},"excerpt":{"rendered":"<p>En fin f\u00f8rste trehjulsykkel fra Smoby. Sykkelen har en robust metallramme med justerbar stang bak utstyrt med h\u00e5ndtak slik at en voksen kan gi barnet&hellip;<\/p>\n","protected":false},"featured_media":13864,"comment_status":"open","ping_status":"closed","template":"","meta":[],"product_brand":[],"product_cat":[492],"product_tag":[],"class_list":{"0":"post-13865","1":"product","2":"type-product","3":"status-publish","4":"has-post-thumbnail","6":"product_cat-trehjulingar","8":"first","9":"instock","10":"shipping-taxable","11":"product-type-external","12":"customify-col"},"yoast_head":"<!-- This site is optimized with the Yoast SEO plugin v26.0 - https:\/\/yoast.com\/wordpress\/plugins\/seo\/ -->\n<title>Smoby, Trehjulsykkel Rosa - Barneleker.no<\/title>\n<meta name=\"robots\" content=\"index, follow, max-snippet:-1, max-image-preview:large, max-video-preview:-1\" \/>\n<link rel=\"canonical\" href=\"https:\/\/barneleker.no\/index.php\/product\/smoby-trehjulsykkel-rosa\/\" \/>\n<meta property=\"og:locale\" content=\"nb_NO\" \/>\n<meta property=\"og:type\" content=\"article\" \/>\n<meta property=\"og:title\" content=\"Smoby, Trehjulsykkel Rosa - Barneleker.no\" \/>\n<meta property=\"og:description\" content=\"En fin f\u00f8rste trehjulsykkel fra Smoby. Sykkelen har en robust metallramme med justerbar stang bak utstyrt med h\u00e5ndtak slik at en voksen kan gi barnet&hellip;\" \/>\n<meta property=\"og:url\" content=\"https:\/\/barneleker.no\/index.php\/product\/smoby-trehjulsykkel-rosa\/\" \/>\n<meta property=\"og:site_name\" content=\"Barneleker.no\" \/>\n<meta name=\"twitter:card\" content=\"summary_large_image\" \/>\n<script type=\"application\/ld+json\" class=\"yoast-schema-graph\">{\"@context\":\"https:\/\/schema.org\",\"@graph\":[{\"@type\":\"WebPage\",\"@id\":\"https:\/\/barneleker.no\/index.php\/product\/smoby-trehjulsykkel-rosa\/\",\"url\":\"https:\/\/barneleker.no\/index.php\/product\/smoby-trehjulsykkel-rosa\/\",\"name\":\"Smoby, Trehjulsykkel Rosa - Barneleker.no\",\"isPartOf\":{\"@id\":\"https:\/\/barneleker.no\/#website\"},\"primaryImageOfPage\":{\"@id\":\"https:\/\/barneleker.no\/index.php\/product\/smoby-trehjulsykkel-rosa\/#primaryimage\"},\"image\":{\"@id\":\"https:\/\/barneleker.no\/index.php\/product\/smoby-trehjulsykkel-rosa\/#primaryimage\"},\"thumbnailUrl\":\"https:\/\/barneleker.no\/wp-content\/uploads\/2022\/02\/smoby-trehjulsykkel-rosa.jpg\",\"datePublished\":\"2022-02-08T19:59:08+00:00\",\"breadcrumb\":{\"@id\":\"https:\/\/barneleker.no\/index.php\/product\/smoby-trehjulsykkel-rosa\/#breadcrumb\"},\"inLanguage\":\"nb-NO\",\"potentialAction\":[{\"@type\":\"ReadAction\",\"target\":[\"https:\/\/barneleker.no\/index.php\/product\/smoby-trehjulsykkel-rosa\/\"]}]},{\"@type\":\"ImageObject\",\"inLanguage\":\"nb-NO\",\"@id\":\"https:\/\/barneleker.no\/index.php\/product\/smoby-trehjulsykkel-rosa\/#primaryimage\",\"url\":\"https:\/\/barneleker.no\/wp-content\/uploads\/2022\/02\/smoby-trehjulsykkel-rosa.jpg\",\"contentUrl\":\"https:\/\/barneleker.no\/wp-content\/uploads\/2022\/02\/smoby-trehjulsykkel-rosa.jpg\",\"width\":555,\"height\":555},{\"@type\":\"BreadcrumbList\",\"@id\":\"https:\/\/barneleker.no\/index.php\/product\/smoby-trehjulsykkel-rosa\/#breadcrumb\",\"itemListElement\":[{\"@type\":\"ListItem\",\"position\":1,\"name\":\"Butikken\",\"item\":\"https:\/\/barneleker.no\/\"},{\"@type\":\"ListItem\",\"position\":2,\"name\":\"Smoby, Trehjulsykkel Rosa\"}]},{\"@type\":\"WebSite\",\"@id\":\"https:\/\/barneleker.no\/#website\",\"url\":\"https:\/\/barneleker.no\/\",\"name\":\"Barneleker.no\",\"description\":\"Selvf\u00f8lgelig!\",\"publisher\":{\"@id\":\"https:\/\/barneleker.no\/#organization\"},\"potentialAction\":[{\"@type\":\"SearchAction\",\"target\":{\"@type\":\"EntryPoint\",\"urlTemplate\":\"https:\/\/barneleker.no\/?s={search_term_string}\"},\"query-input\":{\"@type\":\"PropertyValueSpecification\",\"valueRequired\":true,\"valueName\":\"search_term_string\"}}],\"inLanguage\":\"nb-NO\"},{\"@type\":\"Organization\",\"@id\":\"https:\/\/barneleker.no\/#organization\",\"name\":\"Barneleker.no\",\"url\":\"https:\/\/barneleker.no\/\",\"logo\":{\"@type\":\"ImageObject\",\"inLanguage\":\"nb-NO\",\"@id\":\"https:\/\/barneleker.no\/#\/schema\/logo\/image\/\",\"url\":\"https:\/\/barneleker.no\/wp-content\/uploads\/2021\/11\/barneleker_logo-780x150-1.jpg\",\"contentUrl\":\"https:\/\/barneleker.no\/wp-content\/uploads\/2021\/11\/barneleker_logo-780x150-1.jpg\",\"width\":780,\"height\":150,\"caption\":\"Barneleker.no\"},\"image\":{\"@id\":\"https:\/\/barneleker.no\/#\/schema\/logo\/image\/\"}}]}<\/script>\n<!-- \/ Yoast SEO plugin. -->","yoast_head_json":{"title":"Smoby, Trehjulsykkel Rosa - Barneleker.no","robots":{"index":"index","follow":"follow","max-snippet":"max-snippet:-1","max-image-preview":"max-image-preview:large","max-video-preview":"max-video-preview:-1"},"canonical":"https:\/\/barneleker.no\/index.php\/product\/smoby-trehjulsykkel-rosa\/","og_locale":"nb_NO","og_type":"article","og_title":"Smoby, Trehjulsykkel Rosa - Barneleker.no","og_description":"En fin f\u00f8rste trehjulsykkel fra Smoby. Sykkelen har en robust metallramme med justerbar stang bak utstyrt med h\u00e5ndtak slik at en voksen kan gi barnet&hellip;","og_url":"https:\/\/barneleker.no\/index.php\/product\/smoby-trehjulsykkel-rosa\/","og_site_name":"Barneleker.no","twitter_card":"summary_large_image","schema":{"@context":"https:\/\/schema.org","@graph":[{"@type":"WebPage","@id":"https:\/\/barneleker.no\/index.php\/product\/smoby-trehjulsykkel-rosa\/","url":"https:\/\/barneleker.no\/index.php\/product\/smoby-trehjulsykkel-rosa\/","name":"Smoby, Trehjulsykkel Rosa - Barneleker.no","isPartOf":{"@id":"https:\/\/barneleker.no\/#website"},"primaryImageOfPage":{"@id":"https:\/\/barneleker.no\/index.php\/product\/smoby-trehjulsykkel-rosa\/#primaryimage"},"image":{"@id":"https:\/\/barneleker.no\/index.php\/product\/smoby-trehjulsykkel-rosa\/#primaryimage"},"thumbnailUrl":"https:\/\/barneleker.no\/wp-content\/uploads\/2022\/02\/smoby-trehjulsykkel-rosa.jpg","datePublished":"2022-02-08T19:59:08+00:00","breadcrumb":{"@id":"https:\/\/barneleker.no\/index.php\/product\/smoby-trehjulsykkel-rosa\/#breadcrumb"},"inLanguage":"nb-NO","potentialAction":[{"@type":"ReadAction","target":["https:\/\/barneleker.no\/index.php\/product\/smoby-trehjulsykkel-rosa\/"]}]},{"@type":"ImageObject","inLanguage":"nb-NO","@id":"https:\/\/barneleker.no\/index.php\/product\/smoby-trehjulsykkel-rosa\/#primaryimage","url":"https:\/\/barneleker.no\/wp-content\/uploads\/2022\/02\/smoby-trehjulsykkel-rosa.jpg","contentUrl":"https:\/\/barneleker.no\/wp-content\/uploads\/2022\/02\/smoby-trehjulsykkel-rosa.jpg","width":555,"height":555},{"@type":"BreadcrumbList","@id":"https:\/\/barneleker.no\/index.php\/product\/smoby-trehjulsykkel-rosa\/#breadcrumb","itemListElement":[{"@type":"ListItem","position":1,"name":"Butikken","item":"https:\/\/barneleker.no\/"},{"@type":"ListItem","position":2,"name":"Smoby, Trehjulsykkel Rosa"}]},{"@type":"WebSite","@id":"https:\/\/barneleker.no\/#website","url":"https:\/\/barneleker.no\/","name":"Barneleker.no","description":"Selvf\u00f8lgelig!","publisher":{"@id":"https:\/\/barneleker.no\/#organization"},"potentialAction":[{"@type":"SearchAction","target":{"@type":"EntryPoint","urlTemplate":"https:\/\/barneleker.no\/?s={search_term_string}"},"query-input":{"@type":"PropertyValueSpecification","valueRequired":true,"valueName":"search_term_string"}}],"inLanguage":"nb-NO"},{"@type":"Organization","@id":"https:\/\/barneleker.no\/#organization","name":"Barneleker.no","url":"https:\/\/barneleker.no\/","logo":{"@type":"ImageObject","inLanguage":"nb-NO","@id":"https:\/\/barneleker.no\/#\/schema\/logo\/image\/","url":"https:\/\/barneleker.no\/wp-content\/uploads\/2021\/11\/barneleker_logo-780x150-1.jpg","contentUrl":"https:\/\/barneleker.no\/wp-content\/uploads\/2021\/11\/barneleker_logo-780x150-1.jpg","width":780,"height":150,"caption":"Barneleker.no"},"image":{"@id":"https:\/\/barneleker.no\/#\/schema\/logo\/image\/"}}]}},"_links":{"self":[{"href":"https:\/\/barneleker.no\/index.php\/wp-json\/wp\/v2\/product\/13865","targetHints":{"allow":["GET"]}}],"collection":[{"href":"https:\/\/barneleker.no\/index.php\/wp-json\/wp\/v2\/product"}],"about":[{"href":"https:\/\/barneleker.no\/index.php\/wp-json\/wp\/v2\/types\/product"}],"replies":[{"embeddable":true,"href":"https:\/\/barneleker.no\/index.php\/wp-json\/wp\/v2\/comments?post=13865"}],"wp:featuredmedia":[{"embeddable":true,"href":"https:\/\/barneleker.no\/index.php\/wp-json\/wp\/v2\/media\/13864"}],"wp:attachment":[{"href":"https:\/\/barneleker.no\/index.php\/wp-json\/wp\/v2\/media?parent=13865"}],"wp:term":[{"taxonomy":"product_brand","embeddable":true,"href":"https:\/\/barneleker.no\/index.php\/wp-json\/wp\/v2\/product_brand?post=13865"},{"taxonomy":"product_cat","embeddable":true,"href":"https:\/\/barneleker.no\/index.php\/wp-json\/wp\/v2\/product_cat?post=13865"},{"taxonomy":"product_tag","embeddable":true,"href":"https:\/\/barneleker.no\/index.php\/wp-json\/wp\/v2\/product_tag?post=13865"}],"curies":[{"name":"wp","href":"https:\/\/api.w.org\/{rel}","templated":true}]}}