{"id":13873,"date":"2022-02-08T19:59:12","date_gmt":"2022-02-08T19:59:12","guid":{"rendered":"https:\/\/barneleker.no\/index.php\/product\/disney-frozen-2-musical-adventure-elsa-doll\/"},"modified":"2022-02-08T19:59:12","modified_gmt":"2022-02-08T19:59:12","slug":"disney-frozen-2-musical-adventure-elsa-doll","status":"publish","type":"product","link":"https:\/\/barneleker.no\/index.php\/product\/disney-frozen-2-musical-adventure-elsa-doll\/","title":{"rendered":"Disney Frozen 2, Musical Adventure Elsa Doll"},"content":{"rendered":"<p>N\u00e5r en gammel magi v\u00e5kner opp i Disneys Frozen 2, reiser Elsa langt hjemmefra, tester kreftene sine og oppdager hvem hun er ment \u00e5 v\u00e6re. Barna kan synge sammen med Musical Adventure Elsa dukken som hun belter ut &#8220;Show Yourself&#8221;, en sang omtalt i Disneys Frozen 2 film. Hun inkluderer batterier slik at den musikalske moroa kan starte s\u00e5 snart barna \u00e5pner boksen. Alt de trenger \u00e5 gj\u00f8re er \u00e5 sl\u00e5 p\u00e5 bryteren p\u00e5 ryggen og trykke p\u00e5 knappen p\u00e5 hennes bodice for \u00e5 starte fengende melodi. Barna vil ogs\u00e5 elske sin filminspirerte kjole med sin elegante, off-the-shoulder design og glitter aksenter. Motedukken kommer med sko for \u00e5 matche. Se etter andre frosne leker, inkludert Musical Adventure Anna dukken, for \u00e5 utvide Disney dukkesamlingen din og holde sangeventyrene i gang! (Hver selges separat, avhengig av tilgjengelighet.) \u00a9 Disney. Hasbro og alle relaterte termer er varemerker for Hasbro.<\/p>\n","protected":false},"excerpt":{"rendered":"<p>N\u00e5r en gammel magi v\u00e5kner opp i Disneys Frozen 2, reiser Elsa langt hjemmefra, tester kreftene sine og oppdager hvem hun er ment \u00e5 v\u00e6re.&hellip;<\/p>\n","protected":false},"featured_media":13872,"comment_status":"open","ping_status":"closed","template":"","meta":[],"product_brand":[],"product_cat":[345],"product_tag":[],"class_list":{"0":"post-13873","1":"product","2":"type-product","3":"status-publish","4":"has-post-thumbnail","6":"product_cat-dockor","8":"first","9":"instock","10":"shipping-taxable","11":"product-type-external","12":"customify-col"},"yoast_head":"<!-- This site is optimized with the Yoast SEO plugin v26.0 - https:\/\/yoast.com\/wordpress\/plugins\/seo\/ -->\n<title>Disney Frozen 2, Musical Adventure Elsa Doll - Barneleker.no<\/title>\n<meta name=\"robots\" content=\"index, follow, max-snippet:-1, max-image-preview:large, max-video-preview:-1\" \/>\n<link rel=\"canonical\" href=\"https:\/\/barneleker.no\/index.php\/product\/disney-frozen-2-musical-adventure-elsa-doll\/\" \/>\n<meta property=\"og:locale\" content=\"nb_NO\" \/>\n<meta property=\"og:type\" content=\"article\" \/>\n<meta property=\"og:title\" content=\"Disney Frozen 2, Musical Adventure Elsa Doll - Barneleker.no\" \/>\n<meta property=\"og:description\" content=\"N\u00e5r en gammel magi v\u00e5kner opp i Disneys Frozen 2, reiser Elsa langt hjemmefra, tester kreftene sine og oppdager hvem hun er ment \u00e5 v\u00e6re.&hellip;\" \/>\n<meta property=\"og:url\" content=\"https:\/\/barneleker.no\/index.php\/product\/disney-frozen-2-musical-adventure-elsa-doll\/\" \/>\n<meta property=\"og:site_name\" content=\"Barneleker.no\" \/>\n<meta name=\"twitter:card\" content=\"summary_large_image\" \/>\n<meta name=\"twitter:label1\" content=\"Ansl. lesetid\" \/>\n\t<meta name=\"twitter:data1\" content=\"1 minutt\" \/>\n<script type=\"application\/ld+json\" class=\"yoast-schema-graph\">{\"@context\":\"https:\/\/schema.org\",\"@graph\":[{\"@type\":\"WebPage\",\"@id\":\"https:\/\/barneleker.no\/index.php\/product\/disney-frozen-2-musical-adventure-elsa-doll\/\",\"url\":\"https:\/\/barneleker.no\/index.php\/product\/disney-frozen-2-musical-adventure-elsa-doll\/\",\"name\":\"Disney Frozen 2, Musical Adventure Elsa Doll - Barneleker.no\",\"isPartOf\":{\"@id\":\"https:\/\/barneleker.no\/#website\"},\"primaryImageOfPage\":{\"@id\":\"https:\/\/barneleker.no\/index.php\/product\/disney-frozen-2-musical-adventure-elsa-doll\/#primaryimage\"},\"image\":{\"@id\":\"https:\/\/barneleker.no\/index.php\/product\/disney-frozen-2-musical-adventure-elsa-doll\/#primaryimage\"},\"thumbnailUrl\":\"https:\/\/barneleker.no\/wp-content\/uploads\/2022\/02\/disney-frozen-2-musical-adventure-elsa-doll.jpg\",\"datePublished\":\"2022-02-08T19:59:12+00:00\",\"breadcrumb\":{\"@id\":\"https:\/\/barneleker.no\/index.php\/product\/disney-frozen-2-musical-adventure-elsa-doll\/#breadcrumb\"},\"inLanguage\":\"nb-NO\",\"potentialAction\":[{\"@type\":\"ReadAction\",\"target\":[\"https:\/\/barneleker.no\/index.php\/product\/disney-frozen-2-musical-adventure-elsa-doll\/\"]}]},{\"@type\":\"ImageObject\",\"inLanguage\":\"nb-NO\",\"@id\":\"https:\/\/barneleker.no\/index.php\/product\/disney-frozen-2-musical-adventure-elsa-doll\/#primaryimage\",\"url\":\"https:\/\/barneleker.no\/wp-content\/uploads\/2022\/02\/disney-frozen-2-musical-adventure-elsa-doll.jpg\",\"contentUrl\":\"https:\/\/barneleker.no\/wp-content\/uploads\/2022\/02\/disney-frozen-2-musical-adventure-elsa-doll.jpg\",\"width\":555,\"height\":555},{\"@type\":\"BreadcrumbList\",\"@id\":\"https:\/\/barneleker.no\/index.php\/product\/disney-frozen-2-musical-adventure-elsa-doll\/#breadcrumb\",\"itemListElement\":[{\"@type\":\"ListItem\",\"position\":1,\"name\":\"Butikken\",\"item\":\"https:\/\/barneleker.no\/\"},{\"@type\":\"ListItem\",\"position\":2,\"name\":\"Disney Frozen 2, Musical Adventure Elsa Doll\"}]},{\"@type\":\"WebSite\",\"@id\":\"https:\/\/barneleker.no\/#website\",\"url\":\"https:\/\/barneleker.no\/\",\"name\":\"Barneleker.no\",\"description\":\"Selvf\u00f8lgelig!\",\"publisher\":{\"@id\":\"https:\/\/barneleker.no\/#organization\"},\"potentialAction\":[{\"@type\":\"SearchAction\",\"target\":{\"@type\":\"EntryPoint\",\"urlTemplate\":\"https:\/\/barneleker.no\/?s={search_term_string}\"},\"query-input\":{\"@type\":\"PropertyValueSpecification\",\"valueRequired\":true,\"valueName\":\"search_term_string\"}}],\"inLanguage\":\"nb-NO\"},{\"@type\":\"Organization\",\"@id\":\"https:\/\/barneleker.no\/#organization\",\"name\":\"Barneleker.no\",\"url\":\"https:\/\/barneleker.no\/\",\"logo\":{\"@type\":\"ImageObject\",\"inLanguage\":\"nb-NO\",\"@id\":\"https:\/\/barneleker.no\/#\/schema\/logo\/image\/\",\"url\":\"https:\/\/barneleker.no\/wp-content\/uploads\/2021\/11\/barneleker_logo-780x150-1.jpg\",\"contentUrl\":\"https:\/\/barneleker.no\/wp-content\/uploads\/2021\/11\/barneleker_logo-780x150-1.jpg\",\"width\":780,\"height\":150,\"caption\":\"Barneleker.no\"},\"image\":{\"@id\":\"https:\/\/barneleker.no\/#\/schema\/logo\/image\/\"}}]}<\/script>\n<!-- \/ Yoast SEO plugin. -->","yoast_head_json":{"title":"Disney Frozen 2, Musical Adventure Elsa Doll - Barneleker.no","robots":{"index":"index","follow":"follow","max-snippet":"max-snippet:-1","max-image-preview":"max-image-preview:large","max-video-preview":"max-video-preview:-1"},"canonical":"https:\/\/barneleker.no\/index.php\/product\/disney-frozen-2-musical-adventure-elsa-doll\/","og_locale":"nb_NO","og_type":"article","og_title":"Disney Frozen 2, Musical Adventure Elsa Doll - Barneleker.no","og_description":"N\u00e5r en gammel magi v\u00e5kner opp i Disneys Frozen 2, reiser Elsa langt hjemmefra, tester kreftene sine og oppdager hvem hun er ment \u00e5 v\u00e6re.&hellip;","og_url":"https:\/\/barneleker.no\/index.php\/product\/disney-frozen-2-musical-adventure-elsa-doll\/","og_site_name":"Barneleker.no","twitter_card":"summary_large_image","twitter_misc":{"Ansl. lesetid":"1 minutt"},"schema":{"@context":"https:\/\/schema.org","@graph":[{"@type":"WebPage","@id":"https:\/\/barneleker.no\/index.php\/product\/disney-frozen-2-musical-adventure-elsa-doll\/","url":"https:\/\/barneleker.no\/index.php\/product\/disney-frozen-2-musical-adventure-elsa-doll\/","name":"Disney Frozen 2, Musical Adventure Elsa Doll - Barneleker.no","isPartOf":{"@id":"https:\/\/barneleker.no\/#website"},"primaryImageOfPage":{"@id":"https:\/\/barneleker.no\/index.php\/product\/disney-frozen-2-musical-adventure-elsa-doll\/#primaryimage"},"image":{"@id":"https:\/\/barneleker.no\/index.php\/product\/disney-frozen-2-musical-adventure-elsa-doll\/#primaryimage"},"thumbnailUrl":"https:\/\/barneleker.no\/wp-content\/uploads\/2022\/02\/disney-frozen-2-musical-adventure-elsa-doll.jpg","datePublished":"2022-02-08T19:59:12+00:00","breadcrumb":{"@id":"https:\/\/barneleker.no\/index.php\/product\/disney-frozen-2-musical-adventure-elsa-doll\/#breadcrumb"},"inLanguage":"nb-NO","potentialAction":[{"@type":"ReadAction","target":["https:\/\/barneleker.no\/index.php\/product\/disney-frozen-2-musical-adventure-elsa-doll\/"]}]},{"@type":"ImageObject","inLanguage":"nb-NO","@id":"https:\/\/barneleker.no\/index.php\/product\/disney-frozen-2-musical-adventure-elsa-doll\/#primaryimage","url":"https:\/\/barneleker.no\/wp-content\/uploads\/2022\/02\/disney-frozen-2-musical-adventure-elsa-doll.jpg","contentUrl":"https:\/\/barneleker.no\/wp-content\/uploads\/2022\/02\/disney-frozen-2-musical-adventure-elsa-doll.jpg","width":555,"height":555},{"@type":"BreadcrumbList","@id":"https:\/\/barneleker.no\/index.php\/product\/disney-frozen-2-musical-adventure-elsa-doll\/#breadcrumb","itemListElement":[{"@type":"ListItem","position":1,"name":"Butikken","item":"https:\/\/barneleker.no\/"},{"@type":"ListItem","position":2,"name":"Disney Frozen 2, Musical Adventure Elsa Doll"}]},{"@type":"WebSite","@id":"https:\/\/barneleker.no\/#website","url":"https:\/\/barneleker.no\/","name":"Barneleker.no","description":"Selvf\u00f8lgelig!","publisher":{"@id":"https:\/\/barneleker.no\/#organization"},"potentialAction":[{"@type":"SearchAction","target":{"@type":"EntryPoint","urlTemplate":"https:\/\/barneleker.no\/?s={search_term_string}"},"query-input":{"@type":"PropertyValueSpecification","valueRequired":true,"valueName":"search_term_string"}}],"inLanguage":"nb-NO"},{"@type":"Organization","@id":"https:\/\/barneleker.no\/#organization","name":"Barneleker.no","url":"https:\/\/barneleker.no\/","logo":{"@type":"ImageObject","inLanguage":"nb-NO","@id":"https:\/\/barneleker.no\/#\/schema\/logo\/image\/","url":"https:\/\/barneleker.no\/wp-content\/uploads\/2021\/11\/barneleker_logo-780x150-1.jpg","contentUrl":"https:\/\/barneleker.no\/wp-content\/uploads\/2021\/11\/barneleker_logo-780x150-1.jpg","width":780,"height":150,"caption":"Barneleker.no"},"image":{"@id":"https:\/\/barneleker.no\/#\/schema\/logo\/image\/"}}]}},"_links":{"self":[{"href":"https:\/\/barneleker.no\/index.php\/wp-json\/wp\/v2\/product\/13873","targetHints":{"allow":["GET"]}}],"collection":[{"href":"https:\/\/barneleker.no\/index.php\/wp-json\/wp\/v2\/product"}],"about":[{"href":"https:\/\/barneleker.no\/index.php\/wp-json\/wp\/v2\/types\/product"}],"replies":[{"embeddable":true,"href":"https:\/\/barneleker.no\/index.php\/wp-json\/wp\/v2\/comments?post=13873"}],"wp:featuredmedia":[{"embeddable":true,"href":"https:\/\/barneleker.no\/index.php\/wp-json\/wp\/v2\/media\/13872"}],"wp:attachment":[{"href":"https:\/\/barneleker.no\/index.php\/wp-json\/wp\/v2\/media?parent=13873"}],"wp:term":[{"taxonomy":"product_brand","embeddable":true,"href":"https:\/\/barneleker.no\/index.php\/wp-json\/wp\/v2\/product_brand?post=13873"},{"taxonomy":"product_cat","embeddable":true,"href":"https:\/\/barneleker.no\/index.php\/wp-json\/wp\/v2\/product_cat?post=13873"},{"taxonomy":"product_tag","embeddable":true,"href":"https:\/\/barneleker.no\/index.php\/wp-json\/wp\/v2\/product_tag?post=13873"}],"curies":[{"name":"wp","href":"https:\/\/api.w.org\/{rel}","templated":true}]}}