{"id":13875,"date":"2022-02-08T19:59:12","date_gmt":"2022-02-08T19:59:12","guid":{"rendered":"https:\/\/barneleker.no\/index.php\/product\/lego-ninjago-71748-sjoslag-med-katamaran-sjoslag-med-katamaran\/"},"modified":"2022-02-08T19:59:12","modified_gmt":"2022-02-08T19:59:12","slug":"lego-ninjago-71748-sjoslag-med-katamaran-sjoslag-med-katamaran","status":"publish","type":"product","link":"https:\/\/barneleker.no\/index.php\/product\/lego-ninjago-71748-sjoslag-med-katamaran-sjoslag-med-katamaran\/","title":{"rendered":"LEGO Ninjago 71748, Sj\u00f8slag med katamaran, Sj\u00f8slag med katamaran"},"content":{"rendered":"<p>\u2022 LEGO\u00ae NINJAGO\u00ae Sj\u00f8slag med katamaran (71748) er et actionfylt ninjalekesett med to katamaraner, hvorav den ene kan deles opp i tre b\u00e5ter som barn kan bruke n\u00e5r de iscenesetter spennende sj\u00f8slag. \u2022 Inkluderer seks minifigurer fra NINJAGO\u00ae TV-serien: \u00d8y-Jay, \u00d8y-Zane, \u00d8y-Kai som g\u00e5r til kamp mot h\u00f8vding Mammatus, en jordvokter og en tordenvokter, som alle har kule v\u00e5pen. \u2022 Vokternes stridskatamaran har to fj\u00e6rbelastede skytere og kan deles opp i tre separate b\u00e5ter, hvorav en har et minifengsel for ninjaer og en annen har to knotteskytere og et skrin med diamanter. \u2022 Ninjaenes katamaran har to fj\u00e6rbelastede skytere og kan felles opp i fartsmodus og felles ut i angrepsmodus. \u2022 Kampsettet best\u00e5r av 780 deler og byr p\u00e5 en g\u00f8yal byggeopplevelse for barn fra ni \u00e5r og oppover. Passer perfekt som bursdags- eller julegave, og vil garantert imponere barnas venner. \u2022 Vokternes katamaran er 22 cm h\u00f8y, 33 cm lang og 24 cm bred og passer perfekt som utstillingsmodell p\u00e5 barnerommet mellom sj\u00f8slagene. \u2022 Sjekk ut flere NINJAGO\u00ae sett som er inspirert av TV-serien, inkludert Lloyds jungelmotorsykkel (71745), Jungeldrage (71746) og Vokternes by (71747). \u2022 LEGO\u00ae NINJAGO\u00ae universet best\u00e5r av en fantastisk samling med kule lekesett som alle ninjafans vil v\u00e6re stolte over \u00e5 eie. Med lekesettene l\u00e6rer barn seg viktige ferdigheter gjennom spennende lek med ninjahelter. \u2022 I mer enn seksti \u00e5r har LEGO\u00ae klossene v\u00e6rt laget av noen av verdens beste kvalitetsmaterialer, noe som sikrer at de alltid er lette \u00e5 sette sammen og ta fra hverandre, selv uten ninjaferdigheter! \u2022 LEGO\u00ae byggeklosser oppfyller strenge sikkerhetsstandarder, og det gj\u00f8r dem trygge for barn.<\/p>\n","protected":false},"excerpt":{"rendered":"<p>\u2022 LEGO\u00ae NINJAGO\u00ae Sj\u00f8slag med katamaran (71748) er et actionfylt ninjalekesett med to katamaraner, hvorav den ene kan deles opp i tre b\u00e5ter som barn&hellip;<\/p>\n","protected":false},"featured_media":13874,"comment_status":"open","ping_status":"closed","template":"","meta":[],"product_brand":[],"product_cat":[476],"product_tag":[],"class_list":{"0":"post-13875","1":"product","2":"type-product","3":"status-publish","4":"has-post-thumbnail","6":"product_cat-set-lego-fordon","8":"first","9":"instock","10":"shipping-taxable","11":"product-type-external","12":"customify-col"},"yoast_head":"<!-- This site is optimized with the Yoast SEO plugin v26.0 - https:\/\/yoast.com\/wordpress\/plugins\/seo\/ -->\n<title>LEGO Ninjago 71748, Sj\u00f8slag med katamaran, Sj\u00f8slag med katamaran - Barneleker.no<\/title>\n<meta name=\"robots\" content=\"index, follow, max-snippet:-1, max-image-preview:large, max-video-preview:-1\" \/>\n<link rel=\"canonical\" href=\"https:\/\/barneleker.no\/index.php\/product\/lego-ninjago-71748-sjoslag-med-katamaran-sjoslag-med-katamaran\/\" \/>\n<meta property=\"og:locale\" content=\"nb_NO\" \/>\n<meta property=\"og:type\" content=\"article\" \/>\n<meta property=\"og:title\" content=\"LEGO Ninjago 71748, Sj\u00f8slag med katamaran, Sj\u00f8slag med katamaran - Barneleker.no\" \/>\n<meta property=\"og:description\" content=\"\u2022 LEGO\u00ae NINJAGO\u00ae Sj\u00f8slag med katamaran (71748) er et actionfylt ninjalekesett med to katamaraner, hvorav den ene kan deles opp i tre b\u00e5ter som barn&hellip;\" \/>\n<meta property=\"og:url\" content=\"https:\/\/barneleker.no\/index.php\/product\/lego-ninjago-71748-sjoslag-med-katamaran-sjoslag-med-katamaran\/\" \/>\n<meta property=\"og:site_name\" content=\"Barneleker.no\" \/>\n<meta name=\"twitter:card\" content=\"summary_large_image\" \/>\n<meta name=\"twitter:label1\" content=\"Ansl. lesetid\" \/>\n\t<meta name=\"twitter:data1\" content=\"1 minutt\" \/>\n<script type=\"application\/ld+json\" class=\"yoast-schema-graph\">{\"@context\":\"https:\/\/schema.org\",\"@graph\":[{\"@type\":\"WebPage\",\"@id\":\"https:\/\/barneleker.no\/index.php\/product\/lego-ninjago-71748-sjoslag-med-katamaran-sjoslag-med-katamaran\/\",\"url\":\"https:\/\/barneleker.no\/index.php\/product\/lego-ninjago-71748-sjoslag-med-katamaran-sjoslag-med-katamaran\/\",\"name\":\"LEGO Ninjago 71748, Sj\u00f8slag med katamaran, Sj\u00f8slag med katamaran - Barneleker.no\",\"isPartOf\":{\"@id\":\"https:\/\/barneleker.no\/#website\"},\"primaryImageOfPage\":{\"@id\":\"https:\/\/barneleker.no\/index.php\/product\/lego-ninjago-71748-sjoslag-med-katamaran-sjoslag-med-katamaran\/#primaryimage\"},\"image\":{\"@id\":\"https:\/\/barneleker.no\/index.php\/product\/lego-ninjago-71748-sjoslag-med-katamaran-sjoslag-med-katamaran\/#primaryimage\"},\"thumbnailUrl\":\"https:\/\/barneleker.no\/wp-content\/uploads\/2022\/02\/lego-ninjago-71748-sjoslag-med-katamaran.jpg\",\"datePublished\":\"2022-02-08T19:59:12+00:00\",\"breadcrumb\":{\"@id\":\"https:\/\/barneleker.no\/index.php\/product\/lego-ninjago-71748-sjoslag-med-katamaran-sjoslag-med-katamaran\/#breadcrumb\"},\"inLanguage\":\"nb-NO\",\"potentialAction\":[{\"@type\":\"ReadAction\",\"target\":[\"https:\/\/barneleker.no\/index.php\/product\/lego-ninjago-71748-sjoslag-med-katamaran-sjoslag-med-katamaran\/\"]}]},{\"@type\":\"ImageObject\",\"inLanguage\":\"nb-NO\",\"@id\":\"https:\/\/barneleker.no\/index.php\/product\/lego-ninjago-71748-sjoslag-med-katamaran-sjoslag-med-katamaran\/#primaryimage\",\"url\":\"https:\/\/barneleker.no\/wp-content\/uploads\/2022\/02\/lego-ninjago-71748-sjoslag-med-katamaran.jpg\",\"contentUrl\":\"https:\/\/barneleker.no\/wp-content\/uploads\/2022\/02\/lego-ninjago-71748-sjoslag-med-katamaran.jpg\",\"width\":555,\"height\":555},{\"@type\":\"BreadcrumbList\",\"@id\":\"https:\/\/barneleker.no\/index.php\/product\/lego-ninjago-71748-sjoslag-med-katamaran-sjoslag-med-katamaran\/#breadcrumb\",\"itemListElement\":[{\"@type\":\"ListItem\",\"position\":1,\"name\":\"Butikken\",\"item\":\"https:\/\/barneleker.no\/\"},{\"@type\":\"ListItem\",\"position\":2,\"name\":\"LEGO Ninjago 71748, Sj\u00f8slag med katamaran, Sj\u00f8slag med katamaran\"}]},{\"@type\":\"WebSite\",\"@id\":\"https:\/\/barneleker.no\/#website\",\"url\":\"https:\/\/barneleker.no\/\",\"name\":\"Barneleker.no\",\"description\":\"Selvf\u00f8lgelig!\",\"publisher\":{\"@id\":\"https:\/\/barneleker.no\/#organization\"},\"potentialAction\":[{\"@type\":\"SearchAction\",\"target\":{\"@type\":\"EntryPoint\",\"urlTemplate\":\"https:\/\/barneleker.no\/?s={search_term_string}\"},\"query-input\":{\"@type\":\"PropertyValueSpecification\",\"valueRequired\":true,\"valueName\":\"search_term_string\"}}],\"inLanguage\":\"nb-NO\"},{\"@type\":\"Organization\",\"@id\":\"https:\/\/barneleker.no\/#organization\",\"name\":\"Barneleker.no\",\"url\":\"https:\/\/barneleker.no\/\",\"logo\":{\"@type\":\"ImageObject\",\"inLanguage\":\"nb-NO\",\"@id\":\"https:\/\/barneleker.no\/#\/schema\/logo\/image\/\",\"url\":\"https:\/\/barneleker.no\/wp-content\/uploads\/2021\/11\/barneleker_logo-780x150-1.jpg\",\"contentUrl\":\"https:\/\/barneleker.no\/wp-content\/uploads\/2021\/11\/barneleker_logo-780x150-1.jpg\",\"width\":780,\"height\":150,\"caption\":\"Barneleker.no\"},\"image\":{\"@id\":\"https:\/\/barneleker.no\/#\/schema\/logo\/image\/\"}}]}<\/script>\n<!-- \/ Yoast SEO plugin. -->","yoast_head_json":{"title":"LEGO Ninjago 71748, Sj\u00f8slag med katamaran, Sj\u00f8slag med katamaran - Barneleker.no","robots":{"index":"index","follow":"follow","max-snippet":"max-snippet:-1","max-image-preview":"max-image-preview:large","max-video-preview":"max-video-preview:-1"},"canonical":"https:\/\/barneleker.no\/index.php\/product\/lego-ninjago-71748-sjoslag-med-katamaran-sjoslag-med-katamaran\/","og_locale":"nb_NO","og_type":"article","og_title":"LEGO Ninjago 71748, Sj\u00f8slag med katamaran, Sj\u00f8slag med katamaran - Barneleker.no","og_description":"\u2022 LEGO\u00ae NINJAGO\u00ae Sj\u00f8slag med katamaran (71748) er et actionfylt ninjalekesett med to katamaraner, hvorav den ene kan deles opp i tre b\u00e5ter som barn&hellip;","og_url":"https:\/\/barneleker.no\/index.php\/product\/lego-ninjago-71748-sjoslag-med-katamaran-sjoslag-med-katamaran\/","og_site_name":"Barneleker.no","twitter_card":"summary_large_image","twitter_misc":{"Ansl. lesetid":"1 minutt"},"schema":{"@context":"https:\/\/schema.org","@graph":[{"@type":"WebPage","@id":"https:\/\/barneleker.no\/index.php\/product\/lego-ninjago-71748-sjoslag-med-katamaran-sjoslag-med-katamaran\/","url":"https:\/\/barneleker.no\/index.php\/product\/lego-ninjago-71748-sjoslag-med-katamaran-sjoslag-med-katamaran\/","name":"LEGO Ninjago 71748, Sj\u00f8slag med katamaran, Sj\u00f8slag med katamaran - Barneleker.no","isPartOf":{"@id":"https:\/\/barneleker.no\/#website"},"primaryImageOfPage":{"@id":"https:\/\/barneleker.no\/index.php\/product\/lego-ninjago-71748-sjoslag-med-katamaran-sjoslag-med-katamaran\/#primaryimage"},"image":{"@id":"https:\/\/barneleker.no\/index.php\/product\/lego-ninjago-71748-sjoslag-med-katamaran-sjoslag-med-katamaran\/#primaryimage"},"thumbnailUrl":"https:\/\/barneleker.no\/wp-content\/uploads\/2022\/02\/lego-ninjago-71748-sjoslag-med-katamaran.jpg","datePublished":"2022-02-08T19:59:12+00:00","breadcrumb":{"@id":"https:\/\/barneleker.no\/index.php\/product\/lego-ninjago-71748-sjoslag-med-katamaran-sjoslag-med-katamaran\/#breadcrumb"},"inLanguage":"nb-NO","potentialAction":[{"@type":"ReadAction","target":["https:\/\/barneleker.no\/index.php\/product\/lego-ninjago-71748-sjoslag-med-katamaran-sjoslag-med-katamaran\/"]}]},{"@type":"ImageObject","inLanguage":"nb-NO","@id":"https:\/\/barneleker.no\/index.php\/product\/lego-ninjago-71748-sjoslag-med-katamaran-sjoslag-med-katamaran\/#primaryimage","url":"https:\/\/barneleker.no\/wp-content\/uploads\/2022\/02\/lego-ninjago-71748-sjoslag-med-katamaran.jpg","contentUrl":"https:\/\/barneleker.no\/wp-content\/uploads\/2022\/02\/lego-ninjago-71748-sjoslag-med-katamaran.jpg","width":555,"height":555},{"@type":"BreadcrumbList","@id":"https:\/\/barneleker.no\/index.php\/product\/lego-ninjago-71748-sjoslag-med-katamaran-sjoslag-med-katamaran\/#breadcrumb","itemListElement":[{"@type":"ListItem","position":1,"name":"Butikken","item":"https:\/\/barneleker.no\/"},{"@type":"ListItem","position":2,"name":"LEGO Ninjago 71748, Sj\u00f8slag med katamaran, Sj\u00f8slag med katamaran"}]},{"@type":"WebSite","@id":"https:\/\/barneleker.no\/#website","url":"https:\/\/barneleker.no\/","name":"Barneleker.no","description":"Selvf\u00f8lgelig!","publisher":{"@id":"https:\/\/barneleker.no\/#organization"},"potentialAction":[{"@type":"SearchAction","target":{"@type":"EntryPoint","urlTemplate":"https:\/\/barneleker.no\/?s={search_term_string}"},"query-input":{"@type":"PropertyValueSpecification","valueRequired":true,"valueName":"search_term_string"}}],"inLanguage":"nb-NO"},{"@type":"Organization","@id":"https:\/\/barneleker.no\/#organization","name":"Barneleker.no","url":"https:\/\/barneleker.no\/","logo":{"@type":"ImageObject","inLanguage":"nb-NO","@id":"https:\/\/barneleker.no\/#\/schema\/logo\/image\/","url":"https:\/\/barneleker.no\/wp-content\/uploads\/2021\/11\/barneleker_logo-780x150-1.jpg","contentUrl":"https:\/\/barneleker.no\/wp-content\/uploads\/2021\/11\/barneleker_logo-780x150-1.jpg","width":780,"height":150,"caption":"Barneleker.no"},"image":{"@id":"https:\/\/barneleker.no\/#\/schema\/logo\/image\/"}}]}},"_links":{"self":[{"href":"https:\/\/barneleker.no\/index.php\/wp-json\/wp\/v2\/product\/13875","targetHints":{"allow":["GET"]}}],"collection":[{"href":"https:\/\/barneleker.no\/index.php\/wp-json\/wp\/v2\/product"}],"about":[{"href":"https:\/\/barneleker.no\/index.php\/wp-json\/wp\/v2\/types\/product"}],"replies":[{"embeddable":true,"href":"https:\/\/barneleker.no\/index.php\/wp-json\/wp\/v2\/comments?post=13875"}],"wp:featuredmedia":[{"embeddable":true,"href":"https:\/\/barneleker.no\/index.php\/wp-json\/wp\/v2\/media\/13874"}],"wp:attachment":[{"href":"https:\/\/barneleker.no\/index.php\/wp-json\/wp\/v2\/media?parent=13875"}],"wp:term":[{"taxonomy":"product_brand","embeddable":true,"href":"https:\/\/barneleker.no\/index.php\/wp-json\/wp\/v2\/product_brand?post=13875"},{"taxonomy":"product_cat","embeddable":true,"href":"https:\/\/barneleker.no\/index.php\/wp-json\/wp\/v2\/product_cat?post=13875"},{"taxonomy":"product_tag","embeddable":true,"href":"https:\/\/barneleker.no\/index.php\/wp-json\/wp\/v2\/product_tag?post=13875"}],"curies":[{"name":"wp","href":"https:\/\/api.w.org\/{rel}","templated":true}]}}