{"id":13883,"date":"2022-02-08T19:59:16","date_gmt":"2022-02-08T19:59:16","guid":{"rendered":"https:\/\/barneleker.no\/index.php\/product\/hasbro-games-klassisk-connect-4\/"},"modified":"2022-02-08T19:59:16","modified_gmt":"2022-02-08T19:59:16","slug":"hasbro-games-klassisk-connect-4","status":"publish","type":"product","link":"https:\/\/barneleker.no\/index.php\/product\/hasbro-games-klassisk-connect-4\/","title":{"rendered":"Hasbro Games Klassisk Connect 4"},"content":{"rendered":"<p>Connect 4-spillet er et klassisk strategispill der to spillere m\u00f8ter hverandre i kampen om \u00e5 dominere gitteret! Spillere velger gule eller r\u00f8de brikker. De legger brikkene i gitteret, og starter p\u00e5 midten eller p\u00e5 kanten for \u00e5 stable de fargede brikkene oppover, horisontalt eller diagonalt. Bruk strategi for \u00e5 blokkere motstandere samtidig som du pr\u00f8ver \u00e5 bli den f\u00f8rste spilleren som f\u00e5r fire p\u00e5 rad for \u00e5 vinne. Barna elsker Connect 4-spillet; det er en flott aktivitet p\u00e5 en regnv\u00e6rsdag, eller n\u00e5r man bare har lyst \u00e5 spille et morsomt spill med en venn. Og ingen vil fire p\u00e5 vinnerkravene! For 6 \u00e5r og oppover. Hasbro Gaming og alle relaterte kjennetegn og logoer er varemerker som tilh\u00f8rer Hasbro, Inc.<\/p>\n","protected":false},"excerpt":{"rendered":"<p>Connect 4-spillet er et klassisk strategispill der to spillere m\u00f8ter hverandre i kampen om \u00e5 dominere gitteret! Spillere velger gule eller r\u00f8de brikker. De legger&hellip;<\/p>\n","protected":false},"featured_media":13882,"comment_status":"open","ping_status":"closed","template":"","meta":[],"product_brand":[],"product_cat":[382],"product_tag":[],"class_list":{"0":"post-13883","1":"product","2":"type-product","3":"status-publish","4":"has-post-thumbnail","6":"product_cat-spill","8":"first","9":"instock","10":"shipping-taxable","11":"product-type-external","12":"customify-col"},"yoast_head":"<!-- This site is optimized with the Yoast SEO plugin v26.0 - https:\/\/yoast.com\/wordpress\/plugins\/seo\/ -->\n<title>Hasbro Games Klassisk Connect 4 - Barneleker.no<\/title>\n<meta name=\"robots\" content=\"index, follow, max-snippet:-1, max-image-preview:large, max-video-preview:-1\" \/>\n<link rel=\"canonical\" href=\"https:\/\/barneleker.no\/index.php\/product\/hasbro-games-klassisk-connect-4\/\" \/>\n<meta property=\"og:locale\" content=\"nb_NO\" \/>\n<meta property=\"og:type\" content=\"article\" \/>\n<meta property=\"og:title\" content=\"Hasbro Games Klassisk Connect 4 - Barneleker.no\" \/>\n<meta property=\"og:description\" content=\"Connect 4-spillet er et klassisk strategispill der to spillere m\u00f8ter hverandre i kampen om \u00e5 dominere gitteret! Spillere velger gule eller r\u00f8de brikker. De legger&hellip;\" \/>\n<meta property=\"og:url\" content=\"https:\/\/barneleker.no\/index.php\/product\/hasbro-games-klassisk-connect-4\/\" \/>\n<meta property=\"og:site_name\" content=\"Barneleker.no\" \/>\n<meta name=\"twitter:card\" content=\"summary_large_image\" \/>\n<meta name=\"twitter:label1\" content=\"Ansl. lesetid\" \/>\n\t<meta name=\"twitter:data1\" content=\"1 minutt\" \/>\n<script type=\"application\/ld+json\" class=\"yoast-schema-graph\">{\"@context\":\"https:\/\/schema.org\",\"@graph\":[{\"@type\":\"WebPage\",\"@id\":\"https:\/\/barneleker.no\/index.php\/product\/hasbro-games-klassisk-connect-4\/\",\"url\":\"https:\/\/barneleker.no\/index.php\/product\/hasbro-games-klassisk-connect-4\/\",\"name\":\"Hasbro Games Klassisk Connect 4 - Barneleker.no\",\"isPartOf\":{\"@id\":\"https:\/\/barneleker.no\/#website\"},\"primaryImageOfPage\":{\"@id\":\"https:\/\/barneleker.no\/index.php\/product\/hasbro-games-klassisk-connect-4\/#primaryimage\"},\"image\":{\"@id\":\"https:\/\/barneleker.no\/index.php\/product\/hasbro-games-klassisk-connect-4\/#primaryimage\"},\"thumbnailUrl\":\"https:\/\/barneleker.no\/wp-content\/uploads\/2022\/02\/klassisk-connect-4.jpg\",\"datePublished\":\"2022-02-08T19:59:16+00:00\",\"breadcrumb\":{\"@id\":\"https:\/\/barneleker.no\/index.php\/product\/hasbro-games-klassisk-connect-4\/#breadcrumb\"},\"inLanguage\":\"nb-NO\",\"potentialAction\":[{\"@type\":\"ReadAction\",\"target\":[\"https:\/\/barneleker.no\/index.php\/product\/hasbro-games-klassisk-connect-4\/\"]}]},{\"@type\":\"ImageObject\",\"inLanguage\":\"nb-NO\",\"@id\":\"https:\/\/barneleker.no\/index.php\/product\/hasbro-games-klassisk-connect-4\/#primaryimage\",\"url\":\"https:\/\/barneleker.no\/wp-content\/uploads\/2022\/02\/klassisk-connect-4.jpg\",\"contentUrl\":\"https:\/\/barneleker.no\/wp-content\/uploads\/2022\/02\/klassisk-connect-4.jpg\",\"width\":555,\"height\":555},{\"@type\":\"BreadcrumbList\",\"@id\":\"https:\/\/barneleker.no\/index.php\/product\/hasbro-games-klassisk-connect-4\/#breadcrumb\",\"itemListElement\":[{\"@type\":\"ListItem\",\"position\":1,\"name\":\"Butikken\",\"item\":\"https:\/\/barneleker.no\/\"},{\"@type\":\"ListItem\",\"position\":2,\"name\":\"Hasbro Games Klassisk Connect 4\"}]},{\"@type\":\"WebSite\",\"@id\":\"https:\/\/barneleker.no\/#website\",\"url\":\"https:\/\/barneleker.no\/\",\"name\":\"Barneleker.no\",\"description\":\"Selvf\u00f8lgelig!\",\"publisher\":{\"@id\":\"https:\/\/barneleker.no\/#organization\"},\"potentialAction\":[{\"@type\":\"SearchAction\",\"target\":{\"@type\":\"EntryPoint\",\"urlTemplate\":\"https:\/\/barneleker.no\/?s={search_term_string}\"},\"query-input\":{\"@type\":\"PropertyValueSpecification\",\"valueRequired\":true,\"valueName\":\"search_term_string\"}}],\"inLanguage\":\"nb-NO\"},{\"@type\":\"Organization\",\"@id\":\"https:\/\/barneleker.no\/#organization\",\"name\":\"Barneleker.no\",\"url\":\"https:\/\/barneleker.no\/\",\"logo\":{\"@type\":\"ImageObject\",\"inLanguage\":\"nb-NO\",\"@id\":\"https:\/\/barneleker.no\/#\/schema\/logo\/image\/\",\"url\":\"https:\/\/barneleker.no\/wp-content\/uploads\/2021\/11\/barneleker_logo-780x150-1.jpg\",\"contentUrl\":\"https:\/\/barneleker.no\/wp-content\/uploads\/2021\/11\/barneleker_logo-780x150-1.jpg\",\"width\":780,\"height\":150,\"caption\":\"Barneleker.no\"},\"image\":{\"@id\":\"https:\/\/barneleker.no\/#\/schema\/logo\/image\/\"}}]}<\/script>\n<!-- \/ Yoast SEO plugin. -->","yoast_head_json":{"title":"Hasbro Games Klassisk Connect 4 - Barneleker.no","robots":{"index":"index","follow":"follow","max-snippet":"max-snippet:-1","max-image-preview":"max-image-preview:large","max-video-preview":"max-video-preview:-1"},"canonical":"https:\/\/barneleker.no\/index.php\/product\/hasbro-games-klassisk-connect-4\/","og_locale":"nb_NO","og_type":"article","og_title":"Hasbro Games Klassisk Connect 4 - Barneleker.no","og_description":"Connect 4-spillet er et klassisk strategispill der to spillere m\u00f8ter hverandre i kampen om \u00e5 dominere gitteret! Spillere velger gule eller r\u00f8de brikker. De legger&hellip;","og_url":"https:\/\/barneleker.no\/index.php\/product\/hasbro-games-klassisk-connect-4\/","og_site_name":"Barneleker.no","twitter_card":"summary_large_image","twitter_misc":{"Ansl. lesetid":"1 minutt"},"schema":{"@context":"https:\/\/schema.org","@graph":[{"@type":"WebPage","@id":"https:\/\/barneleker.no\/index.php\/product\/hasbro-games-klassisk-connect-4\/","url":"https:\/\/barneleker.no\/index.php\/product\/hasbro-games-klassisk-connect-4\/","name":"Hasbro Games Klassisk Connect 4 - Barneleker.no","isPartOf":{"@id":"https:\/\/barneleker.no\/#website"},"primaryImageOfPage":{"@id":"https:\/\/barneleker.no\/index.php\/product\/hasbro-games-klassisk-connect-4\/#primaryimage"},"image":{"@id":"https:\/\/barneleker.no\/index.php\/product\/hasbro-games-klassisk-connect-4\/#primaryimage"},"thumbnailUrl":"https:\/\/barneleker.no\/wp-content\/uploads\/2022\/02\/klassisk-connect-4.jpg","datePublished":"2022-02-08T19:59:16+00:00","breadcrumb":{"@id":"https:\/\/barneleker.no\/index.php\/product\/hasbro-games-klassisk-connect-4\/#breadcrumb"},"inLanguage":"nb-NO","potentialAction":[{"@type":"ReadAction","target":["https:\/\/barneleker.no\/index.php\/product\/hasbro-games-klassisk-connect-4\/"]}]},{"@type":"ImageObject","inLanguage":"nb-NO","@id":"https:\/\/barneleker.no\/index.php\/product\/hasbro-games-klassisk-connect-4\/#primaryimage","url":"https:\/\/barneleker.no\/wp-content\/uploads\/2022\/02\/klassisk-connect-4.jpg","contentUrl":"https:\/\/barneleker.no\/wp-content\/uploads\/2022\/02\/klassisk-connect-4.jpg","width":555,"height":555},{"@type":"BreadcrumbList","@id":"https:\/\/barneleker.no\/index.php\/product\/hasbro-games-klassisk-connect-4\/#breadcrumb","itemListElement":[{"@type":"ListItem","position":1,"name":"Butikken","item":"https:\/\/barneleker.no\/"},{"@type":"ListItem","position":2,"name":"Hasbro Games Klassisk Connect 4"}]},{"@type":"WebSite","@id":"https:\/\/barneleker.no\/#website","url":"https:\/\/barneleker.no\/","name":"Barneleker.no","description":"Selvf\u00f8lgelig!","publisher":{"@id":"https:\/\/barneleker.no\/#organization"},"potentialAction":[{"@type":"SearchAction","target":{"@type":"EntryPoint","urlTemplate":"https:\/\/barneleker.no\/?s={search_term_string}"},"query-input":{"@type":"PropertyValueSpecification","valueRequired":true,"valueName":"search_term_string"}}],"inLanguage":"nb-NO"},{"@type":"Organization","@id":"https:\/\/barneleker.no\/#organization","name":"Barneleker.no","url":"https:\/\/barneleker.no\/","logo":{"@type":"ImageObject","inLanguage":"nb-NO","@id":"https:\/\/barneleker.no\/#\/schema\/logo\/image\/","url":"https:\/\/barneleker.no\/wp-content\/uploads\/2021\/11\/barneleker_logo-780x150-1.jpg","contentUrl":"https:\/\/barneleker.no\/wp-content\/uploads\/2021\/11\/barneleker_logo-780x150-1.jpg","width":780,"height":150,"caption":"Barneleker.no"},"image":{"@id":"https:\/\/barneleker.no\/#\/schema\/logo\/image\/"}}]}},"_links":{"self":[{"href":"https:\/\/barneleker.no\/index.php\/wp-json\/wp\/v2\/product\/13883","targetHints":{"allow":["GET"]}}],"collection":[{"href":"https:\/\/barneleker.no\/index.php\/wp-json\/wp\/v2\/product"}],"about":[{"href":"https:\/\/barneleker.no\/index.php\/wp-json\/wp\/v2\/types\/product"}],"replies":[{"embeddable":true,"href":"https:\/\/barneleker.no\/index.php\/wp-json\/wp\/v2\/comments?post=13883"}],"wp:featuredmedia":[{"embeddable":true,"href":"https:\/\/barneleker.no\/index.php\/wp-json\/wp\/v2\/media\/13882"}],"wp:attachment":[{"href":"https:\/\/barneleker.no\/index.php\/wp-json\/wp\/v2\/media?parent=13883"}],"wp:term":[{"taxonomy":"product_brand","embeddable":true,"href":"https:\/\/barneleker.no\/index.php\/wp-json\/wp\/v2\/product_brand?post=13883"},{"taxonomy":"product_cat","embeddable":true,"href":"https:\/\/barneleker.no\/index.php\/wp-json\/wp\/v2\/product_cat?post=13883"},{"taxonomy":"product_tag","embeddable":true,"href":"https:\/\/barneleker.no\/index.php\/wp-json\/wp\/v2\/product_tag?post=13883"}],"curies":[{"name":"wp","href":"https:\/\/api.w.org\/{rel}","templated":true}]}}