{"id":13903,"date":"2022-02-08T19:59:22","date_gmt":"2022-02-08T19:59:22","guid":{"rendered":"https:\/\/barneleker.no\/index.php\/product\/schleich-english-cocker-spaniel\/"},"modified":"2022-02-08T19:59:22","modified_gmt":"2022-02-08T19:59:22","slug":"schleich-english-cocker-spaniel","status":"publish","type":"product","link":"https:\/\/barneleker.no\/index.php\/product\/schleich-english-cocker-spaniel\/","title":{"rendered":"Schleich, English Cocker Spaniel"},"content":{"rendered":"<p>Med sitt morsomme uttrykk sprer den engelske cocker spanielen fra Schleich\u00ae Farm World mye glede og viser hvilket trivelig gemytt rasen har. Gjennom sin kj\u00e6rlige, elskelige natur er denne hunden et popul\u00e6rt kj\u00e6ledyr, spesielt for barnefamilier. Cocker spaniels har mye energi og trenger derfor tilstrekkelig bevegelse. De fleste elsker \u00e5 sv\u00f8mme i elver og innsj\u00f8er og hente gjenstander.<\/p>\n","protected":false},"excerpt":{"rendered":"<p>Med sitt morsomme uttrykk sprer den engelske cocker spanielen fra Schleich\u00ae Farm World mye glede og viser hvilket trivelig gemytt rasen har. Gjennom sin kj\u00e6rlige,&hellip;<\/p>\n","protected":false},"featured_media":13902,"comment_status":"open","ping_status":"closed","template":"","meta":[],"product_brand":[],"product_cat":[358],"product_tag":[],"class_list":{"0":"post-13903","1":"product","2":"type-product","3":"status-publish","4":"has-post-thumbnail","6":"product_cat-dyr","8":"first","9":"instock","10":"shipping-taxable","11":"product-type-external","12":"customify-col"},"yoast_head":"<!-- This site is optimized with the Yoast SEO plugin v26.0 - https:\/\/yoast.com\/wordpress\/plugins\/seo\/ -->\n<title>Schleich, English Cocker Spaniel - Barneleker.no<\/title>\n<meta name=\"robots\" content=\"index, follow, max-snippet:-1, max-image-preview:large, max-video-preview:-1\" \/>\n<link rel=\"canonical\" href=\"https:\/\/barneleker.no\/index.php\/product\/schleich-english-cocker-spaniel\/\" \/>\n<meta property=\"og:locale\" content=\"nb_NO\" \/>\n<meta property=\"og:type\" content=\"article\" \/>\n<meta property=\"og:title\" content=\"Schleich, English Cocker Spaniel - Barneleker.no\" \/>\n<meta property=\"og:description\" content=\"Med sitt morsomme uttrykk sprer den engelske cocker spanielen fra Schleich\u00ae Farm World mye glede og viser hvilket trivelig gemytt rasen har. Gjennom sin kj\u00e6rlige,&hellip;\" \/>\n<meta property=\"og:url\" content=\"https:\/\/barneleker.no\/index.php\/product\/schleich-english-cocker-spaniel\/\" \/>\n<meta property=\"og:site_name\" content=\"Barneleker.no\" \/>\n<meta name=\"twitter:card\" content=\"summary_large_image\" \/>\n<script type=\"application\/ld+json\" class=\"yoast-schema-graph\">{\"@context\":\"https:\/\/schema.org\",\"@graph\":[{\"@type\":\"WebPage\",\"@id\":\"https:\/\/barneleker.no\/index.php\/product\/schleich-english-cocker-spaniel\/\",\"url\":\"https:\/\/barneleker.no\/index.php\/product\/schleich-english-cocker-spaniel\/\",\"name\":\"Schleich, English Cocker Spaniel - Barneleker.no\",\"isPartOf\":{\"@id\":\"https:\/\/barneleker.no\/#website\"},\"primaryImageOfPage\":{\"@id\":\"https:\/\/barneleker.no\/index.php\/product\/schleich-english-cocker-spaniel\/#primaryimage\"},\"image\":{\"@id\":\"https:\/\/barneleker.no\/index.php\/product\/schleich-english-cocker-spaniel\/#primaryimage\"},\"thumbnailUrl\":\"https:\/\/barneleker.no\/wp-content\/uploads\/2022\/02\/schleich-english-cocker-spaniel.jpg\",\"datePublished\":\"2022-02-08T19:59:22+00:00\",\"breadcrumb\":{\"@id\":\"https:\/\/barneleker.no\/index.php\/product\/schleich-english-cocker-spaniel\/#breadcrumb\"},\"inLanguage\":\"nb-NO\",\"potentialAction\":[{\"@type\":\"ReadAction\",\"target\":[\"https:\/\/barneleker.no\/index.php\/product\/schleich-english-cocker-spaniel\/\"]}]},{\"@type\":\"ImageObject\",\"inLanguage\":\"nb-NO\",\"@id\":\"https:\/\/barneleker.no\/index.php\/product\/schleich-english-cocker-spaniel\/#primaryimage\",\"url\":\"https:\/\/barneleker.no\/wp-content\/uploads\/2022\/02\/schleich-english-cocker-spaniel.jpg\",\"contentUrl\":\"https:\/\/barneleker.no\/wp-content\/uploads\/2022\/02\/schleich-english-cocker-spaniel.jpg\",\"width\":555,\"height\":555},{\"@type\":\"BreadcrumbList\",\"@id\":\"https:\/\/barneleker.no\/index.php\/product\/schleich-english-cocker-spaniel\/#breadcrumb\",\"itemListElement\":[{\"@type\":\"ListItem\",\"position\":1,\"name\":\"Butikken\",\"item\":\"https:\/\/barneleker.no\/\"},{\"@type\":\"ListItem\",\"position\":2,\"name\":\"Schleich, English Cocker Spaniel\"}]},{\"@type\":\"WebSite\",\"@id\":\"https:\/\/barneleker.no\/#website\",\"url\":\"https:\/\/barneleker.no\/\",\"name\":\"Barneleker.no\",\"description\":\"Selvf\u00f8lgelig!\",\"publisher\":{\"@id\":\"https:\/\/barneleker.no\/#organization\"},\"potentialAction\":[{\"@type\":\"SearchAction\",\"target\":{\"@type\":\"EntryPoint\",\"urlTemplate\":\"https:\/\/barneleker.no\/?s={search_term_string}\"},\"query-input\":{\"@type\":\"PropertyValueSpecification\",\"valueRequired\":true,\"valueName\":\"search_term_string\"}}],\"inLanguage\":\"nb-NO\"},{\"@type\":\"Organization\",\"@id\":\"https:\/\/barneleker.no\/#organization\",\"name\":\"Barneleker.no\",\"url\":\"https:\/\/barneleker.no\/\",\"logo\":{\"@type\":\"ImageObject\",\"inLanguage\":\"nb-NO\",\"@id\":\"https:\/\/barneleker.no\/#\/schema\/logo\/image\/\",\"url\":\"https:\/\/barneleker.no\/wp-content\/uploads\/2021\/11\/barneleker_logo-780x150-1.jpg\",\"contentUrl\":\"https:\/\/barneleker.no\/wp-content\/uploads\/2021\/11\/barneleker_logo-780x150-1.jpg\",\"width\":780,\"height\":150,\"caption\":\"Barneleker.no\"},\"image\":{\"@id\":\"https:\/\/barneleker.no\/#\/schema\/logo\/image\/\"}}]}<\/script>\n<!-- \/ Yoast SEO plugin. -->","yoast_head_json":{"title":"Schleich, English Cocker Spaniel - Barneleker.no","robots":{"index":"index","follow":"follow","max-snippet":"max-snippet:-1","max-image-preview":"max-image-preview:large","max-video-preview":"max-video-preview:-1"},"canonical":"https:\/\/barneleker.no\/index.php\/product\/schleich-english-cocker-spaniel\/","og_locale":"nb_NO","og_type":"article","og_title":"Schleich, English Cocker Spaniel - Barneleker.no","og_description":"Med sitt morsomme uttrykk sprer den engelske cocker spanielen fra Schleich\u00ae Farm World mye glede og viser hvilket trivelig gemytt rasen har. Gjennom sin kj\u00e6rlige,&hellip;","og_url":"https:\/\/barneleker.no\/index.php\/product\/schleich-english-cocker-spaniel\/","og_site_name":"Barneleker.no","twitter_card":"summary_large_image","schema":{"@context":"https:\/\/schema.org","@graph":[{"@type":"WebPage","@id":"https:\/\/barneleker.no\/index.php\/product\/schleich-english-cocker-spaniel\/","url":"https:\/\/barneleker.no\/index.php\/product\/schleich-english-cocker-spaniel\/","name":"Schleich, English Cocker Spaniel - Barneleker.no","isPartOf":{"@id":"https:\/\/barneleker.no\/#website"},"primaryImageOfPage":{"@id":"https:\/\/barneleker.no\/index.php\/product\/schleich-english-cocker-spaniel\/#primaryimage"},"image":{"@id":"https:\/\/barneleker.no\/index.php\/product\/schleich-english-cocker-spaniel\/#primaryimage"},"thumbnailUrl":"https:\/\/barneleker.no\/wp-content\/uploads\/2022\/02\/schleich-english-cocker-spaniel.jpg","datePublished":"2022-02-08T19:59:22+00:00","breadcrumb":{"@id":"https:\/\/barneleker.no\/index.php\/product\/schleich-english-cocker-spaniel\/#breadcrumb"},"inLanguage":"nb-NO","potentialAction":[{"@type":"ReadAction","target":["https:\/\/barneleker.no\/index.php\/product\/schleich-english-cocker-spaniel\/"]}]},{"@type":"ImageObject","inLanguage":"nb-NO","@id":"https:\/\/barneleker.no\/index.php\/product\/schleich-english-cocker-spaniel\/#primaryimage","url":"https:\/\/barneleker.no\/wp-content\/uploads\/2022\/02\/schleich-english-cocker-spaniel.jpg","contentUrl":"https:\/\/barneleker.no\/wp-content\/uploads\/2022\/02\/schleich-english-cocker-spaniel.jpg","width":555,"height":555},{"@type":"BreadcrumbList","@id":"https:\/\/barneleker.no\/index.php\/product\/schleich-english-cocker-spaniel\/#breadcrumb","itemListElement":[{"@type":"ListItem","position":1,"name":"Butikken","item":"https:\/\/barneleker.no\/"},{"@type":"ListItem","position":2,"name":"Schleich, English Cocker Spaniel"}]},{"@type":"WebSite","@id":"https:\/\/barneleker.no\/#website","url":"https:\/\/barneleker.no\/","name":"Barneleker.no","description":"Selvf\u00f8lgelig!","publisher":{"@id":"https:\/\/barneleker.no\/#organization"},"potentialAction":[{"@type":"SearchAction","target":{"@type":"EntryPoint","urlTemplate":"https:\/\/barneleker.no\/?s={search_term_string}"},"query-input":{"@type":"PropertyValueSpecification","valueRequired":true,"valueName":"search_term_string"}}],"inLanguage":"nb-NO"},{"@type":"Organization","@id":"https:\/\/barneleker.no\/#organization","name":"Barneleker.no","url":"https:\/\/barneleker.no\/","logo":{"@type":"ImageObject","inLanguage":"nb-NO","@id":"https:\/\/barneleker.no\/#\/schema\/logo\/image\/","url":"https:\/\/barneleker.no\/wp-content\/uploads\/2021\/11\/barneleker_logo-780x150-1.jpg","contentUrl":"https:\/\/barneleker.no\/wp-content\/uploads\/2021\/11\/barneleker_logo-780x150-1.jpg","width":780,"height":150,"caption":"Barneleker.no"},"image":{"@id":"https:\/\/barneleker.no\/#\/schema\/logo\/image\/"}}]}},"_links":{"self":[{"href":"https:\/\/barneleker.no\/index.php\/wp-json\/wp\/v2\/product\/13903","targetHints":{"allow":["GET"]}}],"collection":[{"href":"https:\/\/barneleker.no\/index.php\/wp-json\/wp\/v2\/product"}],"about":[{"href":"https:\/\/barneleker.no\/index.php\/wp-json\/wp\/v2\/types\/product"}],"replies":[{"embeddable":true,"href":"https:\/\/barneleker.no\/index.php\/wp-json\/wp\/v2\/comments?post=13903"}],"wp:featuredmedia":[{"embeddable":true,"href":"https:\/\/barneleker.no\/index.php\/wp-json\/wp\/v2\/media\/13902"}],"wp:attachment":[{"href":"https:\/\/barneleker.no\/index.php\/wp-json\/wp\/v2\/media?parent=13903"}],"wp:term":[{"taxonomy":"product_brand","embeddable":true,"href":"https:\/\/barneleker.no\/index.php\/wp-json\/wp\/v2\/product_brand?post=13903"},{"taxonomy":"product_cat","embeddable":true,"href":"https:\/\/barneleker.no\/index.php\/wp-json\/wp\/v2\/product_cat?post=13903"},{"taxonomy":"product_tag","embeddable":true,"href":"https:\/\/barneleker.no\/index.php\/wp-json\/wp\/v2\/product_tag?post=13903"}],"curies":[{"name":"wp","href":"https:\/\/api.w.org\/{rel}","templated":true}]}}