{"id":13935,"date":"2022-02-08T19:59:34","date_gmt":"2022-02-08T19:59:34","guid":{"rendered":"https:\/\/barneleker.no\/index.php\/product\/schleich-fairy-feya-with-pegasus-unicorn\/"},"modified":"2022-02-08T19:59:34","modified_gmt":"2022-02-08T19:59:34","slug":"schleich-fairy-feya-with-pegasus-unicorn","status":"publish","type":"product","link":"https:\/\/barneleker.no\/index.php\/product\/schleich-fairy-feya-with-pegasus-unicorn\/","title":{"rendered":"Schleich, Fairy Feya with Pegasus unicorn"},"content":{"rendered":"<p>N\u00e5r Feya flyr over bayalas p\u00e5 ryggen til pegasusenhj\u00f8rningen sin og rir gjennom alvebyen Soleyas, snur alle seg etter dem med beundrende blikk. Noe mer grasi\u00f8st og penere enn dem finnes neppe i hele alveriket. Feya elsker sin flyvende enhj\u00f8rning over alt annet. Hun steller den i timevis og bruker like lang tid p\u00e5 \u00e5 f\u00e5 den til \u00e5 se pen ut som p\u00e5 seg selv. Av og til, n\u00e5r de skal bes\u00f8ke prinsesse Eyela, er Feya litt rotete. Hun glemmer speilet eller b\u00f8rsten, selv om hun ellers aldri forlater huset uten. Da m\u00e5 de fly tilbake n\u00e5r de har kommet halvveis, og alle alvene kan se og beundre dem flere ganger den dagen. De begge er vidunderlige. Er du ikke enig?<\/p>\n","protected":false},"excerpt":{"rendered":"<p>N\u00e5r Feya flyr over bayalas p\u00e5 ryggen til pegasusenhj\u00f8rningen sin og rir gjennom alvebyen Soleyas, snur alle seg etter dem med beundrende blikk. Noe mer&hellip;<\/p>\n","protected":false},"featured_media":13934,"comment_status":"open","ping_status":"closed","template":"","meta":[],"product_brand":[],"product_cat":[358],"product_tag":[],"class_list":{"0":"post-13935","1":"product","2":"type-product","3":"status-publish","4":"has-post-thumbnail","6":"product_cat-dyr","8":"first","9":"instock","10":"shipping-taxable","11":"product-type-external","12":"customify-col"},"yoast_head":"<!-- This site is optimized with the Yoast SEO plugin v26.0 - https:\/\/yoast.com\/wordpress\/plugins\/seo\/ -->\n<title>Schleich, Fairy Feya with Pegasus unicorn - Barneleker.no<\/title>\n<meta name=\"robots\" content=\"index, follow, max-snippet:-1, max-image-preview:large, max-video-preview:-1\" \/>\n<link rel=\"canonical\" href=\"https:\/\/barneleker.no\/index.php\/product\/schleich-fairy-feya-with-pegasus-unicorn\/\" \/>\n<meta property=\"og:locale\" content=\"nb_NO\" \/>\n<meta property=\"og:type\" content=\"article\" \/>\n<meta property=\"og:title\" content=\"Schleich, Fairy Feya with Pegasus unicorn - Barneleker.no\" \/>\n<meta property=\"og:description\" content=\"N\u00e5r Feya flyr over bayalas p\u00e5 ryggen til pegasusenhj\u00f8rningen sin og rir gjennom alvebyen Soleyas, snur alle seg etter dem med beundrende blikk. Noe mer&hellip;\" \/>\n<meta property=\"og:url\" content=\"https:\/\/barneleker.no\/index.php\/product\/schleich-fairy-feya-with-pegasus-unicorn\/\" \/>\n<meta property=\"og:site_name\" content=\"Barneleker.no\" \/>\n<meta name=\"twitter:card\" content=\"summary_large_image\" \/>\n<meta name=\"twitter:label1\" content=\"Ansl. lesetid\" \/>\n\t<meta name=\"twitter:data1\" content=\"1 minutt\" \/>\n<script type=\"application\/ld+json\" class=\"yoast-schema-graph\">{\"@context\":\"https:\/\/schema.org\",\"@graph\":[{\"@type\":\"WebPage\",\"@id\":\"https:\/\/barneleker.no\/index.php\/product\/schleich-fairy-feya-with-pegasus-unicorn\/\",\"url\":\"https:\/\/barneleker.no\/index.php\/product\/schleich-fairy-feya-with-pegasus-unicorn\/\",\"name\":\"Schleich, Fairy Feya with Pegasus unicorn - Barneleker.no\",\"isPartOf\":{\"@id\":\"https:\/\/barneleker.no\/#website\"},\"primaryImageOfPage\":{\"@id\":\"https:\/\/barneleker.no\/index.php\/product\/schleich-fairy-feya-with-pegasus-unicorn\/#primaryimage\"},\"image\":{\"@id\":\"https:\/\/barneleker.no\/index.php\/product\/schleich-fairy-feya-with-pegasus-unicorn\/#primaryimage\"},\"thumbnailUrl\":\"https:\/\/barneleker.no\/wp-content\/uploads\/2022\/02\/schleich-fairy-feya-with-pegasus-unicorn.jpg\",\"datePublished\":\"2022-02-08T19:59:34+00:00\",\"breadcrumb\":{\"@id\":\"https:\/\/barneleker.no\/index.php\/product\/schleich-fairy-feya-with-pegasus-unicorn\/#breadcrumb\"},\"inLanguage\":\"nb-NO\",\"potentialAction\":[{\"@type\":\"ReadAction\",\"target\":[\"https:\/\/barneleker.no\/index.php\/product\/schleich-fairy-feya-with-pegasus-unicorn\/\"]}]},{\"@type\":\"ImageObject\",\"inLanguage\":\"nb-NO\",\"@id\":\"https:\/\/barneleker.no\/index.php\/product\/schleich-fairy-feya-with-pegasus-unicorn\/#primaryimage\",\"url\":\"https:\/\/barneleker.no\/wp-content\/uploads\/2022\/02\/schleich-fairy-feya-with-pegasus-unicorn.jpg\",\"contentUrl\":\"https:\/\/barneleker.no\/wp-content\/uploads\/2022\/02\/schleich-fairy-feya-with-pegasus-unicorn.jpg\",\"width\":555,\"height\":555},{\"@type\":\"BreadcrumbList\",\"@id\":\"https:\/\/barneleker.no\/index.php\/product\/schleich-fairy-feya-with-pegasus-unicorn\/#breadcrumb\",\"itemListElement\":[{\"@type\":\"ListItem\",\"position\":1,\"name\":\"Butikken\",\"item\":\"https:\/\/barneleker.no\/\"},{\"@type\":\"ListItem\",\"position\":2,\"name\":\"Schleich, Fairy Feya with Pegasus unicorn\"}]},{\"@type\":\"WebSite\",\"@id\":\"https:\/\/barneleker.no\/#website\",\"url\":\"https:\/\/barneleker.no\/\",\"name\":\"Barneleker.no\",\"description\":\"Selvf\u00f8lgelig!\",\"publisher\":{\"@id\":\"https:\/\/barneleker.no\/#organization\"},\"potentialAction\":[{\"@type\":\"SearchAction\",\"target\":{\"@type\":\"EntryPoint\",\"urlTemplate\":\"https:\/\/barneleker.no\/?s={search_term_string}\"},\"query-input\":{\"@type\":\"PropertyValueSpecification\",\"valueRequired\":true,\"valueName\":\"search_term_string\"}}],\"inLanguage\":\"nb-NO\"},{\"@type\":\"Organization\",\"@id\":\"https:\/\/barneleker.no\/#organization\",\"name\":\"Barneleker.no\",\"url\":\"https:\/\/barneleker.no\/\",\"logo\":{\"@type\":\"ImageObject\",\"inLanguage\":\"nb-NO\",\"@id\":\"https:\/\/barneleker.no\/#\/schema\/logo\/image\/\",\"url\":\"https:\/\/barneleker.no\/wp-content\/uploads\/2021\/11\/barneleker_logo-780x150-1.jpg\",\"contentUrl\":\"https:\/\/barneleker.no\/wp-content\/uploads\/2021\/11\/barneleker_logo-780x150-1.jpg\",\"width\":780,\"height\":150,\"caption\":\"Barneleker.no\"},\"image\":{\"@id\":\"https:\/\/barneleker.no\/#\/schema\/logo\/image\/\"}}]}<\/script>\n<!-- \/ Yoast SEO plugin. -->","yoast_head_json":{"title":"Schleich, Fairy Feya with Pegasus unicorn - Barneleker.no","robots":{"index":"index","follow":"follow","max-snippet":"max-snippet:-1","max-image-preview":"max-image-preview:large","max-video-preview":"max-video-preview:-1"},"canonical":"https:\/\/barneleker.no\/index.php\/product\/schleich-fairy-feya-with-pegasus-unicorn\/","og_locale":"nb_NO","og_type":"article","og_title":"Schleich, Fairy Feya with Pegasus unicorn - Barneleker.no","og_description":"N\u00e5r Feya flyr over bayalas p\u00e5 ryggen til pegasusenhj\u00f8rningen sin og rir gjennom alvebyen Soleyas, snur alle seg etter dem med beundrende blikk. Noe mer&hellip;","og_url":"https:\/\/barneleker.no\/index.php\/product\/schleich-fairy-feya-with-pegasus-unicorn\/","og_site_name":"Barneleker.no","twitter_card":"summary_large_image","twitter_misc":{"Ansl. lesetid":"1 minutt"},"schema":{"@context":"https:\/\/schema.org","@graph":[{"@type":"WebPage","@id":"https:\/\/barneleker.no\/index.php\/product\/schleich-fairy-feya-with-pegasus-unicorn\/","url":"https:\/\/barneleker.no\/index.php\/product\/schleich-fairy-feya-with-pegasus-unicorn\/","name":"Schleich, Fairy Feya with Pegasus unicorn - Barneleker.no","isPartOf":{"@id":"https:\/\/barneleker.no\/#website"},"primaryImageOfPage":{"@id":"https:\/\/barneleker.no\/index.php\/product\/schleich-fairy-feya-with-pegasus-unicorn\/#primaryimage"},"image":{"@id":"https:\/\/barneleker.no\/index.php\/product\/schleich-fairy-feya-with-pegasus-unicorn\/#primaryimage"},"thumbnailUrl":"https:\/\/barneleker.no\/wp-content\/uploads\/2022\/02\/schleich-fairy-feya-with-pegasus-unicorn.jpg","datePublished":"2022-02-08T19:59:34+00:00","breadcrumb":{"@id":"https:\/\/barneleker.no\/index.php\/product\/schleich-fairy-feya-with-pegasus-unicorn\/#breadcrumb"},"inLanguage":"nb-NO","potentialAction":[{"@type":"ReadAction","target":["https:\/\/barneleker.no\/index.php\/product\/schleich-fairy-feya-with-pegasus-unicorn\/"]}]},{"@type":"ImageObject","inLanguage":"nb-NO","@id":"https:\/\/barneleker.no\/index.php\/product\/schleich-fairy-feya-with-pegasus-unicorn\/#primaryimage","url":"https:\/\/barneleker.no\/wp-content\/uploads\/2022\/02\/schleich-fairy-feya-with-pegasus-unicorn.jpg","contentUrl":"https:\/\/barneleker.no\/wp-content\/uploads\/2022\/02\/schleich-fairy-feya-with-pegasus-unicorn.jpg","width":555,"height":555},{"@type":"BreadcrumbList","@id":"https:\/\/barneleker.no\/index.php\/product\/schleich-fairy-feya-with-pegasus-unicorn\/#breadcrumb","itemListElement":[{"@type":"ListItem","position":1,"name":"Butikken","item":"https:\/\/barneleker.no\/"},{"@type":"ListItem","position":2,"name":"Schleich, Fairy Feya with Pegasus unicorn"}]},{"@type":"WebSite","@id":"https:\/\/barneleker.no\/#website","url":"https:\/\/barneleker.no\/","name":"Barneleker.no","description":"Selvf\u00f8lgelig!","publisher":{"@id":"https:\/\/barneleker.no\/#organization"},"potentialAction":[{"@type":"SearchAction","target":{"@type":"EntryPoint","urlTemplate":"https:\/\/barneleker.no\/?s={search_term_string}"},"query-input":{"@type":"PropertyValueSpecification","valueRequired":true,"valueName":"search_term_string"}}],"inLanguage":"nb-NO"},{"@type":"Organization","@id":"https:\/\/barneleker.no\/#organization","name":"Barneleker.no","url":"https:\/\/barneleker.no\/","logo":{"@type":"ImageObject","inLanguage":"nb-NO","@id":"https:\/\/barneleker.no\/#\/schema\/logo\/image\/","url":"https:\/\/barneleker.no\/wp-content\/uploads\/2021\/11\/barneleker_logo-780x150-1.jpg","contentUrl":"https:\/\/barneleker.no\/wp-content\/uploads\/2021\/11\/barneleker_logo-780x150-1.jpg","width":780,"height":150,"caption":"Barneleker.no"},"image":{"@id":"https:\/\/barneleker.no\/#\/schema\/logo\/image\/"}}]}},"_links":{"self":[{"href":"https:\/\/barneleker.no\/index.php\/wp-json\/wp\/v2\/product\/13935","targetHints":{"allow":["GET"]}}],"collection":[{"href":"https:\/\/barneleker.no\/index.php\/wp-json\/wp\/v2\/product"}],"about":[{"href":"https:\/\/barneleker.no\/index.php\/wp-json\/wp\/v2\/types\/product"}],"replies":[{"embeddable":true,"href":"https:\/\/barneleker.no\/index.php\/wp-json\/wp\/v2\/comments?post=13935"}],"wp:featuredmedia":[{"embeddable":true,"href":"https:\/\/barneleker.no\/index.php\/wp-json\/wp\/v2\/media\/13934"}],"wp:attachment":[{"href":"https:\/\/barneleker.no\/index.php\/wp-json\/wp\/v2\/media?parent=13935"}],"wp:term":[{"taxonomy":"product_brand","embeddable":true,"href":"https:\/\/barneleker.no\/index.php\/wp-json\/wp\/v2\/product_brand?post=13935"},{"taxonomy":"product_cat","embeddable":true,"href":"https:\/\/barneleker.no\/index.php\/wp-json\/wp\/v2\/product_cat?post=13935"},{"taxonomy":"product_tag","embeddable":true,"href":"https:\/\/barneleker.no\/index.php\/wp-json\/wp\/v2\/product_tag?post=13935"}],"curies":[{"name":"wp","href":"https:\/\/api.w.org\/{rel}","templated":true}]}}