{"id":13945,"date":"2022-02-08T19:59:38","date_gmt":"2022-02-08T19:59:38","guid":{"rendered":"https:\/\/barneleker.no\/index.php\/product\/lego-friends-41664-mias-mopseboks\/"},"modified":"2022-02-08T19:59:38","modified_gmt":"2022-02-08T19:59:38","slug":"lego-friends-41664-mias-mopseboks","status":"publish","type":"product","link":"https:\/\/barneleker.no\/index.php\/product\/lego-friends-41664-mias-mopseboks\/","title":{"rendered":"LEGO Friends 41664, Mias mopseboks"},"content":{"rendered":"<p>Leter du etter en s\u00f8t gave til sm\u00e5 byggere? Da er LEGO\u00ae Friends Mias mopseboks (41664) midt i blinken! Denne s\u00f8te bursdagsgaven er pyntet med s\u00f8te hunde\u00f8rer og hundeansikt p\u00e5 fronten. Inne i det b\u00e6rbare lekesettet finner du en minidukke, en mopsevalp i en av flere mulige farger samt realistisk tilbeh\u00f8r som barn bruker for \u00e5 stelle pelsen til valpen. Settet inneholder til og med en liten spade til \u00e5 ta opp hundeb\u00e6sj med! Utend\u00f8rslekeDe popul\u00e6re LEGO Friends boksene er perfekte som impulsgave til barn som liker dyr og gjerne tar med leker ut. Dette g\u00f8yale LEGO settet er lite nok til \u00e5 f\u00e5 plass i en bag og tas med p\u00e5 tur til en venn.<\/p>\n","protected":false},"excerpt":{"rendered":"<p>Leter du etter en s\u00f8t gave til sm\u00e5 byggere? Da er LEGO\u00ae Friends Mias mopseboks (41664) midt i blinken! Denne s\u00f8te bursdagsgaven er pyntet med&hellip;<\/p>\n","protected":false},"featured_media":13944,"comment_status":"open","ping_status":"closed","template":"","meta":[],"product_brand":[],"product_cat":[340],"product_tag":[],"class_list":{"0":"post-13945","1":"product","2":"type-product","3":"status-publish","4":"has-post-thumbnail","6":"product_cat-set","8":"first","9":"instock","10":"shipping-taxable","11":"product-type-external","12":"customify-col"},"yoast_head":"<!-- This site is optimized with the Yoast SEO plugin v26.0 - https:\/\/yoast.com\/wordpress\/plugins\/seo\/ -->\n<title>LEGO Friends 41664, Mias mopseboks - Barneleker.no<\/title>\n<meta name=\"robots\" content=\"index, follow, max-snippet:-1, max-image-preview:large, max-video-preview:-1\" \/>\n<link rel=\"canonical\" href=\"https:\/\/barneleker.no\/index.php\/product\/lego-friends-41664-mias-mopseboks\/\" \/>\n<meta property=\"og:locale\" content=\"nb_NO\" \/>\n<meta property=\"og:type\" content=\"article\" \/>\n<meta property=\"og:title\" content=\"LEGO Friends 41664, Mias mopseboks - Barneleker.no\" \/>\n<meta property=\"og:description\" content=\"Leter du etter en s\u00f8t gave til sm\u00e5 byggere? Da er LEGO\u00ae Friends Mias mopseboks (41664) midt i blinken! Denne s\u00f8te bursdagsgaven er pyntet med&hellip;\" \/>\n<meta property=\"og:url\" content=\"https:\/\/barneleker.no\/index.php\/product\/lego-friends-41664-mias-mopseboks\/\" \/>\n<meta property=\"og:site_name\" content=\"Barneleker.no\" \/>\n<meta name=\"twitter:card\" content=\"summary_large_image\" \/>\n<meta name=\"twitter:label1\" content=\"Ansl. lesetid\" \/>\n\t<meta name=\"twitter:data1\" content=\"1 minutt\" \/>\n<script type=\"application\/ld+json\" class=\"yoast-schema-graph\">{\"@context\":\"https:\/\/schema.org\",\"@graph\":[{\"@type\":\"WebPage\",\"@id\":\"https:\/\/barneleker.no\/index.php\/product\/lego-friends-41664-mias-mopseboks\/\",\"url\":\"https:\/\/barneleker.no\/index.php\/product\/lego-friends-41664-mias-mopseboks\/\",\"name\":\"LEGO Friends 41664, Mias mopseboks - Barneleker.no\",\"isPartOf\":{\"@id\":\"https:\/\/barneleker.no\/#website\"},\"primaryImageOfPage\":{\"@id\":\"https:\/\/barneleker.no\/index.php\/product\/lego-friends-41664-mias-mopseboks\/#primaryimage\"},\"image\":{\"@id\":\"https:\/\/barneleker.no\/index.php\/product\/lego-friends-41664-mias-mopseboks\/#primaryimage\"},\"thumbnailUrl\":\"https:\/\/barneleker.no\/wp-content\/uploads\/2022\/02\/lego-friends-41664-mias-mopseboks.jpg\",\"datePublished\":\"2022-02-08T19:59:38+00:00\",\"breadcrumb\":{\"@id\":\"https:\/\/barneleker.no\/index.php\/product\/lego-friends-41664-mias-mopseboks\/#breadcrumb\"},\"inLanguage\":\"nb-NO\",\"potentialAction\":[{\"@type\":\"ReadAction\",\"target\":[\"https:\/\/barneleker.no\/index.php\/product\/lego-friends-41664-mias-mopseboks\/\"]}]},{\"@type\":\"ImageObject\",\"inLanguage\":\"nb-NO\",\"@id\":\"https:\/\/barneleker.no\/index.php\/product\/lego-friends-41664-mias-mopseboks\/#primaryimage\",\"url\":\"https:\/\/barneleker.no\/wp-content\/uploads\/2022\/02\/lego-friends-41664-mias-mopseboks.jpg\",\"contentUrl\":\"https:\/\/barneleker.no\/wp-content\/uploads\/2022\/02\/lego-friends-41664-mias-mopseboks.jpg\",\"width\":555,\"height\":555},{\"@type\":\"BreadcrumbList\",\"@id\":\"https:\/\/barneleker.no\/index.php\/product\/lego-friends-41664-mias-mopseboks\/#breadcrumb\",\"itemListElement\":[{\"@type\":\"ListItem\",\"position\":1,\"name\":\"Butikken\",\"item\":\"https:\/\/barneleker.no\/\"},{\"@type\":\"ListItem\",\"position\":2,\"name\":\"LEGO Friends 41664, Mias mopseboks\"}]},{\"@type\":\"WebSite\",\"@id\":\"https:\/\/barneleker.no\/#website\",\"url\":\"https:\/\/barneleker.no\/\",\"name\":\"Barneleker.no\",\"description\":\"Selvf\u00f8lgelig!\",\"publisher\":{\"@id\":\"https:\/\/barneleker.no\/#organization\"},\"potentialAction\":[{\"@type\":\"SearchAction\",\"target\":{\"@type\":\"EntryPoint\",\"urlTemplate\":\"https:\/\/barneleker.no\/?s={search_term_string}\"},\"query-input\":{\"@type\":\"PropertyValueSpecification\",\"valueRequired\":true,\"valueName\":\"search_term_string\"}}],\"inLanguage\":\"nb-NO\"},{\"@type\":\"Organization\",\"@id\":\"https:\/\/barneleker.no\/#organization\",\"name\":\"Barneleker.no\",\"url\":\"https:\/\/barneleker.no\/\",\"logo\":{\"@type\":\"ImageObject\",\"inLanguage\":\"nb-NO\",\"@id\":\"https:\/\/barneleker.no\/#\/schema\/logo\/image\/\",\"url\":\"https:\/\/barneleker.no\/wp-content\/uploads\/2021\/11\/barneleker_logo-780x150-1.jpg\",\"contentUrl\":\"https:\/\/barneleker.no\/wp-content\/uploads\/2021\/11\/barneleker_logo-780x150-1.jpg\",\"width\":780,\"height\":150,\"caption\":\"Barneleker.no\"},\"image\":{\"@id\":\"https:\/\/barneleker.no\/#\/schema\/logo\/image\/\"}}]}<\/script>\n<!-- \/ Yoast SEO plugin. -->","yoast_head_json":{"title":"LEGO Friends 41664, Mias mopseboks - Barneleker.no","robots":{"index":"index","follow":"follow","max-snippet":"max-snippet:-1","max-image-preview":"max-image-preview:large","max-video-preview":"max-video-preview:-1"},"canonical":"https:\/\/barneleker.no\/index.php\/product\/lego-friends-41664-mias-mopseboks\/","og_locale":"nb_NO","og_type":"article","og_title":"LEGO Friends 41664, Mias mopseboks - Barneleker.no","og_description":"Leter du etter en s\u00f8t gave til sm\u00e5 byggere? Da er LEGO\u00ae Friends Mias mopseboks (41664) midt i blinken! Denne s\u00f8te bursdagsgaven er pyntet med&hellip;","og_url":"https:\/\/barneleker.no\/index.php\/product\/lego-friends-41664-mias-mopseboks\/","og_site_name":"Barneleker.no","twitter_card":"summary_large_image","twitter_misc":{"Ansl. lesetid":"1 minutt"},"schema":{"@context":"https:\/\/schema.org","@graph":[{"@type":"WebPage","@id":"https:\/\/barneleker.no\/index.php\/product\/lego-friends-41664-mias-mopseboks\/","url":"https:\/\/barneleker.no\/index.php\/product\/lego-friends-41664-mias-mopseboks\/","name":"LEGO Friends 41664, Mias mopseboks - Barneleker.no","isPartOf":{"@id":"https:\/\/barneleker.no\/#website"},"primaryImageOfPage":{"@id":"https:\/\/barneleker.no\/index.php\/product\/lego-friends-41664-mias-mopseboks\/#primaryimage"},"image":{"@id":"https:\/\/barneleker.no\/index.php\/product\/lego-friends-41664-mias-mopseboks\/#primaryimage"},"thumbnailUrl":"https:\/\/barneleker.no\/wp-content\/uploads\/2022\/02\/lego-friends-41664-mias-mopseboks.jpg","datePublished":"2022-02-08T19:59:38+00:00","breadcrumb":{"@id":"https:\/\/barneleker.no\/index.php\/product\/lego-friends-41664-mias-mopseboks\/#breadcrumb"},"inLanguage":"nb-NO","potentialAction":[{"@type":"ReadAction","target":["https:\/\/barneleker.no\/index.php\/product\/lego-friends-41664-mias-mopseboks\/"]}]},{"@type":"ImageObject","inLanguage":"nb-NO","@id":"https:\/\/barneleker.no\/index.php\/product\/lego-friends-41664-mias-mopseboks\/#primaryimage","url":"https:\/\/barneleker.no\/wp-content\/uploads\/2022\/02\/lego-friends-41664-mias-mopseboks.jpg","contentUrl":"https:\/\/barneleker.no\/wp-content\/uploads\/2022\/02\/lego-friends-41664-mias-mopseboks.jpg","width":555,"height":555},{"@type":"BreadcrumbList","@id":"https:\/\/barneleker.no\/index.php\/product\/lego-friends-41664-mias-mopseboks\/#breadcrumb","itemListElement":[{"@type":"ListItem","position":1,"name":"Butikken","item":"https:\/\/barneleker.no\/"},{"@type":"ListItem","position":2,"name":"LEGO Friends 41664, Mias mopseboks"}]},{"@type":"WebSite","@id":"https:\/\/barneleker.no\/#website","url":"https:\/\/barneleker.no\/","name":"Barneleker.no","description":"Selvf\u00f8lgelig!","publisher":{"@id":"https:\/\/barneleker.no\/#organization"},"potentialAction":[{"@type":"SearchAction","target":{"@type":"EntryPoint","urlTemplate":"https:\/\/barneleker.no\/?s={search_term_string}"},"query-input":{"@type":"PropertyValueSpecification","valueRequired":true,"valueName":"search_term_string"}}],"inLanguage":"nb-NO"},{"@type":"Organization","@id":"https:\/\/barneleker.no\/#organization","name":"Barneleker.no","url":"https:\/\/barneleker.no\/","logo":{"@type":"ImageObject","inLanguage":"nb-NO","@id":"https:\/\/barneleker.no\/#\/schema\/logo\/image\/","url":"https:\/\/barneleker.no\/wp-content\/uploads\/2021\/11\/barneleker_logo-780x150-1.jpg","contentUrl":"https:\/\/barneleker.no\/wp-content\/uploads\/2021\/11\/barneleker_logo-780x150-1.jpg","width":780,"height":150,"caption":"Barneleker.no"},"image":{"@id":"https:\/\/barneleker.no\/#\/schema\/logo\/image\/"}}]}},"_links":{"self":[{"href":"https:\/\/barneleker.no\/index.php\/wp-json\/wp\/v2\/product\/13945","targetHints":{"allow":["GET"]}}],"collection":[{"href":"https:\/\/barneleker.no\/index.php\/wp-json\/wp\/v2\/product"}],"about":[{"href":"https:\/\/barneleker.no\/index.php\/wp-json\/wp\/v2\/types\/product"}],"replies":[{"embeddable":true,"href":"https:\/\/barneleker.no\/index.php\/wp-json\/wp\/v2\/comments?post=13945"}],"wp:featuredmedia":[{"embeddable":true,"href":"https:\/\/barneleker.no\/index.php\/wp-json\/wp\/v2\/media\/13944"}],"wp:attachment":[{"href":"https:\/\/barneleker.no\/index.php\/wp-json\/wp\/v2\/media?parent=13945"}],"wp:term":[{"taxonomy":"product_brand","embeddable":true,"href":"https:\/\/barneleker.no\/index.php\/wp-json\/wp\/v2\/product_brand?post=13945"},{"taxonomy":"product_cat","embeddable":true,"href":"https:\/\/barneleker.no\/index.php\/wp-json\/wp\/v2\/product_cat?post=13945"},{"taxonomy":"product_tag","embeddable":true,"href":"https:\/\/barneleker.no\/index.php\/wp-json\/wp\/v2\/product_tag?post=13945"}],"curies":[{"name":"wp","href":"https:\/\/api.w.org\/{rel}","templated":true}]}}