{"id":13947,"date":"2022-02-08T19:59:39","date_gmt":"2022-02-08T19:59:39","guid":{"rendered":"https:\/\/barneleker.no\/index.php\/product\/lego-friends-41663-emmas-dalmatinerboks\/"},"modified":"2022-02-08T19:59:39","modified_gmt":"2022-02-08T19:59:39","slug":"lego-friends-41663-emmas-dalmatinerboks","status":"publish","type":"product","link":"https:\/\/barneleker.no\/index.php\/product\/lego-friends-41663-emmas-dalmatinerboks\/","title":{"rendered":"LEGO Friends 41663, Emmas dalmatinerboks"},"content":{"rendered":"<p>Leter du etter et g\u00f8yalt LEGO\u00ae sett for \u00e5 overraske en liten byggmester? LEGO Friends Emmas dalmatinerboks (41663) er et b\u00e6rbart lekesett som passer perfekt for aktive dyreelskere . En perfekt bursdagsgave som inneholder en minidukkefigur av Emma fra LEGO Friends, som feirer bursdagen til dalmatinervalpen sin. Hundemoro p\u00e5 tur Denne s\u00f8te, b\u00e6rbare boksen er liten nok til \u00e5 f\u00e5 plass i bagen og holder p\u00e5 barnas interesse selv p\u00e5 lange turer. Boksen er ogs\u00e5 perfekt til g\u00f8yal LEGO Friends lek i friminuttet eller p\u00e5 bes\u00f8k hos venner. Og om du tror at dalmatinere alltid er svarte og hvite, m\u00e5 du tro om igjen! Barna finner ikke ut hvilken farge hunden deres har f\u00f8r de \u00e5pner boksen! Engasjert lek Gi barn de popul\u00e6re LEGO Friends boksene med dyretema, s\u00e5 kan de leke med og passe p\u00e5 dyr uansett hvor de er!<\/p>\n","protected":false},"excerpt":{"rendered":"<p>Leter du etter et g\u00f8yalt LEGO\u00ae sett for \u00e5 overraske en liten byggmester? LEGO Friends Emmas dalmatinerboks (41663) er et b\u00e6rbart lekesett som passer perfekt&hellip;<\/p>\n","protected":false},"featured_media":13946,"comment_status":"open","ping_status":"closed","template":"","meta":[],"product_brand":[],"product_cat":[340],"product_tag":[],"class_list":{"0":"post-13947","1":"product","2":"type-product","3":"status-publish","4":"has-post-thumbnail","6":"product_cat-set","8":"first","9":"instock","10":"shipping-taxable","11":"product-type-external","12":"customify-col"},"yoast_head":"<!-- This site is optimized with the Yoast SEO plugin v26.0 - https:\/\/yoast.com\/wordpress\/plugins\/seo\/ -->\n<title>LEGO Friends 41663, Emmas dalmatinerboks - Barneleker.no<\/title>\n<meta name=\"robots\" content=\"index, follow, max-snippet:-1, max-image-preview:large, max-video-preview:-1\" \/>\n<link rel=\"canonical\" href=\"https:\/\/barneleker.no\/index.php\/product\/lego-friends-41663-emmas-dalmatinerboks\/\" \/>\n<meta property=\"og:locale\" content=\"nb_NO\" \/>\n<meta property=\"og:type\" content=\"article\" \/>\n<meta property=\"og:title\" content=\"LEGO Friends 41663, Emmas dalmatinerboks - Barneleker.no\" \/>\n<meta property=\"og:description\" content=\"Leter du etter et g\u00f8yalt LEGO\u00ae sett for \u00e5 overraske en liten byggmester? LEGO Friends Emmas dalmatinerboks (41663) er et b\u00e6rbart lekesett som passer perfekt&hellip;\" \/>\n<meta property=\"og:url\" content=\"https:\/\/barneleker.no\/index.php\/product\/lego-friends-41663-emmas-dalmatinerboks\/\" \/>\n<meta property=\"og:site_name\" content=\"Barneleker.no\" \/>\n<meta name=\"twitter:card\" content=\"summary_large_image\" \/>\n<meta name=\"twitter:label1\" content=\"Ansl. lesetid\" \/>\n\t<meta name=\"twitter:data1\" content=\"1 minutt\" \/>\n<script type=\"application\/ld+json\" class=\"yoast-schema-graph\">{\"@context\":\"https:\/\/schema.org\",\"@graph\":[{\"@type\":\"WebPage\",\"@id\":\"https:\/\/barneleker.no\/index.php\/product\/lego-friends-41663-emmas-dalmatinerboks\/\",\"url\":\"https:\/\/barneleker.no\/index.php\/product\/lego-friends-41663-emmas-dalmatinerboks\/\",\"name\":\"LEGO Friends 41663, Emmas dalmatinerboks - Barneleker.no\",\"isPartOf\":{\"@id\":\"https:\/\/barneleker.no\/#website\"},\"primaryImageOfPage\":{\"@id\":\"https:\/\/barneleker.no\/index.php\/product\/lego-friends-41663-emmas-dalmatinerboks\/#primaryimage\"},\"image\":{\"@id\":\"https:\/\/barneleker.no\/index.php\/product\/lego-friends-41663-emmas-dalmatinerboks\/#primaryimage\"},\"thumbnailUrl\":\"https:\/\/barneleker.no\/wp-content\/uploads\/2022\/02\/lego-friends-41663-emmas-dalmatinerboks.jpg\",\"datePublished\":\"2022-02-08T19:59:39+00:00\",\"breadcrumb\":{\"@id\":\"https:\/\/barneleker.no\/index.php\/product\/lego-friends-41663-emmas-dalmatinerboks\/#breadcrumb\"},\"inLanguage\":\"nb-NO\",\"potentialAction\":[{\"@type\":\"ReadAction\",\"target\":[\"https:\/\/barneleker.no\/index.php\/product\/lego-friends-41663-emmas-dalmatinerboks\/\"]}]},{\"@type\":\"ImageObject\",\"inLanguage\":\"nb-NO\",\"@id\":\"https:\/\/barneleker.no\/index.php\/product\/lego-friends-41663-emmas-dalmatinerboks\/#primaryimage\",\"url\":\"https:\/\/barneleker.no\/wp-content\/uploads\/2022\/02\/lego-friends-41663-emmas-dalmatinerboks.jpg\",\"contentUrl\":\"https:\/\/barneleker.no\/wp-content\/uploads\/2022\/02\/lego-friends-41663-emmas-dalmatinerboks.jpg\",\"width\":555,\"height\":555},{\"@type\":\"BreadcrumbList\",\"@id\":\"https:\/\/barneleker.no\/index.php\/product\/lego-friends-41663-emmas-dalmatinerboks\/#breadcrumb\",\"itemListElement\":[{\"@type\":\"ListItem\",\"position\":1,\"name\":\"Butikken\",\"item\":\"https:\/\/barneleker.no\/\"},{\"@type\":\"ListItem\",\"position\":2,\"name\":\"LEGO Friends 41663, Emmas dalmatinerboks\"}]},{\"@type\":\"WebSite\",\"@id\":\"https:\/\/barneleker.no\/#website\",\"url\":\"https:\/\/barneleker.no\/\",\"name\":\"Barneleker.no\",\"description\":\"Selvf\u00f8lgelig!\",\"publisher\":{\"@id\":\"https:\/\/barneleker.no\/#organization\"},\"potentialAction\":[{\"@type\":\"SearchAction\",\"target\":{\"@type\":\"EntryPoint\",\"urlTemplate\":\"https:\/\/barneleker.no\/?s={search_term_string}\"},\"query-input\":{\"@type\":\"PropertyValueSpecification\",\"valueRequired\":true,\"valueName\":\"search_term_string\"}}],\"inLanguage\":\"nb-NO\"},{\"@type\":\"Organization\",\"@id\":\"https:\/\/barneleker.no\/#organization\",\"name\":\"Barneleker.no\",\"url\":\"https:\/\/barneleker.no\/\",\"logo\":{\"@type\":\"ImageObject\",\"inLanguage\":\"nb-NO\",\"@id\":\"https:\/\/barneleker.no\/#\/schema\/logo\/image\/\",\"url\":\"https:\/\/barneleker.no\/wp-content\/uploads\/2021\/11\/barneleker_logo-780x150-1.jpg\",\"contentUrl\":\"https:\/\/barneleker.no\/wp-content\/uploads\/2021\/11\/barneleker_logo-780x150-1.jpg\",\"width\":780,\"height\":150,\"caption\":\"Barneleker.no\"},\"image\":{\"@id\":\"https:\/\/barneleker.no\/#\/schema\/logo\/image\/\"}}]}<\/script>\n<!-- \/ Yoast SEO plugin. -->","yoast_head_json":{"title":"LEGO Friends 41663, Emmas dalmatinerboks - Barneleker.no","robots":{"index":"index","follow":"follow","max-snippet":"max-snippet:-1","max-image-preview":"max-image-preview:large","max-video-preview":"max-video-preview:-1"},"canonical":"https:\/\/barneleker.no\/index.php\/product\/lego-friends-41663-emmas-dalmatinerboks\/","og_locale":"nb_NO","og_type":"article","og_title":"LEGO Friends 41663, Emmas dalmatinerboks - Barneleker.no","og_description":"Leter du etter et g\u00f8yalt LEGO\u00ae sett for \u00e5 overraske en liten byggmester? LEGO Friends Emmas dalmatinerboks (41663) er et b\u00e6rbart lekesett som passer perfekt&hellip;","og_url":"https:\/\/barneleker.no\/index.php\/product\/lego-friends-41663-emmas-dalmatinerboks\/","og_site_name":"Barneleker.no","twitter_card":"summary_large_image","twitter_misc":{"Ansl. lesetid":"1 minutt"},"schema":{"@context":"https:\/\/schema.org","@graph":[{"@type":"WebPage","@id":"https:\/\/barneleker.no\/index.php\/product\/lego-friends-41663-emmas-dalmatinerboks\/","url":"https:\/\/barneleker.no\/index.php\/product\/lego-friends-41663-emmas-dalmatinerboks\/","name":"LEGO Friends 41663, Emmas dalmatinerboks - Barneleker.no","isPartOf":{"@id":"https:\/\/barneleker.no\/#website"},"primaryImageOfPage":{"@id":"https:\/\/barneleker.no\/index.php\/product\/lego-friends-41663-emmas-dalmatinerboks\/#primaryimage"},"image":{"@id":"https:\/\/barneleker.no\/index.php\/product\/lego-friends-41663-emmas-dalmatinerboks\/#primaryimage"},"thumbnailUrl":"https:\/\/barneleker.no\/wp-content\/uploads\/2022\/02\/lego-friends-41663-emmas-dalmatinerboks.jpg","datePublished":"2022-02-08T19:59:39+00:00","breadcrumb":{"@id":"https:\/\/barneleker.no\/index.php\/product\/lego-friends-41663-emmas-dalmatinerboks\/#breadcrumb"},"inLanguage":"nb-NO","potentialAction":[{"@type":"ReadAction","target":["https:\/\/barneleker.no\/index.php\/product\/lego-friends-41663-emmas-dalmatinerboks\/"]}]},{"@type":"ImageObject","inLanguage":"nb-NO","@id":"https:\/\/barneleker.no\/index.php\/product\/lego-friends-41663-emmas-dalmatinerboks\/#primaryimage","url":"https:\/\/barneleker.no\/wp-content\/uploads\/2022\/02\/lego-friends-41663-emmas-dalmatinerboks.jpg","contentUrl":"https:\/\/barneleker.no\/wp-content\/uploads\/2022\/02\/lego-friends-41663-emmas-dalmatinerboks.jpg","width":555,"height":555},{"@type":"BreadcrumbList","@id":"https:\/\/barneleker.no\/index.php\/product\/lego-friends-41663-emmas-dalmatinerboks\/#breadcrumb","itemListElement":[{"@type":"ListItem","position":1,"name":"Butikken","item":"https:\/\/barneleker.no\/"},{"@type":"ListItem","position":2,"name":"LEGO Friends 41663, Emmas dalmatinerboks"}]},{"@type":"WebSite","@id":"https:\/\/barneleker.no\/#website","url":"https:\/\/barneleker.no\/","name":"Barneleker.no","description":"Selvf\u00f8lgelig!","publisher":{"@id":"https:\/\/barneleker.no\/#organization"},"potentialAction":[{"@type":"SearchAction","target":{"@type":"EntryPoint","urlTemplate":"https:\/\/barneleker.no\/?s={search_term_string}"},"query-input":{"@type":"PropertyValueSpecification","valueRequired":true,"valueName":"search_term_string"}}],"inLanguage":"nb-NO"},{"@type":"Organization","@id":"https:\/\/barneleker.no\/#organization","name":"Barneleker.no","url":"https:\/\/barneleker.no\/","logo":{"@type":"ImageObject","inLanguage":"nb-NO","@id":"https:\/\/barneleker.no\/#\/schema\/logo\/image\/","url":"https:\/\/barneleker.no\/wp-content\/uploads\/2021\/11\/barneleker_logo-780x150-1.jpg","contentUrl":"https:\/\/barneleker.no\/wp-content\/uploads\/2021\/11\/barneleker_logo-780x150-1.jpg","width":780,"height":150,"caption":"Barneleker.no"},"image":{"@id":"https:\/\/barneleker.no\/#\/schema\/logo\/image\/"}}]}},"_links":{"self":[{"href":"https:\/\/barneleker.no\/index.php\/wp-json\/wp\/v2\/product\/13947","targetHints":{"allow":["GET"]}}],"collection":[{"href":"https:\/\/barneleker.no\/index.php\/wp-json\/wp\/v2\/product"}],"about":[{"href":"https:\/\/barneleker.no\/index.php\/wp-json\/wp\/v2\/types\/product"}],"replies":[{"embeddable":true,"href":"https:\/\/barneleker.no\/index.php\/wp-json\/wp\/v2\/comments?post=13947"}],"wp:featuredmedia":[{"embeddable":true,"href":"https:\/\/barneleker.no\/index.php\/wp-json\/wp\/v2\/media\/13946"}],"wp:attachment":[{"href":"https:\/\/barneleker.no\/index.php\/wp-json\/wp\/v2\/media?parent=13947"}],"wp:term":[{"taxonomy":"product_brand","embeddable":true,"href":"https:\/\/barneleker.no\/index.php\/wp-json\/wp\/v2\/product_brand?post=13947"},{"taxonomy":"product_cat","embeddable":true,"href":"https:\/\/barneleker.no\/index.php\/wp-json\/wp\/v2\/product_cat?post=13947"},{"taxonomy":"product_tag","embeddable":true,"href":"https:\/\/barneleker.no\/index.php\/wp-json\/wp\/v2\/product_tag?post=13947"}],"curies":[{"name":"wp","href":"https:\/\/api.w.org\/{rel}","templated":true}]}}