{"id":13949,"date":"2022-02-08T19:59:39","date_gmt":"2022-02-08T19:59:39","guid":{"rendered":"https:\/\/barneleker.no\/index.php\/product\/lego-disney-princess-43185-bouns-bat-bouns-bat\/"},"modified":"2022-02-08T19:59:39","modified_gmt":"2022-02-08T19:59:39","slug":"lego-disney-princess-43185-bouns-bat-bouns-bat","status":"publish","type":"product","link":"https:\/\/barneleker.no\/index.php\/product\/lego-disney-princess-43185-bouns-bat-bouns-bat\/","title":{"rendered":"LEGO Disney Princess 43185, Bouns b\u00e5t, Bouns b\u00e5t"},"content":{"rendered":"<p>\u2022  Stimuler fantasien til Disney-fans med det spennende settet LEGO\u00ae \u01c0 Disney Bouns b\u00e5t (43185) som er stappfullt av funksjoner og tilbeh\u00f8r og inspirerer til kreativt rollespill.\u2022  Settet, som er basert p\u00e5 den nye Disney-filmen Raya and the Last Dragon, inkluderer en stor rekefiskeb\u00e5t, en mindre b\u00e5t og et bryggeomr\u00e5de, minidukkefigurer av Sisu i menneskeform og Boun, samt tre LEGO\u00ae ongifigurer.\u2022  Settet inkluderer tre modeller som f\u00e5r fart p\u00e5 barnas fantasi, og det er et flott supplement til alle de andre LEGO\u00ae \u01c0 Disney Raya and the Last Dragon settene.\u2022  Fans av Disney-filmen Raya and the Last Dragon vil garantert falle for dette settet med tre byggbare og fantasistimulerende rollespill-modeller. En perfekt gave til jenter og gutter fra seks \u00e5r og oppover.\u2022  Bouns b\u00e5t har utallige kvalitetsdetaljer og er 13 cm h\u00f8y, 28 cm lang og 8 cm bred. Settet stimulerer barns fantasi b\u00e5de mens de bygger det og etterp\u00e5 n\u00e5r de leker med det.\u2022  V\u00e6r unik! Dette kvalitetssettet kan kombineres med andre LEGO\u00ae \u01c0 Disney sett for \u00e5 f\u00e5 fart p\u00e5 barns fantasi. Settet er en flott gave som garantert vil vekke oppsikt.\u2022  Trykte byggeinstruksjoner er bra, men digitale Instructions PLUS er ENDA bedre! Med LEGO\u00ae Building Instructions appen kan unge byggere zoome inn p\u00e5 og visualisere modeller mens de bygger dem.\u2022  Gi barn muligheten til \u00e5 fordype seg i den fantastiske verdenen fra Raya and the Last Dragon med dette kreative LEGO\u00ae \u01c0 Disney settet, hvor barn kan rollespille fantasifulle eventyr fra Disney-filmen.\u2022  LEGO\u00ae komponenter oppfyller strenge bransjestandarder. De er derfor ensartede, kompatible og alltid lette \u00e5 sette sammen og ta fra hverandre, og slik har det v\u00e6rt helt siden 1958.\u2022  LEGO\u00ae komponenter slippes i bakken, varmes opp, knuses, vris og analyseres for \u00e5 kontrollere at de oppfyller strenge, globale sikkerhetsstandarder.<\/p>\n","protected":false},"excerpt":{"rendered":"<p>\u2022 Stimuler fantasien til Disney-fans med det spennende settet LEGO\u00ae \u01c0 Disney Bouns b\u00e5t (43185) som er stappfullt av funksjoner og tilbeh\u00f8r og inspirerer til&hellip;<\/p>\n","protected":false},"featured_media":13948,"comment_status":"open","ping_status":"closed","template":"","meta":[],"product_brand":[],"product_cat":[340],"product_tag":[],"class_list":{"0":"post-13949","1":"product","2":"type-product","3":"status-publish","4":"has-post-thumbnail","6":"product_cat-set","8":"first","9":"instock","10":"shipping-taxable","11":"product-type-external","12":"customify-col"},"yoast_head":"<!-- This site is optimized with the Yoast SEO plugin v26.0 - https:\/\/yoast.com\/wordpress\/plugins\/seo\/ -->\n<title>LEGO Disney Princess 43185, Bouns b\u00e5t, Bouns b\u00e5t - Barneleker.no<\/title>\n<meta name=\"robots\" content=\"index, follow, max-snippet:-1, max-image-preview:large, max-video-preview:-1\" \/>\n<link rel=\"canonical\" href=\"https:\/\/barneleker.no\/index.php\/product\/lego-disney-princess-43185-bouns-bat-bouns-bat\/\" \/>\n<meta property=\"og:locale\" content=\"nb_NO\" \/>\n<meta property=\"og:type\" content=\"article\" \/>\n<meta property=\"og:title\" content=\"LEGO Disney Princess 43185, Bouns b\u00e5t, Bouns b\u00e5t - Barneleker.no\" \/>\n<meta property=\"og:description\" content=\"\u2022 Stimuler fantasien til Disney-fans med det spennende settet LEGO\u00ae \u01c0 Disney Bouns b\u00e5t (43185) som er stappfullt av funksjoner og tilbeh\u00f8r og inspirerer til&hellip;\" \/>\n<meta property=\"og:url\" content=\"https:\/\/barneleker.no\/index.php\/product\/lego-disney-princess-43185-bouns-bat-bouns-bat\/\" \/>\n<meta property=\"og:site_name\" content=\"Barneleker.no\" \/>\n<meta name=\"twitter:card\" content=\"summary_large_image\" \/>\n<meta name=\"twitter:label1\" content=\"Ansl. lesetid\" \/>\n\t<meta name=\"twitter:data1\" content=\"1 minutt\" \/>\n<script type=\"application\/ld+json\" class=\"yoast-schema-graph\">{\"@context\":\"https:\/\/schema.org\",\"@graph\":[{\"@type\":\"WebPage\",\"@id\":\"https:\/\/barneleker.no\/index.php\/product\/lego-disney-princess-43185-bouns-bat-bouns-bat\/\",\"url\":\"https:\/\/barneleker.no\/index.php\/product\/lego-disney-princess-43185-bouns-bat-bouns-bat\/\",\"name\":\"LEGO Disney Princess 43185, Bouns b\u00e5t, Bouns b\u00e5t - Barneleker.no\",\"isPartOf\":{\"@id\":\"https:\/\/barneleker.no\/#website\"},\"primaryImageOfPage\":{\"@id\":\"https:\/\/barneleker.no\/index.php\/product\/lego-disney-princess-43185-bouns-bat-bouns-bat\/#primaryimage\"},\"image\":{\"@id\":\"https:\/\/barneleker.no\/index.php\/product\/lego-disney-princess-43185-bouns-bat-bouns-bat\/#primaryimage\"},\"thumbnailUrl\":\"https:\/\/barneleker.no\/wp-content\/uploads\/2022\/02\/lego-disney-princess-43185-bouns-bat.jpg\",\"datePublished\":\"2022-02-08T19:59:39+00:00\",\"breadcrumb\":{\"@id\":\"https:\/\/barneleker.no\/index.php\/product\/lego-disney-princess-43185-bouns-bat-bouns-bat\/#breadcrumb\"},\"inLanguage\":\"nb-NO\",\"potentialAction\":[{\"@type\":\"ReadAction\",\"target\":[\"https:\/\/barneleker.no\/index.php\/product\/lego-disney-princess-43185-bouns-bat-bouns-bat\/\"]}]},{\"@type\":\"ImageObject\",\"inLanguage\":\"nb-NO\",\"@id\":\"https:\/\/barneleker.no\/index.php\/product\/lego-disney-princess-43185-bouns-bat-bouns-bat\/#primaryimage\",\"url\":\"https:\/\/barneleker.no\/wp-content\/uploads\/2022\/02\/lego-disney-princess-43185-bouns-bat.jpg\",\"contentUrl\":\"https:\/\/barneleker.no\/wp-content\/uploads\/2022\/02\/lego-disney-princess-43185-bouns-bat.jpg\",\"width\":555,\"height\":555},{\"@type\":\"BreadcrumbList\",\"@id\":\"https:\/\/barneleker.no\/index.php\/product\/lego-disney-princess-43185-bouns-bat-bouns-bat\/#breadcrumb\",\"itemListElement\":[{\"@type\":\"ListItem\",\"position\":1,\"name\":\"Butikken\",\"item\":\"https:\/\/barneleker.no\/\"},{\"@type\":\"ListItem\",\"position\":2,\"name\":\"LEGO Disney Princess 43185, Bouns b\u00e5t, Bouns b\u00e5t\"}]},{\"@type\":\"WebSite\",\"@id\":\"https:\/\/barneleker.no\/#website\",\"url\":\"https:\/\/barneleker.no\/\",\"name\":\"Barneleker.no\",\"description\":\"Selvf\u00f8lgelig!\",\"publisher\":{\"@id\":\"https:\/\/barneleker.no\/#organization\"},\"potentialAction\":[{\"@type\":\"SearchAction\",\"target\":{\"@type\":\"EntryPoint\",\"urlTemplate\":\"https:\/\/barneleker.no\/?s={search_term_string}\"},\"query-input\":{\"@type\":\"PropertyValueSpecification\",\"valueRequired\":true,\"valueName\":\"search_term_string\"}}],\"inLanguage\":\"nb-NO\"},{\"@type\":\"Organization\",\"@id\":\"https:\/\/barneleker.no\/#organization\",\"name\":\"Barneleker.no\",\"url\":\"https:\/\/barneleker.no\/\",\"logo\":{\"@type\":\"ImageObject\",\"inLanguage\":\"nb-NO\",\"@id\":\"https:\/\/barneleker.no\/#\/schema\/logo\/image\/\",\"url\":\"https:\/\/barneleker.no\/wp-content\/uploads\/2021\/11\/barneleker_logo-780x150-1.jpg\",\"contentUrl\":\"https:\/\/barneleker.no\/wp-content\/uploads\/2021\/11\/barneleker_logo-780x150-1.jpg\",\"width\":780,\"height\":150,\"caption\":\"Barneleker.no\"},\"image\":{\"@id\":\"https:\/\/barneleker.no\/#\/schema\/logo\/image\/\"}}]}<\/script>\n<!-- \/ Yoast SEO plugin. -->","yoast_head_json":{"title":"LEGO Disney Princess 43185, Bouns b\u00e5t, Bouns b\u00e5t - Barneleker.no","robots":{"index":"index","follow":"follow","max-snippet":"max-snippet:-1","max-image-preview":"max-image-preview:large","max-video-preview":"max-video-preview:-1"},"canonical":"https:\/\/barneleker.no\/index.php\/product\/lego-disney-princess-43185-bouns-bat-bouns-bat\/","og_locale":"nb_NO","og_type":"article","og_title":"LEGO Disney Princess 43185, Bouns b\u00e5t, Bouns b\u00e5t - Barneleker.no","og_description":"\u2022 Stimuler fantasien til Disney-fans med det spennende settet LEGO\u00ae \u01c0 Disney Bouns b\u00e5t (43185) som er stappfullt av funksjoner og tilbeh\u00f8r og inspirerer til&hellip;","og_url":"https:\/\/barneleker.no\/index.php\/product\/lego-disney-princess-43185-bouns-bat-bouns-bat\/","og_site_name":"Barneleker.no","twitter_card":"summary_large_image","twitter_misc":{"Ansl. lesetid":"1 minutt"},"schema":{"@context":"https:\/\/schema.org","@graph":[{"@type":"WebPage","@id":"https:\/\/barneleker.no\/index.php\/product\/lego-disney-princess-43185-bouns-bat-bouns-bat\/","url":"https:\/\/barneleker.no\/index.php\/product\/lego-disney-princess-43185-bouns-bat-bouns-bat\/","name":"LEGO Disney Princess 43185, Bouns b\u00e5t, Bouns b\u00e5t - Barneleker.no","isPartOf":{"@id":"https:\/\/barneleker.no\/#website"},"primaryImageOfPage":{"@id":"https:\/\/barneleker.no\/index.php\/product\/lego-disney-princess-43185-bouns-bat-bouns-bat\/#primaryimage"},"image":{"@id":"https:\/\/barneleker.no\/index.php\/product\/lego-disney-princess-43185-bouns-bat-bouns-bat\/#primaryimage"},"thumbnailUrl":"https:\/\/barneleker.no\/wp-content\/uploads\/2022\/02\/lego-disney-princess-43185-bouns-bat.jpg","datePublished":"2022-02-08T19:59:39+00:00","breadcrumb":{"@id":"https:\/\/barneleker.no\/index.php\/product\/lego-disney-princess-43185-bouns-bat-bouns-bat\/#breadcrumb"},"inLanguage":"nb-NO","potentialAction":[{"@type":"ReadAction","target":["https:\/\/barneleker.no\/index.php\/product\/lego-disney-princess-43185-bouns-bat-bouns-bat\/"]}]},{"@type":"ImageObject","inLanguage":"nb-NO","@id":"https:\/\/barneleker.no\/index.php\/product\/lego-disney-princess-43185-bouns-bat-bouns-bat\/#primaryimage","url":"https:\/\/barneleker.no\/wp-content\/uploads\/2022\/02\/lego-disney-princess-43185-bouns-bat.jpg","contentUrl":"https:\/\/barneleker.no\/wp-content\/uploads\/2022\/02\/lego-disney-princess-43185-bouns-bat.jpg","width":555,"height":555},{"@type":"BreadcrumbList","@id":"https:\/\/barneleker.no\/index.php\/product\/lego-disney-princess-43185-bouns-bat-bouns-bat\/#breadcrumb","itemListElement":[{"@type":"ListItem","position":1,"name":"Butikken","item":"https:\/\/barneleker.no\/"},{"@type":"ListItem","position":2,"name":"LEGO Disney Princess 43185, Bouns b\u00e5t, Bouns b\u00e5t"}]},{"@type":"WebSite","@id":"https:\/\/barneleker.no\/#website","url":"https:\/\/barneleker.no\/","name":"Barneleker.no","description":"Selvf\u00f8lgelig!","publisher":{"@id":"https:\/\/barneleker.no\/#organization"},"potentialAction":[{"@type":"SearchAction","target":{"@type":"EntryPoint","urlTemplate":"https:\/\/barneleker.no\/?s={search_term_string}"},"query-input":{"@type":"PropertyValueSpecification","valueRequired":true,"valueName":"search_term_string"}}],"inLanguage":"nb-NO"},{"@type":"Organization","@id":"https:\/\/barneleker.no\/#organization","name":"Barneleker.no","url":"https:\/\/barneleker.no\/","logo":{"@type":"ImageObject","inLanguage":"nb-NO","@id":"https:\/\/barneleker.no\/#\/schema\/logo\/image\/","url":"https:\/\/barneleker.no\/wp-content\/uploads\/2021\/11\/barneleker_logo-780x150-1.jpg","contentUrl":"https:\/\/barneleker.no\/wp-content\/uploads\/2021\/11\/barneleker_logo-780x150-1.jpg","width":780,"height":150,"caption":"Barneleker.no"},"image":{"@id":"https:\/\/barneleker.no\/#\/schema\/logo\/image\/"}}]}},"_links":{"self":[{"href":"https:\/\/barneleker.no\/index.php\/wp-json\/wp\/v2\/product\/13949","targetHints":{"allow":["GET"]}}],"collection":[{"href":"https:\/\/barneleker.no\/index.php\/wp-json\/wp\/v2\/product"}],"about":[{"href":"https:\/\/barneleker.no\/index.php\/wp-json\/wp\/v2\/types\/product"}],"replies":[{"embeddable":true,"href":"https:\/\/barneleker.no\/index.php\/wp-json\/wp\/v2\/comments?post=13949"}],"wp:featuredmedia":[{"embeddable":true,"href":"https:\/\/barneleker.no\/index.php\/wp-json\/wp\/v2\/media\/13948"}],"wp:attachment":[{"href":"https:\/\/barneleker.no\/index.php\/wp-json\/wp\/v2\/media?parent=13949"}],"wp:term":[{"taxonomy":"product_brand","embeddable":true,"href":"https:\/\/barneleker.no\/index.php\/wp-json\/wp\/v2\/product_brand?post=13949"},{"taxonomy":"product_cat","embeddable":true,"href":"https:\/\/barneleker.no\/index.php\/wp-json\/wp\/v2\/product_cat?post=13949"},{"taxonomy":"product_tag","embeddable":true,"href":"https:\/\/barneleker.no\/index.php\/wp-json\/wp\/v2\/product_tag?post=13949"}],"curies":[{"name":"wp","href":"https:\/\/api.w.org\/{rel}","templated":true}]}}