{"id":13957,"date":"2022-02-08T19:59:42","date_gmt":"2022-02-08T19:59:42","guid":{"rendered":"https:\/\/barneleker.no\/index.php\/product\/lego-architecture-21054-det-hvite-hus\/"},"modified":"2022-02-08T19:59:42","modified_gmt":"2022-02-08T19:59:42","slug":"lego-architecture-21054-det-hvite-hus","status":"publish","type":"product","link":"https:\/\/barneleker.no\/index.php\/product\/lego-architecture-21054-det-hvite-hus\/","title":{"rendered":"LEGO Architecture 21054, Det hvite hus"},"content":{"rendered":"<p>Livet er travelt. Det f\u00f8les som om du alltid er p\u00e5 farten. N\u00e5r du f\u00f8rst har litt fritid, liker du \u00e5 lade batteriene med g\u00f8yale og kreative utfordringer. Og det er det denne byggemodellen av Det hvite hus av LEGO\u00ae klosser handler om!  Fantastiske detaljer Med dette praktiske og utfordrende hobbysettet kan du gjenskape detaljene til den amerikanske presidentboligen, inkludert de nyklassisistiske s\u00f8ylene og s\u00f8ylegangene som forbinder \u00f8stfl\u00f8yen og vestfl\u00f8yen, fontenen og hageanlegget. LEGO Architecture Det hvite hus (21054) er en inspirerende utstillingsmodell. Den kan deles opp i tre seksjoner for grundigere utforskning, og modellen inkluderer en LEGO kloss med inskripsjonen \u00abThe White House\u00bb.  LEGO sett tilpasset din livsstil Ta en pause fra hverdagens kjas og mas, og stress ned med denne stilige modellen som passer like godt hjemme som p\u00e5 kontoret. Modellen inng\u00e5r i en serie med LEGO byggesett for voksne som er interessert i kunst, design, arkitektur og popul\u00e6rkultur, og den er en perfekt gave til hobbybyggeren i ditt liv.<\/p>\n","protected":false},"excerpt":{"rendered":"<p>Livet er travelt. Det f\u00f8les som om du alltid er p\u00e5 farten. N\u00e5r du f\u00f8rst har litt fritid, liker du \u00e5 lade batteriene med g\u00f8yale&hellip;<\/p>\n","protected":false},"featured_media":13956,"comment_status":"open","ping_status":"closed","template":"","meta":[],"product_brand":[],"product_cat":[340],"product_tag":[],"class_list":{"0":"post-13957","1":"product","2":"type-product","3":"status-publish","4":"has-post-thumbnail","6":"product_cat-set","8":"first","9":"instock","10":"shipping-taxable","11":"product-type-external","12":"customify-col"},"yoast_head":"<!-- This site is optimized with the Yoast SEO plugin v26.0 - https:\/\/yoast.com\/wordpress\/plugins\/seo\/ -->\n<title>LEGO Architecture 21054, Det hvite hus - Barneleker.no<\/title>\n<meta name=\"robots\" content=\"index, follow, max-snippet:-1, max-image-preview:large, max-video-preview:-1\" \/>\n<link rel=\"canonical\" href=\"https:\/\/barneleker.no\/index.php\/product\/lego-architecture-21054-det-hvite-hus\/\" \/>\n<meta property=\"og:locale\" content=\"nb_NO\" \/>\n<meta property=\"og:type\" content=\"article\" \/>\n<meta property=\"og:title\" content=\"LEGO Architecture 21054, Det hvite hus - Barneleker.no\" \/>\n<meta property=\"og:description\" content=\"Livet er travelt. Det f\u00f8les som om du alltid er p\u00e5 farten. N\u00e5r du f\u00f8rst har litt fritid, liker du \u00e5 lade batteriene med g\u00f8yale&hellip;\" \/>\n<meta property=\"og:url\" content=\"https:\/\/barneleker.no\/index.php\/product\/lego-architecture-21054-det-hvite-hus\/\" \/>\n<meta property=\"og:site_name\" content=\"Barneleker.no\" \/>\n<meta name=\"twitter:card\" content=\"summary_large_image\" \/>\n<meta name=\"twitter:label1\" content=\"Ansl. lesetid\" \/>\n\t<meta name=\"twitter:data1\" content=\"1 minutt\" \/>\n<script type=\"application\/ld+json\" class=\"yoast-schema-graph\">{\"@context\":\"https:\/\/schema.org\",\"@graph\":[{\"@type\":\"WebPage\",\"@id\":\"https:\/\/barneleker.no\/index.php\/product\/lego-architecture-21054-det-hvite-hus\/\",\"url\":\"https:\/\/barneleker.no\/index.php\/product\/lego-architecture-21054-det-hvite-hus\/\",\"name\":\"LEGO Architecture 21054, Det hvite hus - Barneleker.no\",\"isPartOf\":{\"@id\":\"https:\/\/barneleker.no\/#website\"},\"primaryImageOfPage\":{\"@id\":\"https:\/\/barneleker.no\/index.php\/product\/lego-architecture-21054-det-hvite-hus\/#primaryimage\"},\"image\":{\"@id\":\"https:\/\/barneleker.no\/index.php\/product\/lego-architecture-21054-det-hvite-hus\/#primaryimage\"},\"thumbnailUrl\":\"https:\/\/barneleker.no\/wp-content\/uploads\/2022\/02\/lego-architecture-21054-det-hvite-hus.jpg\",\"datePublished\":\"2022-02-08T19:59:42+00:00\",\"breadcrumb\":{\"@id\":\"https:\/\/barneleker.no\/index.php\/product\/lego-architecture-21054-det-hvite-hus\/#breadcrumb\"},\"inLanguage\":\"nb-NO\",\"potentialAction\":[{\"@type\":\"ReadAction\",\"target\":[\"https:\/\/barneleker.no\/index.php\/product\/lego-architecture-21054-det-hvite-hus\/\"]}]},{\"@type\":\"ImageObject\",\"inLanguage\":\"nb-NO\",\"@id\":\"https:\/\/barneleker.no\/index.php\/product\/lego-architecture-21054-det-hvite-hus\/#primaryimage\",\"url\":\"https:\/\/barneleker.no\/wp-content\/uploads\/2022\/02\/lego-architecture-21054-det-hvite-hus.jpg\",\"contentUrl\":\"https:\/\/barneleker.no\/wp-content\/uploads\/2022\/02\/lego-architecture-21054-det-hvite-hus.jpg\",\"width\":555,\"height\":555},{\"@type\":\"BreadcrumbList\",\"@id\":\"https:\/\/barneleker.no\/index.php\/product\/lego-architecture-21054-det-hvite-hus\/#breadcrumb\",\"itemListElement\":[{\"@type\":\"ListItem\",\"position\":1,\"name\":\"Butikken\",\"item\":\"https:\/\/barneleker.no\/\"},{\"@type\":\"ListItem\",\"position\":2,\"name\":\"LEGO Architecture 21054, Det hvite hus\"}]},{\"@type\":\"WebSite\",\"@id\":\"https:\/\/barneleker.no\/#website\",\"url\":\"https:\/\/barneleker.no\/\",\"name\":\"Barneleker.no\",\"description\":\"Selvf\u00f8lgelig!\",\"publisher\":{\"@id\":\"https:\/\/barneleker.no\/#organization\"},\"potentialAction\":[{\"@type\":\"SearchAction\",\"target\":{\"@type\":\"EntryPoint\",\"urlTemplate\":\"https:\/\/barneleker.no\/?s={search_term_string}\"},\"query-input\":{\"@type\":\"PropertyValueSpecification\",\"valueRequired\":true,\"valueName\":\"search_term_string\"}}],\"inLanguage\":\"nb-NO\"},{\"@type\":\"Organization\",\"@id\":\"https:\/\/barneleker.no\/#organization\",\"name\":\"Barneleker.no\",\"url\":\"https:\/\/barneleker.no\/\",\"logo\":{\"@type\":\"ImageObject\",\"inLanguage\":\"nb-NO\",\"@id\":\"https:\/\/barneleker.no\/#\/schema\/logo\/image\/\",\"url\":\"https:\/\/barneleker.no\/wp-content\/uploads\/2021\/11\/barneleker_logo-780x150-1.jpg\",\"contentUrl\":\"https:\/\/barneleker.no\/wp-content\/uploads\/2021\/11\/barneleker_logo-780x150-1.jpg\",\"width\":780,\"height\":150,\"caption\":\"Barneleker.no\"},\"image\":{\"@id\":\"https:\/\/barneleker.no\/#\/schema\/logo\/image\/\"}}]}<\/script>\n<!-- \/ Yoast SEO plugin. -->","yoast_head_json":{"title":"LEGO Architecture 21054, Det hvite hus - Barneleker.no","robots":{"index":"index","follow":"follow","max-snippet":"max-snippet:-1","max-image-preview":"max-image-preview:large","max-video-preview":"max-video-preview:-1"},"canonical":"https:\/\/barneleker.no\/index.php\/product\/lego-architecture-21054-det-hvite-hus\/","og_locale":"nb_NO","og_type":"article","og_title":"LEGO Architecture 21054, Det hvite hus - Barneleker.no","og_description":"Livet er travelt. Det f\u00f8les som om du alltid er p\u00e5 farten. N\u00e5r du f\u00f8rst har litt fritid, liker du \u00e5 lade batteriene med g\u00f8yale&hellip;","og_url":"https:\/\/barneleker.no\/index.php\/product\/lego-architecture-21054-det-hvite-hus\/","og_site_name":"Barneleker.no","twitter_card":"summary_large_image","twitter_misc":{"Ansl. lesetid":"1 minutt"},"schema":{"@context":"https:\/\/schema.org","@graph":[{"@type":"WebPage","@id":"https:\/\/barneleker.no\/index.php\/product\/lego-architecture-21054-det-hvite-hus\/","url":"https:\/\/barneleker.no\/index.php\/product\/lego-architecture-21054-det-hvite-hus\/","name":"LEGO Architecture 21054, Det hvite hus - Barneleker.no","isPartOf":{"@id":"https:\/\/barneleker.no\/#website"},"primaryImageOfPage":{"@id":"https:\/\/barneleker.no\/index.php\/product\/lego-architecture-21054-det-hvite-hus\/#primaryimage"},"image":{"@id":"https:\/\/barneleker.no\/index.php\/product\/lego-architecture-21054-det-hvite-hus\/#primaryimage"},"thumbnailUrl":"https:\/\/barneleker.no\/wp-content\/uploads\/2022\/02\/lego-architecture-21054-det-hvite-hus.jpg","datePublished":"2022-02-08T19:59:42+00:00","breadcrumb":{"@id":"https:\/\/barneleker.no\/index.php\/product\/lego-architecture-21054-det-hvite-hus\/#breadcrumb"},"inLanguage":"nb-NO","potentialAction":[{"@type":"ReadAction","target":["https:\/\/barneleker.no\/index.php\/product\/lego-architecture-21054-det-hvite-hus\/"]}]},{"@type":"ImageObject","inLanguage":"nb-NO","@id":"https:\/\/barneleker.no\/index.php\/product\/lego-architecture-21054-det-hvite-hus\/#primaryimage","url":"https:\/\/barneleker.no\/wp-content\/uploads\/2022\/02\/lego-architecture-21054-det-hvite-hus.jpg","contentUrl":"https:\/\/barneleker.no\/wp-content\/uploads\/2022\/02\/lego-architecture-21054-det-hvite-hus.jpg","width":555,"height":555},{"@type":"BreadcrumbList","@id":"https:\/\/barneleker.no\/index.php\/product\/lego-architecture-21054-det-hvite-hus\/#breadcrumb","itemListElement":[{"@type":"ListItem","position":1,"name":"Butikken","item":"https:\/\/barneleker.no\/"},{"@type":"ListItem","position":2,"name":"LEGO Architecture 21054, Det hvite hus"}]},{"@type":"WebSite","@id":"https:\/\/barneleker.no\/#website","url":"https:\/\/barneleker.no\/","name":"Barneleker.no","description":"Selvf\u00f8lgelig!","publisher":{"@id":"https:\/\/barneleker.no\/#organization"},"potentialAction":[{"@type":"SearchAction","target":{"@type":"EntryPoint","urlTemplate":"https:\/\/barneleker.no\/?s={search_term_string}"},"query-input":{"@type":"PropertyValueSpecification","valueRequired":true,"valueName":"search_term_string"}}],"inLanguage":"nb-NO"},{"@type":"Organization","@id":"https:\/\/barneleker.no\/#organization","name":"Barneleker.no","url":"https:\/\/barneleker.no\/","logo":{"@type":"ImageObject","inLanguage":"nb-NO","@id":"https:\/\/barneleker.no\/#\/schema\/logo\/image\/","url":"https:\/\/barneleker.no\/wp-content\/uploads\/2021\/11\/barneleker_logo-780x150-1.jpg","contentUrl":"https:\/\/barneleker.no\/wp-content\/uploads\/2021\/11\/barneleker_logo-780x150-1.jpg","width":780,"height":150,"caption":"Barneleker.no"},"image":{"@id":"https:\/\/barneleker.no\/#\/schema\/logo\/image\/"}}]}},"_links":{"self":[{"href":"https:\/\/barneleker.no\/index.php\/wp-json\/wp\/v2\/product\/13957","targetHints":{"allow":["GET"]}}],"collection":[{"href":"https:\/\/barneleker.no\/index.php\/wp-json\/wp\/v2\/product"}],"about":[{"href":"https:\/\/barneleker.no\/index.php\/wp-json\/wp\/v2\/types\/product"}],"replies":[{"embeddable":true,"href":"https:\/\/barneleker.no\/index.php\/wp-json\/wp\/v2\/comments?post=13957"}],"wp:featuredmedia":[{"embeddable":true,"href":"https:\/\/barneleker.no\/index.php\/wp-json\/wp\/v2\/media\/13956"}],"wp:attachment":[{"href":"https:\/\/barneleker.no\/index.php\/wp-json\/wp\/v2\/media?parent=13957"}],"wp:term":[{"taxonomy":"product_brand","embeddable":true,"href":"https:\/\/barneleker.no\/index.php\/wp-json\/wp\/v2\/product_brand?post=13957"},{"taxonomy":"product_cat","embeddable":true,"href":"https:\/\/barneleker.no\/index.php\/wp-json\/wp\/v2\/product_cat?post=13957"},{"taxonomy":"product_tag","embeddable":true,"href":"https:\/\/barneleker.no\/index.php\/wp-json\/wp\/v2\/product_tag?post=13957"}],"curies":[{"name":"wp","href":"https:\/\/api.w.org\/{rel}","templated":true}]}}