{"id":13959,"date":"2022-02-08T19:59:43","date_gmt":"2022-02-08T19:59:43","guid":{"rendered":"https:\/\/barneleker.no\/index.php\/product\/lego-city-great-vehicles-60284-veiarbeidsbil\/"},"modified":"2022-02-08T19:59:43","modified_gmt":"2022-02-08T19:59:43","slug":"lego-city-great-vehicles-60284-veiarbeidsbil","status":"publish","type":"product","link":"https:\/\/barneleker.no\/index.php\/product\/lego-city-great-vehicles-60284-veiarbeidsbil\/","title":{"rendered":"LEGO City Great Vehicles 60284, Veiarbeidsbil"},"content":{"rendered":"<p>G\u00f8yalt sett som f\u00e5r fart p\u00e5 barns fantasi! LEGO\u00ae City Veiarbeidsbil (60284) inneholder hjullaster med frontmontert tippskuffe, trilleb\u00e5r, trafikk-kjegler, veiarbeidsskilt og spade. Med LEGO City minifiguren av en veiarbeider og en rottefigur er det duket for timevis med fantasifull lek.Bygge- og lekesett for jenter og gutter fra fire \u00e5r4+-byggelekesettet inneholder en enkel byggeveiledning og et startklosselement i form av en delvis ferdig base som gir barn et godt utgangspunkt. Og med gratisappen LEGO Building Instructions for smarttelefon og nettbrett f\u00e5r barn i tillegg Instructions PLUS, som er en interaktiv byggeveiledning med verkt\u00f8y for zooming og rotering som gj\u00f8r at LEGO byggingen g\u00e5r som en lek.Om LEGO City Kule kj\u00f8ret\u00f8yLEGO City Kule kj\u00f8ret\u00f8y settene inkluderer kj\u00f8ret\u00f8y og fart\u00f8y for bruk til lands, til vanns og i luften. De har mange fantasistimulerende funksjoner og gir barn muligheten til \u00e5 skape kreative og g\u00f8yale historier og situasjoner basert p\u00e5 virkeligheten.<\/p>\n","protected":false},"excerpt":{"rendered":"<p>G\u00f8yalt sett som f\u00e5r fart p\u00e5 barns fantasi! LEGO\u00ae City Veiarbeidsbil (60284) inneholder hjullaster med frontmontert tippskuffe, trilleb\u00e5r, trafikk-kjegler, veiarbeidsskilt og spade. Med LEGO City&hellip;<\/p>\n","protected":false},"featured_media":13958,"comment_status":"open","ping_status":"closed","template":"","meta":[],"product_brand":[],"product_cat":[476],"product_tag":[],"class_list":{"0":"post-13959","1":"product","2":"type-product","3":"status-publish","4":"has-post-thumbnail","6":"product_cat-set-lego-fordon","8":"first","9":"instock","10":"shipping-taxable","11":"product-type-external","12":"customify-col"},"yoast_head":"<!-- This site is optimized with the Yoast SEO plugin v26.0 - https:\/\/yoast.com\/wordpress\/plugins\/seo\/ -->\n<title>LEGO City Great Vehicles 60284, Veiarbeidsbil - Barneleker.no<\/title>\n<meta name=\"robots\" content=\"index, follow, max-snippet:-1, max-image-preview:large, max-video-preview:-1\" \/>\n<link rel=\"canonical\" href=\"https:\/\/barneleker.no\/index.php\/product\/lego-city-great-vehicles-60284-veiarbeidsbil\/\" \/>\n<meta property=\"og:locale\" content=\"nb_NO\" \/>\n<meta property=\"og:type\" content=\"article\" \/>\n<meta property=\"og:title\" content=\"LEGO City Great Vehicles 60284, Veiarbeidsbil - Barneleker.no\" \/>\n<meta property=\"og:description\" content=\"G\u00f8yalt sett som f\u00e5r fart p\u00e5 barns fantasi! LEGO\u00ae City Veiarbeidsbil (60284) inneholder hjullaster med frontmontert tippskuffe, trilleb\u00e5r, trafikk-kjegler, veiarbeidsskilt og spade. Med LEGO City&hellip;\" \/>\n<meta property=\"og:url\" content=\"https:\/\/barneleker.no\/index.php\/product\/lego-city-great-vehicles-60284-veiarbeidsbil\/\" \/>\n<meta property=\"og:site_name\" content=\"Barneleker.no\" \/>\n<meta name=\"twitter:card\" content=\"summary_large_image\" \/>\n<meta name=\"twitter:label1\" content=\"Ansl. lesetid\" \/>\n\t<meta name=\"twitter:data1\" content=\"1 minutt\" \/>\n<script type=\"application\/ld+json\" class=\"yoast-schema-graph\">{\"@context\":\"https:\/\/schema.org\",\"@graph\":[{\"@type\":\"WebPage\",\"@id\":\"https:\/\/barneleker.no\/index.php\/product\/lego-city-great-vehicles-60284-veiarbeidsbil\/\",\"url\":\"https:\/\/barneleker.no\/index.php\/product\/lego-city-great-vehicles-60284-veiarbeidsbil\/\",\"name\":\"LEGO City Great Vehicles 60284, Veiarbeidsbil - Barneleker.no\",\"isPartOf\":{\"@id\":\"https:\/\/barneleker.no\/#website\"},\"primaryImageOfPage\":{\"@id\":\"https:\/\/barneleker.no\/index.php\/product\/lego-city-great-vehicles-60284-veiarbeidsbil\/#primaryimage\"},\"image\":{\"@id\":\"https:\/\/barneleker.no\/index.php\/product\/lego-city-great-vehicles-60284-veiarbeidsbil\/#primaryimage\"},\"thumbnailUrl\":\"https:\/\/barneleker.no\/wp-content\/uploads\/2022\/02\/lego-city-great-vehicles-60284-veiarbeidsbil.jpg\",\"datePublished\":\"2022-02-08T19:59:43+00:00\",\"breadcrumb\":{\"@id\":\"https:\/\/barneleker.no\/index.php\/product\/lego-city-great-vehicles-60284-veiarbeidsbil\/#breadcrumb\"},\"inLanguage\":\"nb-NO\",\"potentialAction\":[{\"@type\":\"ReadAction\",\"target\":[\"https:\/\/barneleker.no\/index.php\/product\/lego-city-great-vehicles-60284-veiarbeidsbil\/\"]}]},{\"@type\":\"ImageObject\",\"inLanguage\":\"nb-NO\",\"@id\":\"https:\/\/barneleker.no\/index.php\/product\/lego-city-great-vehicles-60284-veiarbeidsbil\/#primaryimage\",\"url\":\"https:\/\/barneleker.no\/wp-content\/uploads\/2022\/02\/lego-city-great-vehicles-60284-veiarbeidsbil.jpg\",\"contentUrl\":\"https:\/\/barneleker.no\/wp-content\/uploads\/2022\/02\/lego-city-great-vehicles-60284-veiarbeidsbil.jpg\",\"width\":555,\"height\":555},{\"@type\":\"BreadcrumbList\",\"@id\":\"https:\/\/barneleker.no\/index.php\/product\/lego-city-great-vehicles-60284-veiarbeidsbil\/#breadcrumb\",\"itemListElement\":[{\"@type\":\"ListItem\",\"position\":1,\"name\":\"Butikken\",\"item\":\"https:\/\/barneleker.no\/\"},{\"@type\":\"ListItem\",\"position\":2,\"name\":\"LEGO City Great Vehicles 60284, Veiarbeidsbil\"}]},{\"@type\":\"WebSite\",\"@id\":\"https:\/\/barneleker.no\/#website\",\"url\":\"https:\/\/barneleker.no\/\",\"name\":\"Barneleker.no\",\"description\":\"Selvf\u00f8lgelig!\",\"publisher\":{\"@id\":\"https:\/\/barneleker.no\/#organization\"},\"potentialAction\":[{\"@type\":\"SearchAction\",\"target\":{\"@type\":\"EntryPoint\",\"urlTemplate\":\"https:\/\/barneleker.no\/?s={search_term_string}\"},\"query-input\":{\"@type\":\"PropertyValueSpecification\",\"valueRequired\":true,\"valueName\":\"search_term_string\"}}],\"inLanguage\":\"nb-NO\"},{\"@type\":\"Organization\",\"@id\":\"https:\/\/barneleker.no\/#organization\",\"name\":\"Barneleker.no\",\"url\":\"https:\/\/barneleker.no\/\",\"logo\":{\"@type\":\"ImageObject\",\"inLanguage\":\"nb-NO\",\"@id\":\"https:\/\/barneleker.no\/#\/schema\/logo\/image\/\",\"url\":\"https:\/\/barneleker.no\/wp-content\/uploads\/2021\/11\/barneleker_logo-780x150-1.jpg\",\"contentUrl\":\"https:\/\/barneleker.no\/wp-content\/uploads\/2021\/11\/barneleker_logo-780x150-1.jpg\",\"width\":780,\"height\":150,\"caption\":\"Barneleker.no\"},\"image\":{\"@id\":\"https:\/\/barneleker.no\/#\/schema\/logo\/image\/\"}}]}<\/script>\n<!-- \/ Yoast SEO plugin. -->","yoast_head_json":{"title":"LEGO City Great Vehicles 60284, Veiarbeidsbil - Barneleker.no","robots":{"index":"index","follow":"follow","max-snippet":"max-snippet:-1","max-image-preview":"max-image-preview:large","max-video-preview":"max-video-preview:-1"},"canonical":"https:\/\/barneleker.no\/index.php\/product\/lego-city-great-vehicles-60284-veiarbeidsbil\/","og_locale":"nb_NO","og_type":"article","og_title":"LEGO City Great Vehicles 60284, Veiarbeidsbil - Barneleker.no","og_description":"G\u00f8yalt sett som f\u00e5r fart p\u00e5 barns fantasi! LEGO\u00ae City Veiarbeidsbil (60284) inneholder hjullaster med frontmontert tippskuffe, trilleb\u00e5r, trafikk-kjegler, veiarbeidsskilt og spade. Med LEGO City&hellip;","og_url":"https:\/\/barneleker.no\/index.php\/product\/lego-city-great-vehicles-60284-veiarbeidsbil\/","og_site_name":"Barneleker.no","twitter_card":"summary_large_image","twitter_misc":{"Ansl. lesetid":"1 minutt"},"schema":{"@context":"https:\/\/schema.org","@graph":[{"@type":"WebPage","@id":"https:\/\/barneleker.no\/index.php\/product\/lego-city-great-vehicles-60284-veiarbeidsbil\/","url":"https:\/\/barneleker.no\/index.php\/product\/lego-city-great-vehicles-60284-veiarbeidsbil\/","name":"LEGO City Great Vehicles 60284, Veiarbeidsbil - Barneleker.no","isPartOf":{"@id":"https:\/\/barneleker.no\/#website"},"primaryImageOfPage":{"@id":"https:\/\/barneleker.no\/index.php\/product\/lego-city-great-vehicles-60284-veiarbeidsbil\/#primaryimage"},"image":{"@id":"https:\/\/barneleker.no\/index.php\/product\/lego-city-great-vehicles-60284-veiarbeidsbil\/#primaryimage"},"thumbnailUrl":"https:\/\/barneleker.no\/wp-content\/uploads\/2022\/02\/lego-city-great-vehicles-60284-veiarbeidsbil.jpg","datePublished":"2022-02-08T19:59:43+00:00","breadcrumb":{"@id":"https:\/\/barneleker.no\/index.php\/product\/lego-city-great-vehicles-60284-veiarbeidsbil\/#breadcrumb"},"inLanguage":"nb-NO","potentialAction":[{"@type":"ReadAction","target":["https:\/\/barneleker.no\/index.php\/product\/lego-city-great-vehicles-60284-veiarbeidsbil\/"]}]},{"@type":"ImageObject","inLanguage":"nb-NO","@id":"https:\/\/barneleker.no\/index.php\/product\/lego-city-great-vehicles-60284-veiarbeidsbil\/#primaryimage","url":"https:\/\/barneleker.no\/wp-content\/uploads\/2022\/02\/lego-city-great-vehicles-60284-veiarbeidsbil.jpg","contentUrl":"https:\/\/barneleker.no\/wp-content\/uploads\/2022\/02\/lego-city-great-vehicles-60284-veiarbeidsbil.jpg","width":555,"height":555},{"@type":"BreadcrumbList","@id":"https:\/\/barneleker.no\/index.php\/product\/lego-city-great-vehicles-60284-veiarbeidsbil\/#breadcrumb","itemListElement":[{"@type":"ListItem","position":1,"name":"Butikken","item":"https:\/\/barneleker.no\/"},{"@type":"ListItem","position":2,"name":"LEGO City Great Vehicles 60284, Veiarbeidsbil"}]},{"@type":"WebSite","@id":"https:\/\/barneleker.no\/#website","url":"https:\/\/barneleker.no\/","name":"Barneleker.no","description":"Selvf\u00f8lgelig!","publisher":{"@id":"https:\/\/barneleker.no\/#organization"},"potentialAction":[{"@type":"SearchAction","target":{"@type":"EntryPoint","urlTemplate":"https:\/\/barneleker.no\/?s={search_term_string}"},"query-input":{"@type":"PropertyValueSpecification","valueRequired":true,"valueName":"search_term_string"}}],"inLanguage":"nb-NO"},{"@type":"Organization","@id":"https:\/\/barneleker.no\/#organization","name":"Barneleker.no","url":"https:\/\/barneleker.no\/","logo":{"@type":"ImageObject","inLanguage":"nb-NO","@id":"https:\/\/barneleker.no\/#\/schema\/logo\/image\/","url":"https:\/\/barneleker.no\/wp-content\/uploads\/2021\/11\/barneleker_logo-780x150-1.jpg","contentUrl":"https:\/\/barneleker.no\/wp-content\/uploads\/2021\/11\/barneleker_logo-780x150-1.jpg","width":780,"height":150,"caption":"Barneleker.no"},"image":{"@id":"https:\/\/barneleker.no\/#\/schema\/logo\/image\/"}}]}},"_links":{"self":[{"href":"https:\/\/barneleker.no\/index.php\/wp-json\/wp\/v2\/product\/13959","targetHints":{"allow":["GET"]}}],"collection":[{"href":"https:\/\/barneleker.no\/index.php\/wp-json\/wp\/v2\/product"}],"about":[{"href":"https:\/\/barneleker.no\/index.php\/wp-json\/wp\/v2\/types\/product"}],"replies":[{"embeddable":true,"href":"https:\/\/barneleker.no\/index.php\/wp-json\/wp\/v2\/comments?post=13959"}],"wp:featuredmedia":[{"embeddable":true,"href":"https:\/\/barneleker.no\/index.php\/wp-json\/wp\/v2\/media\/13958"}],"wp:attachment":[{"href":"https:\/\/barneleker.no\/index.php\/wp-json\/wp\/v2\/media?parent=13959"}],"wp:term":[{"taxonomy":"product_brand","embeddable":true,"href":"https:\/\/barneleker.no\/index.php\/wp-json\/wp\/v2\/product_brand?post=13959"},{"taxonomy":"product_cat","embeddable":true,"href":"https:\/\/barneleker.no\/index.php\/wp-json\/wp\/v2\/product_cat?post=13959"},{"taxonomy":"product_tag","embeddable":true,"href":"https:\/\/barneleker.no\/index.php\/wp-json\/wp\/v2\/product_tag?post=13959"}],"curies":[{"name":"wp","href":"https:\/\/api.w.org\/{rel}","templated":true}]}}