{"id":13963,"date":"2022-02-08T19:59:44","date_gmt":"2022-02-08T19:59:44","guid":{"rendered":"https:\/\/barneleker.no\/index.php\/product\/lego-classic-11012-kreativitet-med-hvite-klosser-kreativitet-med-hvite-klosser\/"},"modified":"2022-02-08T19:59:44","modified_gmt":"2022-02-08T19:59:44","slug":"lego-classic-11012-kreativitet-med-hvite-klosser-kreativitet-med-hvite-klosser","status":"publish","type":"product","link":"https:\/\/barneleker.no\/index.php\/product\/lego-classic-11012-kreativitet-med-hvite-klosser-kreativitet-med-hvite-klosser\/","title":{"rendered":"LEGO Classic 11012, Kreativitet med hvite klosser, Kreativitet med hvite klosser"},"content":{"rendered":"<p>\u2022 Barn fra fire \u00e5r og oppover kan bygge, skape og finne p\u00e5 ting med lekesettet LEGO\u00ae Classic Kreativitet med hvite klosser (11012). Inneholder ideer til tre lettbygde modeller som f\u00e5r den kreative byggeleken i gang. \u2022 Hva inneholder esken? Lekesettet med 60 deler har alle LEGO\u00ae klossene barn trenger for \u00e5 bygge en lekesn\u00f8mann med feiekost, sau med blomstereng, m\u00e5ke med fisk \u2013 og alt mulig annet de kan finne p\u00e5. \u2022 Barn kan bygge og leke med de g\u00f8yale modellforslagene som f\u00f8lger med lekesettet, og de kan ogs\u00e5 bruke klossene og delene sammen med andre LEGO\u00ae sett for enda mer moro! \u2022 En flott jule-, bursdags- og overraskelsesgave til ferske LEGO\u00ae byggere og barn som vil utvide LEGO klossesamlingen sin. \u2022 Med det kompakte lekesettet LEGO\u00ae Classic Kreativitet med hvite klosser kan barn ta med seg den kreative leken overalt. \u2022 Esken inneholder separate klosseposer med alle LEGO\u00ae klossene som trengs for \u00e5 bygge en komplett modell. Det er bare \u00e5 velge modell, \u00e5pne posen og sette i gang! \u2022 Inneholder trykte byggeinstruksjoner og Instructions PLUS som er en del av gratisappen LEGO\u00ae Building Instructions, og inkluderer verkt\u00f8y for zooming, rotering og visning av modellen og forenkler byggeprosessen. \u2022 LEGO\u00ae Classic byggesettene byr p\u00e5 utallige ideer og masse inspirasjon for kreativ frilek. Aldri har det v\u00e6rt morsommere \u00e5 styrke barns evne til \u00e5 tenke kreativt og l\u00f8se problemer! \u2022 LEGO\u00ae leker oppfyller bransjens strengeste kvalitetsstandarder og er ensartede, kompatible og g\u00f8yale \u00e5 bygge med. Slik har det v\u00e6rt helt siden 1958. \u2022 Alle LEGO\u00ae byggeleker testes grundig for \u00e5 sikre at hvert eneste lekesett oppfyller strenge sikkerhetsstandarder.<\/p>\n","protected":false},"excerpt":{"rendered":"<p>\u2022 Barn fra fire \u00e5r og oppover kan bygge, skape og finne p\u00e5 ting med lekesettet LEGO\u00ae Classic Kreativitet med hvite klosser (11012). Inneholder ideer&hellip;<\/p>\n","protected":false},"featured_media":13962,"comment_status":"open","ping_status":"closed","template":"","meta":[],"product_brand":[],"product_cat":[499],"product_tag":[],"class_list":{"0":"post-13963","1":"product","2":"type-product","3":"status-publish","4":"has-post-thumbnail","6":"product_cat-set-lego-bygga","8":"first","9":"instock","10":"shipping-taxable","11":"product-type-external","12":"customify-col"},"yoast_head":"<!-- This site is optimized with the Yoast SEO plugin v26.0 - https:\/\/yoast.com\/wordpress\/plugins\/seo\/ -->\n<title>LEGO Classic 11012, Kreativitet med hvite klosser, Kreativitet med hvite klosser - Barneleker.no<\/title>\n<meta name=\"robots\" content=\"index, follow, max-snippet:-1, max-image-preview:large, max-video-preview:-1\" \/>\n<link rel=\"canonical\" href=\"https:\/\/barneleker.no\/index.php\/product\/lego-classic-11012-kreativitet-med-hvite-klosser-kreativitet-med-hvite-klosser\/\" \/>\n<meta property=\"og:locale\" content=\"nb_NO\" \/>\n<meta property=\"og:type\" content=\"article\" \/>\n<meta property=\"og:title\" content=\"LEGO Classic 11012, Kreativitet med hvite klosser, Kreativitet med hvite klosser - Barneleker.no\" \/>\n<meta property=\"og:description\" content=\"\u2022 Barn fra fire \u00e5r og oppover kan bygge, skape og finne p\u00e5 ting med lekesettet LEGO\u00ae Classic Kreativitet med hvite klosser (11012). Inneholder ideer&hellip;\" \/>\n<meta property=\"og:url\" content=\"https:\/\/barneleker.no\/index.php\/product\/lego-classic-11012-kreativitet-med-hvite-klosser-kreativitet-med-hvite-klosser\/\" \/>\n<meta property=\"og:site_name\" content=\"Barneleker.no\" \/>\n<meta name=\"twitter:card\" content=\"summary_large_image\" \/>\n<meta name=\"twitter:label1\" content=\"Ansl. lesetid\" \/>\n\t<meta name=\"twitter:data1\" content=\"1 minutt\" \/>\n<script type=\"application\/ld+json\" class=\"yoast-schema-graph\">{\"@context\":\"https:\/\/schema.org\",\"@graph\":[{\"@type\":\"WebPage\",\"@id\":\"https:\/\/barneleker.no\/index.php\/product\/lego-classic-11012-kreativitet-med-hvite-klosser-kreativitet-med-hvite-klosser\/\",\"url\":\"https:\/\/barneleker.no\/index.php\/product\/lego-classic-11012-kreativitet-med-hvite-klosser-kreativitet-med-hvite-klosser\/\",\"name\":\"LEGO Classic 11012, Kreativitet med hvite klosser, Kreativitet med hvite klosser - Barneleker.no\",\"isPartOf\":{\"@id\":\"https:\/\/barneleker.no\/#website\"},\"primaryImageOfPage\":{\"@id\":\"https:\/\/barneleker.no\/index.php\/product\/lego-classic-11012-kreativitet-med-hvite-klosser-kreativitet-med-hvite-klosser\/#primaryimage\"},\"image\":{\"@id\":\"https:\/\/barneleker.no\/index.php\/product\/lego-classic-11012-kreativitet-med-hvite-klosser-kreativitet-med-hvite-klosser\/#primaryimage\"},\"thumbnailUrl\":\"https:\/\/barneleker.no\/wp-content\/uploads\/2022\/02\/lego-classic-11012-kreativitet-med-hvite-klosser.jpg\",\"datePublished\":\"2022-02-08T19:59:44+00:00\",\"breadcrumb\":{\"@id\":\"https:\/\/barneleker.no\/index.php\/product\/lego-classic-11012-kreativitet-med-hvite-klosser-kreativitet-med-hvite-klosser\/#breadcrumb\"},\"inLanguage\":\"nb-NO\",\"potentialAction\":[{\"@type\":\"ReadAction\",\"target\":[\"https:\/\/barneleker.no\/index.php\/product\/lego-classic-11012-kreativitet-med-hvite-klosser-kreativitet-med-hvite-klosser\/\"]}]},{\"@type\":\"ImageObject\",\"inLanguage\":\"nb-NO\",\"@id\":\"https:\/\/barneleker.no\/index.php\/product\/lego-classic-11012-kreativitet-med-hvite-klosser-kreativitet-med-hvite-klosser\/#primaryimage\",\"url\":\"https:\/\/barneleker.no\/wp-content\/uploads\/2022\/02\/lego-classic-11012-kreativitet-med-hvite-klosser.jpg\",\"contentUrl\":\"https:\/\/barneleker.no\/wp-content\/uploads\/2022\/02\/lego-classic-11012-kreativitet-med-hvite-klosser.jpg\",\"width\":555,\"height\":555},{\"@type\":\"BreadcrumbList\",\"@id\":\"https:\/\/barneleker.no\/index.php\/product\/lego-classic-11012-kreativitet-med-hvite-klosser-kreativitet-med-hvite-klosser\/#breadcrumb\",\"itemListElement\":[{\"@type\":\"ListItem\",\"position\":1,\"name\":\"Butikken\",\"item\":\"https:\/\/barneleker.no\/\"},{\"@type\":\"ListItem\",\"position\":2,\"name\":\"LEGO Classic 11012, Kreativitet med hvite klosser, Kreativitet med hvite klosser\"}]},{\"@type\":\"WebSite\",\"@id\":\"https:\/\/barneleker.no\/#website\",\"url\":\"https:\/\/barneleker.no\/\",\"name\":\"Barneleker.no\",\"description\":\"Selvf\u00f8lgelig!\",\"publisher\":{\"@id\":\"https:\/\/barneleker.no\/#organization\"},\"potentialAction\":[{\"@type\":\"SearchAction\",\"target\":{\"@type\":\"EntryPoint\",\"urlTemplate\":\"https:\/\/barneleker.no\/?s={search_term_string}\"},\"query-input\":{\"@type\":\"PropertyValueSpecification\",\"valueRequired\":true,\"valueName\":\"search_term_string\"}}],\"inLanguage\":\"nb-NO\"},{\"@type\":\"Organization\",\"@id\":\"https:\/\/barneleker.no\/#organization\",\"name\":\"Barneleker.no\",\"url\":\"https:\/\/barneleker.no\/\",\"logo\":{\"@type\":\"ImageObject\",\"inLanguage\":\"nb-NO\",\"@id\":\"https:\/\/barneleker.no\/#\/schema\/logo\/image\/\",\"url\":\"https:\/\/barneleker.no\/wp-content\/uploads\/2021\/11\/barneleker_logo-780x150-1.jpg\",\"contentUrl\":\"https:\/\/barneleker.no\/wp-content\/uploads\/2021\/11\/barneleker_logo-780x150-1.jpg\",\"width\":780,\"height\":150,\"caption\":\"Barneleker.no\"},\"image\":{\"@id\":\"https:\/\/barneleker.no\/#\/schema\/logo\/image\/\"}}]}<\/script>\n<!-- \/ Yoast SEO plugin. -->","yoast_head_json":{"title":"LEGO Classic 11012, Kreativitet med hvite klosser, Kreativitet med hvite klosser - Barneleker.no","robots":{"index":"index","follow":"follow","max-snippet":"max-snippet:-1","max-image-preview":"max-image-preview:large","max-video-preview":"max-video-preview:-1"},"canonical":"https:\/\/barneleker.no\/index.php\/product\/lego-classic-11012-kreativitet-med-hvite-klosser-kreativitet-med-hvite-klosser\/","og_locale":"nb_NO","og_type":"article","og_title":"LEGO Classic 11012, Kreativitet med hvite klosser, Kreativitet med hvite klosser - Barneleker.no","og_description":"\u2022 Barn fra fire \u00e5r og oppover kan bygge, skape og finne p\u00e5 ting med lekesettet LEGO\u00ae Classic Kreativitet med hvite klosser (11012). Inneholder ideer&hellip;","og_url":"https:\/\/barneleker.no\/index.php\/product\/lego-classic-11012-kreativitet-med-hvite-klosser-kreativitet-med-hvite-klosser\/","og_site_name":"Barneleker.no","twitter_card":"summary_large_image","twitter_misc":{"Ansl. lesetid":"1 minutt"},"schema":{"@context":"https:\/\/schema.org","@graph":[{"@type":"WebPage","@id":"https:\/\/barneleker.no\/index.php\/product\/lego-classic-11012-kreativitet-med-hvite-klosser-kreativitet-med-hvite-klosser\/","url":"https:\/\/barneleker.no\/index.php\/product\/lego-classic-11012-kreativitet-med-hvite-klosser-kreativitet-med-hvite-klosser\/","name":"LEGO Classic 11012, Kreativitet med hvite klosser, Kreativitet med hvite klosser - Barneleker.no","isPartOf":{"@id":"https:\/\/barneleker.no\/#website"},"primaryImageOfPage":{"@id":"https:\/\/barneleker.no\/index.php\/product\/lego-classic-11012-kreativitet-med-hvite-klosser-kreativitet-med-hvite-klosser\/#primaryimage"},"image":{"@id":"https:\/\/barneleker.no\/index.php\/product\/lego-classic-11012-kreativitet-med-hvite-klosser-kreativitet-med-hvite-klosser\/#primaryimage"},"thumbnailUrl":"https:\/\/barneleker.no\/wp-content\/uploads\/2022\/02\/lego-classic-11012-kreativitet-med-hvite-klosser.jpg","datePublished":"2022-02-08T19:59:44+00:00","breadcrumb":{"@id":"https:\/\/barneleker.no\/index.php\/product\/lego-classic-11012-kreativitet-med-hvite-klosser-kreativitet-med-hvite-klosser\/#breadcrumb"},"inLanguage":"nb-NO","potentialAction":[{"@type":"ReadAction","target":["https:\/\/barneleker.no\/index.php\/product\/lego-classic-11012-kreativitet-med-hvite-klosser-kreativitet-med-hvite-klosser\/"]}]},{"@type":"ImageObject","inLanguage":"nb-NO","@id":"https:\/\/barneleker.no\/index.php\/product\/lego-classic-11012-kreativitet-med-hvite-klosser-kreativitet-med-hvite-klosser\/#primaryimage","url":"https:\/\/barneleker.no\/wp-content\/uploads\/2022\/02\/lego-classic-11012-kreativitet-med-hvite-klosser.jpg","contentUrl":"https:\/\/barneleker.no\/wp-content\/uploads\/2022\/02\/lego-classic-11012-kreativitet-med-hvite-klosser.jpg","width":555,"height":555},{"@type":"BreadcrumbList","@id":"https:\/\/barneleker.no\/index.php\/product\/lego-classic-11012-kreativitet-med-hvite-klosser-kreativitet-med-hvite-klosser\/#breadcrumb","itemListElement":[{"@type":"ListItem","position":1,"name":"Butikken","item":"https:\/\/barneleker.no\/"},{"@type":"ListItem","position":2,"name":"LEGO Classic 11012, Kreativitet med hvite klosser, Kreativitet med hvite klosser"}]},{"@type":"WebSite","@id":"https:\/\/barneleker.no\/#website","url":"https:\/\/barneleker.no\/","name":"Barneleker.no","description":"Selvf\u00f8lgelig!","publisher":{"@id":"https:\/\/barneleker.no\/#organization"},"potentialAction":[{"@type":"SearchAction","target":{"@type":"EntryPoint","urlTemplate":"https:\/\/barneleker.no\/?s={search_term_string}"},"query-input":{"@type":"PropertyValueSpecification","valueRequired":true,"valueName":"search_term_string"}}],"inLanguage":"nb-NO"},{"@type":"Organization","@id":"https:\/\/barneleker.no\/#organization","name":"Barneleker.no","url":"https:\/\/barneleker.no\/","logo":{"@type":"ImageObject","inLanguage":"nb-NO","@id":"https:\/\/barneleker.no\/#\/schema\/logo\/image\/","url":"https:\/\/barneleker.no\/wp-content\/uploads\/2021\/11\/barneleker_logo-780x150-1.jpg","contentUrl":"https:\/\/barneleker.no\/wp-content\/uploads\/2021\/11\/barneleker_logo-780x150-1.jpg","width":780,"height":150,"caption":"Barneleker.no"},"image":{"@id":"https:\/\/barneleker.no\/#\/schema\/logo\/image\/"}}]}},"_links":{"self":[{"href":"https:\/\/barneleker.no\/index.php\/wp-json\/wp\/v2\/product\/13963","targetHints":{"allow":["GET"]}}],"collection":[{"href":"https:\/\/barneleker.no\/index.php\/wp-json\/wp\/v2\/product"}],"about":[{"href":"https:\/\/barneleker.no\/index.php\/wp-json\/wp\/v2\/types\/product"}],"replies":[{"embeddable":true,"href":"https:\/\/barneleker.no\/index.php\/wp-json\/wp\/v2\/comments?post=13963"}],"wp:featuredmedia":[{"embeddable":true,"href":"https:\/\/barneleker.no\/index.php\/wp-json\/wp\/v2\/media\/13962"}],"wp:attachment":[{"href":"https:\/\/barneleker.no\/index.php\/wp-json\/wp\/v2\/media?parent=13963"}],"wp:term":[{"taxonomy":"product_brand","embeddable":true,"href":"https:\/\/barneleker.no\/index.php\/wp-json\/wp\/v2\/product_brand?post=13963"},{"taxonomy":"product_cat","embeddable":true,"href":"https:\/\/barneleker.no\/index.php\/wp-json\/wp\/v2\/product_cat?post=13963"},{"taxonomy":"product_tag","embeddable":true,"href":"https:\/\/barneleker.no\/index.php\/wp-json\/wp\/v2\/product_tag?post=13963"}],"curies":[{"name":"wp","href":"https:\/\/api.w.org\/{rel}","templated":true}]}}