{"id":13993,"date":"2022-02-08T19:59:56","date_gmt":"2022-02-08T19:59:56","guid":{"rendered":"https:\/\/barneleker.no\/index.php\/product\/lego-city-60243-politiets-helikoptertjeneste\/"},"modified":"2022-02-08T19:59:56","modified_gmt":"2022-02-08T19:59:56","slug":"lego-city-60243-politiets-helikoptertjeneste","status":"publish","type":"product","link":"https:\/\/barneleker.no\/index.php\/product\/lego-city-60243-politiets-helikoptertjeneste\/","title":{"rendered":"LEGO City 60243, Politiets helikoptertjeneste"},"content":{"rendered":"<p>\u00abJ\u00f8ss! Jeg ante ikke at lastebiler kunne fly!\u00bb Snake Rattler og skurkekompisen hans er i ferd med \u00e5 stikke av med et pengeskap! Gudskjelov er LEGO\u00ae City politiet hakk i h\u00e6l p\u00e5 dem med terrengbil og helikopter med kraftig lenkemagnet! Hjelp politiets toppilot Sam Grizzled \u00e5 senke den kraftige magneten ned mot lastebilen til Snake Rattler \u2026 Klank! L\u00f8ft lastebilen til v\u00e6rs, og transporter den beryktede skurken og partneren hans til fengselet!<\/p>\n","protected":false},"excerpt":{"rendered":"<p>\u00abJ\u00f8ss! Jeg ante ikke at lastebiler kunne fly!\u00bb Snake Rattler og skurkekompisen hans er i ferd med \u00e5 stikke av med et pengeskap! Gudskjelov er&hellip;<\/p>\n","protected":false},"featured_media":13992,"comment_status":"open","ping_status":"closed","template":"","meta":[],"product_brand":[],"product_cat":[512],"product_tag":[],"class_list":{"0":"post-13993","1":"product","2":"type-product","3":"status-publish","4":"has-post-thumbnail","6":"product_cat-sett","8":"first","9":"instock","10":"shipping-taxable","11":"product-type-external","12":"customify-col"},"yoast_head":"<!-- This site is optimized with the Yoast SEO plugin v26.0 - https:\/\/yoast.com\/wordpress\/plugins\/seo\/ -->\n<title>LEGO City 60243, Politiets helikoptertjeneste - Barneleker.no<\/title>\n<meta name=\"robots\" content=\"index, follow, max-snippet:-1, max-image-preview:large, max-video-preview:-1\" \/>\n<link rel=\"canonical\" href=\"https:\/\/barneleker.no\/index.php\/product\/lego-city-60243-politiets-helikoptertjeneste\/\" \/>\n<meta property=\"og:locale\" content=\"nb_NO\" \/>\n<meta property=\"og:type\" content=\"article\" \/>\n<meta property=\"og:title\" content=\"LEGO City 60243, Politiets helikoptertjeneste - Barneleker.no\" \/>\n<meta property=\"og:description\" content=\"\u00abJ\u00f8ss! Jeg ante ikke at lastebiler kunne fly!\u00bb Snake Rattler og skurkekompisen hans er i ferd med \u00e5 stikke av med et pengeskap! Gudskjelov er&hellip;\" \/>\n<meta property=\"og:url\" content=\"https:\/\/barneleker.no\/index.php\/product\/lego-city-60243-politiets-helikoptertjeneste\/\" \/>\n<meta property=\"og:site_name\" content=\"Barneleker.no\" \/>\n<meta name=\"twitter:card\" content=\"summary_large_image\" \/>\n<script type=\"application\/ld+json\" class=\"yoast-schema-graph\">{\"@context\":\"https:\/\/schema.org\",\"@graph\":[{\"@type\":\"WebPage\",\"@id\":\"https:\/\/barneleker.no\/index.php\/product\/lego-city-60243-politiets-helikoptertjeneste\/\",\"url\":\"https:\/\/barneleker.no\/index.php\/product\/lego-city-60243-politiets-helikoptertjeneste\/\",\"name\":\"LEGO City 60243, Politiets helikoptertjeneste - Barneleker.no\",\"isPartOf\":{\"@id\":\"https:\/\/barneleker.no\/#website\"},\"primaryImageOfPage\":{\"@id\":\"https:\/\/barneleker.no\/index.php\/product\/lego-city-60243-politiets-helikoptertjeneste\/#primaryimage\"},\"image\":{\"@id\":\"https:\/\/barneleker.no\/index.php\/product\/lego-city-60243-politiets-helikoptertjeneste\/#primaryimage\"},\"thumbnailUrl\":\"https:\/\/barneleker.no\/wp-content\/uploads\/2022\/02\/lego-city-60243-politiets-helikoptertjeneste.jpeg\",\"datePublished\":\"2022-02-08T19:59:56+00:00\",\"breadcrumb\":{\"@id\":\"https:\/\/barneleker.no\/index.php\/product\/lego-city-60243-politiets-helikoptertjeneste\/#breadcrumb\"},\"inLanguage\":\"nb-NO\",\"potentialAction\":[{\"@type\":\"ReadAction\",\"target\":[\"https:\/\/barneleker.no\/index.php\/product\/lego-city-60243-politiets-helikoptertjeneste\/\"]}]},{\"@type\":\"ImageObject\",\"inLanguage\":\"nb-NO\",\"@id\":\"https:\/\/barneleker.no\/index.php\/product\/lego-city-60243-politiets-helikoptertjeneste\/#primaryimage\",\"url\":\"https:\/\/barneleker.no\/wp-content\/uploads\/2022\/02\/lego-city-60243-politiets-helikoptertjeneste.jpeg\",\"contentUrl\":\"https:\/\/barneleker.no\/wp-content\/uploads\/2022\/02\/lego-city-60243-politiets-helikoptertjeneste.jpeg\",\"width\":555,\"height\":555},{\"@type\":\"BreadcrumbList\",\"@id\":\"https:\/\/barneleker.no\/index.php\/product\/lego-city-60243-politiets-helikoptertjeneste\/#breadcrumb\",\"itemListElement\":[{\"@type\":\"ListItem\",\"position\":1,\"name\":\"Butikken\",\"item\":\"https:\/\/barneleker.no\/\"},{\"@type\":\"ListItem\",\"position\":2,\"name\":\"LEGO City 60243, Politiets helikoptertjeneste\"}]},{\"@type\":\"WebSite\",\"@id\":\"https:\/\/barneleker.no\/#website\",\"url\":\"https:\/\/barneleker.no\/\",\"name\":\"Barneleker.no\",\"description\":\"Selvf\u00f8lgelig!\",\"publisher\":{\"@id\":\"https:\/\/barneleker.no\/#organization\"},\"potentialAction\":[{\"@type\":\"SearchAction\",\"target\":{\"@type\":\"EntryPoint\",\"urlTemplate\":\"https:\/\/barneleker.no\/?s={search_term_string}\"},\"query-input\":{\"@type\":\"PropertyValueSpecification\",\"valueRequired\":true,\"valueName\":\"search_term_string\"}}],\"inLanguage\":\"nb-NO\"},{\"@type\":\"Organization\",\"@id\":\"https:\/\/barneleker.no\/#organization\",\"name\":\"Barneleker.no\",\"url\":\"https:\/\/barneleker.no\/\",\"logo\":{\"@type\":\"ImageObject\",\"inLanguage\":\"nb-NO\",\"@id\":\"https:\/\/barneleker.no\/#\/schema\/logo\/image\/\",\"url\":\"https:\/\/barneleker.no\/wp-content\/uploads\/2021\/11\/barneleker_logo-780x150-1.jpg\",\"contentUrl\":\"https:\/\/barneleker.no\/wp-content\/uploads\/2021\/11\/barneleker_logo-780x150-1.jpg\",\"width\":780,\"height\":150,\"caption\":\"Barneleker.no\"},\"image\":{\"@id\":\"https:\/\/barneleker.no\/#\/schema\/logo\/image\/\"}}]}<\/script>\n<!-- \/ Yoast SEO plugin. -->","yoast_head_json":{"title":"LEGO City 60243, Politiets helikoptertjeneste - Barneleker.no","robots":{"index":"index","follow":"follow","max-snippet":"max-snippet:-1","max-image-preview":"max-image-preview:large","max-video-preview":"max-video-preview:-1"},"canonical":"https:\/\/barneleker.no\/index.php\/product\/lego-city-60243-politiets-helikoptertjeneste\/","og_locale":"nb_NO","og_type":"article","og_title":"LEGO City 60243, Politiets helikoptertjeneste - Barneleker.no","og_description":"\u00abJ\u00f8ss! Jeg ante ikke at lastebiler kunne fly!\u00bb Snake Rattler og skurkekompisen hans er i ferd med \u00e5 stikke av med et pengeskap! Gudskjelov er&hellip;","og_url":"https:\/\/barneleker.no\/index.php\/product\/lego-city-60243-politiets-helikoptertjeneste\/","og_site_name":"Barneleker.no","twitter_card":"summary_large_image","schema":{"@context":"https:\/\/schema.org","@graph":[{"@type":"WebPage","@id":"https:\/\/barneleker.no\/index.php\/product\/lego-city-60243-politiets-helikoptertjeneste\/","url":"https:\/\/barneleker.no\/index.php\/product\/lego-city-60243-politiets-helikoptertjeneste\/","name":"LEGO City 60243, Politiets helikoptertjeneste - Barneleker.no","isPartOf":{"@id":"https:\/\/barneleker.no\/#website"},"primaryImageOfPage":{"@id":"https:\/\/barneleker.no\/index.php\/product\/lego-city-60243-politiets-helikoptertjeneste\/#primaryimage"},"image":{"@id":"https:\/\/barneleker.no\/index.php\/product\/lego-city-60243-politiets-helikoptertjeneste\/#primaryimage"},"thumbnailUrl":"https:\/\/barneleker.no\/wp-content\/uploads\/2022\/02\/lego-city-60243-politiets-helikoptertjeneste.jpeg","datePublished":"2022-02-08T19:59:56+00:00","breadcrumb":{"@id":"https:\/\/barneleker.no\/index.php\/product\/lego-city-60243-politiets-helikoptertjeneste\/#breadcrumb"},"inLanguage":"nb-NO","potentialAction":[{"@type":"ReadAction","target":["https:\/\/barneleker.no\/index.php\/product\/lego-city-60243-politiets-helikoptertjeneste\/"]}]},{"@type":"ImageObject","inLanguage":"nb-NO","@id":"https:\/\/barneleker.no\/index.php\/product\/lego-city-60243-politiets-helikoptertjeneste\/#primaryimage","url":"https:\/\/barneleker.no\/wp-content\/uploads\/2022\/02\/lego-city-60243-politiets-helikoptertjeneste.jpeg","contentUrl":"https:\/\/barneleker.no\/wp-content\/uploads\/2022\/02\/lego-city-60243-politiets-helikoptertjeneste.jpeg","width":555,"height":555},{"@type":"BreadcrumbList","@id":"https:\/\/barneleker.no\/index.php\/product\/lego-city-60243-politiets-helikoptertjeneste\/#breadcrumb","itemListElement":[{"@type":"ListItem","position":1,"name":"Butikken","item":"https:\/\/barneleker.no\/"},{"@type":"ListItem","position":2,"name":"LEGO City 60243, Politiets helikoptertjeneste"}]},{"@type":"WebSite","@id":"https:\/\/barneleker.no\/#website","url":"https:\/\/barneleker.no\/","name":"Barneleker.no","description":"Selvf\u00f8lgelig!","publisher":{"@id":"https:\/\/barneleker.no\/#organization"},"potentialAction":[{"@type":"SearchAction","target":{"@type":"EntryPoint","urlTemplate":"https:\/\/barneleker.no\/?s={search_term_string}"},"query-input":{"@type":"PropertyValueSpecification","valueRequired":true,"valueName":"search_term_string"}}],"inLanguage":"nb-NO"},{"@type":"Organization","@id":"https:\/\/barneleker.no\/#organization","name":"Barneleker.no","url":"https:\/\/barneleker.no\/","logo":{"@type":"ImageObject","inLanguage":"nb-NO","@id":"https:\/\/barneleker.no\/#\/schema\/logo\/image\/","url":"https:\/\/barneleker.no\/wp-content\/uploads\/2021\/11\/barneleker_logo-780x150-1.jpg","contentUrl":"https:\/\/barneleker.no\/wp-content\/uploads\/2021\/11\/barneleker_logo-780x150-1.jpg","width":780,"height":150,"caption":"Barneleker.no"},"image":{"@id":"https:\/\/barneleker.no\/#\/schema\/logo\/image\/"}}]}},"_links":{"self":[{"href":"https:\/\/barneleker.no\/index.php\/wp-json\/wp\/v2\/product\/13993","targetHints":{"allow":["GET"]}}],"collection":[{"href":"https:\/\/barneleker.no\/index.php\/wp-json\/wp\/v2\/product"}],"about":[{"href":"https:\/\/barneleker.no\/index.php\/wp-json\/wp\/v2\/types\/product"}],"replies":[{"embeddable":true,"href":"https:\/\/barneleker.no\/index.php\/wp-json\/wp\/v2\/comments?post=13993"}],"wp:featuredmedia":[{"embeddable":true,"href":"https:\/\/barneleker.no\/index.php\/wp-json\/wp\/v2\/media\/13992"}],"wp:attachment":[{"href":"https:\/\/barneleker.no\/index.php\/wp-json\/wp\/v2\/media?parent=13993"}],"wp:term":[{"taxonomy":"product_brand","embeddable":true,"href":"https:\/\/barneleker.no\/index.php\/wp-json\/wp\/v2\/product_brand?post=13993"},{"taxonomy":"product_cat","embeddable":true,"href":"https:\/\/barneleker.no\/index.php\/wp-json\/wp\/v2\/product_cat?post=13993"},{"taxonomy":"product_tag","embeddable":true,"href":"https:\/\/barneleker.no\/index.php\/wp-json\/wp\/v2\/product_tag?post=13993"}],"curies":[{"name":"wp","href":"https:\/\/api.w.org\/{rel}","templated":true}]}}