{"id":13997,"date":"2022-02-08T19:59:57","date_gmt":"2022-02-08T19:59:57","guid":{"rendered":"https:\/\/barneleker.no\/index.php\/product\/lego-disney-princess-43189-eventyrboken-om-elsa-og-nokk\/"},"modified":"2022-02-08T19:59:57","modified_gmt":"2022-02-08T19:59:57","slug":"lego-disney-princess-43189-eventyrboken-om-elsa-og-nokk","status":"publish","type":"product","link":"https:\/\/barneleker.no\/index.php\/product\/lego-disney-princess-43189-eventyrboken-om-elsa-og-nokk\/","title":{"rendered":"LEGO Disney Princess 43189, Eventyrboken om Elsa og Nokk"},"content":{"rendered":"<p>Barn kan utforske scener og fortellinger fra Disneys Frost 2 med det magiske settet LEGO\u00ae \u01c0 Disney Eventyrboken om Elsa og Nokk (43189). Settet inkluderer en bok som kan \u00e5pnes og tilpasses, et klistremerkeark til \u00e5 dekorere boken med samt trykte byggeinstruksjoner og digitale Instructions PLUS i appen LEGO Building Instructions. Der finner barn verkt\u00f8y for zooming, rotering og visualisering som f\u00e5r selv yngre byggere til \u00e5 f\u00f8le seg som mesterbyggere \u2026 Det er helt topp!Rollespill p\u00e5 fartenBarn f\u00e5r masse kreativ moro med dette b\u00e6rbare settet. Det kan lekes med alene eller kombineres med andre LEGO \u01c0 Disney sett og er stappfullt av funksjoner og lekestartere som f\u00e5r fart p\u00e5 fantasien.Favorittfigurer og spennende scenerDette kreative LEGO \u01c0 Disney settet f\u00e5r leken raskt i gang med tre mikrodukkefigurer, inkludert Idun og to versjoner av Disneys Elsa samt LEGO figurer av Olaf, Nokk og en jordkjempe. Eventyrboken er en flott gave som inspirerer barn til lek hver dag.<\/p>\n","protected":false},"excerpt":{"rendered":"<p>Barn kan utforske scener og fortellinger fra Disneys Frost 2 med det magiske settet LEGO\u00ae \u01c0 Disney Eventyrboken om Elsa og Nokk (43189). Settet inkluderer&hellip;<\/p>\n","protected":false},"featured_media":13996,"comment_status":"open","ping_status":"closed","template":"","meta":[],"product_brand":[],"product_cat":[340],"product_tag":[],"class_list":{"0":"post-13997","1":"product","2":"type-product","3":"status-publish","4":"has-post-thumbnail","6":"product_cat-set","8":"first","9":"instock","10":"shipping-taxable","11":"product-type-external","12":"customify-col"},"yoast_head":"<!-- This site is optimized with the Yoast SEO plugin v26.0 - https:\/\/yoast.com\/wordpress\/plugins\/seo\/ -->\n<title>LEGO Disney Princess 43189, Eventyrboken om Elsa og Nokk - Barneleker.no<\/title>\n<meta name=\"robots\" content=\"index, follow, max-snippet:-1, max-image-preview:large, max-video-preview:-1\" \/>\n<link rel=\"canonical\" href=\"https:\/\/barneleker.no\/index.php\/product\/lego-disney-princess-43189-eventyrboken-om-elsa-og-nokk\/\" \/>\n<meta property=\"og:locale\" content=\"nb_NO\" \/>\n<meta property=\"og:type\" content=\"article\" \/>\n<meta property=\"og:title\" content=\"LEGO Disney Princess 43189, Eventyrboken om Elsa og Nokk - Barneleker.no\" \/>\n<meta property=\"og:description\" content=\"Barn kan utforske scener og fortellinger fra Disneys Frost 2 med det magiske settet LEGO\u00ae \u01c0 Disney Eventyrboken om Elsa og Nokk (43189). Settet inkluderer&hellip;\" \/>\n<meta property=\"og:url\" content=\"https:\/\/barneleker.no\/index.php\/product\/lego-disney-princess-43189-eventyrboken-om-elsa-og-nokk\/\" \/>\n<meta property=\"og:site_name\" content=\"Barneleker.no\" \/>\n<meta name=\"twitter:card\" content=\"summary_large_image\" \/>\n<meta name=\"twitter:label1\" content=\"Ansl. lesetid\" \/>\n\t<meta name=\"twitter:data1\" content=\"1 minutt\" \/>\n<script type=\"application\/ld+json\" class=\"yoast-schema-graph\">{\"@context\":\"https:\/\/schema.org\",\"@graph\":[{\"@type\":\"WebPage\",\"@id\":\"https:\/\/barneleker.no\/index.php\/product\/lego-disney-princess-43189-eventyrboken-om-elsa-og-nokk\/\",\"url\":\"https:\/\/barneleker.no\/index.php\/product\/lego-disney-princess-43189-eventyrboken-om-elsa-og-nokk\/\",\"name\":\"LEGO Disney Princess 43189, Eventyrboken om Elsa og Nokk - Barneleker.no\",\"isPartOf\":{\"@id\":\"https:\/\/barneleker.no\/#website\"},\"primaryImageOfPage\":{\"@id\":\"https:\/\/barneleker.no\/index.php\/product\/lego-disney-princess-43189-eventyrboken-om-elsa-og-nokk\/#primaryimage\"},\"image\":{\"@id\":\"https:\/\/barneleker.no\/index.php\/product\/lego-disney-princess-43189-eventyrboken-om-elsa-og-nokk\/#primaryimage\"},\"thumbnailUrl\":\"https:\/\/barneleker.no\/wp-content\/uploads\/2022\/02\/lego-disney-princess-43189-eventyrboken-om-elsa-og-nokk.jpg\",\"datePublished\":\"2022-02-08T19:59:57+00:00\",\"breadcrumb\":{\"@id\":\"https:\/\/barneleker.no\/index.php\/product\/lego-disney-princess-43189-eventyrboken-om-elsa-og-nokk\/#breadcrumb\"},\"inLanguage\":\"nb-NO\",\"potentialAction\":[{\"@type\":\"ReadAction\",\"target\":[\"https:\/\/barneleker.no\/index.php\/product\/lego-disney-princess-43189-eventyrboken-om-elsa-og-nokk\/\"]}]},{\"@type\":\"ImageObject\",\"inLanguage\":\"nb-NO\",\"@id\":\"https:\/\/barneleker.no\/index.php\/product\/lego-disney-princess-43189-eventyrboken-om-elsa-og-nokk\/#primaryimage\",\"url\":\"https:\/\/barneleker.no\/wp-content\/uploads\/2022\/02\/lego-disney-princess-43189-eventyrboken-om-elsa-og-nokk.jpg\",\"contentUrl\":\"https:\/\/barneleker.no\/wp-content\/uploads\/2022\/02\/lego-disney-princess-43189-eventyrboken-om-elsa-og-nokk.jpg\",\"width\":555,\"height\":555},{\"@type\":\"BreadcrumbList\",\"@id\":\"https:\/\/barneleker.no\/index.php\/product\/lego-disney-princess-43189-eventyrboken-om-elsa-og-nokk\/#breadcrumb\",\"itemListElement\":[{\"@type\":\"ListItem\",\"position\":1,\"name\":\"Butikken\",\"item\":\"https:\/\/barneleker.no\/\"},{\"@type\":\"ListItem\",\"position\":2,\"name\":\"LEGO Disney Princess 43189, Eventyrboken om Elsa og Nokk\"}]},{\"@type\":\"WebSite\",\"@id\":\"https:\/\/barneleker.no\/#website\",\"url\":\"https:\/\/barneleker.no\/\",\"name\":\"Barneleker.no\",\"description\":\"Selvf\u00f8lgelig!\",\"publisher\":{\"@id\":\"https:\/\/barneleker.no\/#organization\"},\"potentialAction\":[{\"@type\":\"SearchAction\",\"target\":{\"@type\":\"EntryPoint\",\"urlTemplate\":\"https:\/\/barneleker.no\/?s={search_term_string}\"},\"query-input\":{\"@type\":\"PropertyValueSpecification\",\"valueRequired\":true,\"valueName\":\"search_term_string\"}}],\"inLanguage\":\"nb-NO\"},{\"@type\":\"Organization\",\"@id\":\"https:\/\/barneleker.no\/#organization\",\"name\":\"Barneleker.no\",\"url\":\"https:\/\/barneleker.no\/\",\"logo\":{\"@type\":\"ImageObject\",\"inLanguage\":\"nb-NO\",\"@id\":\"https:\/\/barneleker.no\/#\/schema\/logo\/image\/\",\"url\":\"https:\/\/barneleker.no\/wp-content\/uploads\/2021\/11\/barneleker_logo-780x150-1.jpg\",\"contentUrl\":\"https:\/\/barneleker.no\/wp-content\/uploads\/2021\/11\/barneleker_logo-780x150-1.jpg\",\"width\":780,\"height\":150,\"caption\":\"Barneleker.no\"},\"image\":{\"@id\":\"https:\/\/barneleker.no\/#\/schema\/logo\/image\/\"}}]}<\/script>\n<!-- \/ Yoast SEO plugin. -->","yoast_head_json":{"title":"LEGO Disney Princess 43189, Eventyrboken om Elsa og Nokk - Barneleker.no","robots":{"index":"index","follow":"follow","max-snippet":"max-snippet:-1","max-image-preview":"max-image-preview:large","max-video-preview":"max-video-preview:-1"},"canonical":"https:\/\/barneleker.no\/index.php\/product\/lego-disney-princess-43189-eventyrboken-om-elsa-og-nokk\/","og_locale":"nb_NO","og_type":"article","og_title":"LEGO Disney Princess 43189, Eventyrboken om Elsa og Nokk - Barneleker.no","og_description":"Barn kan utforske scener og fortellinger fra Disneys Frost 2 med det magiske settet LEGO\u00ae \u01c0 Disney Eventyrboken om Elsa og Nokk (43189). Settet inkluderer&hellip;","og_url":"https:\/\/barneleker.no\/index.php\/product\/lego-disney-princess-43189-eventyrboken-om-elsa-og-nokk\/","og_site_name":"Barneleker.no","twitter_card":"summary_large_image","twitter_misc":{"Ansl. lesetid":"1 minutt"},"schema":{"@context":"https:\/\/schema.org","@graph":[{"@type":"WebPage","@id":"https:\/\/barneleker.no\/index.php\/product\/lego-disney-princess-43189-eventyrboken-om-elsa-og-nokk\/","url":"https:\/\/barneleker.no\/index.php\/product\/lego-disney-princess-43189-eventyrboken-om-elsa-og-nokk\/","name":"LEGO Disney Princess 43189, Eventyrboken om Elsa og Nokk - Barneleker.no","isPartOf":{"@id":"https:\/\/barneleker.no\/#website"},"primaryImageOfPage":{"@id":"https:\/\/barneleker.no\/index.php\/product\/lego-disney-princess-43189-eventyrboken-om-elsa-og-nokk\/#primaryimage"},"image":{"@id":"https:\/\/barneleker.no\/index.php\/product\/lego-disney-princess-43189-eventyrboken-om-elsa-og-nokk\/#primaryimage"},"thumbnailUrl":"https:\/\/barneleker.no\/wp-content\/uploads\/2022\/02\/lego-disney-princess-43189-eventyrboken-om-elsa-og-nokk.jpg","datePublished":"2022-02-08T19:59:57+00:00","breadcrumb":{"@id":"https:\/\/barneleker.no\/index.php\/product\/lego-disney-princess-43189-eventyrboken-om-elsa-og-nokk\/#breadcrumb"},"inLanguage":"nb-NO","potentialAction":[{"@type":"ReadAction","target":["https:\/\/barneleker.no\/index.php\/product\/lego-disney-princess-43189-eventyrboken-om-elsa-og-nokk\/"]}]},{"@type":"ImageObject","inLanguage":"nb-NO","@id":"https:\/\/barneleker.no\/index.php\/product\/lego-disney-princess-43189-eventyrboken-om-elsa-og-nokk\/#primaryimage","url":"https:\/\/barneleker.no\/wp-content\/uploads\/2022\/02\/lego-disney-princess-43189-eventyrboken-om-elsa-og-nokk.jpg","contentUrl":"https:\/\/barneleker.no\/wp-content\/uploads\/2022\/02\/lego-disney-princess-43189-eventyrboken-om-elsa-og-nokk.jpg","width":555,"height":555},{"@type":"BreadcrumbList","@id":"https:\/\/barneleker.no\/index.php\/product\/lego-disney-princess-43189-eventyrboken-om-elsa-og-nokk\/#breadcrumb","itemListElement":[{"@type":"ListItem","position":1,"name":"Butikken","item":"https:\/\/barneleker.no\/"},{"@type":"ListItem","position":2,"name":"LEGO Disney Princess 43189, Eventyrboken om Elsa og Nokk"}]},{"@type":"WebSite","@id":"https:\/\/barneleker.no\/#website","url":"https:\/\/barneleker.no\/","name":"Barneleker.no","description":"Selvf\u00f8lgelig!","publisher":{"@id":"https:\/\/barneleker.no\/#organization"},"potentialAction":[{"@type":"SearchAction","target":{"@type":"EntryPoint","urlTemplate":"https:\/\/barneleker.no\/?s={search_term_string}"},"query-input":{"@type":"PropertyValueSpecification","valueRequired":true,"valueName":"search_term_string"}}],"inLanguage":"nb-NO"},{"@type":"Organization","@id":"https:\/\/barneleker.no\/#organization","name":"Barneleker.no","url":"https:\/\/barneleker.no\/","logo":{"@type":"ImageObject","inLanguage":"nb-NO","@id":"https:\/\/barneleker.no\/#\/schema\/logo\/image\/","url":"https:\/\/barneleker.no\/wp-content\/uploads\/2021\/11\/barneleker_logo-780x150-1.jpg","contentUrl":"https:\/\/barneleker.no\/wp-content\/uploads\/2021\/11\/barneleker_logo-780x150-1.jpg","width":780,"height":150,"caption":"Barneleker.no"},"image":{"@id":"https:\/\/barneleker.no\/#\/schema\/logo\/image\/"}}]}},"_links":{"self":[{"href":"https:\/\/barneleker.no\/index.php\/wp-json\/wp\/v2\/product\/13997","targetHints":{"allow":["GET"]}}],"collection":[{"href":"https:\/\/barneleker.no\/index.php\/wp-json\/wp\/v2\/product"}],"about":[{"href":"https:\/\/barneleker.no\/index.php\/wp-json\/wp\/v2\/types\/product"}],"replies":[{"embeddable":true,"href":"https:\/\/barneleker.no\/index.php\/wp-json\/wp\/v2\/comments?post=13997"}],"wp:featuredmedia":[{"embeddable":true,"href":"https:\/\/barneleker.no\/index.php\/wp-json\/wp\/v2\/media\/13996"}],"wp:attachment":[{"href":"https:\/\/barneleker.no\/index.php\/wp-json\/wp\/v2\/media?parent=13997"}],"wp:term":[{"taxonomy":"product_brand","embeddable":true,"href":"https:\/\/barneleker.no\/index.php\/wp-json\/wp\/v2\/product_brand?post=13997"},{"taxonomy":"product_cat","embeddable":true,"href":"https:\/\/barneleker.no\/index.php\/wp-json\/wp\/v2\/product_cat?post=13997"},{"taxonomy":"product_tag","embeddable":true,"href":"https:\/\/barneleker.no\/index.php\/wp-json\/wp\/v2\/product_tag?post=13997"}],"curies":[{"name":"wp","href":"https:\/\/api.w.org\/{rel}","templated":true}]}}