{"id":14003,"date":"2022-02-08T19:59:59","date_gmt":"2022-02-08T19:59:59","guid":{"rendered":"https:\/\/barneleker.no\/index.php\/product\/lego-ninjago-71735-elementturneringen\/"},"modified":"2022-02-08T19:59:59","modified_gmt":"2022-02-08T19:59:59","slug":"lego-ninjago-71735-elementturneringen","status":"publish","type":"product","link":"https:\/\/barneleker.no\/index.php\/product\/lego-ninjago-71735-elementturneringen\/","title":{"rendered":"LEGO Ninjago 71735, Elementturneringen"},"content":{"rendered":"<p>Barn kan iscenesette spektakul\u00e6re dueller fra sesong 4 av LEGO\u00ae NINJAGO\u00ae TV-serien med lekesettet Elementturneringen (71735). Det utrolig detaljerte tempelet har en kampplattform, roterende v\u00e5penplattform, et spinnerv\u00e5pen og en samling med jadeklinger.  Det perfekte ninjasett som inspirerer til fantasifull rollespillek Lekesettet inneholder sju minifigurer: ninjaene Kai, Jay og Lloyd Legacy, elementmesterne Bolobo, Jacob og Gravis og skurken Eyezor og gir barn utallige muligheter til \u00e5 arrangere kamper og trenings\u00f8kter. Lloyd Legacy fra januar 2021 er en spesiell gullfarget samlerfigur med sokkel, som lanseres i forbindelse med ti\u00e5rsjubileet for NINJAGO byggesettene.  Topp gaveideer til kreative barn LEGO NINJAGO stridsleker gir barn muligheten til \u00e5 dr\u00f8mme seg bort i en actionfylt fantasiverden, hvor de kan l\u00e6re seg viktige ferdigheter og hjelpe heltene sine i kampen mot onde skurker. Den fantastiske samlingen med ninjalekesett inkluderer drager, roboter og templer.<\/p>\n","protected":false},"excerpt":{"rendered":"<p>Barn kan iscenesette spektakul\u00e6re dueller fra sesong 4 av LEGO\u00ae NINJAGO\u00ae TV-serien med lekesettet Elementturneringen (71735). Det utrolig detaljerte tempelet har en kampplattform, roterende v\u00e5penplattform,&hellip;<\/p>\n","protected":false},"featured_media":14002,"comment_status":"open","ping_status":"closed","template":"","meta":[],"product_brand":[],"product_cat":[340],"product_tag":[],"class_list":{"0":"post-14003","1":"product","2":"type-product","3":"status-publish","4":"has-post-thumbnail","6":"product_cat-set","8":"first","9":"instock","10":"shipping-taxable","11":"product-type-external","12":"customify-col"},"yoast_head":"<!-- This site is optimized with the Yoast SEO plugin v26.0 - https:\/\/yoast.com\/wordpress\/plugins\/seo\/ -->\n<title>LEGO Ninjago 71735, Elementturneringen - Barneleker.no<\/title>\n<meta name=\"robots\" content=\"index, follow, max-snippet:-1, max-image-preview:large, max-video-preview:-1\" \/>\n<link rel=\"canonical\" href=\"https:\/\/barneleker.no\/index.php\/product\/lego-ninjago-71735-elementturneringen\/\" \/>\n<meta property=\"og:locale\" content=\"nb_NO\" \/>\n<meta property=\"og:type\" content=\"article\" \/>\n<meta property=\"og:title\" content=\"LEGO Ninjago 71735, Elementturneringen - Barneleker.no\" \/>\n<meta property=\"og:description\" content=\"Barn kan iscenesette spektakul\u00e6re dueller fra sesong 4 av LEGO\u00ae NINJAGO\u00ae TV-serien med lekesettet Elementturneringen (71735). Det utrolig detaljerte tempelet har en kampplattform, roterende v\u00e5penplattform,&hellip;\" \/>\n<meta property=\"og:url\" content=\"https:\/\/barneleker.no\/index.php\/product\/lego-ninjago-71735-elementturneringen\/\" \/>\n<meta property=\"og:site_name\" content=\"Barneleker.no\" \/>\n<meta name=\"twitter:card\" content=\"summary_large_image\" \/>\n<meta name=\"twitter:label1\" content=\"Ansl. lesetid\" \/>\n\t<meta name=\"twitter:data1\" content=\"1 minutt\" \/>\n<script type=\"application\/ld+json\" class=\"yoast-schema-graph\">{\"@context\":\"https:\/\/schema.org\",\"@graph\":[{\"@type\":\"WebPage\",\"@id\":\"https:\/\/barneleker.no\/index.php\/product\/lego-ninjago-71735-elementturneringen\/\",\"url\":\"https:\/\/barneleker.no\/index.php\/product\/lego-ninjago-71735-elementturneringen\/\",\"name\":\"LEGO Ninjago 71735, Elementturneringen - Barneleker.no\",\"isPartOf\":{\"@id\":\"https:\/\/barneleker.no\/#website\"},\"primaryImageOfPage\":{\"@id\":\"https:\/\/barneleker.no\/index.php\/product\/lego-ninjago-71735-elementturneringen\/#primaryimage\"},\"image\":{\"@id\":\"https:\/\/barneleker.no\/index.php\/product\/lego-ninjago-71735-elementturneringen\/#primaryimage\"},\"thumbnailUrl\":\"https:\/\/barneleker.no\/wp-content\/uploads\/2022\/02\/lego-ninjago-71735-elementturneringen.jpg\",\"datePublished\":\"2022-02-08T19:59:59+00:00\",\"breadcrumb\":{\"@id\":\"https:\/\/barneleker.no\/index.php\/product\/lego-ninjago-71735-elementturneringen\/#breadcrumb\"},\"inLanguage\":\"nb-NO\",\"potentialAction\":[{\"@type\":\"ReadAction\",\"target\":[\"https:\/\/barneleker.no\/index.php\/product\/lego-ninjago-71735-elementturneringen\/\"]}]},{\"@type\":\"ImageObject\",\"inLanguage\":\"nb-NO\",\"@id\":\"https:\/\/barneleker.no\/index.php\/product\/lego-ninjago-71735-elementturneringen\/#primaryimage\",\"url\":\"https:\/\/barneleker.no\/wp-content\/uploads\/2022\/02\/lego-ninjago-71735-elementturneringen.jpg\",\"contentUrl\":\"https:\/\/barneleker.no\/wp-content\/uploads\/2022\/02\/lego-ninjago-71735-elementturneringen.jpg\",\"width\":555,\"height\":555},{\"@type\":\"BreadcrumbList\",\"@id\":\"https:\/\/barneleker.no\/index.php\/product\/lego-ninjago-71735-elementturneringen\/#breadcrumb\",\"itemListElement\":[{\"@type\":\"ListItem\",\"position\":1,\"name\":\"Butikken\",\"item\":\"https:\/\/barneleker.no\/\"},{\"@type\":\"ListItem\",\"position\":2,\"name\":\"LEGO Ninjago 71735, Elementturneringen\"}]},{\"@type\":\"WebSite\",\"@id\":\"https:\/\/barneleker.no\/#website\",\"url\":\"https:\/\/barneleker.no\/\",\"name\":\"Barneleker.no\",\"description\":\"Selvf\u00f8lgelig!\",\"publisher\":{\"@id\":\"https:\/\/barneleker.no\/#organization\"},\"potentialAction\":[{\"@type\":\"SearchAction\",\"target\":{\"@type\":\"EntryPoint\",\"urlTemplate\":\"https:\/\/barneleker.no\/?s={search_term_string}\"},\"query-input\":{\"@type\":\"PropertyValueSpecification\",\"valueRequired\":true,\"valueName\":\"search_term_string\"}}],\"inLanguage\":\"nb-NO\"},{\"@type\":\"Organization\",\"@id\":\"https:\/\/barneleker.no\/#organization\",\"name\":\"Barneleker.no\",\"url\":\"https:\/\/barneleker.no\/\",\"logo\":{\"@type\":\"ImageObject\",\"inLanguage\":\"nb-NO\",\"@id\":\"https:\/\/barneleker.no\/#\/schema\/logo\/image\/\",\"url\":\"https:\/\/barneleker.no\/wp-content\/uploads\/2021\/11\/barneleker_logo-780x150-1.jpg\",\"contentUrl\":\"https:\/\/barneleker.no\/wp-content\/uploads\/2021\/11\/barneleker_logo-780x150-1.jpg\",\"width\":780,\"height\":150,\"caption\":\"Barneleker.no\"},\"image\":{\"@id\":\"https:\/\/barneleker.no\/#\/schema\/logo\/image\/\"}}]}<\/script>\n<!-- \/ Yoast SEO plugin. -->","yoast_head_json":{"title":"LEGO Ninjago 71735, Elementturneringen - Barneleker.no","robots":{"index":"index","follow":"follow","max-snippet":"max-snippet:-1","max-image-preview":"max-image-preview:large","max-video-preview":"max-video-preview:-1"},"canonical":"https:\/\/barneleker.no\/index.php\/product\/lego-ninjago-71735-elementturneringen\/","og_locale":"nb_NO","og_type":"article","og_title":"LEGO Ninjago 71735, Elementturneringen - Barneleker.no","og_description":"Barn kan iscenesette spektakul\u00e6re dueller fra sesong 4 av LEGO\u00ae NINJAGO\u00ae TV-serien med lekesettet Elementturneringen (71735). Det utrolig detaljerte tempelet har en kampplattform, roterende v\u00e5penplattform,&hellip;","og_url":"https:\/\/barneleker.no\/index.php\/product\/lego-ninjago-71735-elementturneringen\/","og_site_name":"Barneleker.no","twitter_card":"summary_large_image","twitter_misc":{"Ansl. lesetid":"1 minutt"},"schema":{"@context":"https:\/\/schema.org","@graph":[{"@type":"WebPage","@id":"https:\/\/barneleker.no\/index.php\/product\/lego-ninjago-71735-elementturneringen\/","url":"https:\/\/barneleker.no\/index.php\/product\/lego-ninjago-71735-elementturneringen\/","name":"LEGO Ninjago 71735, Elementturneringen - Barneleker.no","isPartOf":{"@id":"https:\/\/barneleker.no\/#website"},"primaryImageOfPage":{"@id":"https:\/\/barneleker.no\/index.php\/product\/lego-ninjago-71735-elementturneringen\/#primaryimage"},"image":{"@id":"https:\/\/barneleker.no\/index.php\/product\/lego-ninjago-71735-elementturneringen\/#primaryimage"},"thumbnailUrl":"https:\/\/barneleker.no\/wp-content\/uploads\/2022\/02\/lego-ninjago-71735-elementturneringen.jpg","datePublished":"2022-02-08T19:59:59+00:00","breadcrumb":{"@id":"https:\/\/barneleker.no\/index.php\/product\/lego-ninjago-71735-elementturneringen\/#breadcrumb"},"inLanguage":"nb-NO","potentialAction":[{"@type":"ReadAction","target":["https:\/\/barneleker.no\/index.php\/product\/lego-ninjago-71735-elementturneringen\/"]}]},{"@type":"ImageObject","inLanguage":"nb-NO","@id":"https:\/\/barneleker.no\/index.php\/product\/lego-ninjago-71735-elementturneringen\/#primaryimage","url":"https:\/\/barneleker.no\/wp-content\/uploads\/2022\/02\/lego-ninjago-71735-elementturneringen.jpg","contentUrl":"https:\/\/barneleker.no\/wp-content\/uploads\/2022\/02\/lego-ninjago-71735-elementturneringen.jpg","width":555,"height":555},{"@type":"BreadcrumbList","@id":"https:\/\/barneleker.no\/index.php\/product\/lego-ninjago-71735-elementturneringen\/#breadcrumb","itemListElement":[{"@type":"ListItem","position":1,"name":"Butikken","item":"https:\/\/barneleker.no\/"},{"@type":"ListItem","position":2,"name":"LEGO Ninjago 71735, Elementturneringen"}]},{"@type":"WebSite","@id":"https:\/\/barneleker.no\/#website","url":"https:\/\/barneleker.no\/","name":"Barneleker.no","description":"Selvf\u00f8lgelig!","publisher":{"@id":"https:\/\/barneleker.no\/#organization"},"potentialAction":[{"@type":"SearchAction","target":{"@type":"EntryPoint","urlTemplate":"https:\/\/barneleker.no\/?s={search_term_string}"},"query-input":{"@type":"PropertyValueSpecification","valueRequired":true,"valueName":"search_term_string"}}],"inLanguage":"nb-NO"},{"@type":"Organization","@id":"https:\/\/barneleker.no\/#organization","name":"Barneleker.no","url":"https:\/\/barneleker.no\/","logo":{"@type":"ImageObject","inLanguage":"nb-NO","@id":"https:\/\/barneleker.no\/#\/schema\/logo\/image\/","url":"https:\/\/barneleker.no\/wp-content\/uploads\/2021\/11\/barneleker_logo-780x150-1.jpg","contentUrl":"https:\/\/barneleker.no\/wp-content\/uploads\/2021\/11\/barneleker_logo-780x150-1.jpg","width":780,"height":150,"caption":"Barneleker.no"},"image":{"@id":"https:\/\/barneleker.no\/#\/schema\/logo\/image\/"}}]}},"_links":{"self":[{"href":"https:\/\/barneleker.no\/index.php\/wp-json\/wp\/v2\/product\/14003","targetHints":{"allow":["GET"]}}],"collection":[{"href":"https:\/\/barneleker.no\/index.php\/wp-json\/wp\/v2\/product"}],"about":[{"href":"https:\/\/barneleker.no\/index.php\/wp-json\/wp\/v2\/types\/product"}],"replies":[{"embeddable":true,"href":"https:\/\/barneleker.no\/index.php\/wp-json\/wp\/v2\/comments?post=14003"}],"wp:featuredmedia":[{"embeddable":true,"href":"https:\/\/barneleker.no\/index.php\/wp-json\/wp\/v2\/media\/14002"}],"wp:attachment":[{"href":"https:\/\/barneleker.no\/index.php\/wp-json\/wp\/v2\/media?parent=14003"}],"wp:term":[{"taxonomy":"product_brand","embeddable":true,"href":"https:\/\/barneleker.no\/index.php\/wp-json\/wp\/v2\/product_brand?post=14003"},{"taxonomy":"product_cat","embeddable":true,"href":"https:\/\/barneleker.no\/index.php\/wp-json\/wp\/v2\/product_cat?post=14003"},{"taxonomy":"product_tag","embeddable":true,"href":"https:\/\/barneleker.no\/index.php\/wp-json\/wp\/v2\/product_tag?post=14003"}],"curies":[{"name":"wp","href":"https:\/\/api.w.org\/{rel}","templated":true}]}}