{"id":14023,"date":"2022-02-08T20:00:07","date_gmt":"2022-02-08T20:00:07","guid":{"rendered":"https:\/\/barneleker.no\/index.php\/product\/lego-super-mario-71368-ekstrabanen-toads-skattejakt\/"},"modified":"2022-02-08T20:00:07","modified_gmt":"2022-02-08T20:00:07","slug":"lego-super-mario-71368-ekstrabanen-toads-skattejakt","status":"publish","type":"product","link":"https:\/\/barneleker.no\/index.php\/product\/lego-super-mario-71368-ekstrabanen-toads-skattejakt\/","title":{"rendered":"LEGO Super Mario 71368, Ekstrabanen Toads skattejakt"},"content":{"rendered":"<p>Spillere m\u00e5 beseire fiender og h\u00e5ndtere utfordringer i Toad Village i LEGO\u00ae Super Mario\u2122 Ekstrabanen Toads skattejakt (71368). En super gave som barn kan bruke sammen med LEGO Super Mario startbanesettet sitt (71360). Ekstrabanen inkluderer s\u00f8te lekefigurer av Toadette og Toad, to Cheep Cheep figurer og en Goomba. Spilleren m\u00e5 takle en bro pluss roterende plattformer for \u00e5 komme seg til 1, 2, 3-blokkene i Toad-husene, treet og skattkisten.  Digitalt forbedret bygging LEGO Super Mario gratisappen inneholder intuitive Instructions PLUS med smarte visningsverkt\u00f8y som gj\u00f8r det lettere \u00e5 bygge. Appen inneholder ogs\u00e5 tips om g\u00f8yale og kreative m\u00e5ter \u00e5 bygge om og leke p\u00e5, og barn som kan utveksle ideer med hverandre i denne trygge plattformen.  Utallige utfordringer LEGO Super Mario samlerlekesettene passer like bra til g\u00f8yale vennekonkurranser som til alenespilling, og gir barn muligheten til \u00e5 leke med en kjent og kj\u00e6r videospillfavoritt i virkeligheten. Med startbanen, ekstrabanesettene og Power-Up-pakkene f\u00e5r barn utallige gameplay-alternativer og l\u00e6rer \u00e5 l\u00f8se problemer p\u00e5 kreative m\u00e5ter.<\/p>\n","protected":false},"excerpt":{"rendered":"<p>Spillere m\u00e5 beseire fiender og h\u00e5ndtere utfordringer i Toad Village i LEGO\u00ae Super Mario\u2122 Ekstrabanen Toads skattejakt (71368). En super gave som barn kan bruke&hellip;<\/p>\n","protected":false},"featured_media":14022,"comment_status":"open","ping_status":"closed","template":"","meta":[],"product_brand":[],"product_cat":[547],"product_tag":[],"class_list":{"0":"post-14023","1":"product","2":"type-product","3":"status-publish","4":"has-post-thumbnail","6":"product_cat-set-interaktiva-lego","8":"first","9":"instock","10":"shipping-taxable","11":"product-type-external","12":"customify-col"},"yoast_head":"<!-- This site is optimized with the Yoast SEO plugin v26.0 - https:\/\/yoast.com\/wordpress\/plugins\/seo\/ -->\n<title>LEGO Super Mario 71368, Ekstrabanen Toads skattejakt - Barneleker.no<\/title>\n<meta name=\"robots\" content=\"index, follow, max-snippet:-1, max-image-preview:large, max-video-preview:-1\" \/>\n<link rel=\"canonical\" href=\"https:\/\/barneleker.no\/index.php\/product\/lego-super-mario-71368-ekstrabanen-toads-skattejakt\/\" \/>\n<meta property=\"og:locale\" content=\"nb_NO\" \/>\n<meta property=\"og:type\" content=\"article\" \/>\n<meta property=\"og:title\" content=\"LEGO Super Mario 71368, Ekstrabanen Toads skattejakt - Barneleker.no\" \/>\n<meta property=\"og:description\" content=\"Spillere m\u00e5 beseire fiender og h\u00e5ndtere utfordringer i Toad Village i LEGO\u00ae Super Mario\u2122 Ekstrabanen Toads skattejakt (71368). En super gave som barn kan bruke&hellip;\" \/>\n<meta property=\"og:url\" content=\"https:\/\/barneleker.no\/index.php\/product\/lego-super-mario-71368-ekstrabanen-toads-skattejakt\/\" \/>\n<meta property=\"og:site_name\" content=\"Barneleker.no\" \/>\n<meta name=\"twitter:card\" content=\"summary_large_image\" \/>\n<meta name=\"twitter:label1\" content=\"Ansl. lesetid\" \/>\n\t<meta name=\"twitter:data1\" content=\"1 minutt\" \/>\n<script type=\"application\/ld+json\" class=\"yoast-schema-graph\">{\"@context\":\"https:\/\/schema.org\",\"@graph\":[{\"@type\":\"WebPage\",\"@id\":\"https:\/\/barneleker.no\/index.php\/product\/lego-super-mario-71368-ekstrabanen-toads-skattejakt\/\",\"url\":\"https:\/\/barneleker.no\/index.php\/product\/lego-super-mario-71368-ekstrabanen-toads-skattejakt\/\",\"name\":\"LEGO Super Mario 71368, Ekstrabanen Toads skattejakt - Barneleker.no\",\"isPartOf\":{\"@id\":\"https:\/\/barneleker.no\/#website\"},\"primaryImageOfPage\":{\"@id\":\"https:\/\/barneleker.no\/index.php\/product\/lego-super-mario-71368-ekstrabanen-toads-skattejakt\/#primaryimage\"},\"image\":{\"@id\":\"https:\/\/barneleker.no\/index.php\/product\/lego-super-mario-71368-ekstrabanen-toads-skattejakt\/#primaryimage\"},\"thumbnailUrl\":\"https:\/\/barneleker.no\/wp-content\/uploads\/2022\/02\/lego-super-mario-71368-ekstrabanen-toads-skattejakt.jpg\",\"datePublished\":\"2022-02-08T20:00:07+00:00\",\"breadcrumb\":{\"@id\":\"https:\/\/barneleker.no\/index.php\/product\/lego-super-mario-71368-ekstrabanen-toads-skattejakt\/#breadcrumb\"},\"inLanguage\":\"nb-NO\",\"potentialAction\":[{\"@type\":\"ReadAction\",\"target\":[\"https:\/\/barneleker.no\/index.php\/product\/lego-super-mario-71368-ekstrabanen-toads-skattejakt\/\"]}]},{\"@type\":\"ImageObject\",\"inLanguage\":\"nb-NO\",\"@id\":\"https:\/\/barneleker.no\/index.php\/product\/lego-super-mario-71368-ekstrabanen-toads-skattejakt\/#primaryimage\",\"url\":\"https:\/\/barneleker.no\/wp-content\/uploads\/2022\/02\/lego-super-mario-71368-ekstrabanen-toads-skattejakt.jpg\",\"contentUrl\":\"https:\/\/barneleker.no\/wp-content\/uploads\/2022\/02\/lego-super-mario-71368-ekstrabanen-toads-skattejakt.jpg\",\"width\":555,\"height\":555},{\"@type\":\"BreadcrumbList\",\"@id\":\"https:\/\/barneleker.no\/index.php\/product\/lego-super-mario-71368-ekstrabanen-toads-skattejakt\/#breadcrumb\",\"itemListElement\":[{\"@type\":\"ListItem\",\"position\":1,\"name\":\"Butikken\",\"item\":\"https:\/\/barneleker.no\/\"},{\"@type\":\"ListItem\",\"position\":2,\"name\":\"LEGO Super Mario 71368, Ekstrabanen Toads skattejakt\"}]},{\"@type\":\"WebSite\",\"@id\":\"https:\/\/barneleker.no\/#website\",\"url\":\"https:\/\/barneleker.no\/\",\"name\":\"Barneleker.no\",\"description\":\"Selvf\u00f8lgelig!\",\"publisher\":{\"@id\":\"https:\/\/barneleker.no\/#organization\"},\"potentialAction\":[{\"@type\":\"SearchAction\",\"target\":{\"@type\":\"EntryPoint\",\"urlTemplate\":\"https:\/\/barneleker.no\/?s={search_term_string}\"},\"query-input\":{\"@type\":\"PropertyValueSpecification\",\"valueRequired\":true,\"valueName\":\"search_term_string\"}}],\"inLanguage\":\"nb-NO\"},{\"@type\":\"Organization\",\"@id\":\"https:\/\/barneleker.no\/#organization\",\"name\":\"Barneleker.no\",\"url\":\"https:\/\/barneleker.no\/\",\"logo\":{\"@type\":\"ImageObject\",\"inLanguage\":\"nb-NO\",\"@id\":\"https:\/\/barneleker.no\/#\/schema\/logo\/image\/\",\"url\":\"https:\/\/barneleker.no\/wp-content\/uploads\/2021\/11\/barneleker_logo-780x150-1.jpg\",\"contentUrl\":\"https:\/\/barneleker.no\/wp-content\/uploads\/2021\/11\/barneleker_logo-780x150-1.jpg\",\"width\":780,\"height\":150,\"caption\":\"Barneleker.no\"},\"image\":{\"@id\":\"https:\/\/barneleker.no\/#\/schema\/logo\/image\/\"}}]}<\/script>\n<!-- \/ Yoast SEO plugin. -->","yoast_head_json":{"title":"LEGO Super Mario 71368, Ekstrabanen Toads skattejakt - Barneleker.no","robots":{"index":"index","follow":"follow","max-snippet":"max-snippet:-1","max-image-preview":"max-image-preview:large","max-video-preview":"max-video-preview:-1"},"canonical":"https:\/\/barneleker.no\/index.php\/product\/lego-super-mario-71368-ekstrabanen-toads-skattejakt\/","og_locale":"nb_NO","og_type":"article","og_title":"LEGO Super Mario 71368, Ekstrabanen Toads skattejakt - Barneleker.no","og_description":"Spillere m\u00e5 beseire fiender og h\u00e5ndtere utfordringer i Toad Village i LEGO\u00ae Super Mario\u2122 Ekstrabanen Toads skattejakt (71368). En super gave som barn kan bruke&hellip;","og_url":"https:\/\/barneleker.no\/index.php\/product\/lego-super-mario-71368-ekstrabanen-toads-skattejakt\/","og_site_name":"Barneleker.no","twitter_card":"summary_large_image","twitter_misc":{"Ansl. lesetid":"1 minutt"},"schema":{"@context":"https:\/\/schema.org","@graph":[{"@type":"WebPage","@id":"https:\/\/barneleker.no\/index.php\/product\/lego-super-mario-71368-ekstrabanen-toads-skattejakt\/","url":"https:\/\/barneleker.no\/index.php\/product\/lego-super-mario-71368-ekstrabanen-toads-skattejakt\/","name":"LEGO Super Mario 71368, Ekstrabanen Toads skattejakt - Barneleker.no","isPartOf":{"@id":"https:\/\/barneleker.no\/#website"},"primaryImageOfPage":{"@id":"https:\/\/barneleker.no\/index.php\/product\/lego-super-mario-71368-ekstrabanen-toads-skattejakt\/#primaryimage"},"image":{"@id":"https:\/\/barneleker.no\/index.php\/product\/lego-super-mario-71368-ekstrabanen-toads-skattejakt\/#primaryimage"},"thumbnailUrl":"https:\/\/barneleker.no\/wp-content\/uploads\/2022\/02\/lego-super-mario-71368-ekstrabanen-toads-skattejakt.jpg","datePublished":"2022-02-08T20:00:07+00:00","breadcrumb":{"@id":"https:\/\/barneleker.no\/index.php\/product\/lego-super-mario-71368-ekstrabanen-toads-skattejakt\/#breadcrumb"},"inLanguage":"nb-NO","potentialAction":[{"@type":"ReadAction","target":["https:\/\/barneleker.no\/index.php\/product\/lego-super-mario-71368-ekstrabanen-toads-skattejakt\/"]}]},{"@type":"ImageObject","inLanguage":"nb-NO","@id":"https:\/\/barneleker.no\/index.php\/product\/lego-super-mario-71368-ekstrabanen-toads-skattejakt\/#primaryimage","url":"https:\/\/barneleker.no\/wp-content\/uploads\/2022\/02\/lego-super-mario-71368-ekstrabanen-toads-skattejakt.jpg","contentUrl":"https:\/\/barneleker.no\/wp-content\/uploads\/2022\/02\/lego-super-mario-71368-ekstrabanen-toads-skattejakt.jpg","width":555,"height":555},{"@type":"BreadcrumbList","@id":"https:\/\/barneleker.no\/index.php\/product\/lego-super-mario-71368-ekstrabanen-toads-skattejakt\/#breadcrumb","itemListElement":[{"@type":"ListItem","position":1,"name":"Butikken","item":"https:\/\/barneleker.no\/"},{"@type":"ListItem","position":2,"name":"LEGO Super Mario 71368, Ekstrabanen Toads skattejakt"}]},{"@type":"WebSite","@id":"https:\/\/barneleker.no\/#website","url":"https:\/\/barneleker.no\/","name":"Barneleker.no","description":"Selvf\u00f8lgelig!","publisher":{"@id":"https:\/\/barneleker.no\/#organization"},"potentialAction":[{"@type":"SearchAction","target":{"@type":"EntryPoint","urlTemplate":"https:\/\/barneleker.no\/?s={search_term_string}"},"query-input":{"@type":"PropertyValueSpecification","valueRequired":true,"valueName":"search_term_string"}}],"inLanguage":"nb-NO"},{"@type":"Organization","@id":"https:\/\/barneleker.no\/#organization","name":"Barneleker.no","url":"https:\/\/barneleker.no\/","logo":{"@type":"ImageObject","inLanguage":"nb-NO","@id":"https:\/\/barneleker.no\/#\/schema\/logo\/image\/","url":"https:\/\/barneleker.no\/wp-content\/uploads\/2021\/11\/barneleker_logo-780x150-1.jpg","contentUrl":"https:\/\/barneleker.no\/wp-content\/uploads\/2021\/11\/barneleker_logo-780x150-1.jpg","width":780,"height":150,"caption":"Barneleker.no"},"image":{"@id":"https:\/\/barneleker.no\/#\/schema\/logo\/image\/"}}]}},"_links":{"self":[{"href":"https:\/\/barneleker.no\/index.php\/wp-json\/wp\/v2\/product\/14023","targetHints":{"allow":["GET"]}}],"collection":[{"href":"https:\/\/barneleker.no\/index.php\/wp-json\/wp\/v2\/product"}],"about":[{"href":"https:\/\/barneleker.no\/index.php\/wp-json\/wp\/v2\/types\/product"}],"replies":[{"embeddable":true,"href":"https:\/\/barneleker.no\/index.php\/wp-json\/wp\/v2\/comments?post=14023"}],"wp:featuredmedia":[{"embeddable":true,"href":"https:\/\/barneleker.no\/index.php\/wp-json\/wp\/v2\/media\/14022"}],"wp:attachment":[{"href":"https:\/\/barneleker.no\/index.php\/wp-json\/wp\/v2\/media?parent=14023"}],"wp:term":[{"taxonomy":"product_brand","embeddable":true,"href":"https:\/\/barneleker.no\/index.php\/wp-json\/wp\/v2\/product_brand?post=14023"},{"taxonomy":"product_cat","embeddable":true,"href":"https:\/\/barneleker.no\/index.php\/wp-json\/wp\/v2\/product_cat?post=14023"},{"taxonomy":"product_tag","embeddable":true,"href":"https:\/\/barneleker.no\/index.php\/wp-json\/wp\/v2\/product_tag?post=14023"}],"curies":[{"name":"wp","href":"https:\/\/api.w.org\/{rel}","templated":true}]}}