{"id":14027,"date":"2022-02-08T20:00:08","date_gmt":"2022-02-08T20:00:08","guid":{"rendered":"https:\/\/barneleker.no\/index.php\/product\/fisher-price-little-people-brannbil\/"},"modified":"2022-02-08T20:00:08","modified_gmt":"2022-02-08T20:00:08","slug":"fisher-price-little-people-brannbil","status":"publish","type":"product","link":"https:\/\/barneleker.no\/index.php\/product\/fisher-price-little-people-brannbil\/","title":{"rendered":"Fisher Price, Little People Brannbil"},"content":{"rendered":"<p>Sm\u00e5 barn elsker \u00e5 sende brannmann Erika og hennes partner brannmann Karson avg\u00e5rde med Little People\u00ae Helping Others Brannbilen. Trenger noen hjelp? Til redning! Trykk en figur ned p\u00e5 f\u00f8rersetet for \u00e5 h\u00f8re realistiske lyder, ord og morsomme sanger om teamwork og hjelp til andre. Barn vil elske \u00e5 leke alle slags spennende redningsaksjoner med denne Little People\u00ae brannbilen. Takket v\u00e6re bilen, som er lett \u00e5 gripe fatt i, og brannmann figurene, kan sm\u00e5rollingene bruke fantasien og lage historier mens de leker. N\u00e5r barn oppdager hvordan de skal aktivere sanger, lyder, lys og ord ved \u00e5 trykke ned p\u00e5 f\u00f8rersetet, blir de introdusert for \u00e5rsak og virkning. Trykk p\u00e5 globusknappen for \u00e5 velge spr\u00e5k: svensk, dansk, finsk, norsk eller engelsk.<\/p>\n","protected":false},"excerpt":{"rendered":"<p>Sm\u00e5 barn elsker \u00e5 sende brannmann Erika og hennes partner brannmann Karson avg\u00e5rde med Little People\u00ae Helping Others Brannbilen. Trenger noen hjelp? Til redning! Trykk&hellip;<\/p>\n","protected":false},"featured_media":14026,"comment_status":"open","ping_status":"closed","template":"","meta":[],"product_brand":[],"product_cat":[410],"product_tag":[],"class_list":{"0":"post-14027","1":"product","2":"type-product","3":"status-publish","4":"has-post-thumbnail","6":"product_cat-fordon-babyleksaker","8":"first","9":"instock","10":"shipping-taxable","11":"product-type-external","12":"customify-col"},"yoast_head":"<!-- This site is optimized with the Yoast SEO plugin v26.0 - https:\/\/yoast.com\/wordpress\/plugins\/seo\/ -->\n<title>Fisher Price, Little People Brannbil - Barneleker.no<\/title>\n<meta name=\"robots\" content=\"index, follow, max-snippet:-1, max-image-preview:large, max-video-preview:-1\" \/>\n<link rel=\"canonical\" href=\"https:\/\/barneleker.no\/index.php\/product\/fisher-price-little-people-brannbil\/\" \/>\n<meta property=\"og:locale\" content=\"nb_NO\" \/>\n<meta property=\"og:type\" content=\"article\" \/>\n<meta property=\"og:title\" content=\"Fisher Price, Little People Brannbil - Barneleker.no\" \/>\n<meta property=\"og:description\" content=\"Sm\u00e5 barn elsker \u00e5 sende brannmann Erika og hennes partner brannmann Karson avg\u00e5rde med Little People\u00ae Helping Others Brannbilen. Trenger noen hjelp? Til redning! Trykk&hellip;\" \/>\n<meta property=\"og:url\" content=\"https:\/\/barneleker.no\/index.php\/product\/fisher-price-little-people-brannbil\/\" \/>\n<meta property=\"og:site_name\" content=\"Barneleker.no\" \/>\n<meta name=\"twitter:card\" content=\"summary_large_image\" \/>\n<meta name=\"twitter:label1\" content=\"Ansl. lesetid\" \/>\n\t<meta name=\"twitter:data1\" content=\"1 minutt\" \/>\n<script type=\"application\/ld+json\" class=\"yoast-schema-graph\">{\"@context\":\"https:\/\/schema.org\",\"@graph\":[{\"@type\":\"WebPage\",\"@id\":\"https:\/\/barneleker.no\/index.php\/product\/fisher-price-little-people-brannbil\/\",\"url\":\"https:\/\/barneleker.no\/index.php\/product\/fisher-price-little-people-brannbil\/\",\"name\":\"Fisher Price, Little People Brannbil - Barneleker.no\",\"isPartOf\":{\"@id\":\"https:\/\/barneleker.no\/#website\"},\"primaryImageOfPage\":{\"@id\":\"https:\/\/barneleker.no\/index.php\/product\/fisher-price-little-people-brannbil\/#primaryimage\"},\"image\":{\"@id\":\"https:\/\/barneleker.no\/index.php\/product\/fisher-price-little-people-brannbil\/#primaryimage\"},\"thumbnailUrl\":\"https:\/\/barneleker.no\/wp-content\/uploads\/2022\/02\/fisher-price-little-people-brannbil.jpg\",\"datePublished\":\"2022-02-08T20:00:08+00:00\",\"breadcrumb\":{\"@id\":\"https:\/\/barneleker.no\/index.php\/product\/fisher-price-little-people-brannbil\/#breadcrumb\"},\"inLanguage\":\"nb-NO\",\"potentialAction\":[{\"@type\":\"ReadAction\",\"target\":[\"https:\/\/barneleker.no\/index.php\/product\/fisher-price-little-people-brannbil\/\"]}]},{\"@type\":\"ImageObject\",\"inLanguage\":\"nb-NO\",\"@id\":\"https:\/\/barneleker.no\/index.php\/product\/fisher-price-little-people-brannbil\/#primaryimage\",\"url\":\"https:\/\/barneleker.no\/wp-content\/uploads\/2022\/02\/fisher-price-little-people-brannbil.jpg\",\"contentUrl\":\"https:\/\/barneleker.no\/wp-content\/uploads\/2022\/02\/fisher-price-little-people-brannbil.jpg\",\"width\":555,\"height\":555},{\"@type\":\"BreadcrumbList\",\"@id\":\"https:\/\/barneleker.no\/index.php\/product\/fisher-price-little-people-brannbil\/#breadcrumb\",\"itemListElement\":[{\"@type\":\"ListItem\",\"position\":1,\"name\":\"Butikken\",\"item\":\"https:\/\/barneleker.no\/\"},{\"@type\":\"ListItem\",\"position\":2,\"name\":\"Fisher Price, Little People Brannbil\"}]},{\"@type\":\"WebSite\",\"@id\":\"https:\/\/barneleker.no\/#website\",\"url\":\"https:\/\/barneleker.no\/\",\"name\":\"Barneleker.no\",\"description\":\"Selvf\u00f8lgelig!\",\"publisher\":{\"@id\":\"https:\/\/barneleker.no\/#organization\"},\"potentialAction\":[{\"@type\":\"SearchAction\",\"target\":{\"@type\":\"EntryPoint\",\"urlTemplate\":\"https:\/\/barneleker.no\/?s={search_term_string}\"},\"query-input\":{\"@type\":\"PropertyValueSpecification\",\"valueRequired\":true,\"valueName\":\"search_term_string\"}}],\"inLanguage\":\"nb-NO\"},{\"@type\":\"Organization\",\"@id\":\"https:\/\/barneleker.no\/#organization\",\"name\":\"Barneleker.no\",\"url\":\"https:\/\/barneleker.no\/\",\"logo\":{\"@type\":\"ImageObject\",\"inLanguage\":\"nb-NO\",\"@id\":\"https:\/\/barneleker.no\/#\/schema\/logo\/image\/\",\"url\":\"https:\/\/barneleker.no\/wp-content\/uploads\/2021\/11\/barneleker_logo-780x150-1.jpg\",\"contentUrl\":\"https:\/\/barneleker.no\/wp-content\/uploads\/2021\/11\/barneleker_logo-780x150-1.jpg\",\"width\":780,\"height\":150,\"caption\":\"Barneleker.no\"},\"image\":{\"@id\":\"https:\/\/barneleker.no\/#\/schema\/logo\/image\/\"}}]}<\/script>\n<!-- \/ Yoast SEO plugin. -->","yoast_head_json":{"title":"Fisher Price, Little People Brannbil - Barneleker.no","robots":{"index":"index","follow":"follow","max-snippet":"max-snippet:-1","max-image-preview":"max-image-preview:large","max-video-preview":"max-video-preview:-1"},"canonical":"https:\/\/barneleker.no\/index.php\/product\/fisher-price-little-people-brannbil\/","og_locale":"nb_NO","og_type":"article","og_title":"Fisher Price, Little People Brannbil - Barneleker.no","og_description":"Sm\u00e5 barn elsker \u00e5 sende brannmann Erika og hennes partner brannmann Karson avg\u00e5rde med Little People\u00ae Helping Others Brannbilen. Trenger noen hjelp? Til redning! Trykk&hellip;","og_url":"https:\/\/barneleker.no\/index.php\/product\/fisher-price-little-people-brannbil\/","og_site_name":"Barneleker.no","twitter_card":"summary_large_image","twitter_misc":{"Ansl. lesetid":"1 minutt"},"schema":{"@context":"https:\/\/schema.org","@graph":[{"@type":"WebPage","@id":"https:\/\/barneleker.no\/index.php\/product\/fisher-price-little-people-brannbil\/","url":"https:\/\/barneleker.no\/index.php\/product\/fisher-price-little-people-brannbil\/","name":"Fisher Price, Little People Brannbil - Barneleker.no","isPartOf":{"@id":"https:\/\/barneleker.no\/#website"},"primaryImageOfPage":{"@id":"https:\/\/barneleker.no\/index.php\/product\/fisher-price-little-people-brannbil\/#primaryimage"},"image":{"@id":"https:\/\/barneleker.no\/index.php\/product\/fisher-price-little-people-brannbil\/#primaryimage"},"thumbnailUrl":"https:\/\/barneleker.no\/wp-content\/uploads\/2022\/02\/fisher-price-little-people-brannbil.jpg","datePublished":"2022-02-08T20:00:08+00:00","breadcrumb":{"@id":"https:\/\/barneleker.no\/index.php\/product\/fisher-price-little-people-brannbil\/#breadcrumb"},"inLanguage":"nb-NO","potentialAction":[{"@type":"ReadAction","target":["https:\/\/barneleker.no\/index.php\/product\/fisher-price-little-people-brannbil\/"]}]},{"@type":"ImageObject","inLanguage":"nb-NO","@id":"https:\/\/barneleker.no\/index.php\/product\/fisher-price-little-people-brannbil\/#primaryimage","url":"https:\/\/barneleker.no\/wp-content\/uploads\/2022\/02\/fisher-price-little-people-brannbil.jpg","contentUrl":"https:\/\/barneleker.no\/wp-content\/uploads\/2022\/02\/fisher-price-little-people-brannbil.jpg","width":555,"height":555},{"@type":"BreadcrumbList","@id":"https:\/\/barneleker.no\/index.php\/product\/fisher-price-little-people-brannbil\/#breadcrumb","itemListElement":[{"@type":"ListItem","position":1,"name":"Butikken","item":"https:\/\/barneleker.no\/"},{"@type":"ListItem","position":2,"name":"Fisher Price, Little People Brannbil"}]},{"@type":"WebSite","@id":"https:\/\/barneleker.no\/#website","url":"https:\/\/barneleker.no\/","name":"Barneleker.no","description":"Selvf\u00f8lgelig!","publisher":{"@id":"https:\/\/barneleker.no\/#organization"},"potentialAction":[{"@type":"SearchAction","target":{"@type":"EntryPoint","urlTemplate":"https:\/\/barneleker.no\/?s={search_term_string}"},"query-input":{"@type":"PropertyValueSpecification","valueRequired":true,"valueName":"search_term_string"}}],"inLanguage":"nb-NO"},{"@type":"Organization","@id":"https:\/\/barneleker.no\/#organization","name":"Barneleker.no","url":"https:\/\/barneleker.no\/","logo":{"@type":"ImageObject","inLanguage":"nb-NO","@id":"https:\/\/barneleker.no\/#\/schema\/logo\/image\/","url":"https:\/\/barneleker.no\/wp-content\/uploads\/2021\/11\/barneleker_logo-780x150-1.jpg","contentUrl":"https:\/\/barneleker.no\/wp-content\/uploads\/2021\/11\/barneleker_logo-780x150-1.jpg","width":780,"height":150,"caption":"Barneleker.no"},"image":{"@id":"https:\/\/barneleker.no\/#\/schema\/logo\/image\/"}}]}},"_links":{"self":[{"href":"https:\/\/barneleker.no\/index.php\/wp-json\/wp\/v2\/product\/14027","targetHints":{"allow":["GET"]}}],"collection":[{"href":"https:\/\/barneleker.no\/index.php\/wp-json\/wp\/v2\/product"}],"about":[{"href":"https:\/\/barneleker.no\/index.php\/wp-json\/wp\/v2\/types\/product"}],"replies":[{"embeddable":true,"href":"https:\/\/barneleker.no\/index.php\/wp-json\/wp\/v2\/comments?post=14027"}],"wp:featuredmedia":[{"embeddable":true,"href":"https:\/\/barneleker.no\/index.php\/wp-json\/wp\/v2\/media\/14026"}],"wp:attachment":[{"href":"https:\/\/barneleker.no\/index.php\/wp-json\/wp\/v2\/media?parent=14027"}],"wp:term":[{"taxonomy":"product_brand","embeddable":true,"href":"https:\/\/barneleker.no\/index.php\/wp-json\/wp\/v2\/product_brand?post=14027"},{"taxonomy":"product_cat","embeddable":true,"href":"https:\/\/barneleker.no\/index.php\/wp-json\/wp\/v2\/product_cat?post=14027"},{"taxonomy":"product_tag","embeddable":true,"href":"https:\/\/barneleker.no\/index.php\/wp-json\/wp\/v2\/product_tag?post=14027"}],"curies":[{"name":"wp","href":"https:\/\/api.w.org\/{rel}","templated":true}]}}