{"id":14039,"date":"2022-02-08T20:00:13","date_gmt":"2022-02-08T20:00:13","guid":{"rendered":"https:\/\/barneleker.no\/index.php\/product\/lego-creator-expert-21318-trehytte\/"},"modified":"2022-02-08T20:00:13","modified_gmt":"2022-02-08T20:00:13","slug":"lego-creator-expert-21318-trehytte","status":"publish","type":"product","link":"https:\/\/barneleker.no\/index.php\/product\/lego-creator-expert-21318-trehytte\/","title":{"rendered":"LEGO Creator Expert 21318, Trehytte"},"content":{"rendered":"<p>Ta byggeutfordringen, og sett pris p\u00e5 alle \u00e5rets \u00e5rstider med samlerleken LEGO\u00ae Ideas Trehytte! Dette kule, kreative leket\u00f8yet som ble designet av en LEGO fan, inneholder over 180 bladelementer og en rekke planteelementer, alt i b\u00e6rekraftig plantebasert plast. Velg enten gr\u00f8nne sommerblader eller gule og brune h\u00f8stblader for \u00e5 designe din egen LEGO plante av planter. Fjern tretoppen og taket fra de tre hyttene for \u00e5 leke innvendig sammen med mor, far og de to barna. L\u00f8ft opp elementene ved hjelp av kranen p\u00e5 soveromsbalkongen i hytta. Bruk skattekartet for \u00e5 finne en skjult skatt, og lek med husken. Dere kan ogs\u00e5 slappe av og spise litt mat ved piknik-bordet ved bekken.<\/p>\n","protected":false},"excerpt":{"rendered":"<p>Ta byggeutfordringen, og sett pris p\u00e5 alle \u00e5rets \u00e5rstider med samlerleken LEGO\u00ae Ideas Trehytte! Dette kule, kreative leket\u00f8yet som ble designet av en LEGO fan,&hellip;<\/p>\n","protected":false},"featured_media":14038,"comment_status":"open","ping_status":"closed","template":"","meta":[],"product_brand":[],"product_cat":[528],"product_tag":[],"class_list":{"0":"post-14039","1":"product","2":"type-product","3":"status-publish","4":"has-post-thumbnail","6":"product_cat-set-exklusiva-lego","8":"first","9":"instock","10":"shipping-taxable","11":"product-type-external","12":"customify-col"},"yoast_head":"<!-- This site is optimized with the Yoast SEO plugin v26.0 - https:\/\/yoast.com\/wordpress\/plugins\/seo\/ -->\n<title>LEGO Creator Expert 21318, Trehytte - Barneleker.no<\/title>\n<meta name=\"robots\" content=\"index, follow, max-snippet:-1, max-image-preview:large, max-video-preview:-1\" \/>\n<link rel=\"canonical\" href=\"https:\/\/barneleker.no\/index.php\/product\/lego-creator-expert-21318-trehytte\/\" \/>\n<meta property=\"og:locale\" content=\"nb_NO\" \/>\n<meta property=\"og:type\" content=\"article\" \/>\n<meta property=\"og:title\" content=\"LEGO Creator Expert 21318, Trehytte - Barneleker.no\" \/>\n<meta property=\"og:description\" content=\"Ta byggeutfordringen, og sett pris p\u00e5 alle \u00e5rets \u00e5rstider med samlerleken LEGO\u00ae Ideas Trehytte! Dette kule, kreative leket\u00f8yet som ble designet av en LEGO fan,&hellip;\" \/>\n<meta property=\"og:url\" content=\"https:\/\/barneleker.no\/index.php\/product\/lego-creator-expert-21318-trehytte\/\" \/>\n<meta property=\"og:site_name\" content=\"Barneleker.no\" \/>\n<meta name=\"twitter:card\" content=\"summary_large_image\" \/>\n<meta name=\"twitter:label1\" content=\"Ansl. lesetid\" \/>\n\t<meta name=\"twitter:data1\" content=\"1 minutt\" \/>\n<script type=\"application\/ld+json\" class=\"yoast-schema-graph\">{\"@context\":\"https:\/\/schema.org\",\"@graph\":[{\"@type\":\"WebPage\",\"@id\":\"https:\/\/barneleker.no\/index.php\/product\/lego-creator-expert-21318-trehytte\/\",\"url\":\"https:\/\/barneleker.no\/index.php\/product\/lego-creator-expert-21318-trehytte\/\",\"name\":\"LEGO Creator Expert 21318, Trehytte - Barneleker.no\",\"isPartOf\":{\"@id\":\"https:\/\/barneleker.no\/#website\"},\"primaryImageOfPage\":{\"@id\":\"https:\/\/barneleker.no\/index.php\/product\/lego-creator-expert-21318-trehytte\/#primaryimage\"},\"image\":{\"@id\":\"https:\/\/barneleker.no\/index.php\/product\/lego-creator-expert-21318-trehytte\/#primaryimage\"},\"thumbnailUrl\":\"https:\/\/barneleker.no\/wp-content\/uploads\/2022\/02\/lego-creator-expert-21318-trehytte.jpg\",\"datePublished\":\"2022-02-08T20:00:13+00:00\",\"breadcrumb\":{\"@id\":\"https:\/\/barneleker.no\/index.php\/product\/lego-creator-expert-21318-trehytte\/#breadcrumb\"},\"inLanguage\":\"nb-NO\",\"potentialAction\":[{\"@type\":\"ReadAction\",\"target\":[\"https:\/\/barneleker.no\/index.php\/product\/lego-creator-expert-21318-trehytte\/\"]}]},{\"@type\":\"ImageObject\",\"inLanguage\":\"nb-NO\",\"@id\":\"https:\/\/barneleker.no\/index.php\/product\/lego-creator-expert-21318-trehytte\/#primaryimage\",\"url\":\"https:\/\/barneleker.no\/wp-content\/uploads\/2022\/02\/lego-creator-expert-21318-trehytte.jpg\",\"contentUrl\":\"https:\/\/barneleker.no\/wp-content\/uploads\/2022\/02\/lego-creator-expert-21318-trehytte.jpg\",\"width\":555,\"height\":555},{\"@type\":\"BreadcrumbList\",\"@id\":\"https:\/\/barneleker.no\/index.php\/product\/lego-creator-expert-21318-trehytte\/#breadcrumb\",\"itemListElement\":[{\"@type\":\"ListItem\",\"position\":1,\"name\":\"Butikken\",\"item\":\"https:\/\/barneleker.no\/\"},{\"@type\":\"ListItem\",\"position\":2,\"name\":\"LEGO Creator Expert 21318, Trehytte\"}]},{\"@type\":\"WebSite\",\"@id\":\"https:\/\/barneleker.no\/#website\",\"url\":\"https:\/\/barneleker.no\/\",\"name\":\"Barneleker.no\",\"description\":\"Selvf\u00f8lgelig!\",\"publisher\":{\"@id\":\"https:\/\/barneleker.no\/#organization\"},\"potentialAction\":[{\"@type\":\"SearchAction\",\"target\":{\"@type\":\"EntryPoint\",\"urlTemplate\":\"https:\/\/barneleker.no\/?s={search_term_string}\"},\"query-input\":{\"@type\":\"PropertyValueSpecification\",\"valueRequired\":true,\"valueName\":\"search_term_string\"}}],\"inLanguage\":\"nb-NO\"},{\"@type\":\"Organization\",\"@id\":\"https:\/\/barneleker.no\/#organization\",\"name\":\"Barneleker.no\",\"url\":\"https:\/\/barneleker.no\/\",\"logo\":{\"@type\":\"ImageObject\",\"inLanguage\":\"nb-NO\",\"@id\":\"https:\/\/barneleker.no\/#\/schema\/logo\/image\/\",\"url\":\"https:\/\/barneleker.no\/wp-content\/uploads\/2021\/11\/barneleker_logo-780x150-1.jpg\",\"contentUrl\":\"https:\/\/barneleker.no\/wp-content\/uploads\/2021\/11\/barneleker_logo-780x150-1.jpg\",\"width\":780,\"height\":150,\"caption\":\"Barneleker.no\"},\"image\":{\"@id\":\"https:\/\/barneleker.no\/#\/schema\/logo\/image\/\"}}]}<\/script>\n<!-- \/ Yoast SEO plugin. -->","yoast_head_json":{"title":"LEGO Creator Expert 21318, Trehytte - Barneleker.no","robots":{"index":"index","follow":"follow","max-snippet":"max-snippet:-1","max-image-preview":"max-image-preview:large","max-video-preview":"max-video-preview:-1"},"canonical":"https:\/\/barneleker.no\/index.php\/product\/lego-creator-expert-21318-trehytte\/","og_locale":"nb_NO","og_type":"article","og_title":"LEGO Creator Expert 21318, Trehytte - Barneleker.no","og_description":"Ta byggeutfordringen, og sett pris p\u00e5 alle \u00e5rets \u00e5rstider med samlerleken LEGO\u00ae Ideas Trehytte! Dette kule, kreative leket\u00f8yet som ble designet av en LEGO fan,&hellip;","og_url":"https:\/\/barneleker.no\/index.php\/product\/lego-creator-expert-21318-trehytte\/","og_site_name":"Barneleker.no","twitter_card":"summary_large_image","twitter_misc":{"Ansl. lesetid":"1 minutt"},"schema":{"@context":"https:\/\/schema.org","@graph":[{"@type":"WebPage","@id":"https:\/\/barneleker.no\/index.php\/product\/lego-creator-expert-21318-trehytte\/","url":"https:\/\/barneleker.no\/index.php\/product\/lego-creator-expert-21318-trehytte\/","name":"LEGO Creator Expert 21318, Trehytte - Barneleker.no","isPartOf":{"@id":"https:\/\/barneleker.no\/#website"},"primaryImageOfPage":{"@id":"https:\/\/barneleker.no\/index.php\/product\/lego-creator-expert-21318-trehytte\/#primaryimage"},"image":{"@id":"https:\/\/barneleker.no\/index.php\/product\/lego-creator-expert-21318-trehytte\/#primaryimage"},"thumbnailUrl":"https:\/\/barneleker.no\/wp-content\/uploads\/2022\/02\/lego-creator-expert-21318-trehytte.jpg","datePublished":"2022-02-08T20:00:13+00:00","breadcrumb":{"@id":"https:\/\/barneleker.no\/index.php\/product\/lego-creator-expert-21318-trehytte\/#breadcrumb"},"inLanguage":"nb-NO","potentialAction":[{"@type":"ReadAction","target":["https:\/\/barneleker.no\/index.php\/product\/lego-creator-expert-21318-trehytte\/"]}]},{"@type":"ImageObject","inLanguage":"nb-NO","@id":"https:\/\/barneleker.no\/index.php\/product\/lego-creator-expert-21318-trehytte\/#primaryimage","url":"https:\/\/barneleker.no\/wp-content\/uploads\/2022\/02\/lego-creator-expert-21318-trehytte.jpg","contentUrl":"https:\/\/barneleker.no\/wp-content\/uploads\/2022\/02\/lego-creator-expert-21318-trehytte.jpg","width":555,"height":555},{"@type":"BreadcrumbList","@id":"https:\/\/barneleker.no\/index.php\/product\/lego-creator-expert-21318-trehytte\/#breadcrumb","itemListElement":[{"@type":"ListItem","position":1,"name":"Butikken","item":"https:\/\/barneleker.no\/"},{"@type":"ListItem","position":2,"name":"LEGO Creator Expert 21318, Trehytte"}]},{"@type":"WebSite","@id":"https:\/\/barneleker.no\/#website","url":"https:\/\/barneleker.no\/","name":"Barneleker.no","description":"Selvf\u00f8lgelig!","publisher":{"@id":"https:\/\/barneleker.no\/#organization"},"potentialAction":[{"@type":"SearchAction","target":{"@type":"EntryPoint","urlTemplate":"https:\/\/barneleker.no\/?s={search_term_string}"},"query-input":{"@type":"PropertyValueSpecification","valueRequired":true,"valueName":"search_term_string"}}],"inLanguage":"nb-NO"},{"@type":"Organization","@id":"https:\/\/barneleker.no\/#organization","name":"Barneleker.no","url":"https:\/\/barneleker.no\/","logo":{"@type":"ImageObject","inLanguage":"nb-NO","@id":"https:\/\/barneleker.no\/#\/schema\/logo\/image\/","url":"https:\/\/barneleker.no\/wp-content\/uploads\/2021\/11\/barneleker_logo-780x150-1.jpg","contentUrl":"https:\/\/barneleker.no\/wp-content\/uploads\/2021\/11\/barneleker_logo-780x150-1.jpg","width":780,"height":150,"caption":"Barneleker.no"},"image":{"@id":"https:\/\/barneleker.no\/#\/schema\/logo\/image\/"}}]}},"_links":{"self":[{"href":"https:\/\/barneleker.no\/index.php\/wp-json\/wp\/v2\/product\/14039","targetHints":{"allow":["GET"]}}],"collection":[{"href":"https:\/\/barneleker.no\/index.php\/wp-json\/wp\/v2\/product"}],"about":[{"href":"https:\/\/barneleker.no\/index.php\/wp-json\/wp\/v2\/types\/product"}],"replies":[{"embeddable":true,"href":"https:\/\/barneleker.no\/index.php\/wp-json\/wp\/v2\/comments?post=14039"}],"wp:featuredmedia":[{"embeddable":true,"href":"https:\/\/barneleker.no\/index.php\/wp-json\/wp\/v2\/media\/14038"}],"wp:attachment":[{"href":"https:\/\/barneleker.no\/index.php\/wp-json\/wp\/v2\/media?parent=14039"}],"wp:term":[{"taxonomy":"product_brand","embeddable":true,"href":"https:\/\/barneleker.no\/index.php\/wp-json\/wp\/v2\/product_brand?post=14039"},{"taxonomy":"product_cat","embeddable":true,"href":"https:\/\/barneleker.no\/index.php\/wp-json\/wp\/v2\/product_cat?post=14039"},{"taxonomy":"product_tag","embeddable":true,"href":"https:\/\/barneleker.no\/index.php\/wp-json\/wp\/v2\/product_tag?post=14039"}],"curies":[{"name":"wp","href":"https:\/\/api.w.org\/{rel}","templated":true}]}}