{"id":14051,"date":"2022-02-08T20:00:17","date_gmt":"2022-02-08T20:00:17","guid":{"rendered":"https:\/\/barneleker.no\/index.php\/product\/lundby-life-dukkeskap\/"},"modified":"2022-02-08T20:00:17","modified_gmt":"2022-02-08T20:00:17","slug":"lundby-life-dukkeskap","status":"publish","type":"product","link":"https:\/\/barneleker.no\/index.php\/product\/lundby-life-dukkeskap\/","title":{"rendered":"Lundby &#8211; Life Dukkeskap"},"content":{"rendered":"<p>Med dukkehuset Lundby Life har du alt du m\u00e5tte trenge for \u00e5 skape din egen dr\u00f8mmeverden! Dette lekne dukkehuset har en \u00e5pen planl\u00f8sning, vakre bakgrunnsbilder fra Sandberg Wallpaper og d\u00f8rer malt i forskjellige lekne farger. Dekorer som du vil med trapper, lamper og alt annet lekent tilbeh\u00f8r som er tilgjengelig for Lundby. N\u00e5r du sl\u00e5r p\u00e5 de batteridrevne LED-lampene, blir dette koselige huset noe veldig spesielt! Hvem bor i huset ditt? Og hva liker de \u00e5 gj\u00f8re? I dukkeskapet Lundby Life kan du fjerne bakveggene og dermed leke i huset fra to retninger. Bakveggene i de to nederste rommene kan du snu, og du vil da f\u00e5 en fin grunnmur i rommene i f\u00f8rste etasje. Du kan ogs\u00e5 enkelt utvide huset ditt ved hjelp av Lundby Room dukkeskapsmoduler, slik at hele dukkehusfamilien f\u00e5r plass.<\/p>\n","protected":false},"excerpt":{"rendered":"<p>Med dukkehuset Lundby Life har du alt du m\u00e5tte trenge for \u00e5 skape din egen dr\u00f8mmeverden! Dette lekne dukkehuset har en \u00e5pen planl\u00f8sning, vakre bakgrunnsbilder&hellip;<\/p>\n","protected":false},"featured_media":14050,"comment_status":"open","ping_status":"closed","template":"","meta":[],"product_brand":[],"product_cat":[489],"product_tag":[],"class_list":{"0":"post-14051","1":"product","2":"type-product","3":"status-publish","4":"has-post-thumbnail","6":"product_cat-dockhus","8":"first","9":"instock","10":"shipping-taxable","11":"product-type-external","12":"customify-col"},"yoast_head":"<!-- This site is optimized with the Yoast SEO plugin v26.0 - https:\/\/yoast.com\/wordpress\/plugins\/seo\/ -->\n<title>Lundby - Life Dukkeskap - Barneleker.no<\/title>\n<meta name=\"robots\" content=\"index, follow, max-snippet:-1, max-image-preview:large, max-video-preview:-1\" \/>\n<link rel=\"canonical\" href=\"https:\/\/barneleker.no\/index.php\/product\/lundby-life-dukkeskap\/\" \/>\n<meta property=\"og:locale\" content=\"nb_NO\" \/>\n<meta property=\"og:type\" content=\"article\" \/>\n<meta property=\"og:title\" content=\"Lundby - Life Dukkeskap - Barneleker.no\" \/>\n<meta property=\"og:description\" content=\"Med dukkehuset Lundby Life har du alt du m\u00e5tte trenge for \u00e5 skape din egen dr\u00f8mmeverden! Dette lekne dukkehuset har en \u00e5pen planl\u00f8sning, vakre bakgrunnsbilder&hellip;\" \/>\n<meta property=\"og:url\" content=\"https:\/\/barneleker.no\/index.php\/product\/lundby-life-dukkeskap\/\" \/>\n<meta property=\"og:site_name\" content=\"Barneleker.no\" \/>\n<meta name=\"twitter:card\" content=\"summary_large_image\" \/>\n<meta name=\"twitter:label1\" content=\"Ansl. lesetid\" \/>\n\t<meta name=\"twitter:data1\" content=\"1 minutt\" \/>\n<script type=\"application\/ld+json\" class=\"yoast-schema-graph\">{\"@context\":\"https:\/\/schema.org\",\"@graph\":[{\"@type\":\"WebPage\",\"@id\":\"https:\/\/barneleker.no\/index.php\/product\/lundby-life-dukkeskap\/\",\"url\":\"https:\/\/barneleker.no\/index.php\/product\/lundby-life-dukkeskap\/\",\"name\":\"Lundby - Life Dukkeskap - Barneleker.no\",\"isPartOf\":{\"@id\":\"https:\/\/barneleker.no\/#website\"},\"primaryImageOfPage\":{\"@id\":\"https:\/\/barneleker.no\/index.php\/product\/lundby-life-dukkeskap\/#primaryimage\"},\"image\":{\"@id\":\"https:\/\/barneleker.no\/index.php\/product\/lundby-life-dukkeskap\/#primaryimage\"},\"thumbnailUrl\":\"https:\/\/barneleker.no\/wp-content\/uploads\/2022\/02\/lundby-life-dukkeskap.jpg\",\"datePublished\":\"2022-02-08T20:00:17+00:00\",\"breadcrumb\":{\"@id\":\"https:\/\/barneleker.no\/index.php\/product\/lundby-life-dukkeskap\/#breadcrumb\"},\"inLanguage\":\"nb-NO\",\"potentialAction\":[{\"@type\":\"ReadAction\",\"target\":[\"https:\/\/barneleker.no\/index.php\/product\/lundby-life-dukkeskap\/\"]}]},{\"@type\":\"ImageObject\",\"inLanguage\":\"nb-NO\",\"@id\":\"https:\/\/barneleker.no\/index.php\/product\/lundby-life-dukkeskap\/#primaryimage\",\"url\":\"https:\/\/barneleker.no\/wp-content\/uploads\/2022\/02\/lundby-life-dukkeskap.jpg\",\"contentUrl\":\"https:\/\/barneleker.no\/wp-content\/uploads\/2022\/02\/lundby-life-dukkeskap.jpg\",\"width\":555,\"height\":555},{\"@type\":\"BreadcrumbList\",\"@id\":\"https:\/\/barneleker.no\/index.php\/product\/lundby-life-dukkeskap\/#breadcrumb\",\"itemListElement\":[{\"@type\":\"ListItem\",\"position\":1,\"name\":\"Butikken\",\"item\":\"https:\/\/barneleker.no\/\"},{\"@type\":\"ListItem\",\"position\":2,\"name\":\"Lundby &#8211; Life Dukkeskap\"}]},{\"@type\":\"WebSite\",\"@id\":\"https:\/\/barneleker.no\/#website\",\"url\":\"https:\/\/barneleker.no\/\",\"name\":\"Barneleker.no\",\"description\":\"Selvf\u00f8lgelig!\",\"publisher\":{\"@id\":\"https:\/\/barneleker.no\/#organization\"},\"potentialAction\":[{\"@type\":\"SearchAction\",\"target\":{\"@type\":\"EntryPoint\",\"urlTemplate\":\"https:\/\/barneleker.no\/?s={search_term_string}\"},\"query-input\":{\"@type\":\"PropertyValueSpecification\",\"valueRequired\":true,\"valueName\":\"search_term_string\"}}],\"inLanguage\":\"nb-NO\"},{\"@type\":\"Organization\",\"@id\":\"https:\/\/barneleker.no\/#organization\",\"name\":\"Barneleker.no\",\"url\":\"https:\/\/barneleker.no\/\",\"logo\":{\"@type\":\"ImageObject\",\"inLanguage\":\"nb-NO\",\"@id\":\"https:\/\/barneleker.no\/#\/schema\/logo\/image\/\",\"url\":\"https:\/\/barneleker.no\/wp-content\/uploads\/2021\/11\/barneleker_logo-780x150-1.jpg\",\"contentUrl\":\"https:\/\/barneleker.no\/wp-content\/uploads\/2021\/11\/barneleker_logo-780x150-1.jpg\",\"width\":780,\"height\":150,\"caption\":\"Barneleker.no\"},\"image\":{\"@id\":\"https:\/\/barneleker.no\/#\/schema\/logo\/image\/\"}}]}<\/script>\n<!-- \/ Yoast SEO plugin. -->","yoast_head_json":{"title":"Lundby - Life Dukkeskap - Barneleker.no","robots":{"index":"index","follow":"follow","max-snippet":"max-snippet:-1","max-image-preview":"max-image-preview:large","max-video-preview":"max-video-preview:-1"},"canonical":"https:\/\/barneleker.no\/index.php\/product\/lundby-life-dukkeskap\/","og_locale":"nb_NO","og_type":"article","og_title":"Lundby - Life Dukkeskap - Barneleker.no","og_description":"Med dukkehuset Lundby Life har du alt du m\u00e5tte trenge for \u00e5 skape din egen dr\u00f8mmeverden! Dette lekne dukkehuset har en \u00e5pen planl\u00f8sning, vakre bakgrunnsbilder&hellip;","og_url":"https:\/\/barneleker.no\/index.php\/product\/lundby-life-dukkeskap\/","og_site_name":"Barneleker.no","twitter_card":"summary_large_image","twitter_misc":{"Ansl. lesetid":"1 minutt"},"schema":{"@context":"https:\/\/schema.org","@graph":[{"@type":"WebPage","@id":"https:\/\/barneleker.no\/index.php\/product\/lundby-life-dukkeskap\/","url":"https:\/\/barneleker.no\/index.php\/product\/lundby-life-dukkeskap\/","name":"Lundby - Life Dukkeskap - Barneleker.no","isPartOf":{"@id":"https:\/\/barneleker.no\/#website"},"primaryImageOfPage":{"@id":"https:\/\/barneleker.no\/index.php\/product\/lundby-life-dukkeskap\/#primaryimage"},"image":{"@id":"https:\/\/barneleker.no\/index.php\/product\/lundby-life-dukkeskap\/#primaryimage"},"thumbnailUrl":"https:\/\/barneleker.no\/wp-content\/uploads\/2022\/02\/lundby-life-dukkeskap.jpg","datePublished":"2022-02-08T20:00:17+00:00","breadcrumb":{"@id":"https:\/\/barneleker.no\/index.php\/product\/lundby-life-dukkeskap\/#breadcrumb"},"inLanguage":"nb-NO","potentialAction":[{"@type":"ReadAction","target":["https:\/\/barneleker.no\/index.php\/product\/lundby-life-dukkeskap\/"]}]},{"@type":"ImageObject","inLanguage":"nb-NO","@id":"https:\/\/barneleker.no\/index.php\/product\/lundby-life-dukkeskap\/#primaryimage","url":"https:\/\/barneleker.no\/wp-content\/uploads\/2022\/02\/lundby-life-dukkeskap.jpg","contentUrl":"https:\/\/barneleker.no\/wp-content\/uploads\/2022\/02\/lundby-life-dukkeskap.jpg","width":555,"height":555},{"@type":"BreadcrumbList","@id":"https:\/\/barneleker.no\/index.php\/product\/lundby-life-dukkeskap\/#breadcrumb","itemListElement":[{"@type":"ListItem","position":1,"name":"Butikken","item":"https:\/\/barneleker.no\/"},{"@type":"ListItem","position":2,"name":"Lundby &#8211; Life Dukkeskap"}]},{"@type":"WebSite","@id":"https:\/\/barneleker.no\/#website","url":"https:\/\/barneleker.no\/","name":"Barneleker.no","description":"Selvf\u00f8lgelig!","publisher":{"@id":"https:\/\/barneleker.no\/#organization"},"potentialAction":[{"@type":"SearchAction","target":{"@type":"EntryPoint","urlTemplate":"https:\/\/barneleker.no\/?s={search_term_string}"},"query-input":{"@type":"PropertyValueSpecification","valueRequired":true,"valueName":"search_term_string"}}],"inLanguage":"nb-NO"},{"@type":"Organization","@id":"https:\/\/barneleker.no\/#organization","name":"Barneleker.no","url":"https:\/\/barneleker.no\/","logo":{"@type":"ImageObject","inLanguage":"nb-NO","@id":"https:\/\/barneleker.no\/#\/schema\/logo\/image\/","url":"https:\/\/barneleker.no\/wp-content\/uploads\/2021\/11\/barneleker_logo-780x150-1.jpg","contentUrl":"https:\/\/barneleker.no\/wp-content\/uploads\/2021\/11\/barneleker_logo-780x150-1.jpg","width":780,"height":150,"caption":"Barneleker.no"},"image":{"@id":"https:\/\/barneleker.no\/#\/schema\/logo\/image\/"}}]}},"_links":{"self":[{"href":"https:\/\/barneleker.no\/index.php\/wp-json\/wp\/v2\/product\/14051","targetHints":{"allow":["GET"]}}],"collection":[{"href":"https:\/\/barneleker.no\/index.php\/wp-json\/wp\/v2\/product"}],"about":[{"href":"https:\/\/barneleker.no\/index.php\/wp-json\/wp\/v2\/types\/product"}],"replies":[{"embeddable":true,"href":"https:\/\/barneleker.no\/index.php\/wp-json\/wp\/v2\/comments?post=14051"}],"wp:featuredmedia":[{"embeddable":true,"href":"https:\/\/barneleker.no\/index.php\/wp-json\/wp\/v2\/media\/14050"}],"wp:attachment":[{"href":"https:\/\/barneleker.no\/index.php\/wp-json\/wp\/v2\/media?parent=14051"}],"wp:term":[{"taxonomy":"product_brand","embeddable":true,"href":"https:\/\/barneleker.no\/index.php\/wp-json\/wp\/v2\/product_brand?post=14051"},{"taxonomy":"product_cat","embeddable":true,"href":"https:\/\/barneleker.no\/index.php\/wp-json\/wp\/v2\/product_cat?post=14051"},{"taxonomy":"product_tag","embeddable":true,"href":"https:\/\/barneleker.no\/index.php\/wp-json\/wp\/v2\/product_tag?post=14051"}],"curies":[{"name":"wp","href":"https:\/\/api.w.org\/{rel}","templated":true}]}}