{"id":14063,"date":"2022-02-08T20:00:21","date_gmt":"2022-02-08T20:00:21","guid":{"rendered":"https:\/\/barneleker.no\/index.php\/product\/spin-master-monster-jam-monster-dirt-starter-set-megalodon\/"},"modified":"2022-02-08T20:00:21","modified_gmt":"2022-02-08T20:00:21","slug":"spin-master-monster-jam-monster-dirt-starter-set-megalodon","status":"publish","type":"product","link":"https:\/\/barneleker.no\/index.php\/product\/spin-master-monster-jam-monster-dirt-starter-set-megalodon\/","title":{"rendered":"Spin Master Monster Jam Monster Dirt Starter Set Megalodon"},"content":{"rendered":"<p>Med dette t\u00f8ffe startersettet fra Monster Jam, vil leken og stuntene med lastebilen n\u00e5 et helt nytt niv\u00e5! Bygg din egen kule rampe og start l\u00f8pet! Settet inkluderer Megalodon truck og flere tilbeh\u00f8r. Fra 3 \u00e5r.<\/p>\n","protected":false},"excerpt":{"rendered":"<p>Med dette t\u00f8ffe startersettet fra Monster Jam, vil leken og stuntene med lastebilen n\u00e5 et helt nytt niv\u00e5! Bygg din egen kule rampe og start&hellip;<\/p>\n","protected":false},"featured_media":14062,"comment_status":"open","ping_status":"closed","template":"","meta":[],"product_brand":[],"product_cat":[553],"product_tag":[],"class_list":{"0":"post-14063","1":"product","2":"type-product","3":"status-publish","4":"has-post-thumbnail","6":"product_cat-monstertrucks","8":"first","9":"instock","10":"shipping-taxable","11":"product-type-external","12":"customify-col"},"yoast_head":"<!-- This site is optimized with the Yoast SEO plugin v26.0 - https:\/\/yoast.com\/wordpress\/plugins\/seo\/ -->\n<title>Spin Master Monster Jam Monster Dirt Starter Set Megalodon - Barneleker.no<\/title>\n<meta name=\"robots\" content=\"index, follow, max-snippet:-1, max-image-preview:large, max-video-preview:-1\" \/>\n<link rel=\"canonical\" href=\"https:\/\/barneleker.no\/index.php\/product\/spin-master-monster-jam-monster-dirt-starter-set-megalodon\/\" \/>\n<meta property=\"og:locale\" content=\"nb_NO\" \/>\n<meta property=\"og:type\" content=\"article\" \/>\n<meta property=\"og:title\" content=\"Spin Master Monster Jam Monster Dirt Starter Set Megalodon - Barneleker.no\" \/>\n<meta property=\"og:description\" content=\"Med dette t\u00f8ffe startersettet fra Monster Jam, vil leken og stuntene med lastebilen n\u00e5 et helt nytt niv\u00e5! Bygg din egen kule rampe og start&hellip;\" \/>\n<meta property=\"og:url\" content=\"https:\/\/barneleker.no\/index.php\/product\/spin-master-monster-jam-monster-dirt-starter-set-megalodon\/\" \/>\n<meta property=\"og:site_name\" content=\"Barneleker.no\" \/>\n<meta name=\"twitter:card\" content=\"summary_large_image\" \/>\n<script type=\"application\/ld+json\" class=\"yoast-schema-graph\">{\"@context\":\"https:\/\/schema.org\",\"@graph\":[{\"@type\":\"WebPage\",\"@id\":\"https:\/\/barneleker.no\/index.php\/product\/spin-master-monster-jam-monster-dirt-starter-set-megalodon\/\",\"url\":\"https:\/\/barneleker.no\/index.php\/product\/spin-master-monster-jam-monster-dirt-starter-set-megalodon\/\",\"name\":\"Spin Master Monster Jam Monster Dirt Starter Set Megalodon - Barneleker.no\",\"isPartOf\":{\"@id\":\"https:\/\/barneleker.no\/#website\"},\"primaryImageOfPage\":{\"@id\":\"https:\/\/barneleker.no\/index.php\/product\/spin-master-monster-jam-monster-dirt-starter-set-megalodon\/#primaryimage\"},\"image\":{\"@id\":\"https:\/\/barneleker.no\/index.php\/product\/spin-master-monster-jam-monster-dirt-starter-set-megalodon\/#primaryimage\"},\"thumbnailUrl\":\"https:\/\/barneleker.no\/wp-content\/uploads\/2022\/02\/monster-jam-monster-dirt-starter-set-megalodon.jpg\",\"datePublished\":\"2022-02-08T20:00:21+00:00\",\"breadcrumb\":{\"@id\":\"https:\/\/barneleker.no\/index.php\/product\/spin-master-monster-jam-monster-dirt-starter-set-megalodon\/#breadcrumb\"},\"inLanguage\":\"nb-NO\",\"potentialAction\":[{\"@type\":\"ReadAction\",\"target\":[\"https:\/\/barneleker.no\/index.php\/product\/spin-master-monster-jam-monster-dirt-starter-set-megalodon\/\"]}]},{\"@type\":\"ImageObject\",\"inLanguage\":\"nb-NO\",\"@id\":\"https:\/\/barneleker.no\/index.php\/product\/spin-master-monster-jam-monster-dirt-starter-set-megalodon\/#primaryimage\",\"url\":\"https:\/\/barneleker.no\/wp-content\/uploads\/2022\/02\/monster-jam-monster-dirt-starter-set-megalodon.jpg\",\"contentUrl\":\"https:\/\/barneleker.no\/wp-content\/uploads\/2022\/02\/monster-jam-monster-dirt-starter-set-megalodon.jpg\",\"width\":555,\"height\":555},{\"@type\":\"BreadcrumbList\",\"@id\":\"https:\/\/barneleker.no\/index.php\/product\/spin-master-monster-jam-monster-dirt-starter-set-megalodon\/#breadcrumb\",\"itemListElement\":[{\"@type\":\"ListItem\",\"position\":1,\"name\":\"Butikken\",\"item\":\"https:\/\/barneleker.no\/\"},{\"@type\":\"ListItem\",\"position\":2,\"name\":\"Spin Master Monster Jam Monster Dirt Starter Set Megalodon\"}]},{\"@type\":\"WebSite\",\"@id\":\"https:\/\/barneleker.no\/#website\",\"url\":\"https:\/\/barneleker.no\/\",\"name\":\"Barneleker.no\",\"description\":\"Selvf\u00f8lgelig!\",\"publisher\":{\"@id\":\"https:\/\/barneleker.no\/#organization\"},\"potentialAction\":[{\"@type\":\"SearchAction\",\"target\":{\"@type\":\"EntryPoint\",\"urlTemplate\":\"https:\/\/barneleker.no\/?s={search_term_string}\"},\"query-input\":{\"@type\":\"PropertyValueSpecification\",\"valueRequired\":true,\"valueName\":\"search_term_string\"}}],\"inLanguage\":\"nb-NO\"},{\"@type\":\"Organization\",\"@id\":\"https:\/\/barneleker.no\/#organization\",\"name\":\"Barneleker.no\",\"url\":\"https:\/\/barneleker.no\/\",\"logo\":{\"@type\":\"ImageObject\",\"inLanguage\":\"nb-NO\",\"@id\":\"https:\/\/barneleker.no\/#\/schema\/logo\/image\/\",\"url\":\"https:\/\/barneleker.no\/wp-content\/uploads\/2021\/11\/barneleker_logo-780x150-1.jpg\",\"contentUrl\":\"https:\/\/barneleker.no\/wp-content\/uploads\/2021\/11\/barneleker_logo-780x150-1.jpg\",\"width\":780,\"height\":150,\"caption\":\"Barneleker.no\"},\"image\":{\"@id\":\"https:\/\/barneleker.no\/#\/schema\/logo\/image\/\"}}]}<\/script>\n<!-- \/ Yoast SEO plugin. -->","yoast_head_json":{"title":"Spin Master Monster Jam Monster Dirt Starter Set Megalodon - Barneleker.no","robots":{"index":"index","follow":"follow","max-snippet":"max-snippet:-1","max-image-preview":"max-image-preview:large","max-video-preview":"max-video-preview:-1"},"canonical":"https:\/\/barneleker.no\/index.php\/product\/spin-master-monster-jam-monster-dirt-starter-set-megalodon\/","og_locale":"nb_NO","og_type":"article","og_title":"Spin Master Monster Jam Monster Dirt Starter Set Megalodon - Barneleker.no","og_description":"Med dette t\u00f8ffe startersettet fra Monster Jam, vil leken og stuntene med lastebilen n\u00e5 et helt nytt niv\u00e5! Bygg din egen kule rampe og start&hellip;","og_url":"https:\/\/barneleker.no\/index.php\/product\/spin-master-monster-jam-monster-dirt-starter-set-megalodon\/","og_site_name":"Barneleker.no","twitter_card":"summary_large_image","schema":{"@context":"https:\/\/schema.org","@graph":[{"@type":"WebPage","@id":"https:\/\/barneleker.no\/index.php\/product\/spin-master-monster-jam-monster-dirt-starter-set-megalodon\/","url":"https:\/\/barneleker.no\/index.php\/product\/spin-master-monster-jam-monster-dirt-starter-set-megalodon\/","name":"Spin Master Monster Jam Monster Dirt Starter Set Megalodon - Barneleker.no","isPartOf":{"@id":"https:\/\/barneleker.no\/#website"},"primaryImageOfPage":{"@id":"https:\/\/barneleker.no\/index.php\/product\/spin-master-monster-jam-monster-dirt-starter-set-megalodon\/#primaryimage"},"image":{"@id":"https:\/\/barneleker.no\/index.php\/product\/spin-master-monster-jam-monster-dirt-starter-set-megalodon\/#primaryimage"},"thumbnailUrl":"https:\/\/barneleker.no\/wp-content\/uploads\/2022\/02\/monster-jam-monster-dirt-starter-set-megalodon.jpg","datePublished":"2022-02-08T20:00:21+00:00","breadcrumb":{"@id":"https:\/\/barneleker.no\/index.php\/product\/spin-master-monster-jam-monster-dirt-starter-set-megalodon\/#breadcrumb"},"inLanguage":"nb-NO","potentialAction":[{"@type":"ReadAction","target":["https:\/\/barneleker.no\/index.php\/product\/spin-master-monster-jam-monster-dirt-starter-set-megalodon\/"]}]},{"@type":"ImageObject","inLanguage":"nb-NO","@id":"https:\/\/barneleker.no\/index.php\/product\/spin-master-monster-jam-monster-dirt-starter-set-megalodon\/#primaryimage","url":"https:\/\/barneleker.no\/wp-content\/uploads\/2022\/02\/monster-jam-monster-dirt-starter-set-megalodon.jpg","contentUrl":"https:\/\/barneleker.no\/wp-content\/uploads\/2022\/02\/monster-jam-monster-dirt-starter-set-megalodon.jpg","width":555,"height":555},{"@type":"BreadcrumbList","@id":"https:\/\/barneleker.no\/index.php\/product\/spin-master-monster-jam-monster-dirt-starter-set-megalodon\/#breadcrumb","itemListElement":[{"@type":"ListItem","position":1,"name":"Butikken","item":"https:\/\/barneleker.no\/"},{"@type":"ListItem","position":2,"name":"Spin Master Monster Jam Monster Dirt Starter Set Megalodon"}]},{"@type":"WebSite","@id":"https:\/\/barneleker.no\/#website","url":"https:\/\/barneleker.no\/","name":"Barneleker.no","description":"Selvf\u00f8lgelig!","publisher":{"@id":"https:\/\/barneleker.no\/#organization"},"potentialAction":[{"@type":"SearchAction","target":{"@type":"EntryPoint","urlTemplate":"https:\/\/barneleker.no\/?s={search_term_string}"},"query-input":{"@type":"PropertyValueSpecification","valueRequired":true,"valueName":"search_term_string"}}],"inLanguage":"nb-NO"},{"@type":"Organization","@id":"https:\/\/barneleker.no\/#organization","name":"Barneleker.no","url":"https:\/\/barneleker.no\/","logo":{"@type":"ImageObject","inLanguage":"nb-NO","@id":"https:\/\/barneleker.no\/#\/schema\/logo\/image\/","url":"https:\/\/barneleker.no\/wp-content\/uploads\/2021\/11\/barneleker_logo-780x150-1.jpg","contentUrl":"https:\/\/barneleker.no\/wp-content\/uploads\/2021\/11\/barneleker_logo-780x150-1.jpg","width":780,"height":150,"caption":"Barneleker.no"},"image":{"@id":"https:\/\/barneleker.no\/#\/schema\/logo\/image\/"}}]}},"_links":{"self":[{"href":"https:\/\/barneleker.no\/index.php\/wp-json\/wp\/v2\/product\/14063","targetHints":{"allow":["GET"]}}],"collection":[{"href":"https:\/\/barneleker.no\/index.php\/wp-json\/wp\/v2\/product"}],"about":[{"href":"https:\/\/barneleker.no\/index.php\/wp-json\/wp\/v2\/types\/product"}],"replies":[{"embeddable":true,"href":"https:\/\/barneleker.no\/index.php\/wp-json\/wp\/v2\/comments?post=14063"}],"wp:featuredmedia":[{"embeddable":true,"href":"https:\/\/barneleker.no\/index.php\/wp-json\/wp\/v2\/media\/14062"}],"wp:attachment":[{"href":"https:\/\/barneleker.no\/index.php\/wp-json\/wp\/v2\/media?parent=14063"}],"wp:term":[{"taxonomy":"product_brand","embeddable":true,"href":"https:\/\/barneleker.no\/index.php\/wp-json\/wp\/v2\/product_brand?post=14063"},{"taxonomy":"product_cat","embeddable":true,"href":"https:\/\/barneleker.no\/index.php\/wp-json\/wp\/v2\/product_cat?post=14063"},{"taxonomy":"product_tag","embeddable":true,"href":"https:\/\/barneleker.no\/index.php\/wp-json\/wp\/v2\/product_tag?post=14063"}],"curies":[{"name":"wp","href":"https:\/\/api.w.org\/{rel}","templated":true}]}}