{"id":14065,"date":"2022-02-08T20:00:22","date_gmt":"2022-02-08T20:00:22","guid":{"rendered":"https:\/\/barneleker.no\/index.php\/product\/lego-technic-42116-kompaktlaster\/"},"modified":"2022-02-08T20:00:22","modified_gmt":"2022-02-08T20:00:22","slug":"lego-technic-42116-kompaktlaster","status":"publish","type":"product","link":"https:\/\/barneleker.no\/index.php\/product\/lego-technic-42116-kompaktlaster\/","title":{"rendered":"LEGO Technic 42116, Kompaktlaster"},"content":{"rendered":"<p>Leter du etter en gave til barn som liker rollespillek med anleggsmaskiner, er LEGO\u00ae Technic kompaktlaster (42116) en garantert innertier. Jenter og gutter fra sju \u00e5r og oppover f\u00e5r en g\u00f8yal byggeopplevelse med kompaktlasteren \u2013 og det er bare starten! N\u00e5r de har bygget ferdig modellen, kan de finne p\u00e5 byggeeventyr med utgangspunkt i anleggsmaskinens realistiske funksjoner. Skuffen med to funksjoner, f\u00f8rerhuset, instrumentpanelet, velterammen og front- og baklykter gir barn alt de trenger for timevis med kreativ lek.  2-i-1-modell N\u00e5r barna er klare for en ny utfordring, kan de bygge om kompaktlasteren til en hotrod. Lekesettet inkluderer Instructions PLUS, som gj\u00f8r det enda lettere \u00e5 komme i gang. Instructions PLUS finner du i gratisappen LEGO Building Instructions. Det er en digital veiledning som hjelper barn \u00e5 bygge selvstendig, takket v\u00e6re verkt\u00f8y for zooming og rotering samt en sp\u00f8kelsesmodus.  Engasjerende byggeleker LEGO Technic serien best\u00e5r av avanserte byggeleker for unge LEGO fans som er klare for nye byggeutfordringer.<\/p>\n","protected":false},"excerpt":{"rendered":"<p>Leter du etter en gave til barn som liker rollespillek med anleggsmaskiner, er LEGO\u00ae Technic kompaktlaster (42116) en garantert innertier. Jenter og gutter fra sju&hellip;<\/p>\n","protected":false},"featured_media":14064,"comment_status":"open","ping_status":"closed","template":"","meta":[],"product_brand":[],"product_cat":[476],"product_tag":[],"class_list":{"0":"post-14065","1":"product","2":"type-product","3":"status-publish","4":"has-post-thumbnail","6":"product_cat-set-lego-fordon","8":"first","9":"instock","10":"shipping-taxable","11":"product-type-external","12":"customify-col"},"yoast_head":"<!-- This site is optimized with the Yoast SEO plugin v26.0 - https:\/\/yoast.com\/wordpress\/plugins\/seo\/ -->\n<title>LEGO Technic 42116, Kompaktlaster - Barneleker.no<\/title>\n<meta name=\"robots\" content=\"index, follow, max-snippet:-1, max-image-preview:large, max-video-preview:-1\" \/>\n<link rel=\"canonical\" href=\"https:\/\/barneleker.no\/index.php\/product\/lego-technic-42116-kompaktlaster\/\" \/>\n<meta property=\"og:locale\" content=\"nb_NO\" \/>\n<meta property=\"og:type\" content=\"article\" \/>\n<meta property=\"og:title\" content=\"LEGO Technic 42116, Kompaktlaster - Barneleker.no\" \/>\n<meta property=\"og:description\" content=\"Leter du etter en gave til barn som liker rollespillek med anleggsmaskiner, er LEGO\u00ae Technic kompaktlaster (42116) en garantert innertier. Jenter og gutter fra sju&hellip;\" \/>\n<meta property=\"og:url\" content=\"https:\/\/barneleker.no\/index.php\/product\/lego-technic-42116-kompaktlaster\/\" \/>\n<meta property=\"og:site_name\" content=\"Barneleker.no\" \/>\n<meta name=\"twitter:card\" content=\"summary_large_image\" \/>\n<meta name=\"twitter:label1\" content=\"Ansl. lesetid\" \/>\n\t<meta name=\"twitter:data1\" content=\"1 minutt\" \/>\n<script type=\"application\/ld+json\" class=\"yoast-schema-graph\">{\"@context\":\"https:\/\/schema.org\",\"@graph\":[{\"@type\":\"WebPage\",\"@id\":\"https:\/\/barneleker.no\/index.php\/product\/lego-technic-42116-kompaktlaster\/\",\"url\":\"https:\/\/barneleker.no\/index.php\/product\/lego-technic-42116-kompaktlaster\/\",\"name\":\"LEGO Technic 42116, Kompaktlaster - Barneleker.no\",\"isPartOf\":{\"@id\":\"https:\/\/barneleker.no\/#website\"},\"primaryImageOfPage\":{\"@id\":\"https:\/\/barneleker.no\/index.php\/product\/lego-technic-42116-kompaktlaster\/#primaryimage\"},\"image\":{\"@id\":\"https:\/\/barneleker.no\/index.php\/product\/lego-technic-42116-kompaktlaster\/#primaryimage\"},\"thumbnailUrl\":\"https:\/\/barneleker.no\/wp-content\/uploads\/2022\/02\/lego-technic-42116-kompaktlaster.jpg\",\"datePublished\":\"2022-02-08T20:00:22+00:00\",\"breadcrumb\":{\"@id\":\"https:\/\/barneleker.no\/index.php\/product\/lego-technic-42116-kompaktlaster\/#breadcrumb\"},\"inLanguage\":\"nb-NO\",\"potentialAction\":[{\"@type\":\"ReadAction\",\"target\":[\"https:\/\/barneleker.no\/index.php\/product\/lego-technic-42116-kompaktlaster\/\"]}]},{\"@type\":\"ImageObject\",\"inLanguage\":\"nb-NO\",\"@id\":\"https:\/\/barneleker.no\/index.php\/product\/lego-technic-42116-kompaktlaster\/#primaryimage\",\"url\":\"https:\/\/barneleker.no\/wp-content\/uploads\/2022\/02\/lego-technic-42116-kompaktlaster.jpg\",\"contentUrl\":\"https:\/\/barneleker.no\/wp-content\/uploads\/2022\/02\/lego-technic-42116-kompaktlaster.jpg\",\"width\":555,\"height\":555},{\"@type\":\"BreadcrumbList\",\"@id\":\"https:\/\/barneleker.no\/index.php\/product\/lego-technic-42116-kompaktlaster\/#breadcrumb\",\"itemListElement\":[{\"@type\":\"ListItem\",\"position\":1,\"name\":\"Butikken\",\"item\":\"https:\/\/barneleker.no\/\"},{\"@type\":\"ListItem\",\"position\":2,\"name\":\"LEGO Technic 42116, Kompaktlaster\"}]},{\"@type\":\"WebSite\",\"@id\":\"https:\/\/barneleker.no\/#website\",\"url\":\"https:\/\/barneleker.no\/\",\"name\":\"Barneleker.no\",\"description\":\"Selvf\u00f8lgelig!\",\"publisher\":{\"@id\":\"https:\/\/barneleker.no\/#organization\"},\"potentialAction\":[{\"@type\":\"SearchAction\",\"target\":{\"@type\":\"EntryPoint\",\"urlTemplate\":\"https:\/\/barneleker.no\/?s={search_term_string}\"},\"query-input\":{\"@type\":\"PropertyValueSpecification\",\"valueRequired\":true,\"valueName\":\"search_term_string\"}}],\"inLanguage\":\"nb-NO\"},{\"@type\":\"Organization\",\"@id\":\"https:\/\/barneleker.no\/#organization\",\"name\":\"Barneleker.no\",\"url\":\"https:\/\/barneleker.no\/\",\"logo\":{\"@type\":\"ImageObject\",\"inLanguage\":\"nb-NO\",\"@id\":\"https:\/\/barneleker.no\/#\/schema\/logo\/image\/\",\"url\":\"https:\/\/barneleker.no\/wp-content\/uploads\/2021\/11\/barneleker_logo-780x150-1.jpg\",\"contentUrl\":\"https:\/\/barneleker.no\/wp-content\/uploads\/2021\/11\/barneleker_logo-780x150-1.jpg\",\"width\":780,\"height\":150,\"caption\":\"Barneleker.no\"},\"image\":{\"@id\":\"https:\/\/barneleker.no\/#\/schema\/logo\/image\/\"}}]}<\/script>\n<!-- \/ Yoast SEO plugin. -->","yoast_head_json":{"title":"LEGO Technic 42116, Kompaktlaster - Barneleker.no","robots":{"index":"index","follow":"follow","max-snippet":"max-snippet:-1","max-image-preview":"max-image-preview:large","max-video-preview":"max-video-preview:-1"},"canonical":"https:\/\/barneleker.no\/index.php\/product\/lego-technic-42116-kompaktlaster\/","og_locale":"nb_NO","og_type":"article","og_title":"LEGO Technic 42116, Kompaktlaster - Barneleker.no","og_description":"Leter du etter en gave til barn som liker rollespillek med anleggsmaskiner, er LEGO\u00ae Technic kompaktlaster (42116) en garantert innertier. Jenter og gutter fra sju&hellip;","og_url":"https:\/\/barneleker.no\/index.php\/product\/lego-technic-42116-kompaktlaster\/","og_site_name":"Barneleker.no","twitter_card":"summary_large_image","twitter_misc":{"Ansl. lesetid":"1 minutt"},"schema":{"@context":"https:\/\/schema.org","@graph":[{"@type":"WebPage","@id":"https:\/\/barneleker.no\/index.php\/product\/lego-technic-42116-kompaktlaster\/","url":"https:\/\/barneleker.no\/index.php\/product\/lego-technic-42116-kompaktlaster\/","name":"LEGO Technic 42116, Kompaktlaster - Barneleker.no","isPartOf":{"@id":"https:\/\/barneleker.no\/#website"},"primaryImageOfPage":{"@id":"https:\/\/barneleker.no\/index.php\/product\/lego-technic-42116-kompaktlaster\/#primaryimage"},"image":{"@id":"https:\/\/barneleker.no\/index.php\/product\/lego-technic-42116-kompaktlaster\/#primaryimage"},"thumbnailUrl":"https:\/\/barneleker.no\/wp-content\/uploads\/2022\/02\/lego-technic-42116-kompaktlaster.jpg","datePublished":"2022-02-08T20:00:22+00:00","breadcrumb":{"@id":"https:\/\/barneleker.no\/index.php\/product\/lego-technic-42116-kompaktlaster\/#breadcrumb"},"inLanguage":"nb-NO","potentialAction":[{"@type":"ReadAction","target":["https:\/\/barneleker.no\/index.php\/product\/lego-technic-42116-kompaktlaster\/"]}]},{"@type":"ImageObject","inLanguage":"nb-NO","@id":"https:\/\/barneleker.no\/index.php\/product\/lego-technic-42116-kompaktlaster\/#primaryimage","url":"https:\/\/barneleker.no\/wp-content\/uploads\/2022\/02\/lego-technic-42116-kompaktlaster.jpg","contentUrl":"https:\/\/barneleker.no\/wp-content\/uploads\/2022\/02\/lego-technic-42116-kompaktlaster.jpg","width":555,"height":555},{"@type":"BreadcrumbList","@id":"https:\/\/barneleker.no\/index.php\/product\/lego-technic-42116-kompaktlaster\/#breadcrumb","itemListElement":[{"@type":"ListItem","position":1,"name":"Butikken","item":"https:\/\/barneleker.no\/"},{"@type":"ListItem","position":2,"name":"LEGO Technic 42116, Kompaktlaster"}]},{"@type":"WebSite","@id":"https:\/\/barneleker.no\/#website","url":"https:\/\/barneleker.no\/","name":"Barneleker.no","description":"Selvf\u00f8lgelig!","publisher":{"@id":"https:\/\/barneleker.no\/#organization"},"potentialAction":[{"@type":"SearchAction","target":{"@type":"EntryPoint","urlTemplate":"https:\/\/barneleker.no\/?s={search_term_string}"},"query-input":{"@type":"PropertyValueSpecification","valueRequired":true,"valueName":"search_term_string"}}],"inLanguage":"nb-NO"},{"@type":"Organization","@id":"https:\/\/barneleker.no\/#organization","name":"Barneleker.no","url":"https:\/\/barneleker.no\/","logo":{"@type":"ImageObject","inLanguage":"nb-NO","@id":"https:\/\/barneleker.no\/#\/schema\/logo\/image\/","url":"https:\/\/barneleker.no\/wp-content\/uploads\/2021\/11\/barneleker_logo-780x150-1.jpg","contentUrl":"https:\/\/barneleker.no\/wp-content\/uploads\/2021\/11\/barneleker_logo-780x150-1.jpg","width":780,"height":150,"caption":"Barneleker.no"},"image":{"@id":"https:\/\/barneleker.no\/#\/schema\/logo\/image\/"}}]}},"_links":{"self":[{"href":"https:\/\/barneleker.no\/index.php\/wp-json\/wp\/v2\/product\/14065","targetHints":{"allow":["GET"]}}],"collection":[{"href":"https:\/\/barneleker.no\/index.php\/wp-json\/wp\/v2\/product"}],"about":[{"href":"https:\/\/barneleker.no\/index.php\/wp-json\/wp\/v2\/types\/product"}],"replies":[{"embeddable":true,"href":"https:\/\/barneleker.no\/index.php\/wp-json\/wp\/v2\/comments?post=14065"}],"wp:featuredmedia":[{"embeddable":true,"href":"https:\/\/barneleker.no\/index.php\/wp-json\/wp\/v2\/media\/14064"}],"wp:attachment":[{"href":"https:\/\/barneleker.no\/index.php\/wp-json\/wp\/v2\/media?parent=14065"}],"wp:term":[{"taxonomy":"product_brand","embeddable":true,"href":"https:\/\/barneleker.no\/index.php\/wp-json\/wp\/v2\/product_brand?post=14065"},{"taxonomy":"product_cat","embeddable":true,"href":"https:\/\/barneleker.no\/index.php\/wp-json\/wp\/v2\/product_cat?post=14065"},{"taxonomy":"product_tag","embeddable":true,"href":"https:\/\/barneleker.no\/index.php\/wp-json\/wp\/v2\/product_tag?post=14065"}],"curies":[{"name":"wp","href":"https:\/\/api.w.org\/{rel}","templated":true}]}}